{"id":2444,"date":"2026-01-07T02:50:46","date_gmt":"2026-01-07T02:50:46","guid":{"rendered":"https:\/\/lyfilter.com\/?post_type=product&#038;p=2444"},"modified":"2026-01-07T02:50:46","modified_gmt":"2026-01-07T02:50:46","slug":"factory-oem-sintered-porous-polyethylene-pe-filter-for-filtered-pipette-tips","status":"publish","type":"product","link":"https:\/\/lyfilter.com\/tr\/factory-oem-sintered-porous-polyethylene-pe-filter-for-filtered-pipette-tips\/","title":{"rendered":"Filtrelenmi\u015f pipet u\u00e7lar\u0131 i\u00e7in fabrika OEM sinterlenmi\u015f G\u00f6zenekli polietilen pe filtre"},"content":{"rendered":"<div class=\"unit-detail-html-tabs__content-attr\">\n<div class=\"unit-product-attrparam\">\n<div class=\"unit-product-attrparam__items row\">\n<div class=\"col-12 col-md-6\">\n<div class=\"unit-product-attrparam__item\">\n<div class=\"unit-product-attrparam__label\">\n<table>\n<thead>\n<tr>\n<th>\u00d6\u011fe<\/th>\n<th>DETAYLAR<\/th>\n<\/tr>\n<\/thead>\n<tbody>\n<tr>\n<td>tedarik yetene\u011fi<\/td>\n<td>1000000 adet\/ay<\/td>\n<\/tr>\n<tr>\n<td>malzeme<\/td>\n<td>pe<\/td>\n<\/tr>\n<tr>\n<td>kullan\u0131labilirlik<\/td>\n<td>oem<\/td>\n<\/tr>\n<\/tbody>\n<\/table>\n<\/div>\n<\/div>\n<\/div>\n<\/div>\n<\/div>\n<\/div>\n<div class=\"unit-detail-html-tabs__content-featuresAttr\"><\/div>\n<div class=\"unit-detail-html-tabs__content-html\">\n<p><strong>Filtrelenmi\u015f pipet u\u00e7lar\u0131 i\u00e7in fabrika OEM sinterlenmi\u015f G\u00f6zenekli polietilen pe filtre<\/strong><\/p>\n<p>Pipet filtresi, t\u0131bbi s\u0131n\u0131f ultra y\u00fcksek molek\u00fcler a\u011f\u0131rl\u0131kl\u0131 polietilenden yap\u0131lan ve hidrofobik olan benzersiz bir i\u015flemle i\u015flenen (u\u00e7 filtresi, pipet filtresi, pipet filtresi vb.) olarak da adland\u0131r\u0131l\u0131r. Hidrofobik filtre, aerosollere ve s\u0131v\u0131lara kar\u015f\u0131 g\u00fc\u00e7l\u00fc bir bariyer olu\u015fturarak sonu\u00e7lar\u0131 etkileyebilecek potansiyel numune ve pipet \u00e7apraz kontaminasyonunu ortadan kald\u0131r\u0131r.<\/p>\n<p>Pipet filtre eleman\u0131 y\u00fcksek s\u0131cakl\u0131kta i\u015flenir, temiz bir at\u00f6lyede \u00fcretilir ve paketlenir ve her i\u015flem kirlilik olmamas\u0131n\u0131 sa\u011flar.<\/p>\n<p>Pipet PE sinterlenmi\u015f filtre eleman\u0131, Guangzhou Filter Source Company'nin y\u0131llara dayanan \u00fcretim deneyimini birle\u015ftirir. \u00c7apaks\u0131z\/\u00e7apaks\u0131z hassas kal\u0131plarla i\u015flenir. Filtre eleman\u0131 orta derecede esnekli\u011fe sahiptir ve en zorlu g\u00f6r\u00fcn\u00fcm gereksinimlerinizi kar\u015f\u0131lamak i\u00e7in ucun i\u00e7 \u00e7ap\u0131yla m\u00fckemmel \u015fekilde e\u015fle\u015fir. Pipet PE sinterlenmi\u015f filtre elemanlar\u0131, farkl\u0131la\u015ft\u0131r\u0131lm\u0131\u015f \u00fcr\u00fcn tasar\u0131m\u0131 ihtiya\u00e7lar\u0131n\u0131z\u0131 kar\u015f\u0131lamak i\u00e7in d\u00fczinelerce spesifikasyonda mevcuttur.<\/p>\n<p><strong>Aerosollere kar\u015f\u0131 m\u00fckemmel bariyer<\/strong><\/p>\n<p>Emme ba\u015fl\u0131\u011f\u0131 i\u00e7in Lvyuan filtre eleman\u0131 saf ultra y\u00fcksek molek\u00fcler a\u011f\u0131rl\u0131kl\u0131 polietilenden yap\u0131lm\u0131\u015ft\u0131r ve hidrofobik olan benzersiz bir i\u015flemle i\u015flenmi\u015ftir.<\/p>\n<p>Hidrofobik filtre, aerosollere ve s\u0131v\u0131lara kar\u015f\u0131 g\u00fc\u00e7l\u00fc bir bariyer olu\u015fturarak sonu\u00e7lar\u0131 etkileyebilecek potansiyel numune ve pipet \u00e7apraz kontaminasyonunu ortadan kald\u0131r\u0131r.<\/p>\n<p><strong>RNase\/DNase i\u00e7ermez<\/strong><\/p>\n<p>Lvyuan u\u00e7lar\u0131 filtre elemanlar\u0131 ile y\u00fcksek s\u0131cakl\u0131kta i\u015flenir, temiz at\u00f6lyelerde \u00fcretilir ve paketlenir ve her i\u015flem RNase ve DNase kirlili\u011fi olmamas\u0131n\u0131 sa\u011flar.<\/p>\n<p><strong>En zorlu g\u00f6r\u00fcn\u00fcm ihtiya\u00e7lar\u0131n\u0131z\u0131 kar\u015f\u0131lay\u0131n<\/strong><\/p>\n<p>Emme ba\u015fl\u0131\u011f\u0131 i\u00e7in Lvyuan filtre eleman\u0131, Biocomma'n\u0131n y\u00fcz milyonlarca filtre eleman\u0131 \u00fcretim deneyimini birle\u015ftirir. \u00c7apaks\u0131z\/\u00e7apaks\u0131z hassas kal\u0131plarla i\u015flenir. Filtre eleman\u0131 orta derecede esnekli\u011fe sahiptir ve en zorlu g\u00f6r\u00fcn\u00fcm gereksinimlerinizi kar\u015f\u0131lamak i\u00e7in emme kafas\u0131n\u0131n i\u00e7 \u00e7ap\u0131yla m\u00fckemmel \u015fekilde e\u015fle\u015fir. .<\/p>\n<p>En k\u00fc\u00e7\u00fck eleman bile (\u00e7ap 1,45 mm, kal\u0131nl\u0131k 1,6 mm) g\u00f6r\u00fcn\u00fcm hassasiyetinden \u00f6d\u00fcn vermez.<\/p>\n<p><strong>Aralar\u0131ndan se\u00e7im yapabilece\u011finiz \u00e7e\u015fitli \u00f6zellikler<\/strong><\/p>\n<p>Emme u\u00e7lar\u0131 i\u00e7in Lvyuan filtreleri, farkl\u0131la\u015ft\u0131r\u0131lm\u0131\u015f \u00fcr\u00fcn tasar\u0131m\u0131 ihtiya\u00e7lar\u0131n\u0131z\u0131 kar\u015f\u0131lamak i\u00e7in d\u00fczinelerce spesifikasyonda mevcuttur.<\/p>\n<p><img decoding=\"async\" src=\"https:\/\/img.yfisher.com\/m6076\/1725732742htq\/jpg70-t3-scale100.webp\" alt=\"Filtrelenmi\u015f pipet u\u00e7lar\u0131 i\u00e7in fabrika OEM sinterlenmi\u015f G\u00f6zenekli polietilen pe filtre 6\" data-lazy=\"2\" title=\"\"><\/p>\n<p><strong>Lvyuan Pipet U\u00e7lar\u0131 10ul<\/strong><\/p>\n<div class=\"table-responsive\">\n<table>\n<tbody>\n<tr class=\"firstRow\">\n<td valign=\"top\" width=\"199\"><strong>\u00dcr\u00fcn No.<\/strong><\/td>\n<td valign=\"top\" width=\"199\"><strong>\u00c7ap (mm)<\/strong><\/td>\n<td valign=\"top\" width=\"199\"><strong>Kal\u0131nl\u0131k<\/strong><\/td>\n<td valign=\"top\" width=\"199\"><strong>Diyafram<\/strong><\/td>\n<td valign=\"top\" width=\"199\"><strong>Kullan\u0131m<\/strong><\/td>\n<td valign=\"top\" width=\"199\"><strong>Paket<\/strong><\/td>\n<\/tr>\n<tr>\n<td valign=\"top\" width=\"199\">LV10-14-16<\/td>\n<td valign=\"top\" width=\"199\">1.4<\/td>\n<td valign=\"top\" width=\"199\">1.6<\/td>\n<td valign=\"top\" width=\"199\">10<\/td>\n<td valign=\"top\" width=\"199\">10\u03bcL<\/td>\n<td valign=\"top\" width=\"199\">10000 adet\/\u00c7anta<\/td>\n<\/tr>\n<tr>\n<td valign=\"top\" width=\"199\">LV10-14-35<\/td>\n<td valign=\"top\" width=\"199\">1.4<\/td>\n<td valign=\"top\" width=\"199\">3.5<\/td>\n<td valign=\"top\" width=\"199\">10<\/td>\n<td valign=\"top\" width=\"199\">10\u03bcL<\/td>\n<td valign=\"top\" width=\"199\">10000 adet\/\u00c7anta<\/td>\n<\/tr>\n<tr>\n<td valign=\"top\" width=\"199\">LV10-16-35<\/td>\n<td valign=\"top\" width=\"199\">1.6<\/td>\n<td valign=\"top\" width=\"199\">3.5<\/td>\n<td valign=\"top\" width=\"199\">10<\/td>\n<td valign=\"top\" width=\"199\">10\u03bcL<\/td>\n<td valign=\"top\" width=\"199\">10000 adet\/\u00c7anta<\/td>\n<\/tr>\n<tr>\n<td valign=\"top\" width=\"199\">LV10-18-35<\/td>\n<td valign=\"top\" width=\"199\">1.8<\/td>\n<td valign=\"top\" width=\"199\">3.5<\/td>\n<td valign=\"top\" width=\"199\">10<\/td>\n<td valign=\"top\" width=\"199\">10\u03bcL<\/td>\n<td valign=\"top\" width=\"199\">10000 adet\/\u00c7anta<\/td>\n<\/tr>\n<\/tbody>\n<\/table>\n<\/div>\n<p><strong>Lvyuan Pipet U\u00e7lar\u0131 200ul<\/strong><\/p>\n<div class=\"table-responsive\">\n<table>\n<tbody>\n<tr class=\"firstRow\">\n<td valign=\"top\" width=\"199\"><strong>\u00dcr\u00fcn No.<\/strong><\/td>\n<td valign=\"top\" width=\"199\"><strong>\u00c7ap (mm)<\/strong><\/td>\n<td valign=\"top\" width=\"199\"><strong>Kal\u0131nl\u0131k<\/strong><\/td>\n<td valign=\"top\" width=\"199\"><strong>Diyafram<\/strong><\/td>\n<td valign=\"top\" width=\"199\"><strong>Kullan\u0131m<\/strong><\/td>\n<td valign=\"top\" width=\"199\"><strong>Paket<\/strong><\/td>\n<\/tr>\n<tr>\n<td valign=\"top\" width=\"199\">LV200-40-35<\/td>\n<td valign=\"top\" width=\"199\">4<\/td>\n<td valign=\"top\" width=\"199\">3.5<\/td>\n<td valign=\"top\" width=\"199\">10<\/td>\n<td valign=\"top\" width=\"199\">200\u03bcL<\/td>\n<td valign=\"top\" width=\"199\">10000 adet\/\u00c7anta<\/td>\n<\/tr>\n<tr>\n<td valign=\"top\" width=\"199\">LV200-41-35<\/td>\n<td valign=\"top\" width=\"199\">4.1<\/td>\n<td valign=\"top\" width=\"199\">3.5<\/td>\n<td valign=\"top\" width=\"199\">10<\/td>\n<td valign=\"top\" width=\"199\">200\u03bcL<\/td>\n<td valign=\"top\" width=\"199\">10000 adet\/\u00c7anta<\/td>\n<\/tr>\n<tr>\n<td valign=\"top\" width=\"199\">LV200-43-35<\/td>\n<td valign=\"top\" width=\"199\">4.3<\/td>\n<td valign=\"top\" width=\"199\">3.5<\/td>\n<td valign=\"top\" width=\"199\">10<\/td>\n<td valign=\"top\" width=\"199\">200\u03bcL<\/td>\n<td valign=\"top\" width=\"199\">10000 adet\/\u00c7anta<\/td>\n<\/tr>\n<tr>\n<td valign=\"top\" width=\"199\">LV200-45-35<\/td>\n<td valign=\"top\" width=\"199\">4.5<\/td>\n<td valign=\"top\" width=\"199\">3.5<\/td>\n<td valign=\"top\" width=\"199\">10<\/td>\n<td valign=\"top\" width=\"199\">200\u03bcL<\/td>\n<td valign=\"top\" width=\"199\">10000 adet\/\u00c7anta<\/td>\n<\/tr>\n<tr>\n<td valign=\"top\" width=\"199\">LV200-47-35<\/td>\n<td valign=\"top\" width=\"199\">4.7<\/td>\n<td valign=\"top\" width=\"199\">3.5<\/td>\n<td valign=\"top\" width=\"199\">10<\/td>\n<td valign=\"top\" width=\"199\">200\u03bcL<\/td>\n<td valign=\"top\" width=\"199\">10000 adet\/\u00c7anta<\/td>\n<\/tr>\n<tr>\n<td valign=\"top\" width=\"199\">LV200-49-35<\/td>\n<td valign=\"top\" width=\"199\">4.9<\/td>\n<td valign=\"top\" width=\"199\">3.5<\/td>\n<td valign=\"top\" width=\"199\">10<\/td>\n<td valign=\"top\" width=\"199\">200\u03bcL<\/td>\n<td valign=\"top\" width=\"199\">10000 adet\/\u00c7anta<\/td>\n<\/tr>\n<tr>\n<td valign=\"top\" width=\"199\">LV200-51-35<\/td>\n<td valign=\"top\" width=\"199\">5.1<\/td>\n<td valign=\"top\" width=\"199\">3.5<\/td>\n<td valign=\"top\" width=\"199\">10<\/td>\n<td valign=\"top\" width=\"199\">200\u03bcL<\/td>\n<td valign=\"top\" width=\"199\">10000 adet\/\u00c7anta<\/td>\n<\/tr>\n<\/tbody>\n<\/table>\n<\/div>\n<p><strong>Lvyuan Pipet U\u00e7lar\u0131 1000ul<\/strong><\/p>\n<div class=\"table-responsive\">\n<table>\n<tbody>\n<tr class=\"firstRow\">\n<td valign=\"top\" width=\"199\"><strong>\u00dcr\u00fcn No.<\/strong><\/td>\n<td valign=\"top\" width=\"199\"><strong>\u00c7ap (mm)<\/strong><\/td>\n<td valign=\"top\" width=\"199\"><strong>Kal\u0131nl\u0131k<\/strong><\/td>\n<td valign=\"top\" width=\"199\"><strong>Diyafram<\/strong><\/td>\n<td valign=\"top\" width=\"199\"><strong>Kullan\u0131m<\/strong><\/td>\n<td valign=\"top\" width=\"199\"><strong>Paket<\/strong><\/td>\n<\/tr>\n<tr>\n<td valign=\"top\" width=\"199\">LV1000-70-40<\/td>\n<td valign=\"top\" width=\"199\">7<\/td>\n<td valign=\"top\" width=\"199\">4<\/td>\n<td valign=\"top\" width=\"199\">10<\/td>\n<td valign=\"top\" width=\"199\">1000\u03bcL<\/td>\n<td valign=\"top\" width=\"199\">10000 adet\/\u00c7anta<\/td>\n<\/tr>\n<tr>\n<td valign=\"top\" width=\"199\">LV1000-71-40<\/td>\n<td valign=\"top\" width=\"199\">7.1<\/td>\n<td valign=\"top\" width=\"199\">4<\/td>\n<td valign=\"top\" width=\"199\">10<\/td>\n<td valign=\"top\" width=\"199\">1000\u03bcL<\/td>\n<td valign=\"top\" width=\"199\">10000 adet\/\u00c7anta<\/td>\n<\/tr>\n<tr>\n<td valign=\"top\" width=\"199\">LV1000-72-40<\/td>\n<td valign=\"top\" width=\"199\">7.2<\/td>\n<td valign=\"top\" width=\"199\">4<\/td>\n<td valign=\"top\" width=\"199\">10<\/td>\n<td valign=\"top\" width=\"199\">1000\u03bcL<\/td>\n<td valign=\"top\" width=\"199\">10000 adet\/\u00c7anta<\/td>\n<\/tr>\n<tr>\n<td valign=\"top\" width=\"199\">LV1000-74-40<\/td>\n<td valign=\"top\" width=\"199\">7.4<\/td>\n<td valign=\"top\" width=\"199\">4<\/td>\n<td valign=\"top\" width=\"199\">10<\/td>\n<td valign=\"top\" width=\"199\">1000\u03bcL<\/td>\n<td valign=\"top\" width=\"199\">10000 adet\/\u00c7anta<\/td>\n<\/tr>\n<\/tbody>\n<\/table>\n<\/div>\n<p><strong>Daha fazla \u00f6zellik<\/strong><\/p>\n<div class=\"table-responsive\">\n<table>\n<tbody>\n<tr class=\"firstRow\">\n<td valign=\"top\" width=\"199\"><strong>\u00dcr\u00fcn No.<\/strong><\/td>\n<td valign=\"top\" width=\"199\"><strong>\u00c7ap (mm)<\/strong><\/td>\n<td valign=\"top\" width=\"199\"><strong>Kal\u0131nl\u0131k<\/strong><\/td>\n<td valign=\"top\" width=\"199\"><strong>Kal\u0131nl\u0131k<\/strong><\/td>\n<td valign=\"top\" width=\"199\"><strong>Kal\u0131nl\u0131k<\/strong><\/td>\n<td valign=\"top\" width=\"199\"><strong>Kal\u0131nl\u0131k<\/strong><\/td>\n<\/tr>\n<tr>\n<td colspan=\"1\" rowspan=\"1\" valign=\"top\">LV1<\/td>\n<td colspan=\"1\" rowspan=\"1\" valign=\"top\">1.2<\/td>\n<td colspan=\"1\" rowspan=\"1\" valign=\"top\">3.0<\/td>\n<td colspan=\"1\" rowspan=\"1\" valign=\"top\">3.5<\/td>\n<td colspan=\"1\" rowspan=\"1\" valign=\"top\">4.0<\/td>\n<td colspan=\"1\" rowspan=\"1\" valign=\"top\">5.0<\/td>\n<\/tr>\n<tr>\n<td valign=\"top\" width=\"243\">LV2<\/td>\n<td valign=\"top\" width=\"243\">1.3<\/td>\n<td valign=\"top\" width=\"243\">3.0<\/td>\n<td valign=\"top\" width=\"243\">3.5<\/td>\n<td valign=\"top\" width=\"243\">4.0<\/td>\n<td valign=\"top\" width=\"243\">5.0<\/td>\n<\/tr>\n<tr>\n<td valign=\"top\" width=\"243\">LV3<\/td>\n<td valign=\"top\" width=\"243\">1.4<\/td>\n<td valign=\"top\" width=\"243\">3.0<\/td>\n<td valign=\"top\" width=\"243\">3.5<\/td>\n<td valign=\"top\" width=\"243\">4.0<\/td>\n<td valign=\"top\" width=\"243\">5.0<\/td>\n<\/tr>\n<tr>\n<td valign=\"top\" width=\"243\">LV4<\/td>\n<td valign=\"top\" width=\"243\">1.5<\/td>\n<td valign=\"top\" width=\"243\">3.0<\/td>\n<td valign=\"top\" width=\"243\">3.5<\/td>\n<td valign=\"top\" width=\"243\">4.0<\/td>\n<td valign=\"top\" width=\"243\">5.0<\/td>\n<\/tr>\n<tr>\n<td valign=\"top\" width=\"243\">LV9<\/td>\n<td valign=\"top\" width=\"243\">2.0<\/td>\n<td valign=\"top\" width=\"243\">3.0<\/td>\n<td valign=\"top\" width=\"243\">3.5<\/td>\n<td valign=\"top\" width=\"243\">4.0<\/td>\n<td valign=\"top\" width=\"243\">5.0<\/td>\n<\/tr>\n<tr>\n<td valign=\"top\" width=\"243\">LV10<\/td>\n<td valign=\"top\" width=\"243\">2.1<\/td>\n<td valign=\"top\" width=\"243\">3.0<\/td>\n<td valign=\"top\" width=\"243\">3.5<\/td>\n<td valign=\"top\" width=\"243\">4.0<\/td>\n<td valign=\"top\" width=\"243\">5.0<\/td>\n<\/tr>\n<tr>\n<td valign=\"top\" width=\"243\">LV11<\/td>\n<td valign=\"top\" width=\"243\">2.23<\/td>\n<td valign=\"top\" width=\"243\">3.0<\/td>\n<td valign=\"top\" width=\"243\">3.5<\/td>\n<td valign=\"top\" width=\"243\">4.0<\/td>\n<td valign=\"top\" width=\"243\">5.0<\/td>\n<\/tr>\n<tr>\n<td valign=\"top\" width=\"243\">LV12<\/td>\n<td valign=\"top\" width=\"243\">2.63<\/td>\n<td valign=\"top\" width=\"243\">3.0<\/td>\n<td valign=\"top\" width=\"243\">3.5<\/td>\n<td valign=\"top\" width=\"243\">4.0<\/td>\n<td valign=\"top\" width=\"243\">5.0<\/td>\n<\/tr>\n<tr>\n<td valign=\"top\" width=\"243\">LV16<\/td>\n<td valign=\"top\" width=\"243\">3.0<\/td>\n<td valign=\"top\" width=\"243\">3.0<\/td>\n<td valign=\"top\" width=\"243\">3.5<\/td>\n<td valign=\"top\" width=\"243\">4.0<\/td>\n<td valign=\"top\" width=\"243\">5.0<\/td>\n<\/tr>\n<tr>\n<td valign=\"top\" width=\"243\">LV17<\/td>\n<td valign=\"top\" width=\"243\">3.1<\/td>\n<td valign=\"top\" width=\"243\">3.0<\/td>\n<td valign=\"top\" width=\"243\">3.5<\/td>\n<td valign=\"top\" width=\"243\">4.0<\/td>\n<td valign=\"top\" width=\"243\">5.0<\/td>\n<\/tr>\n<tr>\n<td valign=\"top\" width=\"243\">LV18<\/td>\n<td valign=\"top\" width=\"243\">3.2<\/td>\n<td valign=\"top\" width=\"243\">3.0<\/td>\n<td valign=\"top\" width=\"243\">3.5<\/td>\n<td valign=\"top\" width=\"243\">4.0<\/td>\n<td valign=\"top\" width=\"243\">5.0<\/td>\n<\/tr>\n<tr>\n<td colspan=\"1\" rowspan=\"1\" valign=\"top\">LV19<\/td>\n<td colspan=\"1\" rowspan=\"1\" valign=\"top\">3.3<\/td>\n<td colspan=\"1\" rowspan=\"1\" valign=\"top\">3.0<\/td>\n<td colspan=\"1\" rowspan=\"1\" valign=\"top\">3.5<\/td>\n<td colspan=\"1\" rowspan=\"1\" valign=\"top\">4.0<\/td>\n<td colspan=\"1\" rowspan=\"1\" valign=\"top\">5.0<\/td>\n<\/tr>\n<tr>\n<td colspan=\"1\" rowspan=\"1\" valign=\"top\">LV26<\/td>\n<td colspan=\"1\" rowspan=\"1\" valign=\"top\">4.02<\/td>\n<td colspan=\"1\" rowspan=\"1\" valign=\"top\">3.0<\/td>\n<td colspan=\"1\" rowspan=\"1\" valign=\"top\">3.5<\/td>\n<td colspan=\"1\" rowspan=\"1\" valign=\"top\">4.0<\/td>\n<td colspan=\"1\" rowspan=\"1\" valign=\"top\">5.0<\/td>\n<\/tr>\n<tr>\n<td colspan=\"1\" rowspan=\"1\" valign=\"top\">LV27<\/td>\n<td colspan=\"1\" rowspan=\"1\" valign=\"top\">4.1<\/td>\n<td colspan=\"1\" rowspan=\"1\" valign=\"top\">3.0<\/td>\n<td colspan=\"1\" rowspan=\"1\" valign=\"top\">3.5<\/td>\n<td colspan=\"1\" rowspan=\"1\" valign=\"top\">4.0<\/td>\n<td colspan=\"1\" rowspan=\"1\" valign=\"top\">5.0<\/td>\n<\/tr>\n<tr>\n<td colspan=\"1\" rowspan=\"1\" valign=\"top\">LV28<\/td>\n<td colspan=\"1\" rowspan=\"1\" valign=\"top\">4.2<\/td>\n<td colspan=\"1\" rowspan=\"1\" valign=\"top\">3.0<\/td>\n<td colspan=\"1\" rowspan=\"1\" valign=\"top\">3.5<\/td>\n<td colspan=\"1\" rowspan=\"1\" valign=\"top\">4.0<\/td>\n<td colspan=\"1\" rowspan=\"1\" valign=\"top\">5.0<\/td>\n<\/tr>\n<\/tbody>\n<\/table>\n<\/div>\n<p><img decoding=\"async\" src=\"https:\/\/img.yfisher.com\/m6076\/17257327423e8\/jpg70-t3-scale100.webp\" alt=\"Filtrelenmi\u015f pipet u\u00e7lar\u0131 i\u00e7in fabrika OEM sinterlenmi\u015f G\u00f6zenekli polietilen pe filtre 7\" data-lazy=\"2\" title=\"\"><\/p>\n<\/div>","protected":false},"excerpt":{"rendered":"<table>\n<thead>\n<tr>\n<th>\u00d6\u011fe<\/th>\n<th>DETAYLAR<\/th>\n<\/tr>\n<\/thead>\n<tbody>\n<tr>\n<td>ba\u015flang\u0131\u00e7 portu<\/td>\n<td>Guangzhou<\/td>\n<\/tr>\n<tr>\n<td>\u00fcreti\u0307m kapasi\u0307tesi\u0307<\/td>\n<td>10000 adet\/ay<\/td>\n<\/tr>\n<tr>\n<td>men\u015fe yeri<\/td>\n<td>Guangdong, \u00c7in<\/td>\n<\/tr>\n<tr>\n<td>\u00f6deme<\/td>\n<td>T \/ T, Alibaba Ticaret G\u00fcvencesi, paypal<\/td>\n<\/tr>\n<tr>\n<td>moq<\/td>\n<td>1 adet<\/td>\n<\/tr>\n<tr>\n<td>TESL\u0130MAT S\u00dcRES\u0130<\/td>\n<td>7 i\u015f g\u00fcn\u00fc i\u00e7inde<\/td>\n<\/tr>\n<tr>\n<td>BELGELEND\u0130RME<\/td>\n<td>ISO 9001<\/td>\n<\/tr>\n<tr>\n<td>marka<\/td>\n<td>OEM\/Lvyuan<\/td>\n<\/tr>\n<\/tbody>\n<\/table>","protected":false},"featured_media":2451,"comment_status":"open","ping_status":"closed","template":"","meta":{"_gspb_post_css":""},"product_brand":[],"product_cat":[24],"product_tag":[956,967,964,260,955,965],"class_list":{"0":"post-2444","1":"product","2":"type-product","3":"status-publish","4":"has-post-thumbnail","6":"product_cat-sintered-porous-plastic","7":"product_tag-1-piece-moq","8":"product_tag-7-day-delivery","9":"product_tag-guangdong-manufacturer","10":"product_tag-iso-9001","11":"product_tag-oem-packaging","12":"product_tag-paper-tubes","14":"first","15":"instock","16":"shipping-taxable","17":"product-type-simple"},"_links":{"self":[{"href":"https:\/\/lyfilter.com\/tr\/wp-json\/wp\/v2\/product\/2444","targetHints":{"allow":["GET"]}}],"collection":[{"href":"https:\/\/lyfilter.com\/tr\/wp-json\/wp\/v2\/product"}],"about":[{"href":"https:\/\/lyfilter.com\/tr\/wp-json\/wp\/v2\/types\/product"}],"replies":[{"embeddable":true,"href":"https:\/\/lyfilter.com\/tr\/wp-json\/wp\/v2\/comments?post=2444"}],"wp:featuredmedia":[{"embeddable":true,"href":"https:\/\/lyfilter.com\/tr\/wp-json\/wp\/v2\/media\/2451"}],"wp:attachment":[{"href":"https:\/\/lyfilter.com\/tr\/wp-json\/wp\/v2\/media?parent=2444"}],"wp:term":[{"taxonomy":"product_brand","embeddable":true,"href":"https:\/\/lyfilter.com\/tr\/wp-json\/wp\/v2\/product_brand?post=2444"},{"taxonomy":"product_cat","embeddable":true,"href":"https:\/\/lyfilter.com\/tr\/wp-json\/wp\/v2\/product_cat?post=2444"},{"taxonomy":"product_tag","embeddable":true,"href":"https:\/\/lyfilter.com\/tr\/wp-json\/wp\/v2\/product_tag?post=2444"}],"curies":[{"name":"wp","href":"https:\/\/api.w.org\/{rel}","templated":true}]}}