{"id":2438,"date":"2026-01-07T02:46:54","date_gmt":"2026-01-07T02:46:54","guid":{"rendered":"https:\/\/lyfilter.com\/?post_type=product&#038;p=2438"},"modified":"2026-01-07T02:47:17","modified_gmt":"2026-01-07T02:47:17","slug":"factory-price-sintered-porous-pe-pp-filter-discs","status":"publish","type":"product","link":"https:\/\/lyfilter.com\/tr\/factory-price-sintered-porous-pe-pp-filter-discs\/","title":{"rendered":"Fabrika Fiyat\u0131 Sinterlenmi\u015f G\u00f6zenekli PE PP Filtre Diskleri"},"content":{"rendered":"<div class=\"unit-detail-html-tabs__content-attr\">\n<div class=\"unit-product-attrparam\">\n<div class=\"unit-product-attrparam__items row\">\n<div class=\"col-12 col-md-6\">\n<div class=\"unit-product-attrparam__item\">\n<div class=\"unit-product-attrparam__label\">\n<table>\n<thead>\n<tr>\n<th>\u00d6\u011fe<\/th>\n<th>DETAYLAR<\/th>\n<\/tr>\n<\/thead>\n<tbody>\n<tr>\n<td>tedarik yetene\u011fi<\/td>\n<td>1000000 adet\/ay<\/td>\n<\/tr>\n<tr>\n<td>malzeme<\/td>\n<td>pp<\/td>\n<\/tr>\n<tr>\n<td>kullan\u0131labilirlik<\/td>\n<td>oem<\/td>\n<\/tr>\n<\/tbody>\n<\/table>\n<\/div>\n<\/div>\n<\/div>\n<\/div>\n<\/div>\n<\/div>\n<div class=\"unit-detail-html-tabs__content-html\">\n<p><strong>Fabrika Fiyat\u0131 Sinterlenmi\u015f G\u00f6zenekli PE PP Filtre Diskleri<\/strong><\/p>\n<p>Fabrikam\u0131z taraf\u0131ndan \u00fcretilen ak\u00fc filtresi, patlamaya dayan\u0131kl\u0131 plaka, asit filtresi, havaland\u0131rma deli\u011fi, hava filtresi, egzoz plakas\u0131, toz filtresi, toz filtresi tapas\u0131 ve di\u011fer \u00fcr\u00fcnler, valf ayarl\u0131 kur\u015fun asit depolama emniyet valfi mikro g\u00f6zenekli asit filtresi JB \/ T11340.5-2012 standard\u0131na kesinlikle uygundur. \u00dcr\u00fcn, y\u00fcksek mukavemet, d\u00fczg\u00fcn g\u00f6zenek \u00e7ap\u0131, iyi ge\u00e7irgenlik vb. \u00d6zelliklere sahip bilimsel orant\u0131l\u0131 sinterleme yoluyla PE \/ PP tozundan yap\u0131lm\u0131\u015ft\u0131r. PP filtre 150 \u2103'de 400 saat sonra deforme olmaz veya sararmaz. \u00dcr\u00fcn \u00f6zellikleri 5-30 mm \u00e7ap\u0131nda ve 2-7 mm kal\u0131nl\u0131\u011f\u0131ndad\u0131r. \u00d6zel \u00f6zellikler \u00f6zelle\u015ftirilebilir.<\/p>\n<p>&nbsp;<\/p>\n<div class=\"table-responsive\">\n<table>\n<tbody>\n<tr class=\"firstRow\">\n<td valign=\"top\" height=\"20\">\u00c7ap<\/td>\n<td valign=\"top\" height=\"20\">10mm,20mm,30mm,40mm,50mm,60mm,70mm,80mm,90mm,100mm,110mm,<br \/>\n120mm, 200mm, vb.<\/td>\n<\/tr>\n<tr>\n<td valign=\"top\">Kal\u0131nl\u0131k<\/td>\n<td valign=\"top\">2-7mm<\/td>\n<\/tr>\n<tr>\n<td valign=\"top\">Mikron oran\u0131<\/td>\n<td valign=\"top\">1um,5um,10um,20um,30um,etc.<\/td>\n<\/tr>\n<tr>\n<td valign=\"top\">\u00c7al\u0131\u015fma s\u0131cakl\u0131\u011f\u0131<\/td>\n<td valign=\"top\">PE\u226480\u2103; PTFE\u2265200\u2103; PA\u2264120\u2103<\/td>\n<\/tr>\n<tr>\n<td valign=\"top\">Filtre konekt\u00f6r\u00fc<\/td>\n<td valign=\"top\">D\u00dcZ, INSERT TIPI, IPLIK TIPI, 226,222,215, \u00d6ZELLE\u015eTIRILMI\u015e<\/td>\n<\/tr>\n<tr>\n<td valign=\"top\">A\u00e7\u0131klama<\/td>\n<td valign=\"top\">Filtre boyutu ve mikronlar\u0131 \u00f6zelle\u015ftirilebilir. Daha k\u00fc\u00e7\u00fck boyut veya daha b\u00fcy\u00fck boyut!<\/td>\n<\/tr>\n<\/tbody>\n<\/table>\n<\/div>\n<p>&nbsp;<\/p>\n<div class=\"table-responsive\">\n<table data-sort=\"sortDisabled\">\n<tbody>\n<tr class=\"firstRow\">\n<td colspan=\"8\" rowspan=\"1\" align=\"center\" valign=\"top\">Mevcut Filtre Diski Kal\u0131b\u0131 \u00f6zellikleri<\/td>\n<\/tr>\n<tr>\n<td valign=\"top\">\u00c7ap (mm)<\/td>\n<td valign=\"top\">Kal\u0131nl\u0131k (mm)<\/td>\n<td valign=\"top\"><\/td>\n<td valign=\"top\">\u00c7ap (mm)<\/td>\n<td valign=\"top\">Kal\u0131nl\u0131k (mm)<\/td>\n<td valign=\"top\"><\/td>\n<td valign=\"top\">\u00c7ap (mm)<\/td>\n<td valign=\"top\">Kal\u0131nl\u0131k (mm)<\/td>\n<\/tr>\n<tr>\n<td valign=\"top\">10<\/td>\n<td valign=\"top\">3<\/td>\n<td valign=\"top\"><\/td>\n<td valign=\"top\">18<\/td>\n<td valign=\"top\">3.1<\/td>\n<td valign=\"top\"><\/td>\n<td valign=\"top\">15<\/td>\n<td valign=\"top\">3<\/td>\n<\/tr>\n<tr>\n<td valign=\"top\">4<\/td>\n<td valign=\"top\">3<\/td>\n<td valign=\"top\"><\/td>\n<td valign=\"top\">9.8<\/td>\n<td valign=\"top\">3<\/td>\n<td valign=\"top\"><\/td>\n<td valign=\"top\">12<\/td>\n<td valign=\"top\">3<\/td>\n<\/tr>\n<tr>\n<td valign=\"top\">13<\/td>\n<td valign=\"top\">3<\/td>\n<td valign=\"top\"><\/td>\n<td valign=\"top\">8<\/td>\n<td valign=\"top\">2.5<\/td>\n<td valign=\"top\"><\/td>\n<td valign=\"top\">8.8<\/td>\n<td valign=\"top\">2.2<\/td>\n<\/tr>\n<tr>\n<td valign=\"top\">5<\/td>\n<td valign=\"top\">3.5<\/td>\n<td valign=\"top\"><\/td>\n<td valign=\"top\">14.45<\/td>\n<td valign=\"top\">4<\/td>\n<td valign=\"top\"><\/td>\n<td valign=\"top\">17<\/td>\n<td valign=\"top\">3.2<\/td>\n<\/tr>\n<tr>\n<td valign=\"top\">12.6<\/td>\n<td valign=\"top\">3.2<\/td>\n<td valign=\"top\"><\/td>\n<td valign=\"top\">25<\/td>\n<td valign=\"top\">3<\/td>\n<td valign=\"top\"><\/td>\n<td valign=\"top\">20<\/td>\n<td valign=\"top\">3.2<\/td>\n<\/tr>\n<tr>\n<td valign=\"top\">16.2<\/td>\n<td valign=\"top\">3.5<\/td>\n<td valign=\"top\"><\/td>\n<td valign=\"top\">16<\/td>\n<td valign=\"top\">2.5<\/td>\n<td valign=\"top\"><\/td>\n<td valign=\"top\">16<\/td>\n<td valign=\"top\">5.5<\/td>\n<\/tr>\n<tr>\n<td valign=\"top\">23<\/td>\n<td valign=\"top\">1.6<\/td>\n<td valign=\"top\"><\/td>\n<td valign=\"top\">13<\/td>\n<td valign=\"top\">3.4<\/td>\n<td valign=\"top\"><\/td>\n<td valign=\"top\">6.1<\/td>\n<td valign=\"top\">3<\/td>\n<\/tr>\n<tr>\n<td valign=\"top\">8.5<\/td>\n<td valign=\"top\">3<\/td>\n<td valign=\"top\"><\/td>\n<td valign=\"top\">16.1<\/td>\n<td valign=\"top\">2.65<\/td>\n<td valign=\"top\"><\/td>\n<td valign=\"top\">8.5<\/td>\n<td valign=\"top\">2<\/td>\n<\/tr>\n<\/tbody>\n<\/table>\n<\/div>\n<p><img decoding=\"async\" src=\"https:\/\/img.yfisher.com\/m6076\/1725732739cgm\/jpg70-t3-scale100.webp\" alt=\"Fabrika Fiyat\u0131 Sinterlenmi\u015f G\u00f6zenekli PE PP Filtre Diskleri 5\" data-lazy=\"2\" title=\"\"><\/p>\n<\/div>","protected":false},"excerpt":{"rendered":"<table>\n<thead>\n<tr>\n<th>\u00d6\u011fe<\/th>\n<th>DETAYLAR<\/th>\n<\/tr>\n<\/thead>\n<tbody>\n<tr>\n<td>ba\u015flang\u0131\u00e7 portu<\/td>\n<td>Guangzhou<\/td>\n<\/tr>\n<tr>\n<td>\u00fcreti\u0307m kapasi\u0307tesi\u0307<\/td>\n<td>10000 adet\/Ay<\/td>\n<\/tr>\n<tr>\n<td>men\u015fe yeri<\/td>\n<td>Guangdong, \u00c7in<\/td>\n<\/tr>\n<tr>\n<td>\u00f6deme<\/td>\n<td>T \/ T, Western Union, Alibaba Ticaret G\u00fcvencesi, paypal<\/td>\n<\/tr>\n<tr>\n<td>moq<\/td>\n<td>1 adet<\/td>\n<\/tr>\n<tr>\n<td>TESL\u0130MAT S\u00dcRES\u0130<\/td>\n<td>7 i\u015f g\u00fcn\u00fc i\u00e7erisinde<\/td>\n<\/tr>\n<tr>\n<td>marka<\/td>\n<td>OEM\/Lvyuan<\/td>\n<\/tr>\n<\/tbody>\n<\/table>","protected":false},"featured_media":2445,"comment_status":"open","ping_status":"closed","template":"","meta":{"_gspb_post_css":""},"product_brand":[],"product_cat":[24],"product_tag":[956,279,964,965,288,971],"class_list":{"0":"post-2438","1":"product","2":"type-product","3":"status-publish","4":"has-post-thumbnail","6":"product_cat-sintered-porous-plastic","7":"product_tag-1-piece-moq","8":"product_tag-alibaba-trade-assurance","9":"product_tag-guangdong-manufacturer","10":"product_tag-paper-tubes","11":"product_tag-paypal","12":"product_tag-western-union","14":"first","15":"instock","16":"shipping-taxable","17":"product-type-simple"},"_links":{"self":[{"href":"https:\/\/lyfilter.com\/tr\/wp-json\/wp\/v2\/product\/2438","targetHints":{"allow":["GET"]}}],"collection":[{"href":"https:\/\/lyfilter.com\/tr\/wp-json\/wp\/v2\/product"}],"about":[{"href":"https:\/\/lyfilter.com\/tr\/wp-json\/wp\/v2\/types\/product"}],"replies":[{"embeddable":true,"href":"https:\/\/lyfilter.com\/tr\/wp-json\/wp\/v2\/comments?post=2438"}],"wp:featuredmedia":[{"embeddable":true,"href":"https:\/\/lyfilter.com\/tr\/wp-json\/wp\/v2\/media\/2445"}],"wp:attachment":[{"href":"https:\/\/lyfilter.com\/tr\/wp-json\/wp\/v2\/media?parent=2438"}],"wp:term":[{"taxonomy":"product_brand","embeddable":true,"href":"https:\/\/lyfilter.com\/tr\/wp-json\/wp\/v2\/product_brand?post=2438"},{"taxonomy":"product_cat","embeddable":true,"href":"https:\/\/lyfilter.com\/tr\/wp-json\/wp\/v2\/product_cat?post=2438"},{"taxonomy":"product_tag","embeddable":true,"href":"https:\/\/lyfilter.com\/tr\/wp-json\/wp\/v2\/product_tag?post=2438"}],"curies":[{"name":"wp","href":"https:\/\/api.w.org\/{rel}","templated":true}]}}