{"id":2432,"date":"2026-01-07T02:37:41","date_gmt":"2026-01-07T02:37:41","guid":{"rendered":"https:\/\/lyfilter.com\/?post_type=product&#038;p=2432"},"modified":"2026-01-07T02:37:41","modified_gmt":"2026-01-07T02:37:41","slug":"factory-price-sintered-copper-powder-filter","status":"publish","type":"product","link":"https:\/\/lyfilter.com\/tr\/factory-price-sintered-copper-powder-filter\/","title":{"rendered":"Fabrika Fiyat\u0131 Sinterlenmi\u015f Bak\u0131r Tozu Filtresi"},"content":{"rendered":"<div class=\"unit-detail-html-tabs__content-attr\">\n<div class=\"unit-product-attrparam\">\n<div class=\"unit-product-attrparam__items row\">\n<div class=\"col-12 col-md-6\">\n<div class=\"unit-product-attrparam__item\">\n<div class=\"unit-product-attrparam__label\">\n<table>\n<thead>\n<tr>\n<th>\u00d6\u011fe<\/th>\n<th>DETAYLAR<\/th>\n<\/tr>\n<\/thead>\n<tbody>\n<tr>\n<td>tedarik yetene\u011fi<\/td>\n<td>1000000 adet\/ay<\/td>\n<\/tr>\n<tr>\n<td>malzeme<\/td>\n<td>bak\u0131r<\/td>\n<\/tr>\n<tr>\n<td>kullan\u0131labilirlik<\/td>\n<td>oem<\/td>\n<\/tr>\n<\/tbody>\n<\/table>\n<\/div>\n<\/div>\n<\/div>\n<\/div>\n<\/div>\n<\/div>\n<div class=\"unit-detail-html-tabs__content-featuresAttr\"><\/div>\n<div class=\"unit-detail-html-tabs__content-html\">\n<p>Bak\u0131r tozu sinterlenmi\u015f filtre eleman\u0131 iyi permeasyon filtrasyon performans\u0131na ve y\u00fcksek filtrasyon do\u011frulu\u011funa sahiptir, termal bas\u0131nca ve darbeye, y\u00fcksek mukavemete, iyi plastisiteye, oksidasyon direncine ve korozyon direncine daha iyi dayanabilir. \u0130yi montaj, kaynaklanabilir, yap\u0131\u015ft\u0131r\u0131labilir ve i\u015flenebilir; g\u00fc\u00e7l\u00fc rejenerasyon yetene\u011fi, uzun servis \u00f6mr\u00fc; \u00e7e\u015fitli g\u00f6zeneklilik (28%-50%), g\u00f6zenek boyutu (4u-160U) ve filtrasyon do\u011frulu\u011fu (0.2um-100um), \u00e7apraz kanallar, 300 y\u00fcksek s\u0131cakl\u0131kta kullan\u0131labilir, h\u0131zl\u0131 so\u011futma ve h\u0131zl\u0131 \u0131s\u0131tmaya dayan\u0131kl\u0131d\u0131r. Ka\u011f\u0131t, bak\u0131r tel \u00f6rg\u00fc ve di\u011fer fiber kuma\u015ftan yap\u0131lm\u0131\u015f filtrelerle kar\u015f\u0131la\u015ft\u0131r\u0131ld\u0131\u011f\u0131nda \u00fcst\u00fcn performansa sahiptir ve montaj\u0131, s\u00f6k\u00fclmesi ve temizlenmesi kolayd\u0131r. Esas olarak gaz, s\u0131v\u0131 ve akaryak\u0131t filtrelemek i\u00e7in kullan\u0131l\u0131r. Petrol, kimya, otomobil, trakt\u00f6r, u\u00e7ak ve gemi in\u015fa end\u00fcstrilerinde yayg\u0131n olarak kullan\u0131lmaktad\u0131r. D\u00fcnyada yayg\u0131n olarak kullan\u0131lmakta olup, pn\u00f6matik ve hidrolik devrelerin filtre elemanlar\u0131nda da yayg\u0131n olarak kullan\u0131lmaktad\u0131r. Bak\u0131r tozu sinterlenmi\u015f filtre kartu\u015fu havadaki ya\u011f\u0131, suyu ve kirleri filtreleyebilir ve ayr\u0131ca g\u00fcr\u00fclt\u00fcy\u00fc azaltabilir. Bas\u0131n\u00e7l\u0131 hava kendini kurtarma cihaz\u0131nda, hava beslemesi genellikle personele temiz hava sa\u011flamak i\u00e7in dekompresyon, g\u00fcr\u00fclt\u00fc azaltma, ak\u0131\u015f ayar\u0131, ya\u011f ve su filtreleme gibi i\u015flevleri yerine getiren maden bas\u0131n\u00e7l\u0131 hava boru hatt\u0131n\u0131 kullan\u0131r. Bak\u0131r sinterlenmi\u015f filtre elemanlar\u0131, hava filtreleme ve g\u00fcr\u00fclt\u00fc azaltma i\u015flevlerine sahiptir ve pn\u00f6matik bile\u015fenler i\u00e7in hava kayna\u011f\u0131 i\u015flemcilerinde yayg\u0131n olarak kullan\u0131l\u0131r.<\/p>\n<p><img decoding=\"async\" src=\"https:\/\/img.yfisher.com\/m6076\/1725732736yr2\/jpg70-t3-scale100.webp\" alt=\"Fabrika Fiyat\u0131 Sinterlenmi\u015f Bak\u0131r Tozu Filtresi 6\" data-lazy=\"2\" title=\"\"><\/p>\n<p><img decoding=\"async\" src=\"https:\/\/img.yfisher.com\/m6076\/1725732736po4\/jpg70-t3-scale100.webp\" alt=\"Fabrika Fiyat\u0131 Sinterlenmi\u015f Bak\u0131r Tozu Filtresi 7\" data-lazy=\"2\" title=\"\"><\/p>\n<p><img decoding=\"async\" src=\"https:\/\/img.yfisher.com\/m6076\/1725732736q6z\/jpg70-t3-scale100.webp\" alt=\"Fabrika Fiyat\u0131 Sinterlenmi\u015f Bak\u0131r Tozu Filtresi 8\" data-lazy=\"2\" title=\"\"><\/p>\n<p><img decoding=\"async\" src=\"https:\/\/img.yfisher.com\/m6076\/1725732736a4m\/jpg70-t3-scale100.webp\" alt=\"Fabrika Fiyat\u0131 Sinterlenmi\u015f Bak\u0131r Tozu Filtresi 9\" data-lazy=\"2\" title=\"\"><\/p>\n<p><img decoding=\"async\" src=\"https:\/\/img.yfisher.com\/m6076\/1725732736s7d\/jpg70-t3-scale100.webp\" alt=\"Fabrika Fiyat\u0131 Sinterlenmi\u015f Bak\u0131r Tozu Filtresi 10\" data-lazy=\"2\" title=\"\"><\/p>\n<p><img decoding=\"async\" src=\"https:\/\/img.yfisher.com\/m6076\/17257327365t1\/jpg70-t3-scale100.webp\" alt=\"Fabrika Fiyat\u0131 Sinterlenmi\u015f Bak\u0131r Tozu Filtresi 11\" data-lazy=\"2\" title=\"\"><\/p>\n<p><img decoding=\"async\" src=\"https:\/\/img.yfisher.com\/m6076\/1725732736b3t\/jpg70-t3-scale100.webp\" alt=\"Fabrika Fiyat\u0131 Sinterlenmi\u015f Bak\u0131r Tozu Filtresi 12\" data-lazy=\"2\" title=\"\"><\/p>\n<\/div>","protected":false},"excerpt":{"rendered":"<table>\n<thead>\n<tr>\n<th>\u00d6\u011fe<\/th>\n<th>DETAYLAR<\/th>\n<\/tr>\n<\/thead>\n<tbody>\n<tr>\n<td>ba\u015flang\u0131\u00e7 portu<\/td>\n<td>Guangzhou<\/td>\n<\/tr>\n<tr>\n<td>\u00fcreti\u0307m kapasi\u0307tesi\u0307<\/td>\n<td>10000 adet\/Ay<\/td>\n<\/tr>\n<tr>\n<td>men\u015fe yeri<\/td>\n<td>Guangdong, \u00c7in<\/td>\n<\/tr>\n<tr>\n<td>\u00f6deme<\/td>\n<td>T \/ T, Alibaba Ticaret G\u00fcvencesi, paypal<\/td>\n<\/tr>\n<tr>\n<td>moq<\/td>\n<td>1 adet<\/td>\n<\/tr>\n<tr>\n<td>BELGELEND\u0130RME<\/td>\n<td>ISO 9001<\/td>\n<\/tr>\n<tr>\n<td>marka<\/td>\n<td>OEM\/Lvyuan<\/td>\n<\/tr>\n<\/tbody>\n<\/table>","protected":false},"featured_media":2439,"comment_status":"open","ping_status":"closed","template":"","meta":{"_gspb_post_css":""},"product_brand":[],"product_cat":[17,18],"product_tag":[956,279,964,260,955,965],"class_list":{"0":"post-2432","1":"product","2":"type-product","3":"status-publish","4":"has-post-thumbnail","6":"product_cat-sediment-filter","7":"product_cat-sintered-metal-filters","8":"product_tag-1-piece-moq","9":"product_tag-alibaba-trade-assurance","10":"product_tag-guangdong-manufacturer","11":"product_tag-iso-9001","12":"product_tag-oem-packaging","13":"product_tag-paper-tubes","15":"first","16":"instock","17":"shipping-taxable","18":"product-type-simple"},"_links":{"self":[{"href":"https:\/\/lyfilter.com\/tr\/wp-json\/wp\/v2\/product\/2432","targetHints":{"allow":["GET"]}}],"collection":[{"href":"https:\/\/lyfilter.com\/tr\/wp-json\/wp\/v2\/product"}],"about":[{"href":"https:\/\/lyfilter.com\/tr\/wp-json\/wp\/v2\/types\/product"}],"replies":[{"embeddable":true,"href":"https:\/\/lyfilter.com\/tr\/wp-json\/wp\/v2\/comments?post=2432"}],"wp:featuredmedia":[{"embeddable":true,"href":"https:\/\/lyfilter.com\/tr\/wp-json\/wp\/v2\/media\/2439"}],"wp:attachment":[{"href":"https:\/\/lyfilter.com\/tr\/wp-json\/wp\/v2\/media?parent=2432"}],"wp:term":[{"taxonomy":"product_brand","embeddable":true,"href":"https:\/\/lyfilter.com\/tr\/wp-json\/wp\/v2\/product_brand?post=2432"},{"taxonomy":"product_cat","embeddable":true,"href":"https:\/\/lyfilter.com\/tr\/wp-json\/wp\/v2\/product_cat?post=2432"},{"taxonomy":"product_tag","embeddable":true,"href":"https:\/\/lyfilter.com\/tr\/wp-json\/wp\/v2\/product_tag?post=2432"}],"curies":[{"name":"wp","href":"https:\/\/api.w.org\/{rel}","templated":true}]}}