{"id":2419,"date":"2026-01-07T02:33:33","date_gmt":"2026-01-07T02:33:33","guid":{"rendered":"https:\/\/lyfilter.com\/?post_type=product&#038;p=2419"},"modified":"2026-01-07T02:33:33","modified_gmt":"2026-01-07T02:33:33","slug":"oem-micro-316-stainless-steel-filter-cartridge-sintered-metal-powder-filter-element","status":"publish","type":"product","link":"https:\/\/lyfilter.com\/tr\/oem-micro-316-stainless-steel-filter-cartridge-sintered-metal-powder-filter-element\/","title":{"rendered":"OEM mikro 316 Paslanmaz \u00c7elik Filtre kartu\u015fu Sinterlenmi\u015f metal toz filtre eleman\u0131"},"content":{"rendered":"<div class=\"unit-detail-html-tabs__content-attr\">\n<div class=\"unit-product-attrparam\">\n<div class=\"unit-product-attrparam__items row\">\n<div class=\"col-12 col-md-6\">\n<div class=\"unit-product-attrparam__item\">\n<div class=\"unit-product-attrparam__label\">\n<table>\n<thead>\n<tr>\n<th>\u00d6\u011fe<\/th>\n<th>DETAYLAR<\/th>\n<\/tr>\n<\/thead>\n<tbody>\n<tr>\n<td>tedarik yetene\u011fi<\/td>\n<td>1000000 adet\/ay<\/td>\n<\/tr>\n<tr>\n<td>malzeme<\/td>\n<td>paslanmaz \u00e7elik<\/td>\n<\/tr>\n<tr>\n<td>kullan\u0131labilirlik<\/td>\n<td>oem<\/td>\n<\/tr>\n<\/tbody>\n<\/table>\n<\/div>\n<\/div>\n<\/div>\n<\/div>\n<\/div>\n<\/div>\n<div class=\"unit-detail-html-tabs__content-featuresAttr\"><\/div>\n<div class=\"unit-detail-html-tabs__content-html\">\n<p>Paslanmaz \u00e7elik sinterlenmi\u015f metal toz filtre eleman\u0131, p\u00fcr\u00fczs\u00fcz g\u00f6zenekler, kolay temizleme, y\u00fcksek s\u0131cakl\u0131k direnci, korozyon direnci, tel a\u011f\u0131n d\u00f6k\u00fclmemesi ve uzun filtrasyon d\u00f6ng\u00fcs\u00fc \u00f6zelliklerine sahiptir. Paslanmaz \u00e7elik elyaf sinterlenmi\u015f ke\u00e7e, y\u00fcksek s\u0131cakl\u0131kta sinterlenmi\u015f paslanmaz \u00e7elik elyaftan yap\u0131lm\u0131\u015f g\u00f6zenekli bir derin filtre malzemesidir. Katlanm\u0131\u015f dalga \u00e7ekirde\u011fi, y\u00fcksek g\u00f6zeneklilik, iyi hava ge\u00e7irgenli\u011fi, g\u00fc\u00e7l\u00fc kir tutma kapasitesi ve g\u00fc\u00e7l\u00fc rejenerasyon kapasitesi \u00f6zelliklerine sahiptir. Ana \u00f6zellikler: geni\u015f filtrasyon alan\u0131 (s\u0131radan silindirik filtre elemanlar\u0131n\u0131n 5-10 kat\u0131), geni\u015f filtrasyon hassasiyeti aral\u0131\u011f\u0131 (1-300um) Ana ba\u011flant\u0131 y\u00f6ntemleri: standart aray\u00fcz (222, 220, 226 gibi), h\u0131zl\u0131 aray\u00fcz ba\u011flant\u0131s\u0131, di\u015fli ba\u011flant\u0131, flan\u015f ba\u011flant\u0131s\u0131, ba\u011flant\u0131 \u00e7ubu\u011fu ba\u011flant\u0131s\u0131, \u00f6zel \u00f6zelle\u015ftirilmi\u015f aray\u00fcz. Esas olarak y\u00fcksek molek\u00fcler polimerlerin ve ya\u011f-su ar\u0131t\u0131m\u0131n\u0131n, y\u00fcksek s\u0131cakl\u0131ktaki gaz\u0131n, farmas\u00f6tiklerin ve di\u011fer ortamlar\u0131n filtrasyonunda kullan\u0131l\u0131r.<\/p>\n<p><img decoding=\"async\" src=\"https:\/\/img.yfisher.com\/m6076\/1725732731zgv\/jpg70-t3-scale100.webp\" alt=\"OEM mikro 316 Paslanmaz \u00c7elik Filtre kartu\u015fu Sinterlenmi\u015f metal toz filtre eleman\u0131 6\" data-lazy=\"2\" title=\"\"><\/p>\n<p><img decoding=\"async\" src=\"https:\/\/img.yfisher.com\/m6076\/1725732731pwm\/jpg70-t3-scale100.webp\" alt=\"OEM mikro 316 Paslanmaz \u00c7elik Filtre kartu\u015fu Sinterlenmi\u015f metal toz filtre eleman\u0131 7\" data-lazy=\"2\" title=\"\"><\/p>\n<p><img decoding=\"async\" src=\"https:\/\/img.yfisher.com\/m6076\/1725732731sr3\/jpg70-t3-scale100.webp\" alt=\"OEM mikro 316 Paslanmaz \u00c7elik Filtre kartu\u015fu Sinterlenmi\u015f metal toz filtre eleman\u0131 8\" data-lazy=\"2\" title=\"\"><\/p>\n<p><img decoding=\"async\" src=\"https:\/\/img.yfisher.com\/m6076\/1725732731hc6\/jpg70-t3-scale100.webp\" alt=\"OEM mikro 316 Paslanmaz \u00c7elik Filtre kartu\u015fu Sinterlenmi\u015f metal toz filtre eleman\u0131 9\" data-lazy=\"2\" title=\"\"><\/p>\n<p><img decoding=\"async\" src=\"https:\/\/img.yfisher.com\/m6076\/172573273176j\/jpg70-t3-scale100.webp\" alt=\"OEM mikro 316 Paslanmaz \u00c7elik Filtre kartu\u015fu Sinterlenmi\u015f metal toz filtre eleman\u0131 10\" data-lazy=\"2\" title=\"\"><\/p>\n<p><img decoding=\"async\" src=\"https:\/\/img.yfisher.com\/m6076\/1725732731t9s\/jpg70-t3-scale100.webp\" alt=\"OEM mikro 316 Paslanmaz \u00c7elik Filtre kartu\u015fu Sinterlenmi\u015f metal toz filtre eleman\u0131 11\" data-lazy=\"2\" title=\"\"><\/p>\n<\/div>","protected":false},"excerpt":{"rendered":"<table>\n<thead>\n<tr>\n<th>\u00d6\u011fe<\/th>\n<th>DETAYLAR<\/th>\n<\/tr>\n<\/thead>\n<tbody>\n<tr>\n<td>ba\u015flang\u0131\u00e7 portu<\/td>\n<td>Guangzhou<\/td>\n<\/tr>\n<tr>\n<td>\u00fcreti\u0307m kapasi\u0307tesi\u0307<\/td>\n<td>10000 adet\/Ay<\/td>\n<\/tr>\n<tr>\n<td>men\u015fe yeri<\/td>\n<td>Guangdong, \u00c7in<\/td>\n<\/tr>\n<tr>\n<td>\u00f6deme<\/td>\n<td>T \/ T, Alibaba Ticaret G\u00fcvencesi, paypal<\/td>\n<\/tr>\n<tr>\n<td>moq<\/td>\n<td>1 adet<\/td>\n<\/tr>\n<tr>\n<td>TESL\u0130MAT S\u00dcRES\u0130<\/td>\n<td>7 i\u015f g\u00fcn\u00fc i\u00e7erisinde<\/td>\n<\/tr>\n<tr>\n<td>BELGELEND\u0130RME<\/td>\n<td>ISO 9001<\/td>\n<\/tr>\n<\/tbody>\n<\/table>","protected":false},"featured_media":2427,"comment_status":"open","ping_status":"closed","template":"","meta":{"_gspb_post_css":""},"product_brand":[],"product_cat":[17,18],"product_tag":[956,279,969,970,260,965],"class_list":{"0":"post-2419","1":"product","2":"type-product","3":"status-publish","4":"has-post-thumbnail","6":"product_cat-sediment-filter","7":"product_cat-sintered-metal-filters","8":"product_tag-1-piece-moq","9":"product_tag-alibaba-trade-assurance","10":"product_tag-custom-packaging","11":"product_tag-guangdong-factory","12":"product_tag-iso-9001","13":"product_tag-paper-tubes","15":"first","16":"instock","17":"shipping-taxable","18":"product-type-simple"},"_links":{"self":[{"href":"https:\/\/lyfilter.com\/tr\/wp-json\/wp\/v2\/product\/2419","targetHints":{"allow":["GET"]}}],"collection":[{"href":"https:\/\/lyfilter.com\/tr\/wp-json\/wp\/v2\/product"}],"about":[{"href":"https:\/\/lyfilter.com\/tr\/wp-json\/wp\/v2\/types\/product"}],"replies":[{"embeddable":true,"href":"https:\/\/lyfilter.com\/tr\/wp-json\/wp\/v2\/comments?post=2419"}],"wp:featuredmedia":[{"embeddable":true,"href":"https:\/\/lyfilter.com\/tr\/wp-json\/wp\/v2\/media\/2427"}],"wp:attachment":[{"href":"https:\/\/lyfilter.com\/tr\/wp-json\/wp\/v2\/media?parent=2419"}],"wp:term":[{"taxonomy":"product_brand","embeddable":true,"href":"https:\/\/lyfilter.com\/tr\/wp-json\/wp\/v2\/product_brand?post=2419"},{"taxonomy":"product_cat","embeddable":true,"href":"https:\/\/lyfilter.com\/tr\/wp-json\/wp\/v2\/product_cat?post=2419"},{"taxonomy":"product_tag","embeddable":true,"href":"https:\/\/lyfilter.com\/tr\/wp-json\/wp\/v2\/product_tag?post=2419"}],"curies":[{"name":"wp","href":"https:\/\/api.w.org\/{rel}","templated":true}]}}