{"id":2414,"date":"2026-01-07T02:31:13","date_gmt":"2026-01-07T02:31:13","guid":{"rendered":"https:\/\/lyfilter.com\/?post_type=product&#038;p=2414"},"modified":"2026-01-07T02:31:13","modified_gmt":"2026-01-07T02:31:13","slug":"factory-price-stainless-steel-filter-cartridge-ss-filter-element","status":"publish","type":"product","link":"https:\/\/lyfilter.com\/tr\/factory-price-stainless-steel-filter-cartridge-ss-filter-element\/","title":{"rendered":"Fabrika fiyat\u0131 Paslanmaz \u00e7elik filtre kartu\u015fu SS filtre eleman\u0131"},"content":{"rendered":"<div class=\"unit-detail-html-tabs__content-attr\">\n<div class=\"unit-product-attrparam\">\n<div class=\"unit-product-attrparam__items row\">\n<div class=\"col-12 col-md-6\">\n<div class=\"unit-product-attrparam__item\">\n<div class=\"unit-product-attrparam__label\">\n<table>\n<thead>\n<tr>\n<th>\u00d6\u011fe<\/th>\n<th>DETAYLAR<\/th>\n<\/tr>\n<\/thead>\n<tbody>\n<tr>\n<td>tedarik yetene\u011fi<\/td>\n<td>1000000 adet\/ay<\/td>\n<\/tr>\n<tr>\n<td>malzeme<\/td>\n<td>paslanmaz \u00e7elik<\/td>\n<\/tr>\n<\/tbody>\n<\/table>\n<\/div>\n<\/div>\n<\/div>\n<\/div>\n<\/div>\n<\/div>\n<div class=\"unit-detail-html-tabs__content-featuresAttr\"><\/div>\n<div class=\"unit-detail-html-tabs__content-html\">\n<p>Paslanmaz \u00e7elik filtre kartu\u015fu SS filtre eleman\u0131 \u00e7ok iyi filtrasyon performans\u0131na sahiptir ve 2-200um filtrasyon partik\u00fcl boyutu i\u00e7in d\u00fczg\u00fcn bir y\u00fczey filtrasyon performans\u0131 uygulayabilir. Ana filtre malzemesi \u00e7ok katmanl\u0131 paslanmaz \u00e7elik sinterlenmi\u015f a\u011f kullan\u0131r ve filtrasyon do\u011frulu\u011fu 0,5-200um'dur. Boyutlar\u0131 kullan\u0131c\u0131 gereksinimlerine g\u00f6re i\u015flenebilir.<\/p>\n<p>G\u00f6zeneklilik (28%-50%), g\u00f6zenek boyutu (4u-160u) ve filtrasyon hassasiyeti (0.2um-100um), \u00e7apraz kanallar, y\u00fcksek s\u0131cakl\u0131k direnci, h\u0131zl\u0131 so\u011futma ve h\u0131zl\u0131 \u0131s\u0131 direnci. Korozyon \u00f6nleyici. Asitler ve alkaliler gibi \u00e7e\u015fitli korozif ortamlar i\u00e7in uygundur. Paslanmaz \u00e7elik filtre eleman\u0131, \u00f6zellikle s\u00fclf\u00fcr i\u00e7eren gazlar\u0131 filtrelemek i\u00e7in uygun olan genel asit-baz ve organik korozyona direnebilir. Y\u00fcksek mukavemete ve iyi toklu\u011fa sahiptir. Y\u00fcksek bas\u0131n\u00e7l\u0131 ortamlar i\u00e7in uygundur. Kaynaklanabilir, y\u00fcklenmesi ve bo\u015falt\u0131lmas\u0131 kolayd\u0131r. Kararl\u0131 g\u00f6zenek \u015fekli ve d\u00fczg\u00fcn da\u011f\u0131l\u0131m, istikrarl\u0131 filtrasyon performans\u0131 sa\u011flar. \u0130yi rejenerasyon performans\u0131. Tekrarlanan temizlik ve rejenerasyondan sonra, filtrasyon performans\u0131 90%'den daha fazla iyile\u015fir.<\/p>\n<p><img decoding=\"async\" src=\"https:\/\/img.yfisher.com\/m6076\/17257327258i7\/jpg70-t3-scale100.webp\" alt=\"Fabrika fiyat\u0131 Paslanmaz \u00e7elik filtre kartu\u015fu SS filtre eleman\u0131 6\" data-lazy=\"2\" title=\"\"><\/p>\n<p><img decoding=\"async\" src=\"https:\/\/img.yfisher.com\/m6076\/1725732725fg4\/jpg70-t3-scale100.webp\" alt=\"Fabrika fiyat\u0131 Paslanmaz \u00e7elik filtre kartu\u015fu SS filtre eleman\u0131 7\" data-lazy=\"2\" title=\"\"><\/p>\n<p><img decoding=\"async\" src=\"https:\/\/img.yfisher.com\/m6076\/17257327251x3\/jpg70-t3-scale100.webp\" alt=\"Fabrika fiyat\u0131 Paslanmaz \u00e7elik filtre kartu\u015fu SS filtre eleman\u0131 8\" data-lazy=\"2\" title=\"\"><\/p>\n<p><img decoding=\"async\" src=\"https:\/\/img.yfisher.com\/m6076\/1725732725vxe\/jpg70-t3-scale100.webp\" alt=\"Fabrika fiyat\u0131 Paslanmaz \u00e7elik filtre kartu\u015fu SS filtre eleman\u0131 9\" data-lazy=\"2\" title=\"\"><\/p>\n<p><img decoding=\"async\" src=\"https:\/\/img.yfisher.com\/m6076\/172573272535g\/jpg70-t3-scale100.webp\" alt=\"Fabrika fiyat\u0131 Paslanmaz \u00e7elik filtre kartu\u015fu SS filtre eleman\u0131 10\" data-lazy=\"2\" title=\"\"><\/p>\n<p><img decoding=\"async\" src=\"https:\/\/img.yfisher.com\/m6076\/1725732725ieq\/jpg70-t3-scale100.webp\" alt=\"Fabrika fiyat\u0131 Paslanmaz \u00e7elik filtre kartu\u015fu SS filtre eleman\u0131 11\" data-lazy=\"2\" title=\"\"><\/p>\n<\/div>","protected":false},"excerpt":{"rendered":"<table>\n<thead>\n<tr>\n<th>\u00d6\u011fe<\/th>\n<th>DETAYLAR<\/th>\n<\/tr>\n<\/thead>\n<tbody>\n<tr>\n<td>ba\u015flang\u0131\u00e7 portu<\/td>\n<td>Guangzhou<\/td>\n<\/tr>\n<tr>\n<td>\u00fcreti\u0307m kapasi\u0307tesi\u0307<\/td>\n<td>10000 adet\/Ay<\/td>\n<\/tr>\n<tr>\n<td>men\u015fe yeri<\/td>\n<td>Guangdong, \u00c7in<\/td>\n<\/tr>\n<tr>\n<td>\u00f6deme<\/td>\n<td>Western Union, Alibaba Ticaret G\u00fcvencesi, paypal<\/td>\n<\/tr>\n<tr>\n<td>moq<\/td>\n<td>1 adet<\/td>\n<\/tr>\n<tr>\n<td>TESL\u0130MAT S\u00dcRES\u0130<\/td>\n<td>7 i\u015f g\u00fcn\u00fc i\u00e7erisinde<\/td>\n<\/tr>\n<tr>\n<td>BELGELEND\u0130RME<\/td>\n<td>ISO 9001<\/td>\n<\/tr>\n<tr>\n<td>marka<\/td>\n<td>OEM\/Lvyuan<\/td>\n<\/tr>\n<\/tbody>\n<\/table>","protected":false},"featured_media":2421,"comment_status":"open","ping_status":"closed","template":"","meta":{"_gspb_post_css":""},"product_brand":[],"product_cat":[17,18],"product_tag":[956,964,260,968,965,971],"class_list":{"0":"post-2414","1":"product","2":"type-product","3":"status-publish","4":"has-post-thumbnail","6":"product_cat-sediment-filter","7":"product_cat-sintered-metal-filters","8":"product_tag-1-piece-moq","9":"product_tag-guangdong-manufacturer","10":"product_tag-iso-9001","11":"product_tag-oem-paper-tubes","12":"product_tag-paper-tubes","13":"product_tag-western-union","15":"first","16":"instock","17":"shipping-taxable","18":"product-type-simple"},"_links":{"self":[{"href":"https:\/\/lyfilter.com\/tr\/wp-json\/wp\/v2\/product\/2414","targetHints":{"allow":["GET"]}}],"collection":[{"href":"https:\/\/lyfilter.com\/tr\/wp-json\/wp\/v2\/product"}],"about":[{"href":"https:\/\/lyfilter.com\/tr\/wp-json\/wp\/v2\/types\/product"}],"replies":[{"embeddable":true,"href":"https:\/\/lyfilter.com\/tr\/wp-json\/wp\/v2\/comments?post=2414"}],"wp:featuredmedia":[{"embeddable":true,"href":"https:\/\/lyfilter.com\/tr\/wp-json\/wp\/v2\/media\/2421"}],"wp:attachment":[{"href":"https:\/\/lyfilter.com\/tr\/wp-json\/wp\/v2\/media?parent=2414"}],"wp:term":[{"taxonomy":"product_brand","embeddable":true,"href":"https:\/\/lyfilter.com\/tr\/wp-json\/wp\/v2\/product_brand?post=2414"},{"taxonomy":"product_cat","embeddable":true,"href":"https:\/\/lyfilter.com\/tr\/wp-json\/wp\/v2\/product_cat?post=2414"},{"taxonomy":"product_tag","embeddable":true,"href":"https:\/\/lyfilter.com\/tr\/wp-json\/wp\/v2\/product_tag?post=2414"}],"curies":[{"name":"wp","href":"https:\/\/api.w.org\/{rel}","templated":true}]}}