{"id":2407,"date":"2026-01-07T02:28:12","date_gmt":"2026-01-07T02:28:12","guid":{"rendered":"https:\/\/lyfilter.com\/?post_type=product&#038;p=2407"},"modified":"2026-01-07T02:29:15","modified_gmt":"2026-01-07T02:29:15","slug":"sintered-stainless-steel-ss316-cartridge-basket-strainer-element","status":"publish","type":"product","link":"https:\/\/lyfilter.com\/tr\/sintered-stainless-steel-ss316-cartridge-basket-strainer-element\/","title":{"rendered":"Sinterlenmi\u015f Paslanmaz \u00c7elik SS316 Kartu\u015f Sepet S\u00fczge\u00e7 Eleman\u0131"},"content":{"rendered":"<div class=\"unit-detail-html-tabs__content-attr\">\n<div class=\"unit-product-attrparam\">\n<div class=\"unit-product-attrparam__items row\">\n<div class=\"col-12 col-md-6\">\n<div class=\"unit-product-attrparam__item\">\n<div class=\"unit-product-attrparam__label\">\n<table>\n<thead>\n<tr>\n<th>tedarik yetene\u011fi<\/th>\n<th>1000000 adet\/ay<\/th>\n<\/tr>\n<\/thead>\n<tbody>\n<tr>\n<td>malzeme<\/td>\n<td>paslanmaz \u00e7elik<\/td>\n<\/tr>\n<tr>\n<td>kullan\u0131labilirlik<\/td>\n<td>oem<\/td>\n<\/tr>\n<\/tbody>\n<\/table>\n<\/div>\n<\/div>\n<\/div>\n<\/div>\n<\/div>\n<\/div>\n<div class=\"unit-detail-html-tabs__content-featuresAttr\"><\/div>\n<div class=\"unit-detail-html-tabs__content-html\">\n<p><strong>Sinterlenmi\u015f Paslanmaz \u00c7elik SS316 Kartu\u015f Sepet S\u00fczge\u00e7 Eleman\u0131<\/strong><\/p>\n<p>Lvyuan Filtresi'nin\u00a0<strong>paslanmaz \u00e7eli\u0307k fi\u0307ltreler s\u00fczge\u00e7ler<\/strong>\u00a0\u00dcst\u00fcn korozyon direnci ve y\u00fcksek s\u0131cakl\u0131k tolerans\u0131 ile tan\u0131nan birinci s\u0131n\u0131f bir paslanmaz \u00e7elik olan SS316'dan \u00fcretilen bu paslanmaz \u00e7elik s\u00fczge\u00e7 filtre, kimyasal i\u015fleme, petrokimya end\u00fcstrileri ve hatta yiyecek ve i\u00e7ecek sekt\u00f6r\u00fcn\u00fcn gerektirdi\u011fi zorlu s\u0131hhi ko\u015fullarda bile zorlu ortamlarda g\u00fcvenilirlik sa\u011flar. Sinterleme i\u015flemi metal par\u00e7ac\u0131klar\u0131 yo\u011fun \u0131s\u0131 ve bas\u0131n\u00e7 alt\u0131nda kayna\u015ft\u0131rarak kartu\u015f i\u00e7in g\u00f6zenekli ancak sa\u011flam bir yap\u0131 olu\u015fturur. Bu paslanmaz \u00e7elik sinterlenmi\u015f filtre kartu\u015fu, partik\u00fcl yakalama i\u00e7in daha geni\u015f bir y\u00fczey alan\u0131 sunarak filtrasyon verimlili\u011fini \u00f6nemli \u00f6l\u00e7\u00fcde art\u0131r\u0131r.<\/p>\n<p>Filtre kartu\u015fu adapt\u00f6r\u00fc sepet tarz\u0131 yap\u0131land\u0131rmas\u0131yla bu paslanmaz \u00e7elik sepet s\u00fczge\u00e7 kartu\u015fu, mikron seviyelerine kadar d\u00f6k\u00fcnt\u00fc, tortu ve yabanc\u0131 maddeleri etkili bir \u015fekilde hapsederek hassas ekipmanlar\u0131 kirleticilerin neden oldu\u011fu potansiyel hasarlardan korur.  SS316 s\u00fczge\u00e7 eleman\u0131 tortumuz, \u00f6zel proses gereksinimlerine g\u00f6re uyarlanm\u0131\u015f \u00f6zelle\u015ftirilebilir mikron de\u011ferleriyle hem kaba hem de ince filtreleme ihtiya\u00e7lar\u0131n\u0131 kar\u015f\u0131layabilir. Sa\u011flam yap\u0131s\u0131, tekrarlanan temizlik ve yeniden kullan\u0131m\u0131 kolayla\u015ft\u0131rarak daha az esnek filtre elemanlar\u0131 i\u00e7in tipik olarak gereken s\u0131k de\u011fi\u015ftirmelerle ili\u015fkili i\u015fletme maliyetlerini azalt\u0131r. Paslanmaz \u00e7elik sepet filtre eleman\u0131n\u0131n \u00e7ok \u00e7e\u015fitli kimyasallara kar\u015f\u0131 do\u011fal direnci, onu asitler, alkaliler ve y\u00fcksek safl\u0131kta su sistemleri dahil olmak \u00fczere \u00e7e\u015fitli s\u0131v\u0131 t\u00fcrleriyle kullan\u0131ma uygun hale getirir.<\/p>\n<p><strong>\u00d6zellikler<\/strong><\/p>\n<p><strong>Malzemeler:<\/strong>\u00a0201, 304, 304L, 316, 316L, paslanmaz \u00e7elik delikli a\u011f, paslanmaz \u00e7elik dokuma a\u011f, paslanmaz \u00e7elik kaynakl\u0131 a\u011f, paslanmaz \u00e7elik geni\u015fletilmi\u015f a\u011f, paslanmaz \u00e7elik levha, paslanmaz \u00e7elik sinterlenmi\u015f a\u011f ve di\u011fer nadir ala\u015f\u0131ml\u0131 filtre a\u011flar\u0131.<\/p>\n<p><strong>Filtreleme tarz\u0131:\u00a0<\/strong>Sepet tipi, koni tipi, \u00e7ift kulakl\u0131 tip, flan\u015f tipi, sepet filtre kartu\u015fu, di\u015fli aray\u00fcz tipi, vb.<\/p>\n<p><strong>Filtre kartu\u015fu serisi:<\/strong>\u00a0sinterlenmi\u015f a\u011f filtre kartu\u015fu, sepet filtre kartu\u015fu, konik filtre kartu\u015fu, delikli plaka filtre kartu\u015fu, kama tel filtre kartu\u015fu, kompozit filtre kartu\u015fu<\/p>\n<p><strong>Stil:\u00a0<\/strong>tek katmanl\u0131, \u00e7ok katmanl\u0131 (metal filtre a\u011f silindiri, a\u011f borusu, a\u011f kovas\u0131, filtre borusu, paslanmaz \u00e7elik a\u011f, paslanmaz \u00e7elik delikli \u00e7ift demir a\u011f, paslanmaz \u00e7elik levha, demir levha ile kaynaklanm\u0131\u015ft\u0131r. Tek katmanl\u0131 kaynak, \u00e7ok katmanl\u0131 kaynak, Tek bir katman halinde de kaynak yap\u0131labilir ve daha sonra metal filtre s\u00fczgeci silindiri, a\u011f borusu, a\u011f kovas\u0131, filtre eleman\u0131 ve filtre borusu \u00fcst \u00fcste bindirilir ve \u00e7ok katmanl\u0131 bir filtre olu\u015fturmak i\u00e7in birbirine serpi\u015ftirilir).<\/p>\n<p><img decoding=\"async\" title=\"paslanmaz \u00e7eli\u0307k fi\u0307ltreler s\u00fczge\u00e7ler\" src=\"https:\/\/img.yfisher.com\/m6076\/1725732722dho\/jpg70-t3-scale100.webp\" alt=\"paslanmaz \u00e7eli\u0307k fi\u0307ltreler s\u00fczge\u00e7ler\" border=\"0\" vspace=\"0\" data-lazy=\"2\" \/><\/p>\n<p><img decoding=\"async\" title=\"paslanmaz \u00e7eli\u0307k sepet s\u00fczge\u00e7 kartu\u015fu \" src=\"https:\/\/img.yfisher.com\/m6076\/17257327224xo\/jpg70-t3-scale100.webp\" alt=\"paslanmaz \u00e7eli\u0307k sepet s\u00fczge\u00e7 kartu\u015fu \" border=\"0\" vspace=\"0\" data-lazy=\"2\" \/><\/p>\n<p><img decoding=\"async\" title=\"s\u00fczge\u00e7 eleman\u0131 tortusu\" src=\"https:\/\/img.yfisher.com\/m6076\/17257327229sz\/jpg70-t3-scale100.webp\" alt=\"s\u00fczge\u00e7 eleman\u0131 tortusu\" border=\"0\" vspace=\"0\" data-lazy=\"2\" \/><\/p>\n<p><img decoding=\"async\" title=\"sepet filtre eleman\u0131\" src=\"https:\/\/img.yfisher.com\/m6076\/17257327225jy\/jpg70-t3-scale100.webp\" alt=\"sepet filtre eleman\u0131\" border=\"0\" vspace=\"0\" data-lazy=\"2\" \/><\/p>\n<p><img decoding=\"async\" title=\"s\u00fczge\u00e7 filtre kartu\u015fu\" src=\"https:\/\/img.yfisher.com\/m6076\/17257327222x4\/jpg70-t3-scale100.webp\" alt=\"s\u00fczge\u00e7 filtre kartu\u015fu\" border=\"0\" vspace=\"0\" data-lazy=\"2\" \/><\/p>\n<p><img decoding=\"async\" title=\"Lvyuan Filtre Fabrikas\u0131\" src=\"https:\/\/img.yfisher.com\/m6076\/1725732722bmo\/jpg70-t3-scale100.webp\" alt=\"Lvyuan Filtre Fabrikas\u0131\" border=\"0\" vspace=\"0\" data-lazy=\"2\" \/><\/p>\n<p><img decoding=\"async\" title=\"Lvyuan Filtre Sertifikas\u0131\" src=\"https:\/\/img.yfisher.com\/m6076\/1725732722cyf\/jpg70-t3-scale100.webp\" alt=\"Lvyuan Filtre Sertifikas\u0131\" border=\"0\" vspace=\"0\" data-lazy=\"2\" \/><\/p>\n<\/div>","protected":false},"excerpt":{"rendered":"<table>\n<thead>\n<tr>\n<th>\u00d6\u011fe<\/th>\n<th>DETAYLAR<\/th>\n<\/tr>\n<\/thead>\n<tbody>\n<tr>\n<td>ba\u015flang\u0131\u00e7 portu<\/td>\n<td>Guangzhou<\/td>\n<\/tr>\n<tr>\n<td>men\u015fe yeri<\/td>\n<td>Guangdong, \u00c7in<\/td>\n<\/tr>\n<tr>\n<td>\u00f6deme<\/td>\n<td>T \/ T, Alibaba Ticaret G\u00fcvencesi, paypal<\/td>\n<\/tr>\n<tr>\n<td>moq<\/td>\n<td>1 adet<\/td>\n<\/tr>\n<tr>\n<td>TESL\u0130MAT S\u00dcRES\u0130<\/td>\n<td>7 i\u015f g\u00fcn\u00fc i\u00e7erisinde<\/td>\n<\/tr>\n<tr>\n<td>BELGELEND\u0130RME<\/td>\n<td>ISO 9001<\/td>\n<\/tr>\n<tr>\n<td>marka<\/td>\n<td>OEM\/Lvyuan<\/td>\n<\/tr>\n<\/tbody>\n<\/table>","protected":false},"featured_media":2415,"comment_status":"open","ping_status":"closed","template":"","meta":{"_gspb_post_css":""},"product_brand":[],"product_cat":[17,18],"product_tag":[956,966,260,968,965,288],"class_list":{"0":"post-2407","1":"product","2":"type-product","3":"status-publish","4":"has-post-thumbnail","6":"product_cat-sediment-filter","7":"product_cat-sintered-metal-filters","8":"product_tag-1-piece-moq","9":"product_tag-guangdong-supplier","10":"product_tag-iso-9001","11":"product_tag-oem-paper-tubes","12":"product_tag-paper-tubes","13":"product_tag-paypal","15":"first","16":"instock","17":"shipping-taxable","18":"product-type-simple"},"_links":{"self":[{"href":"https:\/\/lyfilter.com\/tr\/wp-json\/wp\/v2\/product\/2407","targetHints":{"allow":["GET"]}}],"collection":[{"href":"https:\/\/lyfilter.com\/tr\/wp-json\/wp\/v2\/product"}],"about":[{"href":"https:\/\/lyfilter.com\/tr\/wp-json\/wp\/v2\/types\/product"}],"replies":[{"embeddable":true,"href":"https:\/\/lyfilter.com\/tr\/wp-json\/wp\/v2\/comments?post=2407"}],"wp:featuredmedia":[{"embeddable":true,"href":"https:\/\/lyfilter.com\/tr\/wp-json\/wp\/v2\/media\/2415"}],"wp:attachment":[{"href":"https:\/\/lyfilter.com\/tr\/wp-json\/wp\/v2\/media?parent=2407"}],"wp:term":[{"taxonomy":"product_brand","embeddable":true,"href":"https:\/\/lyfilter.com\/tr\/wp-json\/wp\/v2\/product_brand?post=2407"},{"taxonomy":"product_cat","embeddable":true,"href":"https:\/\/lyfilter.com\/tr\/wp-json\/wp\/v2\/product_cat?post=2407"},{"taxonomy":"product_tag","embeddable":true,"href":"https:\/\/lyfilter.com\/tr\/wp-json\/wp\/v2\/product_tag?post=2407"}],"curies":[{"name":"wp","href":"https:\/\/api.w.org\/{rel}","templated":true}]}}