{"id":2401,"date":"2026-01-07T02:25:23","date_gmt":"2026-01-07T02:25:23","guid":{"rendered":"https:\/\/lyfilter.com\/?post_type=product&#038;p=2401"},"modified":"2026-01-07T02:25:23","modified_gmt":"2026-01-07T02:25:23","slug":"micro-porous-membrane-pleated-filter-element","status":"publish","type":"product","link":"https:\/\/lyfilter.com\/tr\/micro-porous-membrane-pleated-filter-element\/","title":{"rendered":"Mikro g\u00f6zenekli membran pileli filtre eleman\u0131"},"content":{"rendered":"<div class=\"unit-detail-html-tabs__content-attr\">\n<div class=\"unit-product-attrparam\">\n<div class=\"unit-product-attrparam__items row\">\n<div class=\"col-12 col-md-6\">\n<div class=\"unit-product-attrparam__item\">\n<div class=\"unit-product-attrparam__label\">\n<table>\n<thead>\n<tr>\n<th>tedarik yetene\u011fi<\/th>\n<th>1000000 adet\/ay<\/th>\n<\/tr>\n<\/thead>\n<tbody>\n<tr>\n<td>malzeme<\/td>\n<td>paslanmaz \u00e7elik<\/td>\n<\/tr>\n<tr>\n<td>kullan\u0131labilirlik<\/td>\n<td>oem<\/td>\n<\/tr>\n<\/tbody>\n<\/table>\n<\/div>\n<\/div>\n<\/div>\n<\/div>\n<\/div>\n<\/div>\n<div class=\"unit-detail-html-tabs__content-featuresAttr\"><\/div>\n<div class=\"unit-detail-html-tabs__content-html\">\n<p><strong>Mikro g\u00f6zenekli membran pileli filtre eleman\u0131<\/strong><\/p>\n<p>PP Pileli Filtre Kartu\u015fu, y\u00fcksek verimli filtreleme gereksinimlerini kar\u015f\u0131lar. Kir tutma kapasitesini art\u0131ran y\u00fcksek safl\u0131kta polipropilen malzemelerden \u00fcretilmi\u015ftir. Malzemeler FDA ile ilgili gerekliliklere uygundur. Y\u00fcksek y\u00fczey alan\u0131, y\u00fcksek ak\u0131\u015f h\u0131zlar\u0131 ve uzun hizmet \u00f6mr\u00fc sa\u011flar. \u00c7ok katmanl\u0131 mikro g\u00f6zenekli kartu\u015f serisi, istikrarl\u0131 performans ve geni\u015f kimyasal uyumluluk sa\u011flar.<\/p>\n<p><img decoding=\"async\" src=\"https:\/\/img.yfisher.com\/m6076\/1725732719mf1\/jpg70-t3-scale100.webp\" alt=\"Mikro g\u00f6zenekli membran pileli filtre eleman\u0131 6\" data-lazy=\"2\" title=\"\"><\/p>\n<p><img decoding=\"async\" src=\"https:\/\/img.yfisher.com\/m6076\/1725732719sew\/jpg70-t3-scale100.webp\" alt=\"Mikro g\u00f6zenekli membran pileli filtre eleman\u0131 7\" data-lazy=\"2\" title=\"\"><\/p>\n<p><img decoding=\"async\" src=\"https:\/\/img.yfisher.com\/m6076\/1725732719r3t\/jpg70-t3-scale100.webp\" alt=\"Mikro g\u00f6zenekli membran pileli filtre eleman\u0131 8\" data-lazy=\"2\" title=\"\"><\/p>\n<p><img decoding=\"async\" src=\"https:\/\/img.yfisher.com\/m6076\/17257327197m1\/jpg70-t3-scale100.webp\" alt=\"Mikro g\u00f6zenekli membran pileli filtre eleman\u0131 9\" data-lazy=\"2\" title=\"\"><\/p>\n<p><img decoding=\"async\" src=\"https:\/\/img.yfisher.com\/m6076\/17257327193tb\/jpg70-t3-scale100.webp\" alt=\"Mikro g\u00f6zenekli membran pileli filtre eleman\u0131 10\" data-lazy=\"2\" title=\"\"><\/p>\n<p><img decoding=\"async\" src=\"https:\/\/img.yfisher.com\/m6076\/1725732719zok\/jpg70-t3-scale100.webp\" alt=\"Mikro g\u00f6zenekli membran pileli filtre eleman\u0131 11\" data-lazy=\"2\" title=\"\"><\/p>\n<p><img decoding=\"async\" src=\"https:\/\/img.yfisher.com\/m6076\/17257327190me\/jpg70-t3-scale100.webp\" alt=\"Mikro g\u00f6zenekli membran pileli filtre eleman\u0131 12\" data-lazy=\"2\" title=\"\"><\/p>\n<p><img decoding=\"async\" src=\"https:\/\/img.yfisher.com\/m6076\/17257327203cn\/jpg70-t3-scale100.webp\" alt=\"Mikro g\u00f6zenekli membran pileli filtre eleman\u0131 13\" data-lazy=\"2\" title=\"\"><\/p>\n<p><img decoding=\"async\" src=\"https:\/\/img.yfisher.com\/m6076\/1725732720x25\/jpg70-t3-scale100.webp\" alt=\"Mikro g\u00f6zenekli membran pileli filtre eleman\u0131 14\" data-lazy=\"2\" title=\"\"><\/p>\n<p><img decoding=\"async\" src=\"https:\/\/img.yfisher.com\/m6076\/1725732720odr\/jpg70-t3-scale100.webp\" alt=\"Mikro g\u00f6zenekli membran pileli filtre eleman\u0131 15\" data-lazy=\"2\" title=\"\"><\/p>\n<\/div>","protected":false},"excerpt":{"rendered":"<table>\n<thead>\n<tr>\n<th>\u00d6\u011fe<\/th>\n<th>DETAYLAR<\/th>\n<\/tr>\n<\/thead>\n<tbody>\n<tr>\n<td>ba\u015flang\u0131\u00e7 portu<\/td>\n<td>Guangzhou<\/td>\n<\/tr>\n<tr>\n<td>\u00fcreti\u0307m kapasi\u0307tesi\u0307<\/td>\n<td>10000 adet\/Ay<\/td>\n<\/tr>\n<tr>\n<td>men\u015fe yeri<\/td>\n<td>Guangdong, \u00c7in<\/td>\n<\/tr>\n<tr>\n<td>\u00f6deme<\/td>\n<td>T \/ T, Alibaba Ticaret G\u00fcvencesi, paypal<\/td>\n<\/tr>\n<tr>\n<td>moq<\/td>\n<td>1 adet<\/td>\n<\/tr>\n<tr>\n<td>TESL\u0130MAT S\u00dcRES\u0130<\/td>\n<td>7 i\u015f g\u00fcn\u00fc i\u00e7erisinde<\/td>\n<\/tr>\n<tr>\n<td>BELGELEND\u0130RME<\/td>\n<td>ISO 9001<\/td>\n<\/tr>\n<\/tbody>\n<\/table>","protected":false},"featured_media":2409,"comment_status":"open","ping_status":"closed","template":"","meta":{"_gspb_post_css":""},"product_brand":[],"product_cat":[17],"product_tag":[956,279,954,970,260,965],"class_list":{"0":"post-2401","1":"product","2":"type-product","3":"status-publish","4":"has-post-thumbnail","6":"product_cat-sediment-filter","7":"product_tag-1-piece-moq","8":"product_tag-alibaba-trade-assurance","9":"product_tag-custom-paper-tubes","10":"product_tag-guangdong-factory","11":"product_tag-iso-9001","12":"product_tag-paper-tubes","14":"first","15":"instock","16":"shipping-taxable","17":"product-type-simple"},"_links":{"self":[{"href":"https:\/\/lyfilter.com\/tr\/wp-json\/wp\/v2\/product\/2401","targetHints":{"allow":["GET"]}}],"collection":[{"href":"https:\/\/lyfilter.com\/tr\/wp-json\/wp\/v2\/product"}],"about":[{"href":"https:\/\/lyfilter.com\/tr\/wp-json\/wp\/v2\/types\/product"}],"replies":[{"embeddable":true,"href":"https:\/\/lyfilter.com\/tr\/wp-json\/wp\/v2\/comments?post=2401"}],"wp:featuredmedia":[{"embeddable":true,"href":"https:\/\/lyfilter.com\/tr\/wp-json\/wp\/v2\/media\/2409"}],"wp:attachment":[{"href":"https:\/\/lyfilter.com\/tr\/wp-json\/wp\/v2\/media?parent=2401"}],"wp:term":[{"taxonomy":"product_brand","embeddable":true,"href":"https:\/\/lyfilter.com\/tr\/wp-json\/wp\/v2\/product_brand?post=2401"},{"taxonomy":"product_cat","embeddable":true,"href":"https:\/\/lyfilter.com\/tr\/wp-json\/wp\/v2\/product_cat?post=2401"},{"taxonomy":"product_tag","embeddable":true,"href":"https:\/\/lyfilter.com\/tr\/wp-json\/wp\/v2\/product_tag?post=2401"}],"curies":[{"name":"wp","href":"https:\/\/api.w.org\/{rel}","templated":true}]}}