{"id":2395,"date":"2026-01-07T02:22:59","date_gmt":"2026-01-07T02:22:59","guid":{"rendered":"https:\/\/lyfilter.com\/?post_type=product&#038;p=2395"},"modified":"2026-01-07T02:22:59","modified_gmt":"2026-01-07T02:22:59","slug":"factory-price-oem-size-titanium-rob-sintered-filter-element","status":"publish","type":"product","link":"https:\/\/lyfilter.com\/tr\/factory-price-oem-size-titanium-rob-sintered-filter-element\/","title":{"rendered":"Fabrika fiyat\u0131 OEM Boyut Titanyum Rob Sinterlenmi\u015f Filtre Eleman\u0131"},"content":{"rendered":"<div class=\"unit-detail-html-tabs__content-attr\">\n<div class=\"unit-product-attrparam\">\n<div class=\"unit-product-attrparam__items row\">\n<div class=\"col-12 col-md-6\">\n<div class=\"unit-product-attrparam__item\">\n<div class=\"unit-product-attrparam__label\">\n<table>\n<thead>\n<tr>\n<th>tedarik yetene\u011fi<\/th>\n<th>1000000 adet\/ay<\/th>\n<\/tr>\n<\/thead>\n<tbody>\n<tr>\n<td>malzeme<\/td>\n<td>paslanmaz \u00e7elik<\/td>\n<\/tr>\n<tr>\n<td>kullan\u0131labilirlik<\/td>\n<td>oem<\/td>\n<\/tr>\n<\/tbody>\n<\/table>\n<\/div>\n<\/div>\n<\/div>\n<\/div>\n<\/div>\n<\/div>\n<div class=\"unit-detail-html-tabs__content-featuresAttr\"><\/div>\n<div class=\"unit-detail-html-tabs__content-html\">\n<p><strong>Fabrika fiyat\u0131 OEM Boyut Titanyum Rob Sinterlenmi\u015f Filtre Eleman\u0131<\/strong><\/p>\n<p>Y\u00fcksek safl\u0131kta titanyum tozu (99%) y\u00fcksek s\u0131cakl\u0131k alt\u0131nda sinterlenmi\u015ftir. G\u00fc\u00e7l\u00fc asit, alkali ve ozon oksidasyonuna kar\u015f\u0131 dayan\u0131kl\u0131d\u0131r, y\u0131kanabilir ve tekrar kullan\u0131labilir. D\u00fc\u015f\u00fck viskoziteli s\u0131v\u0131 malzemede kat\u0131 \/ s\u0131v\u0131 \/ gaz ay\u0131rma ve safla\u015ft\u0131rma i\u00e7in uygundur (sert par\u00e7ac\u0131klar ile)<\/p>\n<p><img decoding=\"async\" src=\"https:\/\/img.yfisher.com\/m6076\/1725732717j5n\/jpg70-t3-scale100.webp\" alt=\"Fabrika fiyat\u0131 OEM Boyut Titanyum Rob Sinterlenmi\u015f Filtre Eleman\u0131 6\" data-lazy=\"2\" title=\"\"><\/p>\n<p><img decoding=\"async\" src=\"https:\/\/img.yfisher.com\/m6076\/1725732717se3\/jpg70-t3-scale100.webp\" alt=\"Fabrika fiyat\u0131 OEM Boyut Titanyum Rob Sinterlenmi\u015f Filtre Eleman\u0131 7\" data-lazy=\"2\" title=\"\"><\/p>\n<p><img decoding=\"async\" src=\"https:\/\/img.yfisher.com\/m6076\/1725732717nx9\/jpg70-t3-scale100.webp\" alt=\"Fabrika fiyat\u0131 OEM Boyut Titanyum Rob Sinterlenmi\u015f Filtre Eleman\u0131 8\" data-lazy=\"2\" title=\"\"><\/p>\n<p><img decoding=\"async\" src=\"https:\/\/img.yfisher.com\/m6076\/17257327175xy\/jpg70-t3-scale100.webp\" alt=\"Fabrika fiyat\u0131 OEM Boyut Titanyum Rob Sinterlenmi\u015f Filtre Eleman\u0131 9\" data-lazy=\"2\" title=\"\"><\/p>\n<p><img decoding=\"async\" src=\"https:\/\/img.yfisher.com\/m6076\/1725732717ysc\/jpg70-t3-scale100.webp\" alt=\"Fabrika fiyat\u0131 OEM Boyut Titanyum Rob Sinterlenmi\u015f Filtre Eleman\u0131 10\" data-lazy=\"2\" title=\"\"><\/p>\n<\/div>","protected":false},"excerpt":{"rendered":"<table>\n<thead>\n<tr>\n<th>\u00d6\u011fe<\/th>\n<th>DETAYLAR<\/th>\n<\/tr>\n<\/thead>\n<tbody>\n<tr>\n<td>ba\u015flang\u0131\u00e7 portu<\/td>\n<td>Guangzhou<\/td>\n<\/tr>\n<tr>\n<td>\u00fcreti\u0307m kapasi\u0307tesi\u0307<\/td>\n<td>10000 adet\/Ay<\/td>\n<\/tr>\n<tr>\n<td>men\u015fe yeri<\/td>\n<td>Guangdong, \u00c7in<\/td>\n<\/tr>\n<tr>\n<td>\u00f6deme<\/td>\n<td>T \/ T, paypal<\/td>\n<\/tr>\n<tr>\n<td>moq<\/td>\n<td>1 adet<\/td>\n<\/tr>\n<tr>\n<td>TESL\u0130MAT S\u00dcRES\u0130<\/td>\n<td>7 i\u015f g\u00fcn\u00fc i\u00e7erisinde<\/td>\n<\/tr>\n<tr>\n<td>BELGELEND\u0130RME<\/td>\n<td>ISO 9001<\/td>\n<\/tr>\n<tr>\n<td>marka<\/td>\n<td>OEM\/Lvyuan<\/td>\n<\/tr>\n<\/tbody>\n<\/table>","protected":false},"featured_media":2402,"comment_status":"open","ping_status":"closed","template":"","meta":{"_gspb_post_css":""},"product_brand":[],"product_cat":[15],"product_tag":[956,964,260,968,965,941],"class_list":{"0":"post-2395","1":"product","2":"type-product","3":"status-publish","4":"has-post-thumbnail","6":"product_cat-stainless-steel-filter-housing","7":"product_tag-1-piece-moq","8":"product_tag-guangdong-manufacturer","9":"product_tag-iso-9001","10":"product_tag-oem-paper-tubes","11":"product_tag-paper-tubes","12":"product_tag-paypal-payment","14":"first","15":"instock","16":"shipping-taxable","17":"product-type-simple"},"_links":{"self":[{"href":"https:\/\/lyfilter.com\/tr\/wp-json\/wp\/v2\/product\/2395","targetHints":{"allow":["GET"]}}],"collection":[{"href":"https:\/\/lyfilter.com\/tr\/wp-json\/wp\/v2\/product"}],"about":[{"href":"https:\/\/lyfilter.com\/tr\/wp-json\/wp\/v2\/types\/product"}],"replies":[{"embeddable":true,"href":"https:\/\/lyfilter.com\/tr\/wp-json\/wp\/v2\/comments?post=2395"}],"wp:featuredmedia":[{"embeddable":true,"href":"https:\/\/lyfilter.com\/tr\/wp-json\/wp\/v2\/media\/2402"}],"wp:attachment":[{"href":"https:\/\/lyfilter.com\/tr\/wp-json\/wp\/v2\/media?parent=2395"}],"wp:term":[{"taxonomy":"product_brand","embeddable":true,"href":"https:\/\/lyfilter.com\/tr\/wp-json\/wp\/v2\/product_brand?post=2395"},{"taxonomy":"product_cat","embeddable":true,"href":"https:\/\/lyfilter.com\/tr\/wp-json\/wp\/v2\/product_cat?post=2395"},{"taxonomy":"product_tag","embeddable":true,"href":"https:\/\/lyfilter.com\/tr\/wp-json\/wp\/v2\/product_tag?post=2395"}],"curies":[{"name":"wp","href":"https:\/\/api.w.org\/{rel}","templated":true}]}}