{"id":2389,"date":"2026-01-07T02:20:23","date_gmt":"2026-01-07T02:20:23","guid":{"rendered":"https:\/\/lyfilter.com\/?post_type=product&#038;p=2389"},"modified":"2026-01-07T02:20:23","modified_gmt":"2026-01-07T02:20:23","slug":"factory-price-compressed-actived-carbon-filter","status":"publish","type":"product","link":"https:\/\/lyfilter.com\/tr\/factory-price-compressed-actived-carbon-filter\/","title":{"rendered":"Fabrika Fiyat\u0131 S\u0131k\u0131\u015ft\u0131r\u0131lm\u0131\u015f Aktif Karbon Filtre"},"content":{"rendered":"<div class=\"unit-detail-html-tabs__content-attr\">\n<div class=\"unit-product-attrparam\">\n<div class=\"unit-product-attrparam__items row\">\n<div class=\"col-12 col-md-6\">\n<div class=\"unit-product-attrparam__item\">\n<div class=\"unit-product-attrparam__label\">\n<table>\n<thead>\n<tr>\n<th>tedarik yetene\u011fi<\/th>\n<th>1000000 adet\/ay<\/th>\n<\/tr>\n<\/thead>\n<tbody>\n<tr>\n<td>malzeme<\/td>\n<td>paslanmaz \u00e7elik<\/td>\n<\/tr>\n<tr>\n<td>kullan\u0131labilirlik<\/td>\n<td>oem<\/td>\n<\/tr>\n<\/tbody>\n<\/table>\n<\/div>\n<\/div>\n<\/div>\n<\/div>\n<\/div>\n<\/div>\n<div class=\"unit-detail-html-tabs__content-html\">\n<p><strong>Fabrika Fiyat\u0131 S\u0131k\u0131\u015ft\u0131r\u0131lm\u0131\u015f Aktif Karbon Filtre<\/strong><\/p>\n<p>K\u00f6m\u00fcr, odun ve hindistan cevizi kabu\u011fu gibi organik maddelerin hava olmadan \u0131s\u0131t\u0131lmas\u0131yla \u00fcretilen ve daha sonra gran\u00fcller halinde ezilen son derece g\u00f6zenekli adsorban malzeme. Aktif karbon pozitif y\u00fckl\u00fcd\u00fcr ve bu nedenle ozon, klor, flor\u00fcrler ve \u00e7\u00f6z\u00fcnm\u00fc\u015f organik sol\u00fctler gibi negatif iyonlar\u0131 aktif karbon \u00fczerine absorbe ederek sudan uzakla\u015ft\u0131rabilir.<\/p>\n<p><img decoding=\"async\" src=\"https:\/\/img.yfisher.com\/m6076\/17257327154fd\/jpg70-t3-scale100.webp\" alt=\"Fabrika Fiyat\u0131 S\u0131k\u0131\u015ft\u0131r\u0131lm\u0131\u015f Aktif Karbon Filtre 6\" data-lazy=\"2\" title=\"\"><\/p>\n<p><img decoding=\"async\" src=\"https:\/\/img.yfisher.com\/m6076\/1725732715br7\/jpg70-t3-scale100.webp\" alt=\"Fabrika Fiyat\u0131 S\u0131k\u0131\u015ft\u0131r\u0131lm\u0131\u015f Aktif Karbon Filtre 7\" data-lazy=\"2\" title=\"\"><\/p>\n<p><img decoding=\"async\" src=\"https:\/\/img.yfisher.com\/m6076\/1725732715q13\/jpg70-t3-scale100.webp\" alt=\"Fabrika Fiyat\u0131 S\u0131k\u0131\u015ft\u0131r\u0131lm\u0131\u015f Aktif Karbon Filtre 8\" data-lazy=\"2\" title=\"\"><\/p>\n<p><img decoding=\"async\" src=\"https:\/\/img.yfisher.com\/m6076\/1725732715ws9\/jpg70-t3-scale100.webp\" alt=\"Fabrika Fiyat\u0131 S\u0131k\u0131\u015ft\u0131r\u0131lm\u0131\u015f Aktif Karbon Filtre 9\" data-lazy=\"2\" title=\"\"><\/p>\n<p><img decoding=\"async\" src=\"https:\/\/img.yfisher.com\/m6076\/17257327151kq\/jpg70-t3-scale100.webp\" alt=\"Fabrika Fiyat\u0131 S\u0131k\u0131\u015ft\u0131r\u0131lm\u0131\u015f Aktif Karbon Filtre 10\" data-lazy=\"2\" title=\"\"><\/p>\n<p><img decoding=\"async\" src=\"https:\/\/img.yfisher.com\/m6076\/17257327158bf\/jpg70-t3-scale100.webp\" alt=\"Fabrika Fiyat\u0131 S\u0131k\u0131\u015ft\u0131r\u0131lm\u0131\u015f Aktif Karbon Filtre 11\" data-lazy=\"2\" title=\"\"><\/p>\n<\/div>","protected":false},"excerpt":{"rendered":"<table>\n<thead>\n<tr>\n<th>\u00d6\u011fe<\/th>\n<th>DETAYLAR<\/th>\n<\/tr>\n<\/thead>\n<tbody>\n<tr>\n<td>ba\u015flang\u0131\u00e7 portu<\/td>\n<td>Guangzhou<\/td>\n<\/tr>\n<tr>\n<td>\u00fcreti\u0307m kapasi\u0307tesi\u0307<\/td>\n<td>10000 adet\/Ay<\/td>\n<\/tr>\n<tr>\n<td>men\u015fe yeri<\/td>\n<td>Guangdong, \u00c7in<\/td>\n<\/tr>\n<tr>\n<td>\u00f6deme<\/td>\n<td>T \/ T, Alibaba Ticaret G\u00fcvencesi, paypal<\/td>\n<\/tr>\n<tr>\n<td>moq<\/td>\n<td>1 adet<\/td>\n<\/tr>\n<tr>\n<td>TESL\u0130MAT S\u00dcRES\u0130<\/td>\n<td>7 i\u015f g\u00fcn\u00fc i\u00e7erisinde<\/td>\n<\/tr>\n<tr>\n<td>BELGELEND\u0130RME<\/td>\n<td>ISO 9001<\/td>\n<\/tr>\n<\/tbody>\n<\/table>","protected":false},"featured_media":2396,"comment_status":"open","ping_status":"closed","template":"","meta":{"_gspb_post_css":""},"product_brand":[],"product_cat":[17],"product_tag":[956,969,263,970,260,965],"class_list":{"0":"post-2389","1":"product","2":"type-product","3":"status-publish","4":"has-post-thumbnail","6":"product_cat-sediment-filter","7":"product_tag-1-piece-moq","8":"product_tag-custom-packaging","9":"product_tag-fast-delivery","10":"product_tag-guangdong-factory","11":"product_tag-iso-9001","12":"product_tag-paper-tubes","14":"first","15":"instock","16":"shipping-taxable","17":"product-type-simple"},"_links":{"self":[{"href":"https:\/\/lyfilter.com\/tr\/wp-json\/wp\/v2\/product\/2389","targetHints":{"allow":["GET"]}}],"collection":[{"href":"https:\/\/lyfilter.com\/tr\/wp-json\/wp\/v2\/product"}],"about":[{"href":"https:\/\/lyfilter.com\/tr\/wp-json\/wp\/v2\/types\/product"}],"replies":[{"embeddable":true,"href":"https:\/\/lyfilter.com\/tr\/wp-json\/wp\/v2\/comments?post=2389"}],"wp:featuredmedia":[{"embeddable":true,"href":"https:\/\/lyfilter.com\/tr\/wp-json\/wp\/v2\/media\/2396"}],"wp:attachment":[{"href":"https:\/\/lyfilter.com\/tr\/wp-json\/wp\/v2\/media?parent=2389"}],"wp:term":[{"taxonomy":"product_brand","embeddable":true,"href":"https:\/\/lyfilter.com\/tr\/wp-json\/wp\/v2\/product_brand?post=2389"},{"taxonomy":"product_cat","embeddable":true,"href":"https:\/\/lyfilter.com\/tr\/wp-json\/wp\/v2\/product_cat?post=2389"},{"taxonomy":"product_tag","embeddable":true,"href":"https:\/\/lyfilter.com\/tr\/wp-json\/wp\/v2\/product_tag?post=2389"}],"curies":[{"name":"wp","href":"https:\/\/api.w.org\/{rel}","templated":true}]}}