{"id":2382,"date":"2026-01-07T02:17:33","date_gmt":"2026-01-07T02:17:33","guid":{"rendered":"https:\/\/lyfilter.com\/?post_type=product&#038;p=2382"},"modified":"2026-01-07T02:19:16","modified_gmt":"2026-01-07T02:19:16","slug":"wholesale-polypropylene-pp-meltblown-filter-element","status":"publish","type":"product","link":"https:\/\/lyfilter.com\/tr\/wholesale-polypropylene-pp-meltblown-filter-element\/","title":{"rendered":"Toptan Polipropilen PP Meltblown Filtre Eleman\u0131"},"content":{"rendered":"<div class=\"unit-detail-html-tabs__content-attr\">\n<div class=\"unit-product-attrparam\">\n<div class=\"unit-product-attrparam__items row\">\n<div class=\"col-12 col-md-6\">\n<div class=\"unit-product-attrparam__item\">\n<div class=\"unit-product-attrparam__label\">\n<table>\n<thead>\n<tr>\n<th>tedarik yetene\u011fi<\/th>\n<th>1000000 adet\/ay<\/th>\n<\/tr>\n<\/thead>\n<tbody>\n<tr>\n<td>malzeme<\/td>\n<td>paslanmaz \u00e7elik<\/td>\n<\/tr>\n<tr>\n<td>kullan\u0131labilirlik<\/td>\n<td>oem<\/td>\n<\/tr>\n<\/tbody>\n<\/table>\n<\/div>\n<\/div>\n<\/div>\n<\/div>\n<\/div>\n<\/div>\n<div class=\"unit-detail-html-tabs__content-html\">\n<p><strong>Toptan Polipropilen PP Meltblown Filtre Eleman\u0131<\/strong><\/p>\n<p>Pp filtre eleman\u0131n\u0131n \u00f6zellikleri<\/p>\n<p>(1), filtre a\u00e7\u0131kl\u0131\u011f\u0131 kompakt ve d\u00fczg\u00fcnd\u00fcr ve filtrasyon verimlili\u011fi y\u00fcksektir. Partik\u00fcller filtre kanal\u0131nda k\u00f6pr\u00fc olu\u015fturaca\u011f\u0131ndan, kanaldan daha k\u00fc\u00e7\u00fck partik\u00fcller de engellenebilir ve filtrasyon verimlili\u011fi y\u00fcksektir.<\/p>\n<p>(2), y\u00fcksek temizlik, su kalitesinde kirlilik yok.<\/p>\n<p>(3), asit ve alkali gibi kimyasal reaktiflerin ve organik \u00e7\u00f6z\u00fcc\u00fclerin korozyonuna kar\u015f\u0131 dayan\u0131kl\u0131d\u0131r.<\/p>\n<p>(4), g\u00fc\u00e7l\u00fc, filtre giri\u015f ve \u00e7\u0131k\u0131\u015f bas\u0131nc\u0131 0.4mpa oldu\u011funda, filtre eleman\u0131 deforme olmaz.<\/p>\n<p>Kullan\u0131m Yolu<\/p>\n<p>1. Elektronik ve enerji end\u00fcstrisi: saf su, gaz, elektrikli s\u0131v\u0131, bask\u0131 teli plakas\u0131 vb.<\/p>\n<p>2. Kimya end\u00fcstrisi, petrokimya end\u00fcstrisi: solvent, kaplama, manyetik bulama\u00e7, deterjan, s\u0131v\u0131 balmumu vb.<\/p>\n<p>3. \u0130la\u00e7 End\u00fcstrisi: hastane suyu, farmas\u00f6tik enjeksiyon, orta s\u0131v\u0131, vb.<\/p>\n<p>4. G\u0131da End\u00fcstrisi: Yiyecek, i\u00e7ecek, i\u00e7me suyu, alkol vb.<\/p>\n<p><img decoding=\"async\" src=\"https:\/\/img.yfisher.com\/m6076\/1725732712feb\/jpg70-t3-scale100.webp\" alt=\"Toptan Polipropilen PP Meltblown Filtre Eleman\u0131 6\" data-lazy=\"2\" title=\"\"><\/p>\n<p><img decoding=\"async\" src=\"https:\/\/img.yfisher.com\/m6076\/1725732712xo8\/jpg70-t3-scale100.webp\" alt=\"Toptan Polipropilen PP Meltblown Filtre Eleman\u0131 7\" data-lazy=\"2\" title=\"\"><\/p>\n<p><img decoding=\"async\" src=\"https:\/\/img.yfisher.com\/m6076\/1725732712txe\/jpg70-t3-scale100.webp\" alt=\"Toptan Polipropilen PP Meltblown Filtre Eleman\u0131 8\" data-lazy=\"2\" title=\"\"><\/p>\n<p><img decoding=\"async\" src=\"https:\/\/img.yfisher.com\/m6076\/1725732712acw\/jpg70-t3-scale100.webp\" alt=\"Toptan Polipropilen PP Meltblown Filtre Eleman\u0131 9\" data-lazy=\"2\" title=\"\"><\/p>\n<p><img decoding=\"async\" src=\"https:\/\/img.yfisher.com\/m6076\/1725732713t1y\/jpg70-t3-scale100.webp\" alt=\"Toptan Polipropilen PP Meltblown Filtre Eleman\u0131 10\" data-lazy=\"2\" title=\"\"><\/p>\n<p><img decoding=\"async\" src=\"https:\/\/img.yfisher.com\/m6076\/1725732713fzx\/jpg70-t3-scale100.webp\" alt=\"Toptan Polipropilen PP Meltblown Filtre Eleman\u0131 11\" data-lazy=\"2\" title=\"\"><\/p>\n<\/div>","protected":false},"excerpt":{"rendered":"<table>\n<thead>\n<tr>\n<th>\u00d6\u011fe<\/th>\n<th>DETAYLAR<\/th>\n<\/tr>\n<\/thead>\n<tbody>\n<tr>\n<td>ba\u015flang\u0131\u00e7 portu<\/td>\n<td>guangzhou<\/td>\n<\/tr>\n<tr>\n<td>\u00fcreti\u0307m kapasi\u0307tesi\u0307<\/td>\n<td>10000 adet\/ay<\/td>\n<\/tr>\n<tr>\n<td>men\u015fe yeri<\/td>\n<td>guangdong, \u00e7i\u0307n<\/td>\n<\/tr>\n<tr>\n<td>\u00f6deme<\/td>\n<td>t\/t, alibaba ti\u0307caret g\u00fcvencesi\u0307, paypal<\/td>\n<\/tr>\n<tr>\n<td>moq<\/td>\n<td>1 adet<\/td>\n<\/tr>\n<tr>\n<td>TESL\u0130MAT S\u00dcRES\u0130<\/td>\n<td>7 i\u015f g\u00fcn\u00fc i\u00e7inde<\/td>\n<\/tr>\n<tr>\n<td>BELGELEND\u0130RME<\/td>\n<td>iso 9001<\/td>\n<\/tr>\n<tr>\n<td>marka<\/td>\n<td>oem\/lvyuan<\/td>\n<\/tr>\n<\/tbody>\n<\/table>","protected":false},"featured_media":2390,"comment_status":"open","ping_status":"closed","template":"","meta":{"_gspb_post_css":""},"product_brand":[],"product_cat":[17],"product_tag":[956,279,964,260,968,965],"class_list":{"0":"post-2382","1":"product","2":"type-product","3":"status-publish","4":"has-post-thumbnail","6":"product_cat-sediment-filter","7":"product_tag-1-piece-moq","8":"product_tag-alibaba-trade-assurance","9":"product_tag-guangdong-manufacturer","10":"product_tag-iso-9001","11":"product_tag-oem-paper-tubes","12":"product_tag-paper-tubes","14":"first","15":"instock","16":"shipping-taxable","17":"product-type-simple"},"_links":{"self":[{"href":"https:\/\/lyfilter.com\/tr\/wp-json\/wp\/v2\/product\/2382","targetHints":{"allow":["GET"]}}],"collection":[{"href":"https:\/\/lyfilter.com\/tr\/wp-json\/wp\/v2\/product"}],"about":[{"href":"https:\/\/lyfilter.com\/tr\/wp-json\/wp\/v2\/types\/product"}],"replies":[{"embeddable":true,"href":"https:\/\/lyfilter.com\/tr\/wp-json\/wp\/v2\/comments?post=2382"}],"wp:featuredmedia":[{"embeddable":true,"href":"https:\/\/lyfilter.com\/tr\/wp-json\/wp\/v2\/media\/2390"}],"wp:attachment":[{"href":"https:\/\/lyfilter.com\/tr\/wp-json\/wp\/v2\/media?parent=2382"}],"wp:term":[{"taxonomy":"product_brand","embeddable":true,"href":"https:\/\/lyfilter.com\/tr\/wp-json\/wp\/v2\/product_brand?post=2382"},{"taxonomy":"product_cat","embeddable":true,"href":"https:\/\/lyfilter.com\/tr\/wp-json\/wp\/v2\/product_cat?post=2382"},{"taxonomy":"product_tag","embeddable":true,"href":"https:\/\/lyfilter.com\/tr\/wp-json\/wp\/v2\/product_tag?post=2382"}],"curies":[{"name":"wp","href":"https:\/\/api.w.org\/{rel}","templated":true}]}}