{"id":2375,"date":"2026-01-07T02:15:40","date_gmt":"2026-01-07T02:15:40","guid":{"rendered":"https:\/\/lyfilter.com\/?post_type=product&#038;p=2375"},"modified":"2026-01-07T02:20:34","modified_gmt":"2026-01-07T02:20:34","slug":"1-3-5-10-25-50-75-100-micron-micro-porous-pe-sintered-filter-element","status":"publish","type":"product","link":"https:\/\/lyfilter.com\/tr\/1-3-5-10-25-50-75-100-micron-micro-porous-pe-sintered-filter-element\/","title":{"rendered":"1 3 5 10 25 50 75 100 Mikron Mikro G\u00f6zenekli PE Sinterlenmi\u015f Filtre Eleman\u0131"},"content":{"rendered":"<div class=\"unit-detail-html-tabs__content-attr\">\n<div class=\"unit-product-attrparam\">\n<div class=\"unit-product-attrparam__items row\">\n<div class=\"col-12 col-md-6\">\n<div class=\"unit-product-attrparam__item\">\n<div class=\"unit-product-attrparam__label\">\n<table>\n<thead>\n<tr>\n<th>tedarik yetene\u011fi<\/th>\n<th>1000000 adet\/ay<\/th>\n<\/tr>\n<\/thead>\n<tbody>\n<tr>\n<td>malzeme<\/td>\n<td>paslanmaz \u00e7elik<\/td>\n<\/tr>\n<tr>\n<td>kullan\u0131labilirlik<\/td>\n<td>oem<\/td>\n<\/tr>\n<\/tbody>\n<\/table>\n<\/div>\n<\/div>\n<\/div>\n<\/div>\n<\/div>\n<\/div>\n<div class=\"unit-detail-html-tabs__content-featuresAttr\"><\/div>\n<div class=\"unit-detail-html-tabs__content-html\">\n<p><strong>1 3 5 10 25 50 75 100 Mikron Mikro G\u00f6zenekli PE Sinterlenmi\u015f Filtre Eleman\u0131<\/strong><\/p>\n<p>\u00dcr\u00fcn A\u00e7\u0131klamas\u0131<\/p>\n<p>Sinterlenmi\u015f filtre t\u00fcp\u00fc, toz malzemelerin sinterlenmesiyle olu\u015fturulan mikro g\u00f6zenekli bir filtre eleman\u0131d\u0131r. Filtre t\u00fcp\u00fcn\u00fcn malzemesi seramik, cam kumu, plastik (polietilen veya polivinil klor\u00fcr) vb.<\/p>\n<p>\u00dcr\u00fcn kategorisi<\/p>\n<p>(1) Plastik filtre t\u00fcpleri \u00e7e\u015fitli s\u0131v\u0131lar\u0131n, end\u00fcstriyel suyun ve i\u00e7me suyunun filtrasyonu i\u00e7in uygundur. Bu t\u00fcr mikro g\u00f6zenekli t\u00fcp\u00fcn 10'dan fazla \u00f6zelli\u011fi vard\u0131r, d\u0131\u015f \u00e7ap\u0131 24-150 mm, kar\u015f\u0131l\u0131k gelen i\u00e7 \u00e7ap\u0131 8-120 mm ve uzunlu\u011fu \u00e7o\u011funlukla 1000 mm'dir ve her filtre t\u00fcp\u00fcn\u00fcn etkili filtreleme alan\u0131 0.039-0.3m2'dir.<\/p>\n<p>(2) Seramik filtre t\u00fcp\u00fc Sinterlenmi\u015f seramik filtre t\u00fcp\u00fc, filtre eleman\u0131 olarak tek bir filtre t\u00fcp\u00fcnden veya birden fazla filtre t\u00fcp\u00fcnden olu\u015fabilen seramik sinterlenmi\u015f bir filtre t\u00fcp\u00fc kullan\u0131r. Tek bir filtre t\u00fcp\u00fcn\u00fcn su ar\u0131tma kapasitesi 600-1500L \/ saattir ve genellikle 0.3MPa'n\u0131n alt\u0131ndaki \u00e7al\u0131\u015fma bas\u0131nc\u0131 i\u00e7in uygundur. .<\/p>\n<p><img decoding=\"async\" src=\"https:\/\/img.yfisher.com\/m6076\/1725732710wdr\/jpg70-t3-scale100.webp\" alt=\"1 3 5 10 25 50 75 100 Mikron Mikro G\u00f6zenekli PE Sinterlenmi\u015f Filtre Eleman\u0131 6\" data-lazy=\"2\" title=\"\"><\/p>\n<p><img decoding=\"async\" src=\"https:\/\/img.yfisher.com\/m6076\/1725732710h6t\/jpg70-t3-scale100.webp\" alt=\"1 3 5 10 25 50 75 100 Mikron Mikro G\u00f6zenekli PE Sinterlenmi\u015f Filtre Eleman\u0131 7\" data-lazy=\"2\" title=\"\"><\/p>\n<p><img decoding=\"async\" src=\"https:\/\/img.yfisher.com\/m6076\/1725732710vyt\/jpg70-t3-scale100.webp\" alt=\"1 3 5 10 25 50 75 100 Mikron Mikro G\u00f6zenekli PE Sinterlenmi\u015f Filtre Eleman\u0131 8\" data-lazy=\"2\" title=\"\"><\/p>\n<p><img decoding=\"async\" src=\"https:\/\/img.yfisher.com\/m6076\/1725732710zc9\/jpg70-t3-scale100.webp\" alt=\"1 3 5 10 25 50 75 100 Mikron Mikro G\u00f6zenekli PE Sinterlenmi\u015f Filtre Eleman\u0131 9\" data-lazy=\"2\" title=\"\"><\/p>\n<p><img decoding=\"async\" src=\"https:\/\/img.yfisher.com\/m6076\/1725732710nqy\/jpg70-t3-scale100.webp\" alt=\"1 3 5 10 25 50 75 100 Mikron Mikro G\u00f6zenekli PE Sinterlenmi\u015f Filtre Eleman\u0131 10\" data-lazy=\"2\" title=\"\"><\/p>\n<p><img decoding=\"async\" src=\"https:\/\/img.yfisher.com\/m6076\/1725732710vj4\/jpg70-t3-scale100.webp\" alt=\"1 3 5 10 25 50 75 100 Mikron Mikro G\u00f6zenekli PE Sinterlenmi\u015f Filtre Eleman\u0131 11\" data-lazy=\"2\" title=\"\"><\/p>\n<p><img decoding=\"async\" src=\"https:\/\/img.yfisher.com\/m6076\/17257327104dp\/jpg70-t3-scale100.webp\" alt=\"1 3 5 10 25 50 75 100 Mikron Mikro G\u00f6zenekli PE Sinterlenmi\u015f Filtre Eleman\u0131 12\" data-lazy=\"2\" title=\"\"><\/p>\n<\/div>","protected":false},"excerpt":{"rendered":"<table>\n<thead>\n<tr>\n<th>\u00d6\u011fe<\/th>\n<th>DETAYLAR<\/th>\n<\/tr>\n<\/thead>\n<tbody>\n<tr>\n<td>ba\u015flang\u0131\u00e7 portu<\/td>\n<td>Guangzhou<\/td>\n<\/tr>\n<tr>\n<td>\u00fcreti\u0307m kapasi\u0307tesi\u0307<\/td>\n<td>10000 adet\/Ay<\/td>\n<\/tr>\n<tr>\n<td>men\u015fe yeri<\/td>\n<td>Guangdong, \u00c7in<\/td>\n<\/tr>\n<tr>\n<td>\u00f6deme<\/td>\n<td>T \/ T, Alibaba Ticaret G\u00fcvencesi<\/td>\n<\/tr>\n<tr>\n<td>moq<\/td>\n<td>1 adet<\/td>\n<\/tr>\n<tr>\n<td>TESL\u0130MAT S\u00dcRES\u0130<\/td>\n<td>7 i\u015f g\u00fcn\u00fc i\u00e7erisinde<\/td>\n<\/tr>\n<tr>\n<td>BELGELEND\u0130RME<\/td>\n<td>ISO 9001<\/td>\n<\/tr>\n<tr>\n<td>marka<\/td>\n<td>OEM\/Lvyuan<\/td>\n<\/tr>\n<\/tbody>\n<\/table>","protected":false},"featured_media":2384,"comment_status":"open","ping_status":"closed","template":"","meta":{"_gspb_post_css":""},"product_brand":[],"product_cat":[17],"product_tag":[956,279,964,260,955,965],"class_list":{"0":"post-2375","1":"product","2":"type-product","3":"status-publish","4":"has-post-thumbnail","6":"product_cat-sediment-filter","7":"product_tag-1-piece-moq","8":"product_tag-alibaba-trade-assurance","9":"product_tag-guangdong-manufacturer","10":"product_tag-iso-9001","11":"product_tag-oem-packaging","12":"product_tag-paper-tubes","14":"first","15":"instock","16":"shipping-taxable","17":"product-type-simple"},"_links":{"self":[{"href":"https:\/\/lyfilter.com\/tr\/wp-json\/wp\/v2\/product\/2375","targetHints":{"allow":["GET"]}}],"collection":[{"href":"https:\/\/lyfilter.com\/tr\/wp-json\/wp\/v2\/product"}],"about":[{"href":"https:\/\/lyfilter.com\/tr\/wp-json\/wp\/v2\/types\/product"}],"replies":[{"embeddable":true,"href":"https:\/\/lyfilter.com\/tr\/wp-json\/wp\/v2\/comments?post=2375"}],"wp:featuredmedia":[{"embeddable":true,"href":"https:\/\/lyfilter.com\/tr\/wp-json\/wp\/v2\/media\/2384"}],"wp:attachment":[{"href":"https:\/\/lyfilter.com\/tr\/wp-json\/wp\/v2\/media?parent=2375"}],"wp:term":[{"taxonomy":"product_brand","embeddable":true,"href":"https:\/\/lyfilter.com\/tr\/wp-json\/wp\/v2\/product_brand?post=2375"},{"taxonomy":"product_cat","embeddable":true,"href":"https:\/\/lyfilter.com\/tr\/wp-json\/wp\/v2\/product_cat?post=2375"},{"taxonomy":"product_tag","embeddable":true,"href":"https:\/\/lyfilter.com\/tr\/wp-json\/wp\/v2\/product_tag?post=2375"}],"curies":[{"name":"wp","href":"https:\/\/api.w.org\/{rel}","templated":true}]}}