{"id":2368,"date":"2026-01-07T02:12:40","date_gmt":"2026-01-07T02:12:40","guid":{"rendered":"https:\/\/lyfilter.com\/?post_type=product&#038;p=2368"},"modified":"2026-01-07T02:20:28","modified_gmt":"2026-01-07T02:20:28","slug":"pa-sintered-filter-eement","status":"publish","type":"product","link":"https:\/\/lyfilter.com\/tr\/pa-sintered-filter-eement\/","title":{"rendered":"PA Sinterlenmi\u015f Filtre Eementi"},"content":{"rendered":"<div class=\"unit-detail-html-tabs__content-attr\">\n<div class=\"unit-product-attrparam\">\n<div class=\"unit-product-attrparam__items row\">\n<div class=\"col-12 col-md-6\">\n<div class=\"unit-product-attrparam__item\">\n<div class=\"unit-product-attrparam__label\">\n<table>\n<thead>\n<tr>\n<th>tedarik yetene\u011fi<\/th>\n<th>1000000 adet\/ay<\/th>\n<\/tr>\n<\/thead>\n<tbody>\n<tr>\n<td>malzeme<\/td>\n<td>paslanmaz \u00e7elik<\/td>\n<\/tr>\n<tr>\n<td>kullan\u0131labilirlik<\/td>\n<td>oem<\/td>\n<\/tr>\n<\/tbody>\n<\/table>\n<\/div>\n<\/div>\n<\/div>\n<\/div>\n<\/div>\n<\/div>\n<div class=\"unit-detail-html-tabs__content-featuresAttr\"><\/div>\n<div class=\"unit-detail-html-tabs__content-html\">\n<p><strong>PA Sinterlenmi\u015f Filtre Eementi<\/strong><\/p>\n<p>Hammadde: Firmam\u0131z taraf\u0131ndan \u00fcretilen sinterleme hammaddesi GMP'ye uygun ultra y\u00fcksek pe\\ppa\\ptfe kullan\u0131r. Hollanda.    Yap\u0131: Kal\u0131n bilimsel form\u00fcl ve y\u00fcksek s\u0131cakl\u0131kta \u00fcretim ile m\u00fckemmel mekanik \u00f6zelliklere sahiptir ve filtre ortam\u0131 \u00e7e\u015fitlendirilmi\u015ftir ve ayr\u0131ca geri tepmesi kolay oldu\u011funda \u00fcr\u00fcn\u00fcn \u00e7ok katmanl\u0131 filtreleme etkisini sa\u011flayabilir. Ve her cihaz daha \u00f6nce test edilebilir.<\/p>\n<p>Ta\u015flama G\u00fcc\u00fc \u00dcr\u00fcn \u00d6zellikleri:    Do\u011fruluk aral\u0131\u011f\u0131: 0.2-140um, Boru \u00e7ap\u0131 aral\u0131\u011f\u0131: 10mm-120mm.    Ortak \u00f6zellikler: \u03a638*20*1000 \u03a650*20*1000 \u03a665*30*1000 \u03a670*40*1000 Konekt\u00f6r \u00f6zellikleri: \u03a636 \u03a630 \u03a625 \u03a622 \u03a614 \u03a612 Uluslararas\u0131 genel d\u00fcz bas\u0131n\u00e7 tipi: d\u0131\u015f \u00e7ap \u03a665 i\u00e7 \u00e7ap \u03a630 uzunluk 10, 20, 30, 40 in\u00e7 Plug-in tipi: d\u0131\u015f \u00e7ap \u03a670 i\u00e7 \u00e7ap \u03a630 uzunluk 10, 20, 30, 40 in\u00e7 Soket iki tipe ayr\u0131lm\u0131\u015ft\u0131r: 226 (O-ring d\u0131\u015f \u00e7ap\u0131 56) 222 (O-ring d\u0131\u015f \u00e7ap\u0131 44) Filtre plakalar\u0131 da \u00fcretebilir: kal\u0131nl\u0131k 3-50mm geni\u015flik 1000mm \u00e7e\u015fitli uzunluklar 1500mm spesifikasyon filtre plakas\u0131. \u00d6zel ihtiya\u00e7lar\u0131n\u0131z varsa, \u00f6zelle\u015ftirilmi\u015f \u00fcretim talep edebilirsiniz.<\/p>\n<p><img decoding=\"async\" src=\"https:\/\/img.yfisher.com\/m6076\/17257327076b5\/jpg70-t3-scale100.webp\" alt=\"PA Sinterlenmi\u015f Filtre Eementi 7\" data-lazy=\"2\" title=\"\"><\/p>\n<p><img decoding=\"async\" src=\"https:\/\/img.yfisher.com\/m6076\/1725732707gyz\/jpg70-t3-scale100.webp\" alt=\"PA Sinterlenmi\u015f Filtre Eement 8\" data-lazy=\"2\" title=\"\"><\/p>\n<p><img decoding=\"async\" src=\"https:\/\/img.yfisher.com\/m6076\/17257327078q7\/jpg70-t3-scale100.webp\" alt=\"PA Sinterlenmi\u015f Filtre Eementi 9\" data-lazy=\"2\" title=\"\"><\/p>\n<p><img decoding=\"async\" src=\"https:\/\/img.yfisher.com\/m6076\/1725732707qvj\/jpg70-t3-scale100.webp\" alt=\"PA Sinterlenmi\u015f Filtre Eement 10\" data-lazy=\"2\" title=\"\"><\/p>\n<p><img decoding=\"async\" src=\"https:\/\/img.yfisher.com\/m6076\/1725732707ai3\/jpg70-t3-scale100.webp\" alt=\"PA Sinterlenmi\u015f Filtre Eementi 11\" data-lazy=\"2\" title=\"\"><\/p>\n<\/div>","protected":false},"excerpt":{"rendered":"<table>\n<thead>\n<tr>\n<th>\u00d6\u011fe<\/th>\n<th>DETAYLAR<\/th>\n<\/tr>\n<\/thead>\n<tbody>\n<tr>\n<td>ba\u015flang\u0131\u00e7 portu<\/td>\n<td>Guangzhou<\/td>\n<\/tr>\n<tr>\n<td>\u00fcreti\u0307m kapasi\u0307tesi\u0307<\/td>\n<td>10000 adet\/Ay<\/td>\n<\/tr>\n<tr>\n<td>men\u015fe yeri<\/td>\n<td>Guangdong, \u00c7in<\/td>\n<\/tr>\n<tr>\n<td>\u00f6deme<\/td>\n<td>T \/ T, paypal<\/td>\n<\/tr>\n<tr>\n<td>moq<\/td>\n<td>1 adet<\/td>\n<\/tr>\n<tr>\n<td>TESL\u0130MAT S\u00dcRES\u0130<\/td>\n<td>7 i\u015f g\u00fcn\u00fc i\u00e7erisinde<\/td>\n<\/tr>\n<tr>\n<td>BELGELEND\u0130RME<\/td>\n<td>ISO 9001<\/td>\n<\/tr>\n<tr>\n<td>marka<\/td>\n<td>OEM\/Lvyuan<\/td>\n<\/tr>\n<\/tbody>\n<\/table>","protected":false},"featured_media":2376,"comment_status":"open","ping_status":"closed","template":"","meta":{"_gspb_post_css":""},"product_brand":[],"product_cat":[17],"product_tag":[956,967,966,260,955,965],"class_list":{"0":"post-2368","1":"product","2":"type-product","3":"status-publish","4":"has-post-thumbnail","6":"product_cat-sediment-filter","7":"product_tag-1-piece-moq","8":"product_tag-7-day-delivery","9":"product_tag-guangdong-supplier","10":"product_tag-iso-9001","11":"product_tag-oem-packaging","12":"product_tag-paper-tubes","14":"first","15":"instock","16":"shipping-taxable","17":"product-type-simple"},"_links":{"self":[{"href":"https:\/\/lyfilter.com\/tr\/wp-json\/wp\/v2\/product\/2368","targetHints":{"allow":["GET"]}}],"collection":[{"href":"https:\/\/lyfilter.com\/tr\/wp-json\/wp\/v2\/product"}],"about":[{"href":"https:\/\/lyfilter.com\/tr\/wp-json\/wp\/v2\/types\/product"}],"replies":[{"embeddable":true,"href":"https:\/\/lyfilter.com\/tr\/wp-json\/wp\/v2\/comments?post=2368"}],"wp:featuredmedia":[{"embeddable":true,"href":"https:\/\/lyfilter.com\/tr\/wp-json\/wp\/v2\/media\/2376"}],"wp:attachment":[{"href":"https:\/\/lyfilter.com\/tr\/wp-json\/wp\/v2\/media?parent=2368"}],"wp:term":[{"taxonomy":"product_brand","embeddable":true,"href":"https:\/\/lyfilter.com\/tr\/wp-json\/wp\/v2\/product_brand?post=2368"},{"taxonomy":"product_cat","embeddable":true,"href":"https:\/\/lyfilter.com\/tr\/wp-json\/wp\/v2\/product_cat?post=2368"},{"taxonomy":"product_tag","embeddable":true,"href":"https:\/\/lyfilter.com\/tr\/wp-json\/wp\/v2\/product_tag?post=2368"}],"curies":[{"name":"wp","href":"https:\/\/api.w.org\/{rel}","templated":true}]}}