{"id":2361,"date":"2026-01-07T02:10:59","date_gmt":"2026-01-07T02:10:59","guid":{"rendered":"https:\/\/lyfilter.com\/?post_type=product&#038;p=2361"},"modified":"2026-01-07T02:10:59","modified_gmt":"2026-01-07T02:10:59","slug":"single-cartridge-stainless-steel-filter-housing","status":"publish","type":"product","link":"https:\/\/lyfilter.com\/tr\/single-cartridge-stainless-steel-filter-housing\/","title":{"rendered":"Tek Kartu\u015flu Paslanmaz \u00c7elik Filtre Muhafazas\u0131"},"content":{"rendered":"<div class=\"unit-detail-html-tabs__content-attr\">\n<div class=\"unit-product-attrparam\">\n<div class=\"unit-product-attrparam__items row\">\n<div class=\"col-12 col-md-6\">\n<div class=\"unit-product-attrparam__item\">\n<div class=\"unit-product-attrparam__label\">\n<table>\n<thead>\n<tr>\n<th>tedarik yetene\u011fi<\/th>\n<th>1000000 adet\/ay<\/th>\n<\/tr>\n<\/thead>\n<tbody>\n<tr>\n<td>malzeme<\/td>\n<td>paslanmaz \u00e7elik<\/td>\n<\/tr>\n<tr>\n<td>kullan\u0131labilirlik<\/td>\n<td>oem<\/td>\n<\/tr>\n<\/tbody>\n<\/table>\n<\/div>\n<\/div>\n<\/div>\n<\/div>\n<\/div>\n<\/div>\n<div class=\"unit-detail-html-tabs__content-featuresAttr\"><\/div>\n<div class=\"unit-detail-html-tabs__content-html\">\n<p><strong>Tek Kartu\u015flu Paslanmaz \u00c7elik Filtre Muhafazas\u0131<\/strong><\/p>\n<p>Tek \u00e7ekirdekli filtre iki t\u00fcre ayr\u0131l\u0131r: filtrasyon s\u0131v\u0131s\u0131 ve gaz ve boyut 5 \u2033, 10 \u2033, 20 \u2033, 30 \u2033 ve 40 \u2033 vb. \u00c7al\u0131\u015fma bas\u0131nc\u0131 genellikle 0.1Mpa-0.4Mpa'd\u0131r. Filtre elemanlar\u0131n\u0131n farkl\u0131 g\u00f6zenek boyutlar\u0131 nedeniyle, ak\u0131\u015f h\u0131zlar\u0131 da farkl\u0131d\u0131r. \u00d6rne\u011fin, kaotik suyun 0.2um-0.4um filtrasyonu i\u00e7in standart 300-500kg \/ s'dir. 40 in\u00e7 kombinasyonunda, \u00f6rne\u011fin 5 ton\/saat steril suyu filtrelemek i\u00e7in 0,2 um, 30 in\u00e7 7 elemanl\u0131 bir filtre se\u00e7ebilirsiniz. Filtrede \u00e7ok fazla kirlilik varsa ve viskozite varsa, bir \u00f6n filtreleme cihaz\u0131 eklenmelidir. Gaz\u0131n filtrasyonu s\u0131v\u0131lar\u0131n filtrasyonundan biraz farkl\u0131d\u0131r ve filtrasyon hacmi dakikada k\u00fcbik gaz olarak hesaplan\u0131r. 10 in\u00e7 filtre eleman\u0131, g\u00f6zenek \u00e7ap\u0131 \u03c60.22 um, 0.12 Mpa bas\u0131n\u00e7, 0.01 Mpa bas\u0131n\u00e7 fark\u0131, 4-6m3 \/ dak ak\u0131\u015f h\u0131z\u0131, fermantasyon end\u00fcstrisinde yayg\u0131n olarak kullan\u0131lmaktad\u0131r.<\/p>\n<p><img decoding=\"async\" src=\"https:\/\/img.yfisher.com\/m6076\/17257326863q0\/jpg70-t3-scale100.webp\" alt=\"Tek Kartu\u015flu Paslanmaz \u00c7elik Filtre Muhafazas\u0131 6\" data-lazy=\"2\" title=\"\"><\/p>\n<p><img decoding=\"async\" src=\"https:\/\/img.yfisher.com\/m6076\/17257326860zb\/jpg70-t3-scale100.webp\" alt=\"Tek Kartu\u015flu Paslanmaz \u00c7elik Filtre Muhafazas\u0131 7\" data-lazy=\"2\" title=\"\"><\/p>\n<p><img decoding=\"async\" src=\"https:\/\/img.yfisher.com\/m6076\/1725732686ltg\/jpg70-t3-scale100.webp\" alt=\"Tek Kartu\u015flu Paslanmaz \u00c7elik Filtre Muhafazas\u0131 8\" data-lazy=\"2\" title=\"\"><\/p>\n<p><img decoding=\"async\" src=\"https:\/\/img.yfisher.com\/m6076\/17257326861ct\/jpg70-t3-scale100.webp\" alt=\"Tek Kartu\u015flu Paslanmaz \u00c7elik Filtre Muhafazas\u0131 9\" data-lazy=\"2\" title=\"\"><\/p>\n<p><img decoding=\"async\" src=\"https:\/\/img.yfisher.com\/m6076\/1725732686zhj\/jpg70-t3-scale100.webp\" alt=\"Tek Kartu\u015flu Paslanmaz \u00c7elik Filtre Muhafazas\u0131 10\" data-lazy=\"2\" title=\"\"><\/p>\n<p><img decoding=\"async\" src=\"https:\/\/img.yfisher.com\/m6076\/1725732686sy0\/jpg70-t3-scale100.webp\" alt=\"Tek Kartu\u015flu Paslanmaz \u00c7elik Filtre Muhafazas\u0131 11\" data-lazy=\"2\" title=\"\"><\/p>\n<p><img decoding=\"async\" src=\"https:\/\/img.yfisher.com\/m6076\/1725732686w6l\/jpg70-t3-scale100.webp\" alt=\"Tek Kartu\u015flu Paslanmaz \u00c7elik Filtre Muhafazas\u0131 12\" data-lazy=\"2\" title=\"\"><\/p>\n<\/div>","protected":false},"excerpt":{"rendered":"<table>\n<thead>\n<tr>\n<th>\u00d6\u011fe<\/th>\n<th>DETAYLAR<\/th>\n<\/tr>\n<\/thead>\n<tbody>\n<tr>\n<td>ba\u015flang\u0131\u00e7 portu<\/td>\n<td>Guangzhou<\/td>\n<\/tr>\n<tr>\n<td>\u00fcreti\u0307m kapasi\u0307tesi\u0307<\/td>\n<td>10000 adet\/Ay<\/td>\n<\/tr>\n<tr>\n<td>men\u015fe yeri<\/td>\n<td>Guangdong, \u00c7in<\/td>\n<\/tr>\n<tr>\n<td>\u00f6deme<\/td>\n<td>T \/ T, Alibaba Ticaret G\u00fcvencesi, paypal<\/td>\n<\/tr>\n<tr>\n<td>moq<\/td>\n<td>1 adet<\/td>\n<\/tr>\n<tr>\n<td>TESL\u0130MAT S\u00dcRES\u0130<\/td>\n<td>7 i\u015f g\u00fcn\u00fc i\u00e7erisinde<\/td>\n<\/tr>\n<tr>\n<td>BELGELEND\u0130RME<\/td>\n<td>ISO 9001<\/td>\n<\/tr>\n<tr>\n<td>marka<\/td>\n<td>OEM\/Lvyuan<\/td>\n<\/tr>\n<\/tbody>\n<\/table>","protected":false},"featured_media":2370,"comment_status":"open","ping_status":"closed","template":"","meta":{"_gspb_post_css":""},"product_brand":[],"product_cat":[15],"product_tag":[263,964,260,280,955,965],"class_list":{"0":"post-2361","1":"product","2":"type-product","3":"status-publish","4":"has-post-thumbnail","6":"product_cat-stainless-steel-filter-housing","7":"product_tag-fast-delivery","8":"product_tag-guangdong-manufacturer","9":"product_tag-iso-9001","10":"product_tag-low-moq","11":"product_tag-oem-packaging","12":"product_tag-paper-tubes","14":"first","15":"instock","16":"shipping-taxable","17":"product-type-simple"},"_links":{"self":[{"href":"https:\/\/lyfilter.com\/tr\/wp-json\/wp\/v2\/product\/2361","targetHints":{"allow":["GET"]}}],"collection":[{"href":"https:\/\/lyfilter.com\/tr\/wp-json\/wp\/v2\/product"}],"about":[{"href":"https:\/\/lyfilter.com\/tr\/wp-json\/wp\/v2\/types\/product"}],"replies":[{"embeddable":true,"href":"https:\/\/lyfilter.com\/tr\/wp-json\/wp\/v2\/comments?post=2361"}],"wp:featuredmedia":[{"embeddable":true,"href":"https:\/\/lyfilter.com\/tr\/wp-json\/wp\/v2\/media\/2370"}],"wp:attachment":[{"href":"https:\/\/lyfilter.com\/tr\/wp-json\/wp\/v2\/media?parent=2361"}],"wp:term":[{"taxonomy":"product_brand","embeddable":true,"href":"https:\/\/lyfilter.com\/tr\/wp-json\/wp\/v2\/product_brand?post=2361"},{"taxonomy":"product_cat","embeddable":true,"href":"https:\/\/lyfilter.com\/tr\/wp-json\/wp\/v2\/product_cat?post=2361"},{"taxonomy":"product_tag","embeddable":true,"href":"https:\/\/lyfilter.com\/tr\/wp-json\/wp\/v2\/product_tag?post=2361"}],"curies":[{"name":"wp","href":"https:\/\/api.w.org\/{rel}","templated":true}]}}