{"id":2354,"date":"2026-01-07T02:07:28","date_gmt":"2026-01-07T02:07:28","guid":{"rendered":"https:\/\/lyfilter.com\/?post_type=product&#038;p=2354"},"modified":"2026-01-07T02:08:13","modified_gmt":"2026-01-07T02:08:13","slug":"stainless-steel-mobile-filtration-system","status":"publish","type":"product","link":"https:\/\/lyfilter.com\/tr\/stainless-steel-mobile-filtration-system\/","title":{"rendered":"Paslanmaz \u00c7elik Mobil Filtrasyon Sistemi"},"content":{"rendered":"<div class=\"unit-detail-html-tabs__content-attr\">\n<div class=\"unit-product-attrparam\">\n<div class=\"unit-product-attrparam__items row\">\n<div class=\"col-12 col-md-6\">\n<div class=\"unit-product-attrparam__item\">\n<div class=\"unit-product-attrparam__label\">\n<table>\n<thead>\n<tr>\n<th>tedarik yetene\u011fi<\/th>\n<th>1000000 adet\/ay<\/th>\n<\/tr>\n<\/thead>\n<tbody>\n<tr>\n<td>malzeme<\/td>\n<td>paslanmaz \u00e7elik<\/td>\n<\/tr>\n<tr>\n<td>kullan\u0131labilirlik<\/td>\n<td>oem<\/td>\n<\/tr>\n<\/tbody>\n<\/table>\n<\/div>\n<\/div>\n<\/div>\n<\/div>\n<\/div>\n<\/div>\n<div class=\"unit-detail-html-tabs__content-featuresAttr\"><\/div>\n<div class=\"unit-detail-html-tabs__content-html\">\n<p><strong>Paslanmaz \u00c7elik Mobil Filtrasyon Sistemi<\/strong><\/p>\n<p>Guangzhou Lvyuan taraf\u0131ndan \u00fcretilen mobil torba filtre sistemi ekipman\u0131, standart bir torba filtre (40AM, 80AM, 40AST, 840AST), Wei Li veya Wilden PW25 \/ 50 pn\u00f6matik \u00e7ift odac\u0131kl\u0131 diyaframl\u0131 pompa, kontrol anahtar\u0131 kutusu, \u00c7\u0131k\u0131\u015f DN25, DN50 pikap d\u0131\u015f borusu ba\u011flan\u0131r ve giri\u015f DN25, DN50 pikap d\u0131\u015f boru flan\u015f\u0131 veya d\u0131\u015f tel ba\u011flant\u0131 cihaz\u0131 araba kurulum platformuna monte edilir. Filtrasyon i\u00e7in tek ad\u0131mda sabit kurulum ile herhangi bir \u00e7al\u0131\u015fma \u00fcretim hatt\u0131na serbest\u00e7e hareket ettirilebilir.<\/p>\n<p><img decoding=\"async\" src=\"https:\/\/img.yfisher.com\/m6076\/1725732677qe6\/jpg70-t3-scale100.webp\" alt=\"Paslanmaz \u00c7elik Mobil Filtrasyon Sistemi 6\" data-lazy=\"2\" title=\"\"><\/p>\n<p><img decoding=\"async\" src=\"https:\/\/img.yfisher.com\/m6076\/17257326772m3\/jpg70-t3-scale100.webp\" alt=\"Paslanmaz \u00c7elik Mobil Filtrasyon Sistemi 7\" data-lazy=\"2\" title=\"\"><\/p>\n<p><img decoding=\"async\" src=\"https:\/\/img.yfisher.com\/m6076\/17257326774fy\/jpg70-t3-scale100.webp\" alt=\"Paslanmaz \u00c7elik Mobil Filtrasyon Sistemi 8\" data-lazy=\"2\" title=\"\"><\/p>\n<p><img decoding=\"async\" src=\"https:\/\/img.yfisher.com\/m6076\/1725732677gt2\/jpg70-t3-scale100.webp\" alt=\"Paslanmaz \u00c7elik Mobil Filtrasyon Sistemi 9\" data-lazy=\"2\" title=\"\"><\/p>\n<p><img decoding=\"async\" src=\"https:\/\/img.yfisher.com\/m6076\/1725732677sin\/jpg70-t3-scale100.webp\" alt=\"Paslanmaz \u00c7elik Mobil Filtrasyon Sistemi 10\" data-lazy=\"2\" title=\"\"><\/p>\n<p><img decoding=\"async\" src=\"https:\/\/img.yfisher.com\/m6076\/1725732677qrj\/jpg70-t3-scale100.webp\" alt=\"Paslanmaz \u00c7elik Mobil Filtrasyon Sistemi 11\" data-lazy=\"2\" title=\"\"><\/p>\n<p><img decoding=\"async\" src=\"https:\/\/img.yfisher.com\/m6076\/1725732677vio\/jpg70-t3-scale100.webp\" alt=\"Paslanmaz \u00c7elik Mobil Filtrasyon Sistemi 12\" data-lazy=\"2\" title=\"\"><\/p>\n<p><img decoding=\"async\" src=\"https:\/\/img.yfisher.com\/m6076\/1725732677fpk\/jpg70-t3-scale100.webp\" alt=\"Paslanmaz \u00c7elik Mobil Filtrasyon Sistemi 13\" data-lazy=\"2\" title=\"\"><\/p>\n<\/div>","protected":false},"excerpt":{"rendered":"<table>\n<thead>\n<tr>\n<th>ba\u015flang\u0131\u00e7 portu<\/th>\n<th>Guangzhou<\/th>\n<\/tr>\n<\/thead>\n<tbody>\n<tr>\n<td>\u00fcreti\u0307m kapasi\u0307tesi\u0307<\/td>\n<td>10000 adet\/ay<\/td>\n<\/tr>\n<tr>\n<td>men\u015fe yeri<\/td>\n<td>Guangdong, \u00c7in<\/td>\n<\/tr>\n<tr>\n<td>\u00f6deme<\/td>\n<td>T \/ T, Alibaba Ticaret G\u00fcvencesi<\/td>\n<\/tr>\n<tr>\n<td>moq<\/td>\n<td>1 adet<\/td>\n<\/tr>\n<tr>\n<td>TESL\u0130MAT S\u00dcRES\u0130<\/td>\n<td>7 i\u015f g\u00fcn\u00fc i\u00e7erisinde<\/td>\n<\/tr>\n<tr>\n<td>BELGELEND\u0130RME<\/td>\n<td>CE, ISO 9001<\/td>\n<\/tr>\n<tr>\n<td>marka<\/td>\n<td>OEM\/Lvyuan<\/td>\n<\/tr>\n<\/tbody>\n<\/table>","protected":false},"featured_media":2362,"comment_status":"open","ping_status":"closed","template":"","meta":{"_gspb_post_css":""},"product_brand":[],"product_cat":[15],"product_tag":[963,263,289,260,280,282],"class_list":{"0":"post-2354","1":"product","2":"type-product","3":"status-publish","4":"has-post-thumbnail","6":"product_cat-stainless-steel-filter-housing","7":"product_tag-ce-certified","8":"product_tag-fast-delivery","9":"product_tag-guangzhou-shipping","10":"product_tag-iso-9001","11":"product_tag-low-moq","12":"product_tag-oem-lvyuan","14":"first","15":"instock","16":"shipping-taxable","17":"product-type-simple"},"_links":{"self":[{"href":"https:\/\/lyfilter.com\/tr\/wp-json\/wp\/v2\/product\/2354","targetHints":{"allow":["GET"]}}],"collection":[{"href":"https:\/\/lyfilter.com\/tr\/wp-json\/wp\/v2\/product"}],"about":[{"href":"https:\/\/lyfilter.com\/tr\/wp-json\/wp\/v2\/types\/product"}],"replies":[{"embeddable":true,"href":"https:\/\/lyfilter.com\/tr\/wp-json\/wp\/v2\/comments?post=2354"}],"wp:featuredmedia":[{"embeddable":true,"href":"https:\/\/lyfilter.com\/tr\/wp-json\/wp\/v2\/media\/2362"}],"wp:attachment":[{"href":"https:\/\/lyfilter.com\/tr\/wp-json\/wp\/v2\/media?parent=2354"}],"wp:term":[{"taxonomy":"product_brand","embeddable":true,"href":"https:\/\/lyfilter.com\/tr\/wp-json\/wp\/v2\/product_brand?post=2354"},{"taxonomy":"product_cat","embeddable":true,"href":"https:\/\/lyfilter.com\/tr\/wp-json\/wp\/v2\/product_cat?post=2354"},{"taxonomy":"product_tag","embeddable":true,"href":"https:\/\/lyfilter.com\/tr\/wp-json\/wp\/v2\/product_tag?post=2354"}],"curies":[{"name":"wp","href":"https:\/\/api.w.org\/{rel}","templated":true}]}}