{"id":2348,"date":"2026-01-07T02:05:42","date_gmt":"2026-01-07T02:05:42","guid":{"rendered":"https:\/\/lyfilter.com\/?post_type=product&#038;p=2348"},"modified":"2026-01-07T02:07:55","modified_gmt":"2026-01-07T02:07:55","slug":"stainless-steel-sus304-316l-basket-stainer","status":"publish","type":"product","link":"https:\/\/lyfilter.com\/tr\/stainless-steel-sus304-316l-basket-stainer\/","title":{"rendered":"Paslanmaz \u00c7elik SUS304 316L Sepet Boyay\u0131c\u0131"},"content":{"rendered":"<div class=\"unit-detail-html-tabs__content-attr\">\n<div class=\"unit-product-attrparam\">\n<div class=\"unit-product-attrparam__items row\">\n<div class=\"col-12 col-md-6\">\n<div class=\"unit-product-attrparam__item\">\n<div class=\"unit-product-attrparam__label\">\n<table>\n<thead>\n<tr>\n<th>tedarik yetene\u011fi<\/th>\n<th>1000000 adet\/ay<\/th>\n<\/tr>\n<\/thead>\n<tbody>\n<tr>\n<td>malzeme<\/td>\n<td>paslanmaz \u00e7elik<\/td>\n<\/tr>\n<tr>\n<td>kullan\u0131labilirlik<\/td>\n<td>oem<\/td>\n<\/tr>\n<\/tbody>\n<\/table>\n<\/div>\n<\/div>\n<\/div>\n<\/div>\n<\/div>\n<\/div>\n<div class=\"unit-detail-html-tabs__content-featuresAttr\"><\/div>\n<div class=\"unit-detail-html-tabs__content-html\">\n<p><strong>Paslanmaz \u00c7elik SUS304 316L Sepet Boyay\u0131c\u0131\u00a0<\/strong><\/p>\n<p>Sepet filtre, boru hatt\u0131ndaki kal\u0131nt\u0131lar\u0131 filtrelemek i\u00e7in ya\u011f veya di\u011fer s\u0131v\u0131 boru hatlar\u0131nda kullan\u0131l\u0131r. Filtre deli\u011finin alan\u0131, orifis borusunun alan\u0131ndan 2-3 kat daha b\u00fcy\u00fckt\u00fcr ve Y tipi ve T tipi filtrelerin filtre alan\u0131n\u0131 \u00e7ok a\u015far. . Filtre do\u011frulu\u011fu, filtreler aras\u0131nda en iyi do\u011frulu\u011fa sahip filtreye aittir. Filtre s\u00fczgeci yap\u0131s\u0131 di\u011fer filtre s\u00fczge\u00e7lerinden farkl\u0131d\u0131r. \u015eekli sepet gibi oldu\u011fu i\u00e7in sepet filtre olarak adland\u0131r\u0131l\u0131r.<\/p>\n<p><img decoding=\"async\" src=\"https:\/\/img.yfisher.com\/m6076\/1725732668r28\/jpg70-t3-scale100.webp\" alt=\"Paslanmaz \u00c7elik SUS304 316L Sepet Boyay\u0131c\u0131 7\" data-lazy=\"2\" title=\"\"><\/p>\n<p><img decoding=\"async\" src=\"https:\/\/img.yfisher.com\/m6076\/17257326684vf\/jpg70-t3-scale100.webp\" alt=\"Paslanmaz \u00c7elik SUS304 316L Sepet Ta\u015flay\u0131c\u0131 8\" data-lazy=\"2\" title=\"\"><\/p>\n<p><img decoding=\"async\" src=\"https:\/\/img.yfisher.com\/m6076\/1725732668q29\/jpg70-t3-scale100.webp\" alt=\"Paslanmaz \u00c7elik SUS304 316L Sepet Boyay\u0131c\u0131 9\" data-lazy=\"2\" title=\"\"><\/p>\n<p><img decoding=\"async\" src=\"https:\/\/img.yfisher.com\/m6076\/1725732668f4v\/jpg70-t3-scale100.webp\" alt=\"Paslanmaz \u00c7elik SUS304 316L Sepet Boyay\u0131c\u0131 10\" data-lazy=\"2\" title=\"\"><\/p>\n<p><img decoding=\"async\" src=\"https:\/\/img.yfisher.com\/m6076\/172573266819z\/jpg70-t3-scale100.webp\" alt=\"Paslanmaz \u00c7elik SUS304 316L Sepet Boyay\u0131c\u0131 11\" data-lazy=\"2\" title=\"\"><\/p>\n<p><img decoding=\"async\" src=\"https:\/\/img.yfisher.com\/m6076\/1725732668cxf\/jpg70-t3-scale100.webp\" alt=\"Paslanmaz \u00c7elik SUS304 316L Sepet Boyay\u0131c\u0131 12\" data-lazy=\"2\" title=\"\"><\/p>\n<p><img decoding=\"async\" src=\"https:\/\/img.yfisher.com\/m6076\/172573266846j\/jpg70-t3-scale100.webp\" alt=\"Paslanmaz \u00c7elik SUS304 316L Sepet Boyay\u0131c\u0131 13\" data-lazy=\"2\" title=\"\"><\/p>\n<p><img decoding=\"async\" src=\"https:\/\/img.yfisher.com\/m6076\/1725732668t3h\/jpg70-t3-scale100.webp\" alt=\"Paslanmaz \u00c7elik SUS304 316L Sepet Boyay\u0131c\u0131 14\" data-lazy=\"2\" title=\"\"><\/p>\n<\/div>","protected":false},"excerpt":{"rendered":"<table>\n<thead>\n<tr>\n<th>ba\u015flang\u0131\u00e7 portu<\/th>\n<th>Guangzhou<\/th>\n<\/tr>\n<\/thead>\n<tbody>\n<tr>\n<td>\u00fcreti\u0307m kapasi\u0307tesi\u0307<\/td>\n<td>10000 adet\/ay<\/td>\n<\/tr>\n<tr>\n<td>men\u015fe yeri<\/td>\n<td>Guangdong, \u00c7in<\/td>\n<\/tr>\n<tr>\n<td>\u00f6deme<\/td>\n<td>T \/ T, Alibaba Ticaret G\u00fcvencesi, paypal<\/td>\n<\/tr>\n<tr>\n<td>moq<\/td>\n<td>1 adet<\/td>\n<\/tr>\n<tr>\n<td>TESL\u0130MAT S\u00dcRES\u0130<\/td>\n<td>7 i\u015f g\u00fcn\u00fc i\u00e7erisinde<\/td>\n<\/tr>\n<tr>\n<td>BELGELEND\u0130RME<\/td>\n<td>ISO 9001<\/td>\n<\/tr>\n<tr>\n<td>marka<\/td>\n<td>OEM\/Lvyuan<\/td>\n<\/tr>\n<\/tbody>\n<\/table>","protected":false},"featured_media":2355,"comment_status":"open","ping_status":"closed","template":"","meta":{"_gspb_post_css":""},"product_brand":[],"product_cat":[15],"product_tag":[263,964,289,260,280,282],"class_list":{"0":"post-2348","1":"product","2":"type-product","3":"status-publish","4":"has-post-thumbnail","6":"product_cat-stainless-steel-filter-housing","7":"product_tag-fast-delivery","8":"product_tag-guangdong-manufacturer","9":"product_tag-guangzhou-shipping","10":"product_tag-iso-9001","11":"product_tag-low-moq","12":"product_tag-oem-lvyuan","14":"first","15":"instock","16":"shipping-taxable","17":"product-type-simple"},"_links":{"self":[{"href":"https:\/\/lyfilter.com\/tr\/wp-json\/wp\/v2\/product\/2348","targetHints":{"allow":["GET"]}}],"collection":[{"href":"https:\/\/lyfilter.com\/tr\/wp-json\/wp\/v2\/product"}],"about":[{"href":"https:\/\/lyfilter.com\/tr\/wp-json\/wp\/v2\/types\/product"}],"replies":[{"embeddable":true,"href":"https:\/\/lyfilter.com\/tr\/wp-json\/wp\/v2\/comments?post=2348"}],"wp:featuredmedia":[{"embeddable":true,"href":"https:\/\/lyfilter.com\/tr\/wp-json\/wp\/v2\/media\/2355"}],"wp:attachment":[{"href":"https:\/\/lyfilter.com\/tr\/wp-json\/wp\/v2\/media?parent=2348"}],"wp:term":[{"taxonomy":"product_brand","embeddable":true,"href":"https:\/\/lyfilter.com\/tr\/wp-json\/wp\/v2\/product_brand?post=2348"},{"taxonomy":"product_cat","embeddable":true,"href":"https:\/\/lyfilter.com\/tr\/wp-json\/wp\/v2\/product_cat?post=2348"},{"taxonomy":"product_tag","embeddable":true,"href":"https:\/\/lyfilter.com\/tr\/wp-json\/wp\/v2\/product_tag?post=2348"}],"curies":[{"name":"wp","href":"https:\/\/api.w.org\/{rel}","templated":true}]}}