{"id":2331,"date":"2026-01-07T02:01:30","date_gmt":"2026-01-07T02:01:30","guid":{"rendered":"https:\/\/lyfilter.com\/?post_type=product&#038;p=2331"},"modified":"2026-01-07T02:01:30","modified_gmt":"2026-01-07T02:01:30","slug":"stainless-steel-multi-cartridge-filter-housing","status":"publish","type":"product","link":"https:\/\/lyfilter.com\/tr\/stainless-steel-multi-cartridge-filter-housing\/","title":{"rendered":"Paslanmaz \u00c7elik \u00c7oklu Kartu\u015f Filtre Muhafazas\u0131"},"content":{"rendered":"<div class=\"unit-detail-html-tabs__content-attr\">\n<div class=\"unit-product-attrparam\">\n<div class=\"unit-product-attrparam__items row\">\n<div class=\"col-12 col-md-6\">\n<div class=\"unit-product-attrparam__item\">\n<div class=\"unit-product-attrparam__label\">\n<table>\n<thead>\n<tr>\n<th>tedarik yetene\u011fi<\/th>\n<th>1000000 adet\/ay<\/th>\n<\/tr>\n<\/thead>\n<tbody>\n<tr>\n<td>malzeme<\/td>\n<td>paslanmaz \u00e7elik<\/td>\n<\/tr>\n<tr>\n<td>kullan\u0131labilirlik<\/td>\n<td>oem<\/td>\n<\/tr>\n<\/tbody>\n<\/table>\n<\/div>\n<\/div>\n<\/div>\n<\/div>\n<\/div>\n<\/div>\n<div class=\"unit-detail-html-tabs__content-featuresAttr\"><\/div>\n<div class=\"unit-detail-html-tabs__content-html\">\n<p><strong>\u00c7ok \u00e7ekirdekli kartu\u015f filtre muhafazas\u0131<\/strong>\u00a0end\u00fcstride yayg\u0131n olarak kullan\u0131lan paslanmaz \u00e7elik kabuk ve filtre eleman\u0131ndan olu\u015fur. Ham su, filtre eleman\u0131ndan d\u0131\u015far\u0131dan i\u00e7eriye do\u011fru ge\u00e7er, bir araya toplan\u0131r ve merkezden d\u0131\u015far\u0131 akar ve ham sudaki tanecikli safs\u0131zl\u0131klar filtre eleman\u0131n\u0131n y\u00fczeyinde tutulur, b\u00f6ylece filtrasyon ve ar\u0131tma amac\u0131na ula\u015f\u0131l\u0131r.<\/p>\n<p><img decoding=\"async\" src=\"https:\/\/img.yfisher.com\/m6076\/1725732651dx4\/jpg70-t3-scale100.webp\" alt=\"Paslanmaz \u00c7elik \u00c7oklu Kartu\u015f Filtre Muhafazas\u0131 6\" data-lazy=\"2\" title=\"\"><\/p>\n<p><img decoding=\"async\" src=\"https:\/\/img.yfisher.com\/m6076\/1725732651v2p\/jpg70-t3-scale100.webp\" alt=\"Paslanmaz \u00c7elik \u00c7oklu Kartu\u015f Filtre Muhafazas\u0131 7\" data-lazy=\"2\" title=\"\"><\/p>\n<p><img decoding=\"async\" src=\"https:\/\/img.yfisher.com\/m6076\/1725732652qwa\/jpg70-t3-scale100.webp\" alt=\"Paslanmaz \u00c7elik \u00c7oklu Kartu\u015f Filtre Muhafazas\u0131 8\" data-lazy=\"2\" title=\"\"><\/p>\n<p><img decoding=\"async\" src=\"https:\/\/img.yfisher.com\/m6076\/1725732652e6x\/jpg70-t3-scale100.webp\" alt=\"Paslanmaz \u00c7elik \u00c7oklu Kartu\u015f Filtre Muhafazas\u0131 9\" data-lazy=\"2\" title=\"\"><\/p>\n<p><img decoding=\"async\" src=\"https:\/\/img.yfisher.com\/m6076\/17257326527px\/jpg70-t3-scale100.webp\" alt=\"Paslanmaz \u00c7elik \u00c7oklu Kartu\u015f Filtre Muhafazas\u0131 10\" data-lazy=\"2\" title=\"\"><\/p>\n<p><img decoding=\"async\" src=\"https:\/\/img.yfisher.com\/m6076\/172573265275t\/jpg70-t3-scale100.webp\" alt=\"Paslanmaz \u00c7elik \u00c7oklu Kartu\u015f Filtre Muhafazas\u0131 11\" data-lazy=\"2\" title=\"\"><\/p>\n<\/div>","protected":false},"excerpt":{"rendered":"<table>\n<thead>\n<tr>\n<th>ba\u015flang\u0131\u00e7 portu<\/th>\n<th>Guangzhou<\/th>\n<\/tr>\n<\/thead>\n<tbody>\n<tr>\n<td>\u00fcreti\u0307m kapasi\u0307tesi\u0307<\/td>\n<td>10000 adet\/ay<\/td>\n<\/tr>\n<tr>\n<td>men\u015fe yeri<\/td>\n<td>Guangdong, \u00c7in<\/td>\n<\/tr>\n<tr>\n<td>\u00f6deme<\/td>\n<td>T \/ T, Alibaba Ticaret G\u00fcvencesi, paypal<\/td>\n<\/tr>\n<tr>\n<td>moq<\/td>\n<td>1 adet<\/td>\n<\/tr>\n<tr>\n<td>TESL\u0130MAT S\u00dcRES\u0130<\/td>\n<td>7 i\u015f g\u00fcn\u00fc i\u00e7erisinde<\/td>\n<\/tr>\n<tr>\n<td>BELGELEND\u0130RME<\/td>\n<td>ISO 9001<\/td>\n<\/tr>\n<tr>\n<td>marka<\/td>\n<td>OEM\/Lvyuan<\/td>\n<\/tr>\n<\/tbody>\n<\/table>","protected":false},"featured_media":2343,"comment_status":"open","ping_status":"closed","template":"","meta":{"_gspb_post_css":""},"product_brand":[],"product_cat":[15],"product_tag":[263,964,289,260,280,282],"class_list":{"0":"post-2331","1":"product","2":"type-product","3":"status-publish","4":"has-post-thumbnail","6":"product_cat-stainless-steel-filter-housing","7":"product_tag-fast-delivery","8":"product_tag-guangdong-manufacturer","9":"product_tag-guangzhou-shipping","10":"product_tag-iso-9001","11":"product_tag-low-moq","12":"product_tag-oem-lvyuan","14":"first","15":"instock","16":"shipping-taxable","17":"product-type-simple"},"_links":{"self":[{"href":"https:\/\/lyfilter.com\/tr\/wp-json\/wp\/v2\/product\/2331","targetHints":{"allow":["GET"]}}],"collection":[{"href":"https:\/\/lyfilter.com\/tr\/wp-json\/wp\/v2\/product"}],"about":[{"href":"https:\/\/lyfilter.com\/tr\/wp-json\/wp\/v2\/types\/product"}],"replies":[{"embeddable":true,"href":"https:\/\/lyfilter.com\/tr\/wp-json\/wp\/v2\/comments?post=2331"}],"wp:featuredmedia":[{"embeddable":true,"href":"https:\/\/lyfilter.com\/tr\/wp-json\/wp\/v2\/media\/2343"}],"wp:attachment":[{"href":"https:\/\/lyfilter.com\/tr\/wp-json\/wp\/v2\/media?parent=2331"}],"wp:term":[{"taxonomy":"product_brand","embeddable":true,"href":"https:\/\/lyfilter.com\/tr\/wp-json\/wp\/v2\/product_brand?post=2331"},{"taxonomy":"product_cat","embeddable":true,"href":"https:\/\/lyfilter.com\/tr\/wp-json\/wp\/v2\/product_cat?post=2331"},{"taxonomy":"product_tag","embeddable":true,"href":"https:\/\/lyfilter.com\/tr\/wp-json\/wp\/v2\/product_tag?post=2331"}],"curies":[{"name":"wp","href":"https:\/\/api.w.org\/{rel}","templated":true}]}}