{"id":2317,"date":"2026-01-07T01:59:12","date_gmt":"2026-01-07T01:59:12","guid":{"rendered":"https:\/\/lyfilter.com\/?post_type=product&#038;p=2317"},"modified":"2026-01-07T01:59:12","modified_gmt":"2026-01-07T01:59:12","slug":"stainless-steel-deplux-filter-housing","status":"publish","type":"product","link":"https:\/\/lyfilter.com\/tr\/stainless-steel-deplux-filter-housing\/","title":{"rendered":"Paslanmaz \u00c7elik Deplux Filtre Muhafazas\u0131"},"content":{"rendered":"<p><strong>Paslanmaz \u00c7elik Deplux Filtre Muhafazas\u0131\u00a0<\/strong><\/p>\n<p>Deplux Filtre Muhafazas\u0131, iki tek silindirli filtreyi bir makine taban\u0131na monte eden ve s\u00fcrekli \u00e7al\u0131\u015fmas\u0131n\u0131 sa\u011flamak i\u00e7in filtreyi temizlerken durmas\u0131 gerekmeyen iki konumlu alt\u0131 yollu bir ters \u00e7evirme valfi kullan\u0131r. A\u011f tipi ya\u011f filtresi SPL \u00e7ift silindirli seri ve DPL tek silindirli seri olarak ikiye ayr\u0131l\u0131r. \u00dcr\u00fcn\u00fcn \u00e7al\u0131\u015fmas\u0131 g\u00fcvenilirdir, bak\u0131m\u0131 kolayd\u0131r ve ba\u015fka g\u00fc\u00e7 kaynaklar\u0131 gerektirmez. Filtre eleman\u0131, y\u00fcksek mukavemete ve ya\u011f ge\u00e7irme kapasitesine sahip tel \u00f6rg\u00fcden yap\u0131lm\u0131\u015f bir filtredir. Filtrasyon do\u011frulu\u011funu sa\u011flamak i\u00e7in b\u00fcy\u00fck, temizlenmesi kolay ve \u00e7ift silindirli serinin di\u011fer \u00f6zellikleri, ana bilgisayar\u0131n \u00e7al\u0131\u015fmas\u0131 s\u0131ras\u0131nda kesintisiz d\u00f6n\u00fc\u015f\u00fcm ve temizlik sa\u011flayabilir.<\/p>","protected":false},"excerpt":{"rendered":"<table>\n<thead>\n<tr>\n<th>ba\u015flang\u0131\u00e7 portu<\/th>\n<th>Guangzhou<\/th>\n<\/tr>\n<\/thead>\n<tbody>\n<tr>\n<td>\u00fcreti\u0307m kapasi\u0307tesi\u0307<\/td>\n<td>10000 adet\/ay<\/td>\n<\/tr>\n<tr>\n<td>men\u015fe yeri<\/td>\n<td>Guangdong, \u00c7in<\/td>\n<\/tr>\n<tr>\n<td>\u00f6deme<\/td>\n<td>T \/ T, Alibaba Ticaret G\u00fcvencesi, paypal<\/td>\n<\/tr>\n<tr>\n<td>moq<\/td>\n<td>1 adet<\/td>\n<\/tr>\n<tr>\n<td>TESL\u0130MAT S\u00dcRES\u0130<\/td>\n<td>7 i\u015f g\u00fcn\u00fc i\u00e7erisinde<\/td>\n<\/tr>\n<tr>\n<td>BELGELEND\u0130RME<\/td>\n<td>CE, ISO 9001<\/td>\n<\/tr>\n<tr>\n<td>marka<\/td>\n<td>OEM\/Lvyuan<\/td>\n<\/tr>\n<\/tbody>\n<\/table>","protected":false},"featured_media":2339,"comment_status":"open","ping_status":"closed","template":"","meta":{"_gspb_post_css":""},"product_brand":[],"product_cat":[15],"product_tag":[963,263,289,260,280,282],"class_list":{"0":"post-2317","1":"product","2":"type-product","3":"status-publish","4":"has-post-thumbnail","6":"product_cat-stainless-steel-filter-housing","7":"product_tag-ce-certified","8":"product_tag-fast-delivery","9":"product_tag-guangzhou-shipping","10":"product_tag-iso-9001","11":"product_tag-low-moq","12":"product_tag-oem-lvyuan","14":"first","15":"instock","16":"shipping-taxable","17":"product-type-simple"},"_links":{"self":[{"href":"https:\/\/lyfilter.com\/tr\/wp-json\/wp\/v2\/product\/2317","targetHints":{"allow":["GET"]}}],"collection":[{"href":"https:\/\/lyfilter.com\/tr\/wp-json\/wp\/v2\/product"}],"about":[{"href":"https:\/\/lyfilter.com\/tr\/wp-json\/wp\/v2\/types\/product"}],"replies":[{"embeddable":true,"href":"https:\/\/lyfilter.com\/tr\/wp-json\/wp\/v2\/comments?post=2317"}],"wp:featuredmedia":[{"embeddable":true,"href":"https:\/\/lyfilter.com\/tr\/wp-json\/wp\/v2\/media\/2339"}],"wp:attachment":[{"href":"https:\/\/lyfilter.com\/tr\/wp-json\/wp\/v2\/media?parent=2317"}],"wp:term":[{"taxonomy":"product_brand","embeddable":true,"href":"https:\/\/lyfilter.com\/tr\/wp-json\/wp\/v2\/product_brand?post=2317"},{"taxonomy":"product_cat","embeddable":true,"href":"https:\/\/lyfilter.com\/tr\/wp-json\/wp\/v2\/product_cat?post=2317"},{"taxonomy":"product_tag","embeddable":true,"href":"https:\/\/lyfilter.com\/tr\/wp-json\/wp\/v2\/product_tag?post=2317"}],"curies":[{"name":"wp","href":"https:\/\/api.w.org\/{rel}","templated":true}]}}