{"id":2291,"date":"2026-01-07T01:44:12","date_gmt":"2026-01-07T01:44:12","guid":{"rendered":"https:\/\/lyfilter.com\/?post_type=product&#038;p=2291"},"modified":"2026-01-07T01:44:13","modified_gmt":"2026-01-07T01:44:13","slug":"filter-element-stainless-steel-filter-tube","status":"publish","type":"product","link":"https:\/\/lyfilter.com\/tr\/filter-element-stainless-steel-filter-tube\/","title":{"rendered":"Filtre eleman\u0131 paslanmaz \u00e7elik filtre t\u00fcp\u00fc"},"content":{"rendered":"<div class=\"unit-detail-html-tabs__content-attr\">\n<div class=\"unit-product-attrparam\">\n<div class=\"unit-product-attrparam__items row\">\n<div class=\"col-12 col-md-6\">\n<div class=\"unit-product-attrparam__item\">\n<div class=\"unit-product-attrparam__label\">\n<table>\n<thead>\n<tr>\n<th>malzeme<\/th>\n<th>paslanmaz \u00e7elik<\/th>\n<\/tr>\n<\/thead>\n<tbody>\n<tr>\n<td>kullan\u0131labilirlik<\/td>\n<td>oem<\/td>\n<\/tr>\n<\/tbody>\n<\/table>\n<\/div>\n<\/div>\n<\/div>\n<\/div>\n<\/div>\n<\/div>\n<div class=\"unit-detail-html-tabs__content-featuresAttr\"><\/div>\n<div class=\"unit-detail-html-tabs__content-html\">\n<p><strong>Filtre eleman\u0131 paslanmaz \u00e7elik filtre t\u00fcp\u00fc<\/strong><\/p>\n<p>paslanmaz \u00e7elik filtre t\u00fcp\u00fc, vakumda lamine edilmi\u015f ve sinterlenmi\u015f standart be\u015f katmanl\u0131 sinterlenmi\u015f a\u011fdan olu\u015fur. Bu t\u00fcr filtre kartu\u015fu, y\u00fcksek mukavemet, y\u00fcksek a\u015f\u0131nd\u0131r\u0131c\u0131l\u0131k, m\u00fckemmel ge\u00e7irgenlik, kolay y\u0131kama ve geri y\u0131kama, do\u011fru filtre verimlili\u011fi vb. gibi a\u015fa\u011f\u0131daki avantajlara sahiptir.<\/p>\n<p>Standrad Sinterlenmi\u015f Mesh be\u015f katmandan olu\u015fur: koruyucu katman, filtre katman\u0131, dispersiyon katman\u0131, iki takviye a\u011f\u0131. Y\u00fczey filtreleme yap\u0131s\u0131 ve a\u011f\u0131n p\u00fcr\u00fczs\u00fcz teli sayesinde, geri y\u0131kama ve rejenerasyonda iyidir. Ayr\u0131ca, bu a\u011f\u0131n \u015fekillendirilmesi, i\u015flenmesi ve kaynaklanmas\u0131 kolayd\u0131r. Dairesel, kartu\u015f, koni ve pileler gibi bir\u00e7ok \u015fekilde \u00fcretilebilir.<\/p>\n<p>\u00dcr\u00fcn A\u00e7\u0131klamas\u0131<\/p>\n<p>nomal fi\u0307ltre derecesi\u0307 (um): 2,5,10,20,40<\/p>\n<p>kontrol katman\u0131 (a\u011f): 325*2400 200*1400 165*1400 165*800 50*250<\/p>\n<p>ge\u00e7irgenlik (%):38<\/p>\n<p>kabarc\u0131k noktas\u0131 bas\u0131nc\u0131: 280-640(2um) 250-600(5um) 220-550(10um) 180-450(20um) 150-400(40um)<\/p>\n<p>kal\u0131nl\u0131k (mm): 1,7<\/p>\n<p>a\u011f\u0131rl\u0131k(kg):8.4<\/p>\n<p>Ana Ba\u011flant\u0131 Tipi<\/p>\n<p>*222, 220, 226 gibi standart aray\u00fczler<\/p>\n<p>*H\u0131zl\u0131 aray\u00fcz<\/p>\n<p>*Flan\u015f ba\u011flant\u0131s\u0131<\/p>\n<p>*Ba\u011flant\u0131 \u00e7ubu\u011fu ba\u011flant\u0131s\u0131<\/p>\n<p>*\u0130\u015f par\u00e7ac\u0131kl\u0131 ba\u011flant\u0131<\/p>\n<p>*\u00d6zelle\u015ftirilmi\u015f ba\u011flant\u0131<\/p>\n<\/div>","protected":false},"excerpt":{"rendered":"<table>\n<thead>\n<tr>\n<th>ba\u015flang\u0131\u00e7 portu<\/th>\n<th>Guangzhou<\/th>\n<\/tr>\n<\/thead>\n<tbody>\n<tr>\n<td>\u00fcreti\u0307m kapasi\u0307tesi\u0307<\/td>\n<td>10000 adet\/ay<\/td>\n<\/tr>\n<tr>\n<td>men\u015fe yeri<\/td>\n<td>Guangdong, \u00c7in<\/td>\n<\/tr>\n<tr>\n<td>\u00f6deme<\/td>\n<td>T \/ T, Alibaba Ticaret G\u00fcvencesi, paypal<\/td>\n<\/tr>\n<tr>\n<td>moq<\/td>\n<td>1 adet<\/td>\n<\/tr>\n<tr>\n<td>model<\/td>\n<td>LY-FB<\/td>\n<\/tr>\n<tr>\n<td>TESL\u0130MAT S\u00dcRES\u0130<\/td>\n<td>7 i\u015f g\u00fcn\u00fc i\u00e7erisinde<\/td>\n<\/tr>\n<tr>\n<td>BELGELEND\u0130RME<\/td>\n<td>ISO 9001<\/td>\n<\/tr>\n<tr>\n<td>marka<\/td>\n<td>OEM\/Lvyuan<\/td>\n<\/tr>\n<\/tbody>\n<\/table>","protected":false},"featured_media":2304,"comment_status":"open","ping_status":"closed","template":"","meta":{"_gspb_post_css":""},"product_brand":[],"product_cat":[17,22],"product_tag":[954,289,260,280,282,953],"class_list":{"0":"post-2291","1":"product","2":"type-product","3":"status-publish","4":"has-post-thumbnail","6":"product_cat-sediment-filter","7":"product_cat-sintered-filter-cartridge","8":"product_tag-custom-paper-tubes","9":"product_tag-guangzhou-shipping","10":"product_tag-iso-9001","11":"product_tag-low-moq","12":"product_tag-oem-lvyuan","13":"product_tag-paper-tube-packaging","15":"first","16":"instock","17":"shipping-taxable","18":"product-type-simple"},"_links":{"self":[{"href":"https:\/\/lyfilter.com\/tr\/wp-json\/wp\/v2\/product\/2291","targetHints":{"allow":["GET"]}}],"collection":[{"href":"https:\/\/lyfilter.com\/tr\/wp-json\/wp\/v2\/product"}],"about":[{"href":"https:\/\/lyfilter.com\/tr\/wp-json\/wp\/v2\/types\/product"}],"replies":[{"embeddable":true,"href":"https:\/\/lyfilter.com\/tr\/wp-json\/wp\/v2\/comments?post=2291"}],"wp:featuredmedia":[{"embeddable":true,"href":"https:\/\/lyfilter.com\/tr\/wp-json\/wp\/v2\/media\/2304"}],"wp:attachment":[{"href":"https:\/\/lyfilter.com\/tr\/wp-json\/wp\/v2\/media?parent=2291"}],"wp:term":[{"taxonomy":"product_brand","embeddable":true,"href":"https:\/\/lyfilter.com\/tr\/wp-json\/wp\/v2\/product_brand?post=2291"},{"taxonomy":"product_cat","embeddable":true,"href":"https:\/\/lyfilter.com\/tr\/wp-json\/wp\/v2\/product_cat?post=2291"},{"taxonomy":"product_tag","embeddable":true,"href":"https:\/\/lyfilter.com\/tr\/wp-json\/wp\/v2\/product_tag?post=2291"}],"curies":[{"name":"wp","href":"https:\/\/api.w.org\/{rel}","templated":true}]}}