{"id":2289,"date":"2026-01-07T01:42:03","date_gmt":"2026-01-07T01:42:03","guid":{"rendered":"https:\/\/lyfilter.com\/?post_type=product&#038;p=2289"},"modified":"2026-01-07T01:42:03","modified_gmt":"2026-01-07T01:42:03","slug":"pneumatic-plastic-muffler-silencer-with-sound-absorbing","status":"publish","type":"product","link":"https:\/\/lyfilter.com\/tr\/pneumatic-plastic-muffler-silencer-with-sound-absorbing\/","title":{"rendered":"Ses Emici Pn\u00f6matik Plastik Susturucu Susturucu"},"content":{"rendered":"<div class=\"unit-detail-html-tabs__content-attr\">\n<div class=\"unit-product-attrparam\">\n<div class=\"unit-product-attrparam__items row\">\n<div class=\"col-12 col-md-6\">\n<div class=\"unit-product-attrparam__item\">\n<div class=\"unit-product-attrparam__label\">\n<table>\n<thead>\n<tr>\n<th>tedarik yetene\u011fi<\/th>\n<th>1000000 adet\/ay<\/th>\n<\/tr>\n<\/thead>\n<tbody>\n<tr>\n<td>malzeme<\/td>\n<td>pe<\/td>\n<\/tr>\n<tr>\n<td>kullan\u0131labilirlik<\/td>\n<td>oem<\/td>\n<\/tr>\n<\/tbody>\n<\/table>\n<\/div>\n<\/div>\n<\/div>\n<\/div>\n<\/div>\n<\/div>\n<div class=\"unit-detail-html-tabs__content-featuresAttr\"><\/div>\n<div class=\"unit-detail-html-tabs__content-html\">\n<p><strong>Ses Emici Pn\u00f6matik Plastik Susturucu Susturucu<\/strong><\/p>\n<p><strong>Plastik Susturucu Susturucu\u00a0<\/strong>\u00a0end\u00fcstriyel ekipman, petrokimya ve metalurjide \u00e7e\u015fitli kazan buhar\u0131 t\u00fcrlerinde kullan\u0131l\u0131r.<\/p>\n<p>Modern end\u00fcstride, susturucular \u00fcretim ekipmanlar\u0131n\u0131n g\u00fcr\u00fclt\u00fcs\u00fcn\u00fc etkili bir \u015fekilde azaltabilir ve sistemdeki en k\u00fc\u00e7\u00fck ekipman\u0131 ve kullan\u0131m s\u0131ras\u0131nda en iyi denge sistemini sa\u011flayabilir.<\/p>\n<p>Genel olarak, cihazlar geni\u015f bir boyut yelpazesine, \u00e7ipler i\u00e7in standart konumland\u0131rmaya ve pn\u00f6matik ekipmana kolay da\u011f\u0131l\u0131m sa\u011flayan sa\u011flam aray\u00fczlere sahiptir.<\/p>\n<p>Avantajlar\uff1a<\/p>\n<p>Bir\u00e7ok a\u00e7\u0131dan, metal bir susturucunun a\u011f\u0131rl\u0131\u011f\u0131 bir susturucudan daha \u00f6nemlidir: daha az g\u00fcr\u00fclt\u00fc, filtrelenmi\u015f havaya kar\u015f\u0131 daha fazla diren\u00e7, geli\u015fmi\u015f kapasite, da\u011f\u0131labilirlik ve sol malzeme, dayan\u0131kl\u0131l\u0131k, montaj h\u0131z\u0131 ve maliyet.<\/p>\n<\/div>","protected":false},"excerpt":{"rendered":"<table>\n<thead>\n<tr>\n<th>ba\u015flang\u0131\u00e7 portu<\/th>\n<th>Guangzhou<\/th>\n<\/tr>\n<\/thead>\n<tbody>\n<tr>\n<td>\u00fcreti\u0307m kapasi\u0307tesi\u0307<\/td>\n<td>10000 adet\/ay<\/td>\n<\/tr>\n<tr>\n<td>men\u015fe yeri<\/td>\n<td>Guangdong, \u00c7in<\/td>\n<\/tr>\n<tr>\n<td>\u00f6deme<\/td>\n<td>T \/ T, Alibaba Ticaret G\u00fcvencesi, paypal<\/td>\n<\/tr>\n<tr>\n<td>moq<\/td>\n<td>1 adet<\/td>\n<\/tr>\n<tr>\n<td>TESL\u0130MAT S\u00dcRES\u0130<\/td>\n<td>7 i\u015f g\u00fcn\u00fc i\u00e7erisinde<\/td>\n<\/tr>\n<tr>\n<td>BELGELEND\u0130RME<\/td>\n<td>ISO 9001<\/td>\n<\/tr>\n<tr>\n<td>marka<\/td>\n<td>OEM\/Lvyuan<\/td>\n<\/tr>\n<\/tbody>\n<\/table>","protected":false},"featured_media":2292,"comment_status":"open","ping_status":"closed","template":"","meta":{"_gspb_post_css":""},"product_brand":[],"product_cat":[17,22],"product_tag":[954,289,260,280,282,953],"class_list":{"0":"post-2289","1":"product","2":"type-product","3":"status-publish","4":"has-post-thumbnail","6":"product_cat-sediment-filter","7":"product_cat-sintered-filter-cartridge","8":"product_tag-custom-paper-tubes","9":"product_tag-guangzhou-shipping","10":"product_tag-iso-9001","11":"product_tag-low-moq","12":"product_tag-oem-lvyuan","13":"product_tag-paper-tube-packaging","15":"first","16":"instock","17":"shipping-taxable","18":"product-type-simple"},"_links":{"self":[{"href":"https:\/\/lyfilter.com\/tr\/wp-json\/wp\/v2\/product\/2289","targetHints":{"allow":["GET"]}}],"collection":[{"href":"https:\/\/lyfilter.com\/tr\/wp-json\/wp\/v2\/product"}],"about":[{"href":"https:\/\/lyfilter.com\/tr\/wp-json\/wp\/v2\/types\/product"}],"replies":[{"embeddable":true,"href":"https:\/\/lyfilter.com\/tr\/wp-json\/wp\/v2\/comments?post=2289"}],"wp:featuredmedia":[{"embeddable":true,"href":"https:\/\/lyfilter.com\/tr\/wp-json\/wp\/v2\/media\/2292"}],"wp:attachment":[{"href":"https:\/\/lyfilter.com\/tr\/wp-json\/wp\/v2\/media?parent=2289"}],"wp:term":[{"taxonomy":"product_brand","embeddable":true,"href":"https:\/\/lyfilter.com\/tr\/wp-json\/wp\/v2\/product_brand?post=2289"},{"taxonomy":"product_cat","embeddable":true,"href":"https:\/\/lyfilter.com\/tr\/wp-json\/wp\/v2\/product_cat?post=2289"},{"taxonomy":"product_tag","embeddable":true,"href":"https:\/\/lyfilter.com\/tr\/wp-json\/wp\/v2\/product_tag?post=2289"}],"curies":[{"name":"wp","href":"https:\/\/api.w.org\/{rel}","templated":true}]}}