{"id":2283,"date":"2026-01-07T01:37:49","date_gmt":"2026-01-07T01:37:49","guid":{"rendered":"https:\/\/lyfilter.com\/?post_type=product&#038;p=2283"},"modified":"2026-01-07T01:37:49","modified_gmt":"2026-01-07T01:37:49","slug":"sintered-plastic-pe-pp-ptfe-outdoor-moisture-filter","status":"publish","type":"product","link":"https:\/\/lyfilter.com\/tr\/sintered-plastic-pe-pp-ptfe-outdoor-moisture-filter\/","title":{"rendered":"Sinterlenmi\u015f plastik PE PP PTFE d\u0131\u015f mekan nem filtresi"},"content":{"rendered":"<div class=\"unit-detail-html-tabs__content-attr\">\n<div class=\"unit-product-attrparam\">\n<div class=\"unit-product-attrparam__items row\">\n<div class=\"col-12 col-md-6\">\n<div class=\"unit-product-attrparam__item\">\n<div class=\"unit-product-attrparam__label\">\n<table>\n<thead>\n<tr>\n<th>malzeme<\/th>\n<th>pe<\/th>\n<\/tr>\n<\/thead>\n<tbody>\n<tr>\n<td>kullan\u0131labilirlik<\/td>\n<td>OEM\/ODM<\/td>\n<\/tr>\n<\/tbody>\n<\/table>\n<\/div>\n<\/div>\n<\/div>\n<\/div>\n<\/div>\n<\/div>\n<div class=\"unit-detail-html-tabs__content-featuresAttr\"><\/div>\n<div class=\"unit-detail-html-tabs__content-html\">\n<p><strong>Sinterlenmi\u015f plastik PE PP PTFE d\u0131\u015f mekan nem filtresi<\/strong><\/p>\n<div class=\"table-responsive\">\n<table width=\"462\" cellspacing=\"0\" cellpadding=\"0\" data-spm-anchor-id=\"a2700.details.0.i31.45026d68wBggxE\">\n<tbody>\n<tr class=\"firstRow\">\n<td width=\"205\" height=\"10\">\n<p data-spm-anchor-id=\"a2700.details.0.i30.45026d68wBggxE\">Stil<\/p>\n<\/td>\n<td width=\"237\" height=\"10\">Silindir<\/td>\n<\/tr>\n<tr>\n<td width=\"205\" height=\"2\">Malzeme Bile\u015fimi<\/td>\n<td width=\"237\" height=\"2\">PE, PP<\/td>\n<\/tr>\n<tr>\n<td width=\"205\" height=\"27\">\u00dcr\u00fcn No.<\/td>\n<td width=\"237\" height=\"27\">SPF1522170PEDGM20<\/td>\n<\/tr>\n<tr>\n<td width=\"205\" height=\"27\">\u015eekil<\/td>\n<td width=\"237\" height=\"27\">Silindir<\/td>\n<\/tr>\n<tr>\n<td width=\"205\" height=\"27\">KIMLIK<\/td>\n<td width=\"237\" height=\"27\">15<\/td>\n<\/tr>\n<tr>\n<td width=\"205\" height=\"27\">OD<\/td>\n<td width=\"237\" height=\"27\">22<\/td>\n<\/tr>\n<tr>\n<td width=\"205\" height=\"27\">Uzunluk<\/td>\n<td width=\"237\" height=\"27\">170<\/td>\n<\/tr>\n<tr>\n<td width=\"205\" height=\"30\">A\u015fa\u011f\u0131ya Kadar Partik\u00fcl Boyutunu Kald\u0131r\u0131r<\/td>\n<td width=\"237\" height=\"30\">\n<p data-spm-anchor-id=\"a2700.details.0.i32.45026d68wBggxE\">20 Mikron<\/p>\n<\/td>\n<\/tr>\n<tr>\n<td width=\"205\" height=\"21\">Maksimum Ak\u0131\u015f H\u0131z\u0131<\/td>\n<td width=\"237\" height=\"21\">9 scfm @ 100psi<\/td>\n<\/tr>\n<\/tbody>\n<\/table>\n<\/div>\n<p><img decoding=\"async\" src=\"https:\/\/img.yfisher.com\/m6076\/17257326288n0\/png70-t3-scale100.webp\" alt=\"Sinterlenmi\u015f plastik PE PP PTFE d\u0131\u015f mekan nem filtresi 2\" data-lazy=\"2\" title=\"\"><\/p>\n<p>- Bas\u0131n\u00e7 d\u00fc\u015f\u00fc\u015f\u00fc. G\u00f6zeneklilik, i\u00e7inde dola\u015fan s\u0131v\u0131n\u0131n bas\u0131nc\u0131n\u0131 d\u00fc\u015f\u00fcr\u00fcr. Farkl\u0131 uygulamalar \u015funlard\u0131r: pn\u00f6matik ve hidrolik devrelerde bas\u0131n\u00e7 kontrol\u00fc (kompansat\u00f6rler, s\u00fczge\u00e7ler, reg\u00fclat\u00f6rler), gaz borular\u0131n\u0131n g\u00fcr\u00fclt\u00fc emilimi (Susturucular), pn\u00f6matik silindirler, sens\u00f6rler ve manometrelerin korunmas\u0131, di\u015fli kutular\u0131 vb.<\/p>\n<p>- Ak\u0131\u015f kontrol\u00fc. \u0130zotropik ve homojen g\u00f6zeneklilik, i\u00e7inde dola\u015fan bir s\u0131v\u0131n\u0131n g\u00f6zenekli par\u00e7an\u0131n \u00e7\u0131k\u0131\u015f\u0131nda sabit bir ak\u0131\u015fa sahip olmas\u0131n\u0131 sa\u011flar. Tipik uygulamalar \u0131s\u0131 e\u015fanj\u00f6rleri, t\u0131bbi gazlar, t\u00fcpl\u00fc dal\u0131\u015f, end\u00fcstriyel gazlar vb.<\/p>\n<p>- Havaland\u0131rma. G\u00f6zeneklilik yoluyla hava sirk\u00fclasyonu, g\u00f6zenekli bile\u015fenin \u00e7\u0131k\u0131\u015f\u0131nda sabit ve kontroll\u00fc bir hava ak\u0131\u015f\u0131 ile sonu\u00e7lan\u0131r. Kullan\u0131m sekt\u00f6rleri \u015funlard\u0131r: g\u0131da end\u00fcstrisinde s\u0131v\u0131lar\u0131n yeniden ge\u00e7i\u015fi (lik\u00f6rler, \u015faraplar ve gazl\u0131 i\u00e7ecekler), iyonizasyon, gaz br\u00fcl\u00f6rleri, akvaryumlar, klinik analizler vb.<\/p>\n<p>- Ak\u0131\u015fkanla\u015ft\u0131rma. G\u00f6zenekli bile\u015fen boyunca hava sirk\u00fclasyonu, \u00e7\u0131k\u0131\u015f ak\u0131\u015f\u0131n\u0131n t\u00fcm noktalarda ayn\u0131 bas\u0131n\u00e7la da\u011f\u0131t\u0131lmas\u0131 sonucunu do\u011furarak toz \u00fcr\u00fcnlerin kontroll\u00fc bir \u015fekilde ta\u015f\u0131nmas\u0131n\u0131 sa\u011flar. Bu \u00f6zellik \u015fu ama\u00e7larla kullan\u0131l\u0131r: \u00e7imento, un, al\u00fcmina, k\u00fcl, toner tozu vb. ta\u015f\u0131nmas\u0131.<\/p>\n<\/div>","protected":false},"excerpt":{"rendered":"<table>\n<thead>\n<tr>\n<th>ba\u015flang\u0131\u00e7 portu<\/th>\n<th>Guangzhou<\/th>\n<\/tr>\n<\/thead>\n<tbody>\n<tr>\n<td>\u00fcreti\u0307m kapasi\u0307tesi\u0307<\/td>\n<td>10000 adet\/ay<\/td>\n<\/tr>\n<tr>\n<td>men\u015fe yeri<\/td>\n<td>Guangdong, \u00c7in<\/td>\n<\/tr>\n<tr>\n<td>\u00f6deme<\/td>\n<td>T \/ T<\/td>\n<\/tr>\n<tr>\n<td>moq<\/td>\n<td>1 adet<\/td>\n<\/tr>\n<tr>\n<td>model<\/td>\n<td>LY-FB<\/td>\n<\/tr>\n<tr>\n<td>TESL\u0130MAT S\u00dcRES\u0130<\/td>\n<td>7 i\u015f g\u00fcn\u00fc i\u00e7erisinde<\/td>\n<\/tr>\n<tr>\n<td>marka<\/td>\n<td>OEM\/Lvyuan<\/td>\n<\/tr>\n<\/tbody>\n<\/table>","protected":false},"featured_media":2290,"comment_status":"open","ping_status":"closed","template":"","meta":{"_gspb_post_css":""},"product_brand":[],"product_cat":[17,22],"product_tag":[954,263,289,280,282,953],"class_list":{"0":"post-2283","1":"product","2":"type-product","3":"status-publish","4":"has-post-thumbnail","6":"product_cat-sediment-filter","7":"product_cat-sintered-filter-cartridge","8":"product_tag-custom-paper-tubes","9":"product_tag-fast-delivery","10":"product_tag-guangzhou-shipping","11":"product_tag-low-moq","12":"product_tag-oem-lvyuan","13":"product_tag-paper-tube-packaging","15":"first","16":"instock","17":"shipping-taxable","18":"product-type-simple"},"_links":{"self":[{"href":"https:\/\/lyfilter.com\/tr\/wp-json\/wp\/v2\/product\/2283","targetHints":{"allow":["GET"]}}],"collection":[{"href":"https:\/\/lyfilter.com\/tr\/wp-json\/wp\/v2\/product"}],"about":[{"href":"https:\/\/lyfilter.com\/tr\/wp-json\/wp\/v2\/types\/product"}],"replies":[{"embeddable":true,"href":"https:\/\/lyfilter.com\/tr\/wp-json\/wp\/v2\/comments?post=2283"}],"wp:featuredmedia":[{"embeddable":true,"href":"https:\/\/lyfilter.com\/tr\/wp-json\/wp\/v2\/media\/2290"}],"wp:attachment":[{"href":"https:\/\/lyfilter.com\/tr\/wp-json\/wp\/v2\/media?parent=2283"}],"wp:term":[{"taxonomy":"product_brand","embeddable":true,"href":"https:\/\/lyfilter.com\/tr\/wp-json\/wp\/v2\/product_brand?post=2283"},{"taxonomy":"product_cat","embeddable":true,"href":"https:\/\/lyfilter.com\/tr\/wp-json\/wp\/v2\/product_cat?post=2283"},{"taxonomy":"product_tag","embeddable":true,"href":"https:\/\/lyfilter.com\/tr\/wp-json\/wp\/v2\/product_tag?post=2283"}],"curies":[{"name":"wp","href":"https:\/\/api.w.org\/{rel}","templated":true}]}}