{"id":2280,"date":"2026-01-07T01:36:14","date_gmt":"2026-01-07T01:36:14","guid":{"rendered":"https:\/\/lyfilter.com\/?post_type=product&#038;p=2280"},"modified":"2026-04-24T16:47:04","modified_gmt":"2026-04-24T16:47:04","slug":"exhaust-control-pneumatic-pe-plastic-silencer-muffler","status":"publish","type":"product","link":"https:\/\/lyfilter.com\/tr\/exhaust-control-pneumatic-pe-plastic-silencer-muffler\/","title":{"rendered":"Egzoz kontrol\u00fc pn\u00f6matik PE plastik susturucu susturucu"},"content":{"rendered":"<div class=\"unit-detail-html-tabs__content-attr\">\n<div class=\"unit-product-attrparam\">\n<div class=\"unit-product-attrparam__items row\">\n<div class=\"col-12 col-md-6\">\n<div class=\"unit-product-attrparam__item\">\n<div class=\"unit-product-attrparam__label\">\n<table>\n<thead>\n<tr>\n<th>malzeme<\/th>\n<th>pe<\/th>\n<\/tr>\n<\/thead>\n<tbody>\n<tr>\n<td>kullan\u0131labilirlik<\/td>\n<td>OEM\/ODM<\/td>\n<\/tr>\n<\/tbody>\n<\/table>\n<\/div>\n<\/div>\n<\/div>\n<\/div>\n<\/div>\n<\/div>\n<div class=\"unit-detail-html-tabs__content-featuresAttr\"><\/div>\n<div class=\"unit-detail-html-tabs__content-html\">\n<p><strong>Egzoz kontrol\u00fc pn\u00f6matik PE plastik susturucu susturucu<\/strong><\/p>\n<p><strong>\u00dcr\u00fcn \u00d6l\u00e7\u00fcleri<\/strong><\/p>\n<p>Plastik susturucu pn\u00f6matik plastik sessizlik<\/p>\n<p>Kabuk Malzemesi:POM<\/p>\n<p>Filtre Malzemesi:PE<\/p>\n<div class=\"table-responsive\">\n<table align=\"left\" data-sort=\"sortDisabled\">\n<tbody>\n<tr class=\"firstRow\">\n<td colspan=\"1\" rowspan=\"2\" valign=\"top\" width=\"403\">\u00a0 \u00a0 \u00a0 \u00a0 \u00a0 \u00a0 \u00a0 \u00a0\u00a0<strong>\u00a0 \u00a0 \u00a0 \u00a0 Model PSE<\/strong><\/td>\n<td colspan=\"2\" rowspan=\"1\" valign=\"top\" height=\"20\">\u00a0 \u00a0 \u00a0 \u00a0 \u00a0 \u00a0 \u00a0 \u00a0 \u00a0 \u00a0 \u00a0 \u00a0 \u00a0 \u00a0 \u00a0 \u00a0 \u00a0 \u00a0 \u00a0 \u00a0 \u00a0 \u00a0 \u00a0 \u00a0 \u00a0 \u00a0 \u00a0 \u00a0 \u00a0 \u00a0 \u00a0 \u00a0 \u00a0 \u00a0\u00a0<strong>\u00a0 \u00a0 \u00a0Boyut<\/strong><\/td>\n<\/tr>\n<tr>\n<td align=\"center\" valign=\"middle\" width=\"403\" height=\"20\"><strong>L<\/strong><\/td>\n<td align=\"center\" valign=\"middle\" width=\"403\" height=\"20\"><strong>S<\/strong><\/td>\n<\/tr>\n<tr>\n<td align=\"center\" valign=\"middle\" width=\"403\" height=\"20\">1\/8\u201d<\/td>\n<td align=\"center\" valign=\"middle\" width=\"403\" height=\"20\">5<\/td>\n<td align=\"center\" valign=\"middle\" width=\"403\" height=\"20\">6<\/td>\n<\/tr>\n<tr>\n<td align=\"center\" valign=\"middle\" width=\"403\" height=\"20\">1\/4\u201d<\/td>\n<td align=\"center\" valign=\"middle\" width=\"403\" height=\"20\">6<\/td>\n<td align=\"center\" valign=\"middle\" width=\"403\" height=\"20\">8<\/td>\n<\/tr>\n<tr>\n<td align=\"center\" valign=\"middle\" width=\"403\" height=\"20\">3\/8\u201d<\/td>\n<td align=\"center\" valign=\"middle\" width=\"403\" height=\"20\">7<\/td>\n<td align=\"center\" valign=\"middle\" width=\"403\" height=\"20\">10<\/td>\n<\/tr>\n<tr>\n<td align=\"center\" valign=\"middle\" width=\"403\" height=\"20\">1\/2\u201d<\/td>\n<td align=\"center\" valign=\"middle\" width=\"403\" height=\"20\">8<\/td>\n<td align=\"center\" valign=\"middle\" width=\"403\" height=\"20\">15<\/td>\n<\/tr>\n<tr>\n<td align=\"center\" valign=\"middle\" width=\"403\" height=\"20\">3\/4\u201d<\/td>\n<td align=\"center\" valign=\"middle\" width=\"403\" height=\"20\">9<\/td>\n<td align=\"center\" valign=\"middle\" width=\"403\" height=\"20\">20<\/td>\n<\/tr>\n<tr>\n<td align=\"center\" valign=\"middle\" width=\"403\" height=\"20\">1\/8\u201d<\/td>\n<td align=\"center\" valign=\"middle\" width=\"403\" height=\"20\">10<\/td>\n<td align=\"center\" valign=\"middle\" width=\"403\" height=\"20\">26<\/td>\n<\/tr>\n<\/tbody>\n<\/table>\n<\/div>\n<p><img decoding=\"async\" src=\"https:\/\/img.yfisher.com\/m6076\/1725286994kf5\/jpg70-t3-scale100.webp\" alt=\"Egzoz kontrol\u00fc pn\u00f6matik PE plastik susturucu susturucu 6\" data-lazy=\"2\" title=\"\"><\/p>\n<p><strong>\u00d6zellikler:<\/strong><\/p>\n<p>1. Otomobil par\u00e7alar\u0131 egzoz susturucusu<\/p>\n<p>2. Tam titanyum y\u00fcksek performans<\/p>\n<p>3. Malzeme: paslanmaz \u00e7elik veya tam titanyum iste\u011fe ba\u011fl\u0131d\u0131r<\/p>\n<p>4. S\u00fcre\u00e7 boyunca s\u0131k\u0131 kalite kontrol\u00fc<\/p>\n<p>5. profesyonel tasar\u0131m<\/p>\n<p>6. Y\u00fcksek performansl\u0131 tam egzoz sistemi<\/p>\n<p>7. Ayna veya Mat kaplama<\/p>\n<p><img decoding=\"async\" src=\"https:\/\/img.yfisher.com\/m6076\/1725286994d5r\/jpg70-t3-scale100.webp\" alt=\"Egzoz kontrol\u00fc pn\u00f6matik PE plastik susturucu susturucu 7\" data-lazy=\"2\" title=\"\"><\/p>\n<p><strong>\u00dcretim At\u00f6lyesi<\/strong><\/p>\n<p><img decoding=\"async\" src=\"https:\/\/img.yfisher.com\/m6076\/1725286994yiv\/jpg70-t3-scale100.webp\" alt=\"Egzoz kontrol\u00fc pn\u00f6matik PE plastik susturucu susturucu 8\" data-lazy=\"2\" title=\"\"><\/p>\n<\/div>","protected":false},"excerpt":{"rendered":"<table>\n<thead>\n<tr>\n<th>ba\u015flang\u0131\u00e7 portu<\/th>\n<th>Guangzhou<\/th>\n<\/tr>\n<\/thead>\n<tbody>\n<tr>\n<td>\u00fcreti\u0307m kapasi\u0307tesi\u0307<\/td>\n<td>10000 adet\/ay<\/td>\n<\/tr>\n<tr>\n<td>men\u015fe yeri<\/td>\n<td>Guangdong, \u00c7in<\/td>\n<\/tr>\n<tr>\n<td>\u00f6deme<\/td>\n<td>T \/ T, Alibaba Ticaret G\u00fcvencesi<\/td>\n<\/tr>\n<tr>\n<td>moq<\/td>\n<td>1 adet<\/td>\n<\/tr>\n<tr>\n<td>model<\/td>\n<td>LY-FB<\/td>\n<\/tr>\n<tr>\n<td>TESL\u0130MAT S\u00dcRES\u0130<\/td>\n<td>7 i\u015f g\u00fcn\u00fc i\u00e7erisinde<\/td>\n<\/tr>\n<tr>\n<td>BELGELEND\u0130RME<\/td>\n<td>ISO 9001<\/td>\n<\/tr>\n<tr>\n<td>marka<\/td>\n<td>OEM\/Lvyuan<\/td>\n<\/tr>\n<\/tbody>\n<\/table>","protected":false},"featured_media":2284,"comment_status":"open","ping_status":"closed","template":"","meta":{"_gspb_post_css":""},"product_brand":[],"product_cat":[17,22],"product_tag":[956,279,954,289,260,282,953],"class_list":{"0":"post-2280","1":"product","2":"type-product","3":"status-publish","4":"has-post-thumbnail","6":"product_cat-sediment-filter","7":"product_cat-sintered-filter-cartridge","8":"product_tag-1-piece-moq","9":"product_tag-alibaba-trade-assurance","10":"product_tag-custom-paper-tubes","11":"product_tag-guangzhou-shipping","12":"product_tag-iso-9001","13":"product_tag-oem-lvyuan","14":"product_tag-paper-tube-packaging","16":"first","17":"instock","18":"shipping-taxable","19":"product-type-simple"},"_links":{"self":[{"href":"https:\/\/lyfilter.com\/tr\/wp-json\/wp\/v2\/product\/2280","targetHints":{"allow":["GET"]}}],"collection":[{"href":"https:\/\/lyfilter.com\/tr\/wp-json\/wp\/v2\/product"}],"about":[{"href":"https:\/\/lyfilter.com\/tr\/wp-json\/wp\/v2\/types\/product"}],"replies":[{"embeddable":true,"href":"https:\/\/lyfilter.com\/tr\/wp-json\/wp\/v2\/comments?post=2280"}],"wp:featuredmedia":[{"embeddable":true,"href":"https:\/\/lyfilter.com\/tr\/wp-json\/wp\/v2\/media\/2284"}],"wp:attachment":[{"href":"https:\/\/lyfilter.com\/tr\/wp-json\/wp\/v2\/media?parent=2280"}],"wp:term":[{"taxonomy":"product_brand","embeddable":true,"href":"https:\/\/lyfilter.com\/tr\/wp-json\/wp\/v2\/product_brand?post=2280"},{"taxonomy":"product_cat","embeddable":true,"href":"https:\/\/lyfilter.com\/tr\/wp-json\/wp\/v2\/product_cat?post=2280"},{"taxonomy":"product_tag","embeddable":true,"href":"https:\/\/lyfilter.com\/tr\/wp-json\/wp\/v2\/product_tag?post=2280"}],"curies":[{"name":"wp","href":"https:\/\/api.w.org\/{rel}","templated":true}]}}