{"id":2277,"date":"2026-01-07T01:33:21","date_gmt":"2026-01-07T01:33:21","guid":{"rendered":"https:\/\/lyfilter.com\/?post_type=product&#038;p=2277"},"modified":"2026-01-07T01:33:21","modified_gmt":"2026-01-07T01:33:21","slug":"factory-oem-high-quality-white-pe-hydrophilic-filter","status":"publish","type":"product","link":"https:\/\/lyfilter.com\/tr\/factory-oem-high-quality-white-pe-hydrophilic-filter\/","title":{"rendered":"Fabrika OEM y\u00fcksek kaliteli beyaz pe hidrofilik filtre"},"content":{"rendered":"<p><img decoding=\"async\" src=\"https:\/\/img.yfisher.com\/m6076\/1725732626jg0\/jpg70-t3-scale100.webp\" alt=\"Fabrika OEM y\u00fcksek kaliteli beyaz pe hidrofilik filtre 2\" data-lazy=\"2\" title=\"\"><\/p>\n<p>Y\u00fcksek kalite ve maliyetli yap\u0131\u015ft\u0131r\u0131c\u0131s\u0131 nedeniyle polietilen, filmlerinin ve \u00e7e\u015fitli \u00fcr\u00fcnlerinin \u00f6zel \u00f6zelliklerine, uzama \u00f6zelliklerine ve \u00e7\u00f6zg\u00fc ve atk\u0131lar\u0131na sahiptir. PE malzemenin y\u00fczeyine yap\u0131\u015fma ve PE malzemenin ana i\u015fleme yap\u0131\u015ft\u0131r\u0131c\u0131s\u0131n\u0131n performans\u0131n\u0131n iyile\u015ftirilmesi, esas olarak PE malzemenin y\u00fczeyinin yap\u0131\u015fmas\u0131 ve ara\u015ft\u0131rma ve geli\u015ftirme molek\u00fclleri ile elde edilir.<\/p>\n<p>(2) Malzemenin y\u00fczey enerjisini iyile\u015ftirin;<\/p>\n<p>(3) \u00dcr\u00fcn y\u00fczeyinin p\u00fcr\u00fczl\u00fcl\u00fc\u011f\u00fcn\u00fc iyile\u015ftirin;<\/p>\n<p>(4) \u00dcr\u00fcn y\u00fczeyindeki zay\u0131f y\u00fczey tabakas\u0131n\u0131 temizleyin.<\/p>","protected":false},"excerpt":{"rendered":"<table>\n<thead>\n<tr>\n<th>\u00d6\u011fe<\/th>\n<th>DETAYLAR<\/th>\n<\/tr>\n<\/thead>\n<tbody>\n<tr>\n<td>malzeme oda\u011f\u0131<\/td>\n<td>polietilen (PE) filmler ve PE \u00fcr\u00fcnleri<\/td>\n<\/tr>\n<tr>\n<td>hedef<\/td>\n<td>yap\u0131\u015fmay\u0131 ve genel yap\u0131\u015ft\u0131rma\/kaplama performans\u0131n\u0131 iyile\u015ftirir<\/td>\n<\/tr>\n<tr>\n<td>anahtar yakla\u015f\u0131m<\/td>\n<td>y\u00fczey i\u015flemi + y\u00fczey ba\u011f\u0131n\u0131 art\u0131rmak i\u00e7in hedeflenen molek\u00fcler Ar-Ge<\/td>\n<\/tr>\n<tr>\n<td>\u0130Y\u0130LE\u015eT\u0130RME 1<\/td>\n<td>malzemenin y\u00fczey enerjisini y\u00fckseltmek<\/td>\n<\/tr>\n<tr>\n<td>\u0130Y\u0130LE\u015eT\u0130RME 2<\/td>\n<td>\u00fcr\u00fcn\u00fcn y\u00fczey p\u00fcr\u00fczl\u00fcl\u00fc\u011f\u00fcn\u00fc art\u0131rmak<\/td>\n<\/tr>\n<tr>\n<td>\u0130Y\u0130LE\u015eT\u0130RME 3<\/td>\n<td>\u00fcr\u00fcn y\u00fczeyindeki zay\u0131f y\u00fczey tabakas\u0131n\u0131 kald\u0131r\u0131n<\/td>\n<\/tr>\n<\/tbody>\n<\/table>","protected":false},"featured_media":2281,"comment_status":"open","ping_status":"closed","template":"","meta":{"_gspb_post_css":""},"product_brand":[],"product_cat":[17,22],"product_tag":[962,957,958,960,959,961],"class_list":{"0":"post-2277","1":"product","2":"type-product","3":"status-publish","4":"has-post-thumbnail","6":"product_cat-sediment-filter","7":"product_cat-sintered-filter-cartridge","8":"product_tag-pe-film-bonding","9":"product_tag-pe-surface-treatment","10":"product_tag-polyethylene-adhesion","11":"product_tag-roughness-enhancement","12":"product_tag-surface-energy-improvement","13":"product_tag-weak-layer-removal","15":"first","16":"instock","17":"shipping-taxable","18":"product-type-simple"},"_links":{"self":[{"href":"https:\/\/lyfilter.com\/tr\/wp-json\/wp\/v2\/product\/2277","targetHints":{"allow":["GET"]}}],"collection":[{"href":"https:\/\/lyfilter.com\/tr\/wp-json\/wp\/v2\/product"}],"about":[{"href":"https:\/\/lyfilter.com\/tr\/wp-json\/wp\/v2\/types\/product"}],"replies":[{"embeddable":true,"href":"https:\/\/lyfilter.com\/tr\/wp-json\/wp\/v2\/comments?post=2277"}],"wp:featuredmedia":[{"embeddable":true,"href":"https:\/\/lyfilter.com\/tr\/wp-json\/wp\/v2\/media\/2281"}],"wp:attachment":[{"href":"https:\/\/lyfilter.com\/tr\/wp-json\/wp\/v2\/media?parent=2277"}],"wp:term":[{"taxonomy":"product_brand","embeddable":true,"href":"https:\/\/lyfilter.com\/tr\/wp-json\/wp\/v2\/product_brand?post=2277"},{"taxonomy":"product_cat","embeddable":true,"href":"https:\/\/lyfilter.com\/tr\/wp-json\/wp\/v2\/product_cat?post=2277"},{"taxonomy":"product_tag","embeddable":true,"href":"https:\/\/lyfilter.com\/tr\/wp-json\/wp\/v2\/product_tag?post=2277"}],"curies":[{"name":"wp","href":"https:\/\/api.w.org\/{rel}","templated":true}]}}