{"id":2274,"date":"2026-01-07T01:30:24","date_gmt":"2026-01-07T01:30:24","guid":{"rendered":"https:\/\/lyfilter.com\/?post_type=product&#038;p=2274"},"modified":"2026-01-07T01:30:24","modified_gmt":"2026-01-07T01:30:24","slug":"stainless-steel-sintered-filter-disc-custom-metal-filter-discs","status":"publish","type":"product","link":"https:\/\/lyfilter.com\/tr\/stainless-steel-sintered-filter-disc-custom-metal-filter-discs\/","title":{"rendered":"Paslanmaz \u00c7elik Sinterlenmi\u015f Filtre Diski \u00d6zel Metal Filtre Diskleri"},"content":{"rendered":"<p>Paslanmaz \u00c7elik Sinterlenmi\u015f Filtre Diski \u00d6zel Metal Filtre Diskleri<\/p>\n<p>Lvyuan sinterlenmi\u015f disk filtreler, kat\u0131 partik\u00fclleri gaz veya s\u0131v\u0131 i\u00e7inde hapseden k\u0131vr\u0131ml\u0131 yollara sahip son derece homojen, birbirine ba\u011fl\u0131 g\u00f6zenek a\u011flar\u0131ndan olu\u015fur. \u00dcst\u00fcn mekanik dayan\u0131ma sahip m\u00fckemmel derinlik filtreleridir. Paslanmaz \u00c7elik Tip 316L, oksitleyici ortamlarda 750\u00b0F'ye (399\u00b0C) ve indirgeyici ortamlarda 900\u00b0F'ye (482\u00b0C) kadar s\u0131cakl\u0131klara dayan\u0131r. Bu filtreler ultrasonik banyo veya ters ak\u0131\u015fl\u0131 y\u0131kama gibi di\u011fer y\u00f6ntemlerle temizlenebilir. Uygulaman\u0131z korozyon, s\u0131cakl\u0131k, a\u015f\u0131nma ve titre\u015fime kar\u015f\u0131 daha fazla diren\u00e7 gerektiriyorsa, di\u011fer nikel bazl\u0131 ala\u015f\u0131mlar da mevcuttur. L\u00fctfen bizimle ileti\u015fime ge\u00e7in<\/p>\n<p>info@lyfilter.com<\/p>","protected":false},"excerpt":{"rendered":"<table>\n<thead>\n<tr>\n<th>ba\u015flang\u0131\u00e7 portu<\/th>\n<th>Guangzhou<\/th>\n<\/tr>\n<\/thead>\n<tbody>\n<tr>\n<td>\u00fcreti\u0307m kapasi\u0307tesi\u0307<\/td>\n<td>10000 adet\/ay<\/td>\n<\/tr>\n<tr>\n<td>men\u015fe yeri<\/td>\n<td>Guangdong, \u00c7in<\/td>\n<\/tr>\n<tr>\n<td>\u00f6deme<\/td>\n<td>T \/ T, Western Union<\/td>\n<\/tr>\n<tr>\n<td>moq<\/td>\n<td>1 adet<\/td>\n<\/tr>\n<tr>\n<td>model<\/td>\n<td>LY-FB<\/td>\n<\/tr>\n<tr>\n<td>TESL\u0130MAT S\u00dcRES\u0130<\/td>\n<td>7 i\u015f g\u00fcn\u00fc i\u00e7erisinde<\/td>\n<\/tr>\n<tr>\n<td>BELGELEND\u0130RME<\/td>\n<td>ISO 9001<\/td>\n<\/tr>\n<tr>\n<td>marka<\/td>\n<td>OEM\/Lvyuan<\/td>\n<\/tr>\n<\/tbody>\n<\/table>","protected":false},"featured_media":2279,"comment_status":"open","ping_status":"closed","template":"","meta":{"_gspb_post_css":""},"product_brand":[],"product_cat":[17,22],"product_tag":[956,954,289,260,282,953],"class_list":{"0":"post-2274","1":"product","2":"type-product","3":"status-publish","4":"has-post-thumbnail","6":"product_cat-sediment-filter","7":"product_cat-sintered-filter-cartridge","8":"product_tag-1-piece-moq","9":"product_tag-custom-paper-tubes","10":"product_tag-guangzhou-shipping","11":"product_tag-iso-9001","12":"product_tag-oem-lvyuan","13":"product_tag-paper-tube-packaging","15":"first","16":"instock","17":"shipping-taxable","18":"product-type-simple"},"_links":{"self":[{"href":"https:\/\/lyfilter.com\/tr\/wp-json\/wp\/v2\/product\/2274","targetHints":{"allow":["GET"]}}],"collection":[{"href":"https:\/\/lyfilter.com\/tr\/wp-json\/wp\/v2\/product"}],"about":[{"href":"https:\/\/lyfilter.com\/tr\/wp-json\/wp\/v2\/types\/product"}],"replies":[{"embeddable":true,"href":"https:\/\/lyfilter.com\/tr\/wp-json\/wp\/v2\/comments?post=2274"}],"wp:featuredmedia":[{"embeddable":true,"href":"https:\/\/lyfilter.com\/tr\/wp-json\/wp\/v2\/media\/2279"}],"wp:attachment":[{"href":"https:\/\/lyfilter.com\/tr\/wp-json\/wp\/v2\/media?parent=2274"}],"wp:term":[{"taxonomy":"product_brand","embeddable":true,"href":"https:\/\/lyfilter.com\/tr\/wp-json\/wp\/v2\/product_brand?post=2274"},{"taxonomy":"product_cat","embeddable":true,"href":"https:\/\/lyfilter.com\/tr\/wp-json\/wp\/v2\/product_cat?post=2274"},{"taxonomy":"product_tag","embeddable":true,"href":"https:\/\/lyfilter.com\/tr\/wp-json\/wp\/v2\/product_tag?post=2274"}],"curies":[{"name":"wp","href":"https:\/\/api.w.org\/{rel}","templated":true}]}}