{"id":2270,"date":"2026-01-07T01:26:34","date_gmt":"2026-01-07T01:26:34","guid":{"rendered":"https:\/\/lyfilter.com\/?post_type=product&#038;p=2270"},"modified":"2026-05-08T01:23:44","modified_gmt":"2026-05-08T01:23:44","slug":"microns-porous-sinter-filter-tube-plastic-pe","status":"publish","type":"product","link":"https:\/\/lyfilter.com\/tr\/microns-porous-sinter-filter-tube-plastic-pe\/","title":{"rendered":"Mikron G\u00f6zenekli Sinter Filtre T\u00fcp\u00fc Plastik PE"},"content":{"rendered":"<p><strong>Mikron G\u00f6zenekli Sinter Filtre T\u00fcp\u00fc Plastik PE\u00a0<\/strong><\/p>\n<p>Lvyuan Sinterlenmi\u015f filtre esas olarak ultra y\u00fcksek molek\u00fcler a\u011f\u0131rl\u0131kl\u0131 polietilen (PE ve PA), politetrafloroetilen (PTFE), paslanmaz \u00e7elik tozu, bak\u0131r tozu ve di\u011fer malzemelerin sinterlenmesi, kompakt, g\u00fc\u00e7l\u00fc, hafif, y\u00fcksek bas\u0131n\u00e7 alt\u0131nda \u00e7al\u0131\u015fabilen, toksik olmayan tats\u0131z, asit, alkali ve \u00e7\u00f6z\u00fcc\u00fclere kar\u015f\u0131 iyi korozyon direncine sahiptir. Sinterlenmi\u015f filtre se\u00e7imi, i\u015f g\u00fcvenli\u011fi, \u00fcretim ortam\u0131n\u0131 iyile\u015ftirme ve alan k\u00fc\u00e7\u00fckt\u00fcr, herhangi bir se\u00e7im alt\u0131nda s\u0131v\u0131 ak\u0131\u015f filtrasyon alan\u0131 (1 - 200m2), \u00f6zellikle lage su ar\u0131tma ve kimyasal \u00fcretim, farmas\u00f6tik, g\u0131da ve di\u011fer s\u0131v\u0131 filtrasyon i\u00e7in uygundur.<\/p>\n<p><img decoding=\"async\" src=\"https:\/\/img.yfisher.com\/m6076\/1725732617lty\/png70-t3-scale100.webp\" alt=\"Mikron G\u00f6zenekli Sinter Filtre T\u00fcp\u00fc Plastik PE 2\" data-lazy=\"2\" title=\"\"><\/p>\n<p><strong>Hidrofobik ve Hidrofilik Test<\/strong><\/p>\n<p><img decoding=\"async\" src=\"https:\/\/img.yfisher.com\/m6076\/1725732617qyx\/png70-t3-scale100.webp\" alt=\"Mikron G\u00f6zenekli Sinter Filtre T\u00fcp\u00fc Plastik PE 3\" data-lazy=\"2\" title=\"\"><\/p>\n<p><img decoding=\"async\" src=\"https:\/\/img.yfisher.com\/m6076\/172573261772x\/png70-t3-scale100.webp\" alt=\"Mikron G\u00f6zenekli Sinter Filtre T\u00fcp\u00fc Plastik PE 4\" data-lazy=\"2\" title=\"\"><\/p>\n<p>Standart boyutlar\u0131m\u0131z ihtiya\u00e7lar\u0131n\u0131z\u0131 kar\u015f\u0131lam\u0131yorsa, \u00f6zel boyutlar sipari\u015f edilebilir. \u00d6zel boyut prototip numuneleriniz h\u0131zl\u0131 bir \u015fekilde haz\u0131r olacakt\u0131r.<\/p>","protected":false},"excerpt":{"rendered":"<table>\n<thead>\n<tr>\n<th>\u00d6\u011fe<\/th>\n<th>DETAYLAR<\/th>\n<\/tr>\n<\/thead>\n<tbody>\n<tr>\n<td>ba\u015flang\u0131\u00e7 portu<\/td>\n<td>Guangzhou<\/td>\n<\/tr>\n<tr>\n<td>\u00fcreti\u0307m kapasi\u0307tesi\u0307<\/td>\n<td>10000 adet\/ay<\/td>\n<\/tr>\n<tr>\n<td>men\u015fe yeri<\/td>\n<td>Guangdong, \u00c7in<\/td>\n<\/tr>\n<tr>\n<td>\u00f6deme<\/td>\n<td>Western Union, Alibaba Ticaret G\u00fcvencesi<\/td>\n<\/tr>\n<tr>\n<td>moq<\/td>\n<td>1 adet<\/td>\n<\/tr>\n<tr>\n<td>model<\/td>\n<td>LY-FB<\/td>\n<\/tr>\n<tr>\n<td>TESL\u0130MAT S\u00dcRES\u0130<\/td>\n<td>7 i\u015f g\u00fcn\u00fc i\u00e7erisinde<\/td>\n<\/tr>\n<tr>\n<td>BELGELEND\u0130RME<\/td>\n<td>ISO 9001<\/td>\n<\/tr>\n<tr>\n<td>marka<\/td>\n<td>OEM\/Lvyuan<\/td>\n<\/tr>\n<\/tbody>\n<\/table>","protected":false},"featured_media":2273,"comment_status":"open","ping_status":"closed","template":"","meta":{"_gspb_post_css":""},"product_brand":[],"product_cat":[17,22],"product_tag":[956,954,289,260,282,953],"class_list":{"0":"post-2270","1":"product","2":"type-product","3":"status-publish","4":"has-post-thumbnail","6":"product_cat-sediment-filter","7":"product_cat-sintered-filter-cartridge","8":"product_tag-1-piece-moq","9":"product_tag-custom-paper-tubes","10":"product_tag-guangzhou-shipping","11":"product_tag-iso-9001","12":"product_tag-oem-lvyuan","13":"product_tag-paper-tube-packaging","15":"first","16":"instock","17":"shipping-taxable","18":"product-type-simple"},"_links":{"self":[{"href":"https:\/\/lyfilter.com\/tr\/wp-json\/wp\/v2\/product\/2270","targetHints":{"allow":["GET"]}}],"collection":[{"href":"https:\/\/lyfilter.com\/tr\/wp-json\/wp\/v2\/product"}],"about":[{"href":"https:\/\/lyfilter.com\/tr\/wp-json\/wp\/v2\/types\/product"}],"replies":[{"embeddable":true,"href":"https:\/\/lyfilter.com\/tr\/wp-json\/wp\/v2\/comments?post=2270"}],"wp:featuredmedia":[{"embeddable":true,"href":"https:\/\/lyfilter.com\/tr\/wp-json\/wp\/v2\/media\/2273"}],"wp:attachment":[{"href":"https:\/\/lyfilter.com\/tr\/wp-json\/wp\/v2\/media?parent=2270"}],"wp:term":[{"taxonomy":"product_brand","embeddable":true,"href":"https:\/\/lyfilter.com\/tr\/wp-json\/wp\/v2\/product_brand?post=2270"},{"taxonomy":"product_cat","embeddable":true,"href":"https:\/\/lyfilter.com\/tr\/wp-json\/wp\/v2\/product_cat?post=2270"},{"taxonomy":"product_tag","embeddable":true,"href":"https:\/\/lyfilter.com\/tr\/wp-json\/wp\/v2\/product_tag?post=2270"}],"curies":[{"name":"wp","href":"https:\/\/api.w.org\/{rel}","templated":true}]}}