{"id":2266,"date":"2026-01-07T01:16:53","date_gmt":"2026-01-07T01:16:53","guid":{"rendered":"https:\/\/lyfilter.com\/?post_type=product&#038;p=2266"},"modified":"2026-01-07T01:16:53","modified_gmt":"2026-01-07T01:16:53","slug":"plastic-sintered-liquid-cartridge-filter-industrial-waste-water-gas-air-treatment","status":"publish","type":"product","link":"https:\/\/lyfilter.com\/tr\/plastic-sintered-liquid-cartridge-filter-industrial-waste-water-gas-air-treatment\/","title":{"rendered":"Plastik Sinterlenmi\u015f S\u0131v\u0131 Kartu\u015f Filtre End\u00fcstriyel At\u0131k Su Gaz Hava Ar\u0131tma"},"content":{"rendered":"<div class=\"unit-detail-html-tabs__content-attr\">\n<div class=\"unit-product-attrparam\">\n<div class=\"unit-product-attrparam__items row\">\n<div class=\"col-12 col-md-6\">\n<div class=\"unit-product-attrparam__item\">\n<div class=\"unit-product-attrparam__label\">Malzeme<\/div>\n<div class=\"unit-product-attrparam__value\" title=\"pe \">pe<\/div>\n<\/div>\n<\/div>\n<div class=\"col-12 col-md-6\">\n<div class=\"unit-product-attrparam__item\">\n<div class=\"unit-product-attrparam__label\">Kullan\u0131labilirlik<\/div>\n<div class=\"unit-product-attrparam__value\" title=\"OEM\">OEM<\/div>\n<\/div>\n<\/div>\n<\/div>\n<\/div>\n<\/div>\n<div class=\"unit-detail-html-tabs__content-featuresAttr\"><\/div>\n<div class=\"unit-detail-html-tabs__content-html\">\n<div>\n<div id=\"detail_decorate_root\" data-host=\"112190218\" data-id=\"detail_decorate_root\" data-magic-global=\"%7B%22bizId%22%3A17381045746%2C%22pageId%22%3A5101297240%2C%22siteId%22%3A5005126472%7D\">\n<div class=\"J_module\">\n<div class=\"detail-decorate-json-renderer-container\">\n<div class=\"magic-0\">\n<h3 class=\"magic-1\" data-id=\"title0\">Plastik Sinterlenmi\u015f S\u0131v\u0131 Kartu\u015f Filtre End\u00fcstriyel At\u0131k Su Gaz Hava Ar\u0131tma<\/h3>\n<\/div>\n<\/div>\n<\/div>\n<div class=\"J_module\">\n<div class=\"detail-decorate-json-renderer-container\">\n<div class=\"magic-0\">\n<div class=\"magic-2\">\n<div class=\"magic-3\">\n<div class=\"magic-4\" data-id=\"paragraph0\">Lvyuan, g\u00f6zenekli PE, HDPE, PTFE, PVDF, PA, Naylon 6, t\u00fcp, \u00e7ubuk, mum, levha, plaka, disk, \u00e7ubuk vb. \u015fekillerde fiber-cam dahil olmak \u00fczere \u00e7ok \u00e7e\u015fitli sinterlenmi\u015f g\u00f6zenekli plastik filtre \u00fcr\u00fcnleri \u00fcretmektedir. \u00c7e\u015fitli filtrasyon oran\u0131, \u015fekilleri ve \u00f6zellikleri ile sinterlenmi\u015f g\u00f6zenekli plastik filtre kartu\u015flar\u0131, su ar\u0131tma, kimya m\u00fchendisli\u011fi, t\u0131bbi ar\u0131tma, otomobil, \u00e7evre koruma ve ya\u011f su ay\u0131r\u0131c\u0131 ve susturucu, sarho\u015f s\u00fcr\u00fc\u015f test cihaz\u0131, medial tedavi i\u00e7in k\u00f6r tapa, \u015furup ve gres filtre cihaz\u0131, end\u00fcstriyel ak\u00fc i\u00e7in patlama \u00f6nleyici dilimler, otomobil ak\u00fcs\u00fc i\u00e7in aside dayan\u0131kl\u0131 dilimler, at\u0131k su ar\u0131tma, su ar\u0131tma filtre sistemi ve daha fazlas\u0131 gibi di\u011fer end\u00fcstrilerde yayg\u0131n olarak kullan\u0131lmaktad\u0131r. Lvyuan sinterlenmi\u015f g\u00f6zenekli platik filtreler farkl\u0131 m\u00fc\u015fterilerin gereksinimlerini kar\u015f\u0131layabilir. \u00d6zel kal\u0131planm\u0131\u015f \u015eekiller mevcuttur.<\/div>\n<\/div>\n<\/div>\n<\/div>\n<\/div>\n<\/div>\n<div class=\"J_module\">\n<div id=\"ali-anchor-AliMagic-9dmlpd\" class=\"magic-5\" data-section=\"AliMagic-9dmlpd\" data-section-title=\"Product Feature\">\u00dcr\u00fcn \u00d6zelli\u011fi<\/div>\n<\/div>\n<div class=\"J_module\">\n<div class=\"detail-decorate-json-renderer-container\">\n<div class=\"magic-0\">\n<div class=\"magic-2\">\n<div class=\"magic-3\">\n<div class=\"magic-4\">1. Birim alan ba\u015f\u0131na daha fazla ak\u0131\u015f sa\u011flamak i\u00e7in y\u00fcksek g\u00f6zeneklilik; 2. P\u00fcr\u00fczs\u00fcz d\u0131\u015f y\u00fczey, kirlilikler kolay yap\u0131\u015fmaz, geri y\u0131kama kolay ve kapsaml\u0131; 3. Kirlenme \u00f6nleme yetene\u011fi: filtrenin k\u00fc\u00e7\u00fck boyutu, b\u00f6ylece kirlilikler filtre g\u00f6vdesinde tutulamaz; 4. G\u00fc\u00e7l\u00fc asit, alkali korozyona diren\u00e7, organik \u00e7\u00f6z\u00fcc\u00fclere diren\u00e7; 5. M\u00fckemmel mekanik \u00f6zellikler; 6. Par\u00e7ac\u0131k sal\u0131n\u0131m\u0131 yok. 7. Geni\u015f \u00dcr\u00fcn yelpazesi ve geni\u015f uygulama alan\u0131<\/div>\n<\/div>\n<\/div>\n<\/div>\n<\/div>\n<\/div>\n<div class=\"J_module\">\n<div class=\"ife-detail-decorate-table\">\n<div class=\"table-responsive\">\n<table class=\"hight-light-first-column all magic-19\">\n<tbody>\n<tr class=\"firstRow\">\n<td colspan=\"1\" rowspan=\"1\">\n<div class=\"magic-20\">Filtre Ortam\u0131<\/div>\n<\/td>\n<td colspan=\"1\" rowspan=\"1\">\n<div class=\"magic-21\">PE, HDPE, PTFE, PVDF, PA\/Naylon vb.<\/div>\n<\/td>\n<\/tr>\n<tr>\n<td colspan=\"1\" rowspan=\"1\">\n<div class=\"magic-20\">Mikron oran\u0131<\/div>\n<\/td>\n<td colspan=\"1\" rowspan=\"1\">\n<div class=\"magic-21\">0.2um, 0.5um, 1um, 3um, 5um, 10um, 25um, 30um, 50um, 75um, 100um, vb.<\/div>\n<\/td>\n<\/tr>\n<tr>\n<td colspan=\"1\" rowspan=\"1\">\n<div class=\"magic-20\">Referans boyut<\/p>\n<div>(mm)<\/div>\n<\/div>\n<\/td>\n<td colspan=\"1\" rowspan=\"1\">\n<div class=\"magic-21\">31x12x1000, 31x20x1000, 38x20x1000, 38x18x1000, 38x20x1200, 38x20x1300, 38x20x150, 38x20x400, 38x20x250, 38x20x200, 38x20x180,<br \/>\n38x20x150, 50x20x1000, 50x31x1000, 50x38x1000, 65x31x1000, 65x38x1000, 64x44x1000, 78x62x750mm, vb.<\/div>\n<\/td>\n<\/tr>\n<tr>\n<td colspan=\"1\" rowspan=\"1\">\n<div class=\"magic-20\">Konekt\u00f6r tipi<\/div>\n<\/td>\n<td colspan=\"1\" rowspan=\"1\">\n<div class=\"magic-21\">DOE, SOE, D\u00fcz, kesici u\u00e7, di\u015f, 226, 222, 215, M36, M30, M27, M25, M22, M14, M12 veya iste\u011fe ba\u011fl\u0131 olarak.<\/div>\n<\/td>\n<\/tr>\n<tr>\n<td colspan=\"1\" rowspan=\"1\">\n<div class=\"magic-20\">Maks. \u00e7al\u0131\u015fma s\u0131cakl\u0131\u011f\u0131<\/div>\n<\/td>\n<td colspan=\"1\" rowspan=\"1\">\n<div class=\"magic-21\">PE\u226482\u2103; PTFE\u2265200\u2103; PA\u2264120\u2103<\/div>\n<\/td>\n<\/tr>\n<\/tbody>\n<\/table>\n<\/div>\n<p><img decoding=\"async\" src=\"https:\/\/img.yfisher.com\/m6076\/17257326026ld\/jpg70-t3-scale100.webp\" alt=\"Plastik Sinterlenmi\u015f S\u0131v\u0131 Kartu\u015f Filtre End\u00fcstriyel At\u0131k Su Gaz Hava Ar\u0131tma 2\" data-lazy=\"2\" title=\"\"><\/p>\n<\/div>\n<\/div>\n<div class=\"J_module\">\n<div class=\"detail-decorate-json-renderer-container\">\n<div class=\"magic-0\">\n<h3 class=\"magic-1\" data-id=\"title0\">Medikal ve Farmas\u00f6tik<\/h3>\n<div class=\"magic-2\">\n<div class=\"magic-3\">\n<div class=\"magic-4\" data-id=\"paragraph0\">1. Safs\u0131zl\u0131k giderme, dekarbonizasyon ve ince filtrasyon. 2. Asit Gaz\u0131 Kuru indirgeme 3. Dekarbonizasyon Filtrasyonu 4. Emme astar torbas\u0131nda kendinden s\u0131zd\u0131rmaz filtreler<\/div>\n<\/div>\n<\/div>\n<\/div>\n<\/div>\n<\/div>\n<div class=\"J_module\">\n<div class=\"detail-decorate-json-renderer-container\">\n<div class=\"magic-0\">\n<h3 class=\"magic-1\" data-id=\"title0\">Yiyecek &amp; \u0130\u00e7ecek<\/h3>\n<div class=\"magic-2\">\n<div class=\"magic-3\">\n<div class=\"magic-4\" data-id=\"paragraph0\">1. Kalan maya ve diyatomlu toprak filtrasyonu 2. \u0130\u00e7eceklerde ar\u0131tma filtrasyonu 3. \u0130\u00e7ecek ve bira fabrikalar\u0131nda su filtrasyonu 4. Bira ve bira fabrikas\u0131nda steril hava filtrasyonu<\/div>\n<\/div>\n<\/div>\n<\/div>\n<\/div>\n<\/div>\n<div class=\"J_module\">\n<div class=\"detail-decorate-json-renderer-container\">\n<div class=\"magic-0\">\n<h3 class=\"magic-1\" data-id=\"title0\">Petrol ve Gaz<\/h3>\n<div class=\"magic-2\">\n<div class=\"magic-3\">\n<div class=\"magic-4\" data-id=\"paragraph0\">1. Organik Solventler geri d\u00f6n\u00fc\u015f\u00fcm filtrasyonu 2. Enjeksiyon suyu filtrasyonu 3. Buhar, S\u0131k\u0131\u015ft\u0131r\u0131lm\u0131\u015f hava ve kataliz\u00f6r filtrasyonu 4. Nihai \u00fcr\u00fcn son filtrasyonu<\/div>\n<\/div>\n<\/div>\n<\/div>\n<\/div>\n<\/div>\n<div class=\"J_module\">\n<div class=\"detail-decorate-json-renderer-container\">\n<div class=\"magic-0\">\n<h3 class=\"magic-1\" data-id=\"title0\">Kimyasal<\/h3>\n<div class=\"magic-2\">\n<div class=\"magic-3\">\n<div class=\"magic-4\" data-id=\"paragraph0\">1. Kataliz\u00f6r geri kazan\u0131m\u0131 2. \u0130la\u00e7 ara dekarbonizasyon ve ince filtrasyon 3. H2O2 proses filtrasyonu<\/div>\n<\/div>\n<\/div>\n<\/div>\n<\/div>\n<\/div>\n<div class=\"J_module\">\n<div class=\"detail-decorate-json-renderer-container\">\n<div class=\"magic-0\">\n<h3 class=\"magic-1\" data-id=\"title0\">Su Ar\u0131tma<\/h3>\n<div class=\"magic-2\">\n<div class=\"magic-3\">\n<div class=\"magic-4\" data-id=\"paragraph0\">1. Deniz suyunun tuzdan ar\u0131nd\u0131r\u0131lmas\u0131nda ters osmozun korunmas\u0131 2. Steril Ozon filtrasyonu ve ozon havaland\u0131rmas\u0131 3. Ultra filtre, RO, EDI sistemlerinin korunmas\u0131<\/div>\n<\/div>\n<\/div>\n<\/div>\n<\/div>\n<\/div>\n<div class=\"J_module\">\n<div class=\"detail-decorate-json-renderer-container\">\n<div class=\"magic-0\">\n<h3 class=\"magic-1\" data-id=\"title0\">End\u00fcstri<\/h3>\n<div class=\"magic-2\">\n<div class=\"magic-3\">\n<div class=\"magic-4\" data-id=\"paragraph0\">1. Baca gaz\u0131 analizi ve CEMS sistemlerindeki filtreler 2. Hava havaland\u0131rma 3. Susturucu ve Susturucu 4. Bas\u0131n\u00e7l\u0131 hava filtrasyonu 5. CMI G\u00f6zenekli Metal Enstr\u00fcman filtreleri<\/div>\n<\/div>\n<\/div>\n<\/div>\n<\/div>\n<\/div>\n<div class=\"J_module\">\n<div id=\"ali-anchor-AliMagic-q1wbbq\" class=\"magic-5\" data-section=\"AliMagic-q1wbbq\" data-section-title=\"Certifications\">Sertifikalar<\/div>\n<\/div>\n<\/div>\n<\/div>\n<\/div>","protected":false},"excerpt":{"rendered":"<table>\n<thead>\n<tr>\n<th>\u00d6\u011fe<\/th>\n<th>DETAYLAR<\/th>\n<\/tr>\n<\/thead>\n<tbody>\n<tr>\n<td>ba\u015flang\u0131\u00e7 portu<\/td>\n<td>Guangzhou<\/td>\n<\/tr>\n<tr>\n<td>\u00fcreti\u0307m kapasi\u0307tesi\u0307<\/td>\n<td>10000 adet\/ay<\/td>\n<\/tr>\n<tr>\n<td>men\u015fe yeri<\/td>\n<td>Guangdong, \u00c7in<\/td>\n<\/tr>\n<tr>\n<td>\u00f6deme<\/td>\n<td>T \/ T, Alibaba Ticaret G\u00fcvencesi, paypal<\/td>\n<\/tr>\n<tr>\n<td>moq<\/td>\n<td>1 adet<\/td>\n<\/tr>\n<tr>\n<td>model<\/td>\n<td>LY-HFPL<\/td>\n<\/tr>\n<tr>\n<td>TESL\u0130MAT S\u00dcRES\u0130<\/td>\n<td>7 i\u015f g\u00fcn\u00fc i\u00e7erisinde<\/td>\n<\/tr>\n<tr>\n<td>BELGELEND\u0130RME<\/td>\n<td>ISO 9001<\/td>\n<\/tr>\n<tr>\n<td>marka<\/td>\n<td>OEM\/Lvyuan<\/td>\n<\/tr>\n<\/tbody>\n<\/table>","protected":false},"featured_media":2268,"comment_status":"open","ping_status":"closed","template":"","meta":{"_gspb_post_css":""},"product_brand":[],"product_cat":[17,22],"product_tag":[954,289,260,280,955,953],"class_list":{"0":"post-2266","1":"product","2":"type-product","3":"status-publish","4":"has-post-thumbnail","6":"product_cat-sediment-filter","7":"product_cat-sintered-filter-cartridge","8":"product_tag-custom-paper-tubes","9":"product_tag-guangzhou-shipping","10":"product_tag-iso-9001","11":"product_tag-low-moq","12":"product_tag-oem-packaging","13":"product_tag-paper-tube-packaging","15":"first","16":"instock","17":"shipping-taxable","18":"product-type-simple"},"_links":{"self":[{"href":"https:\/\/lyfilter.com\/tr\/wp-json\/wp\/v2\/product\/2266","targetHints":{"allow":["GET"]}}],"collection":[{"href":"https:\/\/lyfilter.com\/tr\/wp-json\/wp\/v2\/product"}],"about":[{"href":"https:\/\/lyfilter.com\/tr\/wp-json\/wp\/v2\/types\/product"}],"replies":[{"embeddable":true,"href":"https:\/\/lyfilter.com\/tr\/wp-json\/wp\/v2\/comments?post=2266"}],"wp:featuredmedia":[{"embeddable":true,"href":"https:\/\/lyfilter.com\/tr\/wp-json\/wp\/v2\/media\/2268"}],"wp:attachment":[{"href":"https:\/\/lyfilter.com\/tr\/wp-json\/wp\/v2\/media?parent=2266"}],"wp:term":[{"taxonomy":"product_brand","embeddable":true,"href":"https:\/\/lyfilter.com\/tr\/wp-json\/wp\/v2\/product_brand?post=2266"},{"taxonomy":"product_cat","embeddable":true,"href":"https:\/\/lyfilter.com\/tr\/wp-json\/wp\/v2\/product_cat?post=2266"},{"taxonomy":"product_tag","embeddable":true,"href":"https:\/\/lyfilter.com\/tr\/wp-json\/wp\/v2\/product_tag?post=2266"}],"curies":[{"name":"wp","href":"https:\/\/api.w.org\/{rel}","templated":true}]}}