{"id":2259,"date":"2026-01-06T10:24:19","date_gmt":"2026-01-06T10:24:19","guid":{"rendered":"https:\/\/lyfilter.com\/?post_type=product&#038;p=2259"},"modified":"2026-01-06T10:24:19","modified_gmt":"2026-01-06T10:24:19","slug":"liquid-filtration-30mpa-mini-sintered-uhmwpe-pvdf-porous-filter-disc","status":"publish","type":"product","link":"https:\/\/lyfilter.com\/tr\/liquid-filtration-30mpa-mini-sintered-uhmwpe-pvdf-porous-filter-disc\/","title":{"rendered":"S\u0131v\u0131 Filtrasyonu 30Mpa Mini Sinterlenmi\u015f UHMWPE PVDF G\u00f6zenekli Filtre Diski"},"content":{"rendered":"<div class=\"unit-detail-html-tabs__content-attr\">\n<div class=\"unit-product-attrparam\">\n<div class=\"unit-product-attrparam__items row\">\n<div class=\"col-12 col-md-6\">\n<div class=\"unit-product-attrparam__item\">\n<div class=\"unit-product-attrparam__label\">Malzeme:pe<br \/>\nKullan\u0131labilirlik: OEM\/ODM<\/div>\n<\/div>\n<\/div>\n<\/div>\n<\/div>\n<\/div>\n<div class=\"unit-detail-html-tabs__content-featuresAttr\"><\/div>\n<div class=\"unit-detail-html-tabs__content-html\">\n<div class=\"detail-decorate-json-renderer-container\">\n<div class=\"magic-0\">\n<h3 class=\"magic-1\" data-id=\"title0\"><strong>Sinter sentetik filtre diskleri sinterlenmi\u015f PVDF PTFE PE i\u00e7in mini hava filtresi diski<\/strong><\/h3>\n<\/div>\n<\/div>\n<div id=\"ali-anchor-AliMagic-vfkybt\" class=\"magic-5\" data-section=\"AliMagic-vfkybt\" data-section-title=\"Product Description\">\u00dcr\u00fcn A\u00e7\u0131klamas\u0131<\/div>\n<div class=\"magic-5\" data-section=\"AliMagic-vfkybt\" data-section-title=\"Product Description\"><\/div>\n<div class=\"magic-5\" data-section=\"AliMagic-vfkybt\" data-section-title=\"Product Description\">Sinterlenmi\u015f filtre esas olarak ultra y\u00fcksek molek\u00fcler a\u011f\u0131rl\u0131kl\u0131 polietilen (PE ve PA), politetrafloroetilen (PTFE), paslanmaz \u00e7elik tozu, bak\u0131r tozu ve di\u011fer malzemelerin sinterlenmesi, kompakt, g\u00fc\u00e7l\u00fc, hafif, y\u00fcksek bas\u0131n\u00e7 alt\u0131nda \u00e7al\u0131\u015fabilen, toksik olmayan tats\u0131z, asit, alkali ve \u00e7\u00f6z\u00fcc\u00fclere kar\u015f\u0131 iyi korozyon direncine sahiptir.<\/div>\n<div class=\"icbu-pc-detailManyImage magic-6\" data-module-name=\"icbu-pc-detailManyImage\">\n<div class=\"magic-7\"><\/div>\n<\/div>\n<div class=\"detail-decorate-json-renderer-container\">\n<div class=\"magic-0\">\n<div class=\"magic-15\">\n<div class=\"magic-3\">\n<div class=\"magic-4\" data-id=\"paragraph0\"><img decoding=\"async\" src=\"https:\/\/img.yfisher.com\/m6076\/17257325984ow\/jpg70-t3-scale100.webp\" alt=\"S\u0131v\u0131 Filtrasyonu 30Mpa Mini Sinterlenmi\u015f UHMWPE PVDF G\u00f6zenekli Filtre Diski 2\" data-lazy=\"2\" title=\"\"><\/div>\n<\/div>\n<\/div>\n<\/div>\n<\/div>\n<div class=\"magic-5\" data-section=\"AliMagic-12llv1\" data-section-title=\"Product Feature\"><\/div>\n<div class=\"table-responsive\">\n<table border=\"1\" width=\"475\" cellspacing=\"0\" cellpadding=\"0\">\n<colgroup>\n<col \/>\n<col \/><\/colgroup>\n<tbody>\n<tr class=\"firstRow\">\n<td height=\"41\">\n<div data-spm-anchor-id=\"a2700.details.pronpeci14.i2.fb5d3b02h2q9RT\">\u00dcr\u00fcn Ad\u0131<\/div>\n<\/td>\n<td>\n<div>plastik 2 mikron sinterlenmi\u015f pe t\u0131bbi nemlendirici disk filtre<\/div>\n<\/td>\n<\/tr>\n<tr>\n<td height=\"39\">\n<div data-spm-anchor-id=\"a2700.details.pronpeci14.i1.fb5d3b02h2q9RT\">Malzeme<\/div>\n<\/td>\n<td>\n<div>Ultra Y\u00fcksek Molek\u00fcler A\u011f\u0131rl\u0131kl\u0131 Polietilen (UHMWPE)<\/div>\n<\/td>\n<\/tr>\n<tr>\n<td height=\"21\">\n<div>Renk<\/div>\n<\/td>\n<td>\n<div>beyaz<\/div>\n<\/td>\n<\/tr>\n<tr>\n<td height=\"21\">\n<div>Standart<\/div>\n<\/td>\n<td>\n<div>ISO SGS<\/div>\n<\/td>\n<\/tr>\n<tr>\n<td height=\"58\">\n<div>Kullan\u0131lm\u0131\u015f<\/div>\n<\/td>\n<td>\n<div>saf su, canl\u0131 su, i\u00e7ecek, ila\u00e7, elektrokaplama s\u0131v\u0131s\u0131, em\u00fclsiyon, y\u0131kama s\u0131v\u0131s\u0131, asit veya alkali \u00e7\u00f6zeltisi<\/div>\n<\/td>\n<\/tr>\n<\/tbody>\n<\/table>\n<\/div>\n<p>&nbsp;<\/p>\n<div class=\"magic-5\" data-section=\"AliMagic-jjk5wz\" data-section-title=\"Application\"><\/div>\n<div class=\"magic-5\" data-section=\"AliMagic-jjk5wz\" data-section-title=\"Application\"><strong>Hizmetlerimiz<\/strong><\/div>\n<div class=\"magic-5\" data-section=\"AliMagic-jjk5wz\" data-section-title=\"Application\"><\/div>\n<div class=\"magic-5\" data-section=\"AliMagic-jjk5wz\" data-section-title=\"Application\">\n<ul>\n<li>\u201cM\u00fc\u015fterilerimizin ihtiya\u00e7lar\u0131 bizim yapmam\u0131z gereken \u015feydir\u201d ilkesi do\u011frultusunda, kalite politikalar\u0131m\u0131za her zaman ba\u011fl\u0131 kal\u0131yoruz:<\/li>\n<li>\u00dcst\u00fcn kalite ile pazar kazanmak,<\/li>\n<li>M\u00fckemmel y\u00f6netim ile y\u00fcksek verimlilik ve fayda elde etmek,<\/li>\n<li>Kanun ve y\u00f6netmeliklere uyarak samimi ve d\u00fcr\u00fcst olmak,<\/li>\n<li>S\u00fcrekli iyile\u015ftirme yoluyla geli\u015fimi te\u015fvik etmek.<\/li>\n<li>Ayr\u0131ca, \u201cyarat\u0131c\u0131l\u0131k, hizmet ve kazan-kazan yakla\u015f\u0131m\u0131\" y\u00f6netim slogan\u0131m\u0131za uygun olarak, m\u00fc\u015fterilerimize \u00fcst\u00fcn \u00fcr\u00fcn ve hizmet sunmak i\u00e7in elimizden gelenin en iyisini yapaca\u011f\u0131z.<\/li>\n<\/ul>\n<\/div>\n<\/div>","protected":false},"excerpt":{"rendered":"<table>\n<thead>\n<tr>\n<th>\u00d6\u011fe<\/th>\n<th>DETAYLAR<\/th>\n<\/tr>\n<\/thead>\n<tbody>\n<tr>\n<td>ba\u015flang\u0131\u00e7 portu<\/td>\n<td>guangzhou<\/td>\n<\/tr>\n<tr>\n<td>\u00fcreti\u0307m kapasi\u0307tesi\u0307<\/td>\n<td>10000 adet\/ay<\/td>\n<\/tr>\n<tr>\n<td>men\u015fe yeri<\/td>\n<td>guangdong, \u00e7i\u0307n<\/td>\n<\/tr>\n<tr>\n<td>\u00f6deme<\/td>\n<td>t\/t, alibaba ti\u0307caret g\u00fcvencesi\u0307<\/td>\n<\/tr>\n<tr>\n<td>model<\/td>\n<td>ly-hfpl<\/td>\n<\/tr>\n<tr>\n<td>TESL\u0130MAT S\u00dcRES\u0130<\/td>\n<td>7 i\u015f g\u00fcn\u00fc i\u00e7inde<\/td>\n<\/tr>\n<tr>\n<td>BELGELEND\u0130RME<\/td>\n<td>iso 9001<\/td>\n<\/tr>\n<tr>\n<td>marka<\/td>\n<td>oem\/lvyuan<\/td>\n<\/tr>\n<\/tbody>\n<\/table>","protected":false},"featured_media":2240,"comment_status":"open","ping_status":"closed","template":"","meta":{"_gspb_post_css":""},"product_brand":[],"product_cat":[17,22],"product_tag":[279,261,262,260,268,282],"class_list":{"0":"post-2259","1":"product","2":"type-product","3":"status-publish","4":"has-post-thumbnail","6":"product_cat-sediment-filter","7":"product_cat-sintered-filter-cartridge","8":"product_tag-alibaba-trade-assurance","9":"product_tag-guangdong-china","10":"product_tag-guangzhou-port","11":"product_tag-iso-9001","12":"product_tag-ly-hfpl","13":"product_tag-oem-lvyuan","15":"first","16":"instock","17":"shipping-taxable","18":"product-type-simple"},"_links":{"self":[{"href":"https:\/\/lyfilter.com\/tr\/wp-json\/wp\/v2\/product\/2259","targetHints":{"allow":["GET"]}}],"collection":[{"href":"https:\/\/lyfilter.com\/tr\/wp-json\/wp\/v2\/product"}],"about":[{"href":"https:\/\/lyfilter.com\/tr\/wp-json\/wp\/v2\/types\/product"}],"replies":[{"embeddable":true,"href":"https:\/\/lyfilter.com\/tr\/wp-json\/wp\/v2\/comments?post=2259"}],"wp:featuredmedia":[{"embeddable":true,"href":"https:\/\/lyfilter.com\/tr\/wp-json\/wp\/v2\/media\/2240"}],"wp:attachment":[{"href":"https:\/\/lyfilter.com\/tr\/wp-json\/wp\/v2\/media?parent=2259"}],"wp:term":[{"taxonomy":"product_brand","embeddable":true,"href":"https:\/\/lyfilter.com\/tr\/wp-json\/wp\/v2\/product_brand?post=2259"},{"taxonomy":"product_cat","embeddable":true,"href":"https:\/\/lyfilter.com\/tr\/wp-json\/wp\/v2\/product_cat?post=2259"},{"taxonomy":"product_tag","embeddable":true,"href":"https:\/\/lyfilter.com\/tr\/wp-json\/wp\/v2\/product_tag?post=2259"}],"curies":[{"name":"wp","href":"https:\/\/api.w.org\/{rel}","templated":true}]}}