{"id":2254,"date":"2026-01-06T10:22:45","date_gmt":"2026-01-06T10:22:45","guid":{"rendered":"https:\/\/lyfilter.com\/?post_type=product&#038;p=2254"},"modified":"2026-01-06T10:22:45","modified_gmt":"2026-01-06T10:22:45","slug":"silencer-solenoid-valve-muffler-pneumatic-muffler-air-quick-exhaust-muffler-absorb-noise-reduce-filter","status":"publish","type":"product","link":"https:\/\/lyfilter.com\/tr\/silencer-solenoid-valve-muffler-pneumatic-muffler-air-quick-exhaust-muffler-absorb-noise-reduce-filter\/","title":{"rendered":"Susturucu Solenoid Valf Susturucu Pn\u00f6matik Susturucu Hava H\u0131zl\u0131 Egzoz Susturucu Emici G\u00fcr\u00fclt\u00fc Azalt\u0131c\u0131 Filtre"},"content":{"rendered":"<div class=\"unit-detail-html-tabs__content-attr\">\n<div class=\"unit-product-attrparam\">\n<div class=\"unit-product-attrparam__items row\">\n<div class=\"col-12 col-md-6\">\n<div class=\"unit-product-attrparam__item\">\n<div class=\"unit-product-attrparam__label\">Malzeme:pe<br \/>\nKullan\u0131labilirlik: OEM\/ODM<\/div>\n<\/div>\n<\/div>\n<\/div>\n<\/div>\n<\/div>\n<div class=\"unit-detail-html-tabs__content-featuresAttr\"><\/div>\n<div class=\"unit-detail-html-tabs__content-html\">\n<div class=\"J_module\">\n<div class=\"detail-decorate-json-renderer-container\">\n<div class=\"magic-3\">\n<div class=\"magic-4\" data-spm-anchor-id=\"a2700.details.0.i28.57886adf9zMyVE\">\n<div class=\"magic-5\">\n<div class=\"magic-6\">\u00d6zellikler<\/p>\n<div><span class=\"magic-8\">- Ortalama g\u00f6zenek aral\u0131\u011f\u0131 1 \u00b5m ila 250 \u00b5m aras\u0131nda de\u011fi\u015fmektedir. - Verimlili\u011fi \u00e7ok y\u00fcksek olan derinlik susturucular\u0131d\u0131r. - Y\u00fcksek s\u0131cakl\u0131k ve y\u00fcksek bas\u0131n\u00e7ta deformasyon olmadan \u00e7al\u0131\u015f\u0131r. - Kimyasal direnci iyidir. - Susturucular son \u015fekil verildikten sonra kaynaklanabilir ve i\u015flenebilir, b\u00f6ylece \u00f6zel montaj amac\u0131na uyarlanabilirler.<\/span><\/div>\n<\/div>\n<\/div>\n<\/div>\n<\/div>\n<\/div>\n<\/div>\n<div class=\"J_module\">\n<div class=\"detail-decorate-json-renderer-container\">\n<div class=\"magic-3\">\n<div class=\"magic-4\">\n<div class=\"magic-5\">\n<div class=\"magic-6\">\n<div><\/div>\n<p>Uygulama<\/p>\n<div>1. Hava tahliyesinin g\u00fcr\u00fclt\u00fcs\u00fcn\u00fc bast\u0131rmak i\u00e7in kullan\u0131l\u0131r, makinenin egzoz portuna uygulan\u0131r.<br \/>\n2. M\u00fckemmel g\u00fcr\u00fclt\u00fc bast\u0131rma etkisi.<br \/>\n3. \u00c7e\u015fitli malzeme se\u00e7enekleri (Pirin\u00e7, paslanmaz \u00e7elik, Plastik).<br \/>\n4. Kompakt tasar\u0131m, dar alanlara kurulum i\u00e7in uygundur.<\/p>\n<div><\/div>\n<div>\n<div>\n<div><\/div>\n<\/div>\n<\/div>\n<\/div>\n<\/div>\n<\/div>\n<\/div>\n<\/div>\n<\/div>\n<\/div>\n<div class=\"J_module\">\n<div class=\"ife-detail-decorate-table\">\n<div class=\"table-responsive\">\n<table class=\"is-zebra all magic-14\" width=\"750\">\n<tbody>\n<tr class=\"firstRow\">\n<td colspan=\"1\" rowspan=\"1\" height=\"20\">\n<div class=\"magic-15\">\n<div class=\"magic-16\" data-spm-anchor-id=\"a2700.pc-decorate.0.i58.83213333ztJarr\">Model<\/div>\n<\/div>\n<\/td>\n<td colspan=\"1\" rowspan=\"1\" height=\"20\">\n<div class=\"magic-17\">\n<div class=\"magic-16\">Konu<\/div>\n<\/div>\n<\/td>\n<td colspan=\"1\" rowspan=\"1\" height=\"20\">\n<div class=\"magic-15\">\n<div class=\"magic-16\">S<\/div>\n<\/div>\n<\/td>\n<\/tr>\n<tr>\n<td colspan=\"1\" rowspan=\"1\" height=\"20\">\n<div class=\"magic-18\">\n<div class=\"magic-16\">PSU M5<\/div>\n<\/div>\n<\/td>\n<td colspan=\"1\" rowspan=\"1\" height=\"20\">\n<div class=\"magic-19\">\n<div class=\"magic-16\" data-spm-anchor-id=\"a2700.pc-decorate.0.i31.48933333wAodNt\">M5<\/div>\n<\/div>\n<\/td>\n<td colspan=\"1\" rowspan=\"1\" height=\"20\">\n<div class=\"magic-18\">\n<div class=\"magic-16\">10<\/div>\n<\/div>\n<\/td>\n<\/tr>\n<tr>\n<td colspan=\"1\" rowspan=\"1\" height=\"20\">\n<div class=\"magic-15\">\n<div class=\"magic-16\" data-spm-anchor-id=\"a2700.pc-decorate.0.i22.83213333ztJarr\">PSU 06<\/div>\n<\/div>\n<\/td>\n<td colspan=\"1\" rowspan=\"1\" height=\"20\">\n<div class=\"magic-17\">\n<div class=\"magic-16\" data-spm-anchor-id=\"a2700.pc-decorate.0.i42.83213333ztJarr\">1\/8\u2033<\/div>\n<\/div>\n<\/td>\n<td colspan=\"1\" rowspan=\"1\" height=\"20\">\n<div class=\"magic-15\">\n<div class=\"magic-16\" data-spm-anchor-id=\"a2700.pc-decorate.0.i17.48933333wAodNt\">15<\/div>\n<\/div>\n<\/td>\n<\/tr>\n<tr>\n<td colspan=\"1\" rowspan=\"1\" height=\"20\">\n<div class=\"magic-15\">\n<div class=\"magic-16\" data-spm-anchor-id=\"a2700.pc-decorate.0.i23.83213333ztJarr\">PSU 08<\/div>\n<\/div>\n<\/td>\n<td colspan=\"1\" rowspan=\"1\" height=\"20\">\n<div class=\"magic-17\">\n<div class=\"magic-16\" data-spm-anchor-id=\"a2700.pc-decorate.0.i43.83213333ztJarr\">1\/4\u2033<\/div>\n<\/div>\n<\/td>\n<td colspan=\"1\" rowspan=\"1\" height=\"20\">\n<div class=\"magic-15\">\n<div class=\"magic-16\" data-spm-anchor-id=\"a2700.pc-decorate.0.i18.48933333wAodNt\">20<\/div>\n<\/div>\n<\/td>\n<\/tr>\n<tr>\n<td colspan=\"1\" rowspan=\"1\" height=\"20\">\n<div class=\"magic-15\">\n<div class=\"magic-16\" data-spm-anchor-id=\"a2700.pc-decorate.0.i24.83213333ztJarr\">PSU 10<\/div>\n<\/div>\n<\/td>\n<td colspan=\"1\" rowspan=\"1\" height=\"20\">\n<div class=\"magic-17\">\n<div class=\"magic-16\" data-spm-anchor-id=\"a2700.pc-decorate.0.i44.83213333ztJarr\">3\/8\u2033<\/div>\n<\/div>\n<\/td>\n<td colspan=\"1\" rowspan=\"1\" height=\"20\">\n<div class=\"magic-15\">\n<div class=\"magic-16\" data-spm-anchor-id=\"a2700.pc-decorate.0.i19.48933333wAodNt\">25<\/div>\n<\/div>\n<\/td>\n<\/tr>\n<tr>\n<td colspan=\"1\" rowspan=\"1\" height=\"20\">\n<div class=\"magic-15\">\n<div class=\"magic-16\" data-spm-anchor-id=\"a2700.pc-decorate.0.i25.83213333ztJarr\">PSU 15<\/div>\n<\/div>\n<\/td>\n<td colspan=\"1\" rowspan=\"1\" height=\"20\">\n<div class=\"magic-17\">\n<div class=\"magic-16\" data-spm-anchor-id=\"a2700.pc-decorate.0.i45.83213333ztJarr\">1\/2\u2033<\/div>\n<\/div>\n<\/td>\n<td colspan=\"1\" rowspan=\"1\" height=\"20\">\n<div class=\"magic-15\">\n<div class=\"magic-16\" data-spm-anchor-id=\"a2700.pc-decorate.0.i20.48933333wAodNt\">30<\/div>\n<\/div>\n<\/td>\n<\/tr>\n<tr>\n<td colspan=\"1\" rowspan=\"1\" height=\"20\">\n<div class=\"magic-15\">\n<div class=\"magic-16\" data-spm-anchor-id=\"a2700.pc-decorate.0.i26.83213333ztJarr\">PSU 20<\/div>\n<\/div>\n<\/td>\n<td colspan=\"1\" rowspan=\"1\" height=\"20\">\n<div class=\"magic-17\">\n<div class=\"magic-16\" data-spm-anchor-id=\"a2700.pc-decorate.0.i46.83213333ztJarr\">3\/4\u2033<\/div>\n<\/div>\n<\/td>\n<td colspan=\"1\" rowspan=\"1\" height=\"20\">\n<div class=\"magic-15\">\n<div class=\"magic-16\" data-spm-anchor-id=\"a2700.pc-decorate.0.i21.48933333wAodNt\">45<\/div>\n<\/div>\n<\/td>\n<\/tr>\n<tr>\n<td colspan=\"1\" rowspan=\"1\" height=\"20\">\n<div class=\"magic-15\">\n<div class=\"magic-16\" data-spm-anchor-id=\"a2700.pc-decorate.0.i14.c47b3333DMCZ14\">PSU 25<\/div>\n<\/div>\n<\/td>\n<td colspan=\"1\" rowspan=\"1\" height=\"20\">\n<div class=\"magic-17\">\n<div class=\"magic-16\">1\u201c<\/div>\n<\/div>\n<\/td>\n<td colspan=\"1\" rowspan=\"1\" height=\"20\">\n<div class=\"magic-15\">\n<div class=\"magic-16\" data-spm-anchor-id=\"a2700.pc-decorate.0.i22.48933333wAodNt\">45<\/div>\n<\/div>\n<\/td>\n<\/tr>\n<\/tbody>\n<\/table>\n<\/div>\n<\/div>\n<\/div>\n<p><img decoding=\"async\" src=\"https:\/\/img.yfisher.com\/m6076\/1725732595lo1\/png70-t3-scale100.webp\" alt=\"Susturucu Solenoid Valf Susturucu Pn\u00f6matik Susturucu Hava H\u0131zl\u0131 Egzoz Susturucu Emici G\u00fcr\u00fclt\u00fc Azalt\u0131c\u0131 Filtre 2\" data-lazy=\"2\" title=\"\"><\/p>\n<\/div>","protected":false},"excerpt":{"rendered":"<table>\n<thead>\n<tr>\n<th>\u00d6\u011fe<\/th>\n<th>DETAYLAR<\/th>\n<\/tr>\n<\/thead>\n<tbody>\n<tr>\n<td>ba\u015flang\u0131\u00e7 portu<\/td>\n<td>guangzhou<\/td>\n<\/tr>\n<tr>\n<td>\u00fcreti\u0307m kapasi\u0307tesi\u0307<\/td>\n<td>10000 adet\/ay<\/td>\n<\/tr>\n<tr>\n<td>men\u015fe yeri<\/td>\n<td>guangdong, \u00e7i\u0307n<\/td>\n<\/tr>\n<tr>\n<td>\u00f6deme<\/td>\n<td>t\/t<\/td>\n<\/tr>\n<tr>\n<td>model<\/td>\n<td>ly-hfpl<\/td>\n<\/tr>\n<tr>\n<td>TESL\u0130MAT S\u00dcRES\u0130<\/td>\n<td>7 i\u015f g\u00fcn\u00fc i\u00e7inde<\/td>\n<\/tr>\n<tr>\n<td>BELGELEND\u0130RME<\/td>\n<td>iso 9001<\/td>\n<\/tr>\n<tr>\n<td>marka<\/td>\n<td>oem\/lvyuan<\/td>\n<\/tr>\n<\/tbody>\n<\/table>","protected":false},"featured_media":2261,"comment_status":"open","ping_status":"closed","template":"","meta":{"_gspb_post_css":""},"product_brand":[],"product_cat":[17,22],"product_tag":[261,262,260,268,282,946],"class_list":{"0":"post-2254","1":"product","2":"type-product","3":"status-publish","4":"has-post-thumbnail","6":"product_cat-sediment-filter","7":"product_cat-sintered-filter-cartridge","8":"product_tag-guangdong-china","9":"product_tag-guangzhou-port","10":"product_tag-iso-9001","11":"product_tag-ly-hfpl","12":"product_tag-oem-lvyuan","13":"product_tag-t-t-payment","15":"first","16":"instock","17":"shipping-taxable","18":"product-type-simple"},"_links":{"self":[{"href":"https:\/\/lyfilter.com\/tr\/wp-json\/wp\/v2\/product\/2254","targetHints":{"allow":["GET"]}}],"collection":[{"href":"https:\/\/lyfilter.com\/tr\/wp-json\/wp\/v2\/product"}],"about":[{"href":"https:\/\/lyfilter.com\/tr\/wp-json\/wp\/v2\/types\/product"}],"replies":[{"embeddable":true,"href":"https:\/\/lyfilter.com\/tr\/wp-json\/wp\/v2\/comments?post=2254"}],"wp:featuredmedia":[{"embeddable":true,"href":"https:\/\/lyfilter.com\/tr\/wp-json\/wp\/v2\/media\/2261"}],"wp:attachment":[{"href":"https:\/\/lyfilter.com\/tr\/wp-json\/wp\/v2\/media?parent=2254"}],"wp:term":[{"taxonomy":"product_brand","embeddable":true,"href":"https:\/\/lyfilter.com\/tr\/wp-json\/wp\/v2\/product_brand?post=2254"},{"taxonomy":"product_cat","embeddable":true,"href":"https:\/\/lyfilter.com\/tr\/wp-json\/wp\/v2\/product_cat?post=2254"},{"taxonomy":"product_tag","embeddable":true,"href":"https:\/\/lyfilter.com\/tr\/wp-json\/wp\/v2\/product_tag?post=2254"}],"curies":[{"name":"wp","href":"https:\/\/api.w.org\/{rel}","templated":true}]}}