{"id":2251,"date":"2026-01-06T10:20:31","date_gmt":"2026-01-06T10:20:31","guid":{"rendered":"https:\/\/lyfilter.com\/?post_type=product&#038;p=2251"},"modified":"2026-01-06T10:20:31","modified_gmt":"2026-01-06T10:20:31","slug":"exhaust-air-line-silencer-spillover-prevention-filters-for-discharge-liquid-bag","status":"publish","type":"product","link":"https:\/\/lyfilter.com\/tr\/exhaust-air-line-silencer-spillover-prevention-filters-for-discharge-liquid-bag\/","title":{"rendered":"Egzoz Hava Hatt\u0131 Susturucusu bo\u015faltma s\u0131v\u0131s\u0131 torbas\u0131 i\u00e7in d\u00f6k\u00fclme \u00f6nleyici filtreler"},"content":{"rendered":"<div class=\"unit-detail-html-tabs__content-attr\">\n<div class=\"unit-product-attrparam\">\n<div class=\"unit-product-attrparam__items row\">\n<div class=\"col-12 col-md-6\">\n<div class=\"unit-product-attrparam__item\">\n<div class=\"unit-product-attrparam__label\">Malzeme:pe<br \/>\nKullan\u0131labilirlik: OEM\/ODM<\/div>\n<\/div>\n<\/div>\n<\/div>\n<\/div>\n<\/div>\n<div class=\"unit-detail-html-tabs__content-featuresAttr\"><\/div>\n<div class=\"unit-detail-html-tabs__content-html\">\n<p><strong>Egzoz Hava Hatt\u0131 Susturucusu bo\u015faltma s\u0131v\u0131s\u0131 torbas\u0131 i\u00e7in d\u00f6k\u00fclme \u00f6nleyici filtreler<\/strong><\/p>\n<div class=\"J_module\">\n<div class=\"detail-decorate-json-renderer-container\">\n<div class=\"magic-1\">\n<div class=\"magic-2\" data-spm-anchor-id=\"a2700.wholesale.0.i16.645f57536S1GwK\">\n<div class=\"magic-3\">\n<div class=\"magic-4\">1. Birim alan ba\u015f\u0131na daha fazla ak\u0131\u015f sa\u011flamak i\u00e7in y\u00fcksek g\u00f6zeneklilik;<\/p>\n<div>2. P\u00fcr\u00fczs\u00fcz d\u0131\u015f y\u00fczey, kirlilikler kolay yap\u0131\u015fmaz, geri y\u0131kama<br \/>\nkolay ve kapsaml\u0131;<\/div>\n<div>3. Kirlenme \u00f6nleme \u00f6zelli\u011fi: Filtrenin k\u00fc\u00e7\u00fck boyutu sayesinde kirlilikler filtre g\u00f6vdesinde tutulamaz;<br \/>\n4. G\u00fc\u00e7l\u00fc asit, alkali korozyonuna kar\u015f\u0131 diren\u00e7, organik \u00e7\u00f6z\u00fcc\u00fclere kar\u015f\u0131 diren\u00e7;<\/div>\n<div>5. M\u00fckemmel mekanik \u00f6zellikler;<\/div>\n<div>6. Par\u00e7ac\u0131k sal\u0131n\u0131m\u0131 yok.<\/div>\n<div>7. Geni\u015f \u00dcr\u00fcn yelpazesi ve geni\u015f uygulama alan\u0131<\/div>\n<\/div>\n<\/div>\n<\/div>\n<\/div>\n<\/div>\n<\/div>\n<div class=\"J_module\">\n<div class=\"ife-detail-decorate-table\">\n<div class=\"table-responsive\">\n<table class=\"has-title all magic-5\" width=\"750\">\n<tbody>\n<tr class=\"firstRow\">\n<td colspan=\"1\" rowspan=\"1\" height=\"20\">\n<div class=\"magic-6\">Filtre Ortam\u0131<\/div>\n<\/td>\n<td colspan=\"1\" rowspan=\"1\" height=\"20\">\n<div class=\"magic-7\">PE, HDPE, PTFE, PVDF, PA\/Naylon vb.<\/div>\n<\/td>\n<\/tr>\n<tr>\n<td colspan=\"1\" rowspan=\"1\" height=\"20\">\n<div class=\"magic-6\">Mikron oran\u0131<\/div>\n<\/td>\n<td colspan=\"1\" rowspan=\"1\" height=\"20\">\n<div class=\"magic-7\">0.2um, 0.5um, 1um, 3um, 5um, 10um, 25um, 30um, 50um, 75um, 100um, vb.<\/div>\n<\/td>\n<\/tr>\n<tr>\n<td colspan=\"1\" rowspan=\"1\" height=\"20\">\n<div class=\"magic-6\">Referans boyut (mm)<\/div>\n<\/td>\n<td colspan=\"1\" rowspan=\"1\" height=\"20\">\n<div class=\"magic-7\">38x20x150, 50x20x1000, 50x31x1000, 50x38x1000, 65x31x1000, 65x38x1000, 64x44x1000, 78x62x750mm, vb.<\/div>\n<\/td>\n<\/tr>\n<tr>\n<td colspan=\"1\" rowspan=\"1\" height=\"20\">\n<div class=\"magic-6\">Konekt\u00f6r tipi<\/div>\n<\/td>\n<td colspan=\"1\" rowspan=\"1\" height=\"20\">\n<div class=\"magic-7\">DOE, SOE, D\u00fcz, kesici u\u00e7, di\u015f, 226, 222, 215, M36, M30, M27, M25, M22, M14, M12 veya iste\u011fe ba\u011fl\u0131 olarak.<\/div>\n<\/td>\n<\/tr>\n<tr>\n<td colspan=\"1\" rowspan=\"1\" height=\"20\">\n<div class=\"magic-6\">Maks. \u00e7al\u0131\u015fma s\u0131cakl\u0131\u011f\u0131<\/div>\n<\/td>\n<td colspan=\"1\" rowspan=\"1\" height=\"20\">\n<div class=\"magic-7\">PE\u226482\u2103; PTFE\u2265200\u2103; PA\u2264120\u2103<\/div>\n<\/td>\n<\/tr>\n<\/tbody>\n<\/table>\n<\/div>\n<\/div>\n<\/div>\n<p><img decoding=\"async\" src=\"https:\/\/img.yfisher.com\/m6076\/17257325944an\/png70-t3-scale100.webp\" alt=\"Egzoz Hava Hatt\u0131 Susturucu bo\u015faltma s\u0131v\u0131s\u0131 torbas\u0131 i\u00e7in d\u00f6k\u00fclme \u00f6nleyici filtreler 2\" data-lazy=\"2\" title=\"\"><\/p>\n<p><img decoding=\"async\" src=\"https:\/\/img.yfisher.com\/m6076\/1725732594k8d\/png70-t3-scale100.webp\" alt=\"Egzoz Hava Hatt\u0131 Susturucu bo\u015faltma s\u0131v\u0131s\u0131 torbas\u0131 i\u00e7in d\u00f6k\u00fclme \u00f6nleyici filtreler 3\" data-lazy=\"2\" title=\"\"><\/p>\n<\/div>","protected":false},"excerpt":{"rendered":"<table>\n<thead>\n<tr>\n<th>\u00d6\u011fe<\/th>\n<th>DETAYLAR<\/th>\n<\/tr>\n<\/thead>\n<tbody>\n<tr>\n<td>ba\u015flang\u0131\u00e7 portu<\/td>\n<td>guangzhou<\/td>\n<\/tr>\n<tr>\n<td>\u00fcreti\u0307m kapasi\u0307tesi\u0307<\/td>\n<td>10000 adet\/ay<\/td>\n<\/tr>\n<tr>\n<td>men\u015fe yeri<\/td>\n<td>guangdong, \u00e7i\u0307n<\/td>\n<\/tr>\n<tr>\n<td>\u00f6deme<\/td>\n<td>t\/t, paypal<\/td>\n<\/tr>\n<tr>\n<td>moq<\/td>\n<td>1 adet<\/td>\n<\/tr>\n<tr>\n<td>model<\/td>\n<td>ly-hfpl<\/td>\n<\/tr>\n<tr>\n<td>TESL\u0130MAT S\u00dcRES\u0130<\/td>\n<td>7 i\u015f g\u00fcn\u00fc i\u00e7inde<\/td>\n<\/tr>\n<tr>\n<td>BELGELEND\u0130RME<\/td>\n<td>iso 9001<\/td>\n<\/tr>\n<tr>\n<td>marka<\/td>\n<td>oem\/lvyuan<\/td>\n<\/tr>\n<\/tbody>\n<\/table>","protected":false},"featured_media":2256,"comment_status":"open","ping_status":"closed","template":"","meta":{"_gspb_post_css":""},"product_brand":[],"product_cat":[17,22],"product_tag":[939,262,260,268,282,941],"class_list":{"0":"post-2251","1":"product","2":"type-product","3":"status-publish","4":"has-post-thumbnail","6":"product_cat-sediment-filter","7":"product_cat-sintered-filter-cartridge","8":"product_tag-1-pcs-moq","9":"product_tag-guangzhou-port","10":"product_tag-iso-9001","11":"product_tag-ly-hfpl","12":"product_tag-oem-lvyuan","13":"product_tag-paypal-payment","15":"first","16":"instock","17":"shipping-taxable","18":"product-type-simple"},"_links":{"self":[{"href":"https:\/\/lyfilter.com\/tr\/wp-json\/wp\/v2\/product\/2251","targetHints":{"allow":["GET"]}}],"collection":[{"href":"https:\/\/lyfilter.com\/tr\/wp-json\/wp\/v2\/product"}],"about":[{"href":"https:\/\/lyfilter.com\/tr\/wp-json\/wp\/v2\/types\/product"}],"replies":[{"embeddable":true,"href":"https:\/\/lyfilter.com\/tr\/wp-json\/wp\/v2\/comments?post=2251"}],"wp:featuredmedia":[{"embeddable":true,"href":"https:\/\/lyfilter.com\/tr\/wp-json\/wp\/v2\/media\/2256"}],"wp:attachment":[{"href":"https:\/\/lyfilter.com\/tr\/wp-json\/wp\/v2\/media?parent=2251"}],"wp:term":[{"taxonomy":"product_brand","embeddable":true,"href":"https:\/\/lyfilter.com\/tr\/wp-json\/wp\/v2\/product_brand?post=2251"},{"taxonomy":"product_cat","embeddable":true,"href":"https:\/\/lyfilter.com\/tr\/wp-json\/wp\/v2\/product_cat?post=2251"},{"taxonomy":"product_tag","embeddable":true,"href":"https:\/\/lyfilter.com\/tr\/wp-json\/wp\/v2\/product_tag?post=2251"}],"curies":[{"name":"wp","href":"https:\/\/api.w.org\/{rel}","templated":true}]}}