{"id":2248,"date":"2026-01-06T10:18:37","date_gmt":"2026-01-06T10:18:37","guid":{"rendered":"https:\/\/lyfilter.com\/?post_type=product&#038;p=2248"},"modified":"2026-01-06T10:18:38","modified_gmt":"2026-01-06T10:18:38","slug":"hospital-chemical-filter-0-45-5-1-10-microns-pe-polyethylene-powder-sintered-filter","status":"publish","type":"product","link":"https:\/\/lyfilter.com\/tr\/hospital-chemical-filter-0-45-5-1-10-microns-pe-polyethylene-powder-sintered-filter\/","title":{"rendered":"Hastane Kimyasal Filtresi 0.45 5 1 10 Mikron PE Polietilen Toz Sinterlenmi\u015f Filtre"},"content":{"rendered":"<div class=\"unit-detail-html-tabs__content-attr\">\n<div class=\"unit-product-attrparam\">\n<div class=\"unit-product-attrparam__items row\">\n<div class=\"col-12 col-md-6\">\n<div class=\"unit-product-attrparam__item\">\n<div class=\"unit-product-attrparam__label\">Kullan\u0131labilirlik<\/div>\n<div class=\"unit-product-attrparam__value\" title=\"OEM\">OEM<\/div>\n<\/div>\n<\/div>\n<\/div>\n<\/div>\n<\/div>\n<div class=\"unit-detail-html-tabs__content-featuresAttr\"><\/div>\n<div class=\"unit-detail-html-tabs__content-html\">\n<div>\n<div>\n<div id=\"myybv\">\n<h3>Hastane kimyasal filtresi 0.45 5 1 10 mikron PE polietilen toz sinterlenmi\u015f filtre<\/h3>\n<\/div>\n<div id=\"moyu5\">\n<p>Firmam\u0131z ultra y\u00fcksek molek\u00fcler polietilen sinterlenmi\u015f filtre \u00fcretmektedir, molek\u00fcler a\u011f\u0131rl\u0131\u011f\u0131 3 milyondan fazla sinterleme partik\u00fcl\u00fcd\u00fcr Sinterleme f\u0131r\u0131n\u0131nda bas\u0131nc\u0131 kullanmak i\u00e7in bir kal\u0131p kullan\u0131n Mikro g\u00f6zenekli malzemeler, iyi fiyat oranlar\u0131 nedeniyle at\u0131k gaz ve at\u0131k su ar\u0131t\u0131m\u0131 i\u00e7in yayg\u0131n olarak uygulanmaktad\u0131r. Geleneksel plastik hammaddelere \u00e7e\u015fitli t\u00fcrlerde fonksiyonel malzemeler, \u00f6rne\u011fin aktif karbon ekleyerek, gazlarda ve s\u0131v\u0131larda \u00e7evreye zararl\u0131 maddeleri, \u00f6rne\u011fin tuhaf koku ve organik maddeler vb. etkili bir \u015fekilde giderebiliriz. \u00d6rne\u011fin potasyum titanat b\u0131y\u0131klar\u0131, at\u0131k suda bulunan a\u011f\u0131r metal iyonlar\u0131n\u0131 de\u011fi\u015ftirebilir, bu nedenle kanalizasyon ar\u0131t\u0131m\u0131nda m\u00fckemmel performansa sahiptirler.<\/p>\n<p><img decoding=\"async\" src=\"https:\/\/img.yfisher.com\/m6076\/1725732589a2l\/png70-t3-scale100.webp\" alt=\"Hastane Kimyasal Filtresi 0.45 5 1 10 Mikron PE Polietilen Toz Sinter Filtre 2\" data-lazy=\"2\" title=\"\"><\/p>\n<\/div>\n<\/div>\n<\/div>\n<div>\n<div id=\"xxvdi\">\n<div class=\"table-responsive\">\n<table class=\"aliDataTable\">\n<tbody>\n<tr class=\"firstRow\">\n<td>\n<div>\u00dcr\u00fcn ad\u0131<\/div>\n<\/td>\n<td colspan=\"3\">\n<div>Hidrofilik filtre t\u00fcp\u00fc PE tozu 10\/50 mikron sinterlenmi\u015f polietilen\u00a0<a href=\"https:\/\/lyfilter.com\/tr\/products.html\/\">filtre eleman\u0131<\/a>\u00a0oksijen t\u00fcp\u00fc hastanesi i\u00e7in<\/div>\n<\/td>\n<\/tr>\n<tr>\n<td>\n<div>\u00c7ap<\/div>\n<\/td>\n<td colspan=\"3\">\n<div>10mm,20mm,30mm,40mm,50mm,60mm,70mm,80mm,90mm,100mm,110mm,<br \/>\n120mm, 200mm, vb.<\/div>\n<\/td>\n<\/tr>\n<tr>\n<td>\n<div>Uzunluk<\/div>\n<\/td>\n<td colspan=\"3\">\n<div>1\u2033, 2.5\u2033, 5\u2033, 10\u2033, 20\u2033, 30\u2033, 40\u2033, 50\u2033 vb.<\/div>\n<\/td>\n<\/tr>\n<tr>\n<td>\n<div>Mikron oran\u0131<\/div>\n<\/td>\n<td colspan=\"3\">\n<div>0.2um,0.3um,0.45um,1um,3um,5um,10um,20um,30um,40um,50um,100um,etc.<\/div>\n<\/td>\n<\/tr>\n<tr>\n<td>\n<div>\u00c7al\u0131\u015fma s\u0131cakl\u0131\u011f\u0131<\/div>\n<\/td>\n<td colspan=\"3\">\n<div>PE\u226480\u2103; PTFE\u2265200\u2103; PA\u2264120\u2103<\/div>\n<\/td>\n<\/tr>\n<tr>\n<td>\n<div>Filtre konekt\u00f6r\u00fc<\/div>\n<\/td>\n<td colspan=\"3\">\n<div>D\u00dcZ, INSERT TIPI, IPLIK TIPI, 226,222,215, \u00d6ZELLE\u015eTIRILMI\u015e<\/div>\n<\/td>\n<\/tr>\n<tr>\n<td>\n<div>A\u00e7\u0131klama<\/div>\n<\/td>\n<td colspan=\"3\">\n<div><strong>Filtre boyutu ve mikronlar\u0131 \u00f6zelle\u015ftirilebilir. Daha k\u00fc\u00e7\u00fck boyut veya daha b\u00fcy\u00fck boyut!<\/strong><\/div>\n<\/td>\n<\/tr>\n<\/tbody>\n<\/table>\n<\/div>\n<\/div>\n<\/div>\n<div>\n<div>\n<div id=\"68vz7\">\n<p><strong>A.Hafif sanayi ve g\u0131da sanayi<\/strong><br \/>\n(1) \u015eurup filtrasyonu<br \/>\n(2) \u0130\u00e7ecek filtreleme<br \/>\n(3) \u015earap ve beyaz ispirto filtrasyonu<br \/>\n(4) Bitkisel ya\u011f hassas filtreleme<br \/>\n(5) U\u00e7ucu ya\u011f filtrasyonu<br \/>\n(6) Maden suyu filtrasyonu<\/p>\n<p><strong>B.Makine ve Petrol end\u00fcstrisi<\/strong><br \/>\n(1) Kaplama \u00e7\u00f6zeltisi filtrasyonu<br \/>\n(2) \u0130\u00e7ten yanmal\u0131 motor temizleme s\u0131v\u0131s\u0131 hassas filtrasyonu<br \/>\n(3) Petrol sahas\u0131 y\u0131kama filtrasyonu<br \/>\n(4) Elektrik end\u00fcstrisi ultra saf su ekipman\u0131<\/p>\n<p><strong>C. At\u0131k su ar\u0131tma<\/strong><br \/>\n(1) A\u011f\u0131r mental hidroksit at\u0131k su ar\u0131t\u0131m\u0131<br \/>\n(2) Mix-ture a\u011f\u0131r metal at\u0131k su ar\u0131t\u0131m\u0131<br \/>\n(3) Kimyasal at\u0131k su ar\u0131tma<br \/>\n(4) Seramik at\u0131k su ar\u0131tma<br \/>\n(5) Al\u00fcminyum i\u00e7eren at\u0131k su ar\u0131t\u0131m\u0131<br \/>\n(6) Di\u011fer at\u0131k su ar\u0131t\u0131m\u0131.<\/p>\n<\/div>\n<\/div>\n<\/div>\n<\/div>","protected":false},"excerpt":{"rendered":"<table>\n<thead>\n<tr>\n<th>\u00d6\u011fe<\/th>\n<th>DETAYLAR<\/th>\n<\/tr>\n<\/thead>\n<tbody>\n<tr>\n<td>ba\u015flang\u0131\u00e7 portu<\/td>\n<td>guangzhou<\/td>\n<\/tr>\n<tr>\n<td>\u00fcreti\u0307m kapasi\u0307tesi\u0307<\/td>\n<td>10000 adet\/ay<\/td>\n<\/tr>\n<tr>\n<td>men\u015fe yeri<\/td>\n<td>guangdong, \u00e7i\u0307n<\/td>\n<\/tr>\n<tr>\n<td>\u00f6deme<\/td>\n<td>t\/t, alibaba ti\u0307caret g\u00fcvencesi\u0307<\/td>\n<\/tr>\n<tr>\n<td>moq<\/td>\n<td>1 adet<\/td>\n<\/tr>\n<tr>\n<td>model<\/td>\n<td>ly-hfpl<\/td>\n<\/tr>\n<tr>\n<td>TESL\u0130MAT S\u00dcRES\u0130<\/td>\n<td>7 i\u015f g\u00fcn\u00fc i\u00e7inde<\/td>\n<\/tr>\n<tr>\n<td>BELGELEND\u0130RME<\/td>\n<td>iso 9001<\/td>\n<\/tr>\n<tr>\n<td>marka<\/td>\n<td>oem\/lvyuan<\/td>\n<\/tr>\n<\/tbody>\n<\/table>","protected":false},"featured_media":2253,"comment_status":"open","ping_status":"closed","template":"","meta":{"_gspb_post_css":""},"product_brand":[],"product_cat":[17,22],"product_tag":[939,261,262,260,268,282],"class_list":{"0":"post-2248","1":"product","2":"type-product","3":"status-publish","4":"has-post-thumbnail","6":"product_cat-sediment-filter","7":"product_cat-sintered-filter-cartridge","8":"product_tag-1-pcs-moq","9":"product_tag-guangdong-china","10":"product_tag-guangzhou-port","11":"product_tag-iso-9001","12":"product_tag-ly-hfpl","13":"product_tag-oem-lvyuan","15":"first","16":"instock","17":"shipping-taxable","18":"product-type-simple"},"_links":{"self":[{"href":"https:\/\/lyfilter.com\/tr\/wp-json\/wp\/v2\/product\/2248","targetHints":{"allow":["GET"]}}],"collection":[{"href":"https:\/\/lyfilter.com\/tr\/wp-json\/wp\/v2\/product"}],"about":[{"href":"https:\/\/lyfilter.com\/tr\/wp-json\/wp\/v2\/types\/product"}],"replies":[{"embeddable":true,"href":"https:\/\/lyfilter.com\/tr\/wp-json\/wp\/v2\/comments?post=2248"}],"wp:featuredmedia":[{"embeddable":true,"href":"https:\/\/lyfilter.com\/tr\/wp-json\/wp\/v2\/media\/2253"}],"wp:attachment":[{"href":"https:\/\/lyfilter.com\/tr\/wp-json\/wp\/v2\/media?parent=2248"}],"wp:term":[{"taxonomy":"product_brand","embeddable":true,"href":"https:\/\/lyfilter.com\/tr\/wp-json\/wp\/v2\/product_brand?post=2248"},{"taxonomy":"product_cat","embeddable":true,"href":"https:\/\/lyfilter.com\/tr\/wp-json\/wp\/v2\/product_cat?post=2248"},{"taxonomy":"product_tag","embeddable":true,"href":"https:\/\/lyfilter.com\/tr\/wp-json\/wp\/v2\/product_tag?post=2248"}],"curies":[{"name":"wp","href":"https:\/\/api.w.org\/{rel}","templated":true}]}}