{"id":2245,"date":"2026-01-06T10:17:16","date_gmt":"2026-01-06T10:17:16","guid":{"rendered":"https:\/\/lyfilter.com\/?post_type=product&#038;p=2245"},"modified":"2026-01-06T10:17:16","modified_gmt":"2026-01-06T10:17:16","slug":"m22-m20-thread-0-2-0-5-microns-pe-ptfe-sintered-disc-filter","status":"publish","type":"product","link":"https:\/\/lyfilter.com\/tr\/m22-m20-thread-0-2-0-5-microns-pe-ptfe-sintered-disc-filter\/","title":{"rendered":"M22 M20 Di\u015f 0.2 0.5 Mikron PE PTFE Sinterlenmi\u015f Disk Filtre"},"content":{"rendered":"<div id=\"ali-anchor-AliMagic-lhfchv\" class=\"magic-0\" data-section=\"AliMagic-lhfchv\" data-section-title=\"Product Description\"><strong>0.2 0.5 1 5 10 25 50 100 Mikron G\u00f6zenekli Sinter PE PTFE Fritli Disk Sinterlenmi\u015f Plastik Filtre Diski<\/strong><\/div>\n<div class=\"magic-0\" data-section=\"AliMagic-lhfchv\" data-section-title=\"Product Description\"><\/div>\n<div class=\"icbu-pc-detailManyImage magic-1\" data-module-name=\"icbu-pc-detailManyImage\">\n<div class=\"magic-2\">PE filtre eleman\u0131, d\u00fczg\u00fcn g\u00f6zenek boyutu da\u011f\u0131l\u0131m\u0131na, g\u00fc\u00e7l\u00fc asit ve alkali direncine, y\u00fcksek s\u0131cakl\u0131k direncine, iyi mekanik \u00f6zelliklere ve organik \u00e7\u00f6z\u00fcc\u00fclere kar\u015f\u0131 g\u00fc\u00e7l\u00fc dirence sahiptir. B\u00fcy\u00fck \u00f6l\u00e7ekli su ar\u0131tma ekipmanlar\u0131n\u0131n \u00fcretimi, otomatik veya manuel geri y\u0131kama c\u00fcruf giderme y\u00f6ntemini benimseyebilir, kat\u0131 partik\u00fcller, filtre elemanlar\u0131n\u0131n s\u0131k s\u0131k de\u011fi\u015ftirilmesi, otomatik \u00e7al\u0131\u015fma, d\u00fc\u015f\u00fck filtrasyon maliyeti ve kullan\u0131c\u0131lar taraf\u0131ndan iyi kar\u015f\u0131lanan di\u011fer avantajlar olmadan kuru c\u00fcruf giderme ile geri kazan\u0131labilir.<\/div>\n<\/div>\n<div class=\"detail-decorate-json-renderer-container\">\n<div class=\"magic-4\">\n<div class=\"magic-15\">\n<div class=\"magic-10\">\n<div class=\"magic-16\"><\/div>\n<\/div>\n<\/div>\n<\/div>\n<\/div>\n<div class=\"icbu-pc-images magic-22\">\n<div class=\"flex-layout-v\">\n<div class=\"flex-layout-h magic-22\">\n<div class=\"magic-23\"><img decoding=\"async\" src=\"https:\/\/img.yfisher.com\/m6076\/17257325876wq\/png70-t3-scale100.webp\" alt=\"M22 M20 Di\u015f 0.2 0.5 Mikron PE PTFE Sinterlenmi\u015f Disk Filtre 2\" data-lazy=\"2\" title=\"\"><\/div>\n<div class=\"magic-23\"><img decoding=\"async\" src=\"https:\/\/img.yfisher.com\/m6076\/1729225219lmv\/png70-t3-scale100.webp\" alt=\"M22 M20 Di\u015f 0.2 0.5 Mikron PE PTFE Sinterlenmi\u015f Disk Filtre 3\" data-lazy=\"2\" title=\"\"><\/div>\n<div class=\"magic-23\"><\/div>\n<div class=\"magic-23\"><strong>SSS<\/strong><\/div>\n<\/div>\n<\/div>\n<\/div>\n<div class=\"icbu-pc-images magic-22\">\n<div class=\"flex-layout-v\">\n<div class=\"flex-layout-h magic-22\">\n<div class=\"magic-23\"><\/div>\n<\/div>\n<\/div>\n<\/div>\n<div id=\"ali-anchor-AliMagic-i4q4yj\" class=\"magic-0\" data-section=\"AliMagic-i4q4yj\" data-section-title=\"Application\">\n<p>Cevap verin: Genellikle burada MOQ'a ihtiya\u00e7 duyar, ancak geni\u015f bir \u00fcr\u00fcn sto\u011fumuz var, deneme sipari\u015fi verebilirsiniz. Sizin i\u00e7in tedarik edebiliriz. lider<br \/>\nzaman sizin miktar\u0131n\u0131za ba\u011fl\u0131d\u0131r;<\/p>\n<p>S2: Resmi sipari\u015f vermeden \u00f6nce numune alabilir miyim?<br \/>\nCevap ver: Evet. Kalitemizi kontrol etmek i\u00e7in size \u00fccretsiz numune deste\u011fi verebiliriz, ancak ekspres hesab\u0131n\u0131z varsa navlun toplamak zorunday\u0131z,<br \/>\nhesab\u0131n\u0131z\u0131 size numunelerimizi g\u00f6ndermek i\u00e7in de kullanabiliriz.<\/p>\n<p>&nbsp;<\/p>\n<p>S3: Ben k\u00fc\u00e7\u00fck bir toptanc\u0131y\u0131m, k\u00fc\u00e7\u00fck sipari\u015f kabul ediyor musunuz?<br \/>\nC: K\u00fc\u00e7\u00fck bir toptanc\u0131 olman\u0131z sorun de\u011fil, sizinle birlikte b\u00fcy\u00fcmek isteriz.<\/p>\n<p>S4: T\u0131bbi \u00fcr\u00fcnlerin \u00fczerine logomu ekleyebilir miyim?<br \/>\nC: Evet, OEM ve ODM bizim i\u00e7in mevcuttur.<\/p>\n<\/div>","protected":false},"excerpt":{"rendered":"<table>\n<thead>\n<tr>\n<th>b\u00f6l\u00fcm<\/th>\n<th>DETAYLAR<\/th>\n<\/tr>\n<\/thead>\n<tbody>\n<tr>\n<td>\u00fcr\u00fcn<\/td>\n<td>g\u00f6zenekli sinterlenmi\u015f plastik filtre diski \/ fritted disk (pe, ptfe)<\/td>\n<\/tr>\n<tr>\n<td>mikron de\u011ferleri<\/td>\n<td>0,2, 0,5, 1, 5, 10, 25, 50, 100 mikron<\/td>\n<\/tr>\n<tr>\n<td>malzemeler<\/td>\n<td>pe, ptfe<\/td>\n<\/tr>\n<tr>\n<td>anahtar \u00f6zelli\u0307kler<\/td>\n<td>d\u00fczg\u00fcn g\u00f6zenek da\u011f\u0131l\u0131m\u0131; g\u00fc\u00e7l\u00fc asit\/alkali direnci; y\u00fcksek s\u0131cakl\u0131k direnci; iyi mekanik dayan\u0131m; organik \u00e7\u00f6z\u00fcc\u00fclere diren\u00e7li<\/td>\n<\/tr>\n<tr>\n<td>ti\u0307pi\u0307k uygulama<\/td>\n<td>b\u00fcy\u00fck \u00f6l\u00e7ekli su ar\u0131tma ekipmanlar\u0131<\/td>\n<\/tr>\n<tr>\n<td>temi\u0307zli\u0307k \/ bakim<\/td>\n<td>otomatik veya manuel geri y\u0131kama c\u00fcruf giderme; kuru c\u00fcruf giderme kat\u0131 partik\u00fcl geri kazan\u0131m\u0131na izin verir; s\u0131k eleman de\u011fi\u015fimi yok; otomatik \u00e7al\u0131\u015fmay\u0131 destekler; d\u00fc\u015f\u00fck filtrasyon maliyeti<\/td>\n<\/tr>\n<tr>\n<td>g\u00f6sterilen iplik se\u00e7enekleri<\/td>\n<td>m22, m20<\/td>\n<\/tr>\n<tr>\n<td>listelenen \u00f6rnek \u00f6\u011feler<\/td>\n<td>\u201cm22 m20 di\u015fli 0,2 0,5 mikron pe ptfe sinterlenmi\u015f disk filtre 2\u201d; \u201c... filtre 3\u201d<\/td>\n<\/tr>\n<tr>\n<td>adedi\u0307 \/ si\u0307pari\u0307\u015f<\/td>\n<td>fiyat uygulanabilir, ancak geni\u015f stok deneme sipari\u015flerini destekler; teslim s\u00fcresi miktara ba\u011fl\u0131d\u0131r<\/td>\n<\/tr>\n<tr>\n<td>\u00f6rnekler<\/td>\n<td>kalite kontrol\u00fc i\u00e7in \u00fccretsiz \u00f6rnekler mevcuttur; navlun tahsil edilir; ekspres hesab\u0131n\u0131z \u00fczerinden g\u00f6nderebilirsiniz<\/td>\n<\/tr>\n<tr>\n<td>k\u00fc\u00e7\u00fck si\u0307pari\u0307\u015fler<\/td>\n<td>kabul edilir; k\u00fc\u00e7\u00fck toptanc\u0131lar i\u00e7in uygundur<\/td>\n<\/tr>\n<tr>\n<td>\u00f6zelle\u015fti\u0307rme<\/td>\n<td>oem\/odm mevcut; logo eklenebilir<\/td>\n<\/tr>\n<\/tbody>\n<\/table>","protected":false},"featured_media":2250,"comment_status":"open","ping_status":"closed","template":"","meta":{"_gspb_post_css":""},"product_brand":[],"product_cat":[17,22],"product_tag":[951,952,949,950,948,642],"class_list":{"0":"post-2245","1":"product","2":"type-product","3":"status-publish","4":"has-post-thumbnail","6":"product_cat-sediment-filter","7":"product_cat-sintered-filter-cartridge","8":"product_tag-0-2-micron-filter","9":"product_tag-oem-odm-available","10":"product_tag-porous-pe-filter","11":"product_tag-ptfe-fritted-disc","12":"product_tag-sintered-filter-disc","13":"product_tag-water-treatment-filtration","15":"first","16":"instock","17":"shipping-taxable","18":"product-type-simple"},"_links":{"self":[{"href":"https:\/\/lyfilter.com\/tr\/wp-json\/wp\/v2\/product\/2245","targetHints":{"allow":["GET"]}}],"collection":[{"href":"https:\/\/lyfilter.com\/tr\/wp-json\/wp\/v2\/product"}],"about":[{"href":"https:\/\/lyfilter.com\/tr\/wp-json\/wp\/v2\/types\/product"}],"replies":[{"embeddable":true,"href":"https:\/\/lyfilter.com\/tr\/wp-json\/wp\/v2\/comments?post=2245"}],"wp:featuredmedia":[{"embeddable":true,"href":"https:\/\/lyfilter.com\/tr\/wp-json\/wp\/v2\/media\/2250"}],"wp:attachment":[{"href":"https:\/\/lyfilter.com\/tr\/wp-json\/wp\/v2\/media?parent=2245"}],"wp:term":[{"taxonomy":"product_brand","embeddable":true,"href":"https:\/\/lyfilter.com\/tr\/wp-json\/wp\/v2\/product_brand?post=2245"},{"taxonomy":"product_cat","embeddable":true,"href":"https:\/\/lyfilter.com\/tr\/wp-json\/wp\/v2\/product_cat?post=2245"},{"taxonomy":"product_tag","embeddable":true,"href":"https:\/\/lyfilter.com\/tr\/wp-json\/wp\/v2\/product_tag?post=2245"}],"curies":[{"name":"wp","href":"https:\/\/api.w.org\/{rel}","templated":true}]}}