{"id":2243,"date":"2026-01-06T10:15:27","date_gmt":"2026-01-06T10:15:27","guid":{"rendered":"https:\/\/lyfilter.com\/?post_type=product&#038;p=2243"},"modified":"2026-01-06T10:15:27","modified_gmt":"2026-01-06T10:15:27","slug":"medical-industry-sintered-60um-polyethylene-porous-filter-disc","status":"publish","type":"product","link":"https:\/\/lyfilter.com\/tr\/medical-industry-sintered-60um-polyethylene-porous-filter-disc\/","title":{"rendered":"Medikal Sanayi Sinterlenmi\u015f 60um Polietilen G\u00f6zenekli Filtre Diski"},"content":{"rendered":"<div class=\"unit-detail-html-tabs__content-attr\">\n<div class=\"unit-product-attrparam\">\n<div class=\"unit-product-attrparam__items row\">\n<div class=\"col-12 col-md-6\">\n<div class=\"unit-product-attrparam__item\">\n<div class=\"unit-product-attrparam__label\">Malzeme<\/div>\n<div class=\"unit-product-attrparam__value\" title=\"pe \">pe<\/div>\n<\/div>\n<\/div>\n<div class=\"col-12 col-md-6\">\n<div class=\"unit-product-attrparam__item\">\n<div class=\"unit-product-attrparam__label\">Kullan\u0131labilirlik<\/div>\n<div class=\"unit-product-attrparam__value\" title=\"OEM\">OEM<\/div>\n<\/div>\n<\/div>\n<\/div>\n<\/div>\n<\/div>\n<div class=\"unit-detail-html-tabs__content-featuresAttr\"><\/div>\n<div class=\"unit-detail-html-tabs__content-html\">\n<div id=\"_root\" class=\"engine-app\" data-reactroot=\"\">\n<div id=\"ali-anchor-AliMagic-4nwo8b\" class=\"magic-0\" data-section=\"AliMagic-4nwo8b\" data-section-title=\"Product Description\"><strong>T\u0131p End\u00fcstrisi i\u00e7in Sinterlenmi\u015f Polietilen PE G\u00f6zenekli PP Filtre Disk Filtreleri<\/strong><\/div>\n<div class=\"magic-0\" data-section=\"AliMagic-4nwo8b\" data-section-title=\"Product Description\"><\/div>\n<div class=\"magic-0\" data-section=\"AliMagic-4nwo8b\" data-section-title=\"Product Description\"><strong>\u00dcr\u00fcn A\u00e7\u0131klamas\u0131<\/strong><\/div>\n<p>&nbsp;<\/p>\n<p><img decoding=\"async\" src=\"https:\/\/img.yfisher.com\/m6076\/17257325856xw\/png70-t3-scale100.webp\" alt=\"Medikal Sanayi Sinterlenmi\u015f 60um Polietilen G\u00f6zenekli Filtre Diski 2\" data-lazy=\"2\" title=\"\"><\/p>\n<p><img decoding=\"async\" src=\"https:\/\/img.yfisher.com\/m6076\/17257325850nm\/png70-t3-scale100.webp\" alt=\"Medikal Sanayi Sinterlenmi\u015f 60um Polietilen G\u00f6zenekli Filtre Diski 3\" data-lazy=\"2\" title=\"\"><\/p>\n<div class=\"icbu-pc-images magic-1\">\n<div class=\"flex-layout-v\">\n<div class=\"flex-layout-h magic-1\">\n<div class=\"magic-2\"><\/div>\n<\/div>\n<\/div>\n<\/div>\n<div class=\"detail-decorate-json-renderer-container\">\n<div class=\"magic-4\">\n<div class=\"magic-7\">\n<div class=\"magic-8\">\n<div class=\"magic-9\">\n<p><strong>PP\/PE Mikro g\u00f6zenekli \u00fcr\u00fcnlerin avantaj\u0131<\/strong><\/p>\n<p>Toksik olmayan<br \/>\nTatmin edici lekesizlik<br \/>\nY\u00fcksek filtrasyon hassasiyeti 5-60um<br \/>\n\u00dcst\u00fcn korozyon direnci<br \/>\nUzun \u00f6m\u00fcr ve kolay de\u011fi\u015fim<\/p>\n<\/div>\n<\/div>\n<\/div>\n<\/div>\n<\/div>\n<div class=\"icbu-pc-images magic-1\">\n<div class=\"flex-layout-v\">\n<div class=\"flex-layout-h magic-1\">\n<div class=\"magic-13\"><\/div>\n<\/div>\n<\/div>\n<\/div>\n<div id=\"ali-anchor-AliMagic-u5zd9b\" class=\"magic-0\" data-section=\"AliMagic-u5zd9b\" data-section-title=\"Specification\">\u015eartname<\/div>\n<div class=\"magic-0\" data-section=\"AliMagic-u5zd9b\" data-section-title=\"Specification\"><\/div>\n<div class=\"table-responsive\">\n<table border=\"1\" width=\"475\" cellspacing=\"0\" cellpadding=\"0\">\n<colgroup>\n<col \/>\n<col \/><\/colgroup>\n<tbody>\n<tr class=\"firstRow\">\n<td height=\"19\" data-spm-anchor-id=\"a2700.details.pronpeci14.i1.31556e41v5knch\">malzeme<\/td>\n<td>PP PE toz<\/td>\n<\/tr>\n<tr>\n<td height=\"19\">g\u00f6zenek boyutu<\/td>\n<td>5-60 mikron<\/td>\n<\/tr>\n<tr>\n<td height=\"19\">\u015fekil<\/td>\n<td>disk, t\u00fcp, \u00e7ubuk veya \u00f6zelle\u015ftirilmi\u015f<\/td>\n<\/tr>\n<tr>\n<td height=\"19\">ADEDI<\/td>\n<td>1 adet<\/td>\n<\/tr>\n<\/tbody>\n<\/table>\n<\/div>\n<p>&nbsp;<\/p>\n<p>\u00d6zellikler<\/p>\n<div class=\"magic-0\" data-section=\"AliMagic-0xxzp9\" data-section-title=\"Features\"><\/div>\n<div class=\"detail-decorate-json-renderer-container\">\n<div class=\"magic-4\">\n<div class=\"magic-7\">\n<div class=\"magic-8\">\n<div class=\"magic-9\">\n<p class=\"magic-10\">1. Birim alan ba\u015f\u0131na daha fazla ak\u0131\u015f sa\u011flamak i\u00e7in y\u00fcksek g\u00f6zeneklilik (60%).<br \/>\n2. D\u00fczg\u00fcn d\u0131\u015f y\u00fczey, kirlilikler kolay yap\u0131\u015fmaz, geri y\u0131kama kolay ve kapsaml\u0131 de\u011fildir.<br \/>\n3. Sert, M\u00fckemmel mekanik \u00f6zellikler.<br \/>\n4. G\u00fc\u00e7l\u00fc asit, alkali korozyonuna ve organik \u00e7\u00f6z\u00fcc\u00fclere kar\u015f\u0131 m\u00fckemmel diren\u00e7.<br \/>\n5. Par\u00e7ac\u0131k sal\u0131n\u0131m\u0131 yok.<\/p>\n<p class=\"magic-10\">\n<\/div>\n<\/div>\n<\/div>\n<\/div>\n<\/div>\n<div id=\"ali-anchor-AliMagic-9lb9rt\" class=\"magic-0\" data-section=\"AliMagic-9lb9rt\" data-section-title=\"Application\">Uygulama<\/div>\n<div class=\"detail-decorate-json-renderer-container\">\n<div class=\"magic-4\">\n<div class=\"magic-7\">\n<div class=\"magic-8\">\n<div class=\"magic-9\">\n<p class=\"magic-10\">1. \u0130la\u00e7 end\u00fcstrisi<br \/>\n2. Kimya end\u00fcstrisi<br \/>\n3. Hafif Sanayi ve G\u0131da Sanayi<br \/>\n4. Makine ve Petrol End\u00fcstrisi<br \/>\n5. Kimyasal elyaf ve tekstil end\u00fcstrisi<br \/>\n6. At\u0131k su ar\u0131tma end\u00fcstrisi<\/p>\n<\/div>\n<\/div>\n<\/div>\n<\/div>\n<\/div>\n<div class=\"magic-0\" data-section=\"AliMagic-nc32gj\" data-section-title=\"Our Company\"><\/div>\n<div id=\"ali-anchor-AliMagic-nc32gj\" class=\"magic-0\" data-section=\"AliMagic-nc32gj\" data-section-title=\"Our Company\">\u015eirketimiz<\/div>\n<div class=\"icbu-pc-images magic-1\">\n<div class=\"flex-layout-v\">\n<div class=\"flex-layout-h magic-1\">\n<div class=\"magic-18\"><\/div>\n<\/div>\n<\/div>\n<\/div>\n<div class=\"icbu-pc-images magic-1\">\n<div class=\"flex-layout-v\">\n<div class=\"flex-layout-h magic-1\">\n<div class=\"magic-22\">Ultra y\u00fcksek molek\u00fcll\u00fc PE filtre \u00e7ekirdekleri, nemlendirici \u015fi\u015fe filtre \u00e7ekirdekleri, 5-100 mikron filtre hassasiyetine sahip t\u0131bbi ama\u00e7lar i\u00e7in d\u00f6k\u00fclmeyi \u00f6nleyen delikli filtre \u00e7ekirdekleri dahil olmak \u00fczere \u00e7e\u015fitli filtre \u00e7ekirdeklerinin tasar\u0131m\u0131 ve \u00fcretiminde uzman\u0131z. \u00dcr\u00fcnler, y\u00fczeyde koruma tabakas\u0131 olu\u015fturmak i\u00e7in su veya s\u0131v\u0131 i\u00e7inde hemen geni\u015fleyecektir. Filtre, 0.06-0.05mpa bas\u0131n\u00e7 alt\u0131nda s\u0131v\u0131n\u0131n akmas\u0131n\u0131 \u00f6nleyecektir. D\u00f6k\u00fclme \u00f6nleyici filtre \u00e7ekirdekleri ve ba\u015fl\u0131klar\u0131, tek kullan\u0131ml\u0131k at\u0131k toplama torbalar\u0131, ESR testi ve enjeksiyonu i\u00e7in muhafaza t\u00fcpleri gibi t\u0131bbi cihazlarda yayg\u0131n olarak uygulanmaktad\u0131r. ISO9001: 2008 sertifikas\u0131n\u0131 ba\u015far\u0131yla ald\u0131k.<\/div>\n<\/div>\n<\/div>\n<\/div>\n<\/div>\n<\/div>","protected":false},"excerpt":{"rendered":"<table>\n<thead>\n<tr>\n<th>\u00d6\u011fe<\/th>\n<th>DETAYLAR<\/th>\n<\/tr>\n<\/thead>\n<tbody>\n<tr>\n<td>ba\u015flang\u0131\u00e7 portu<\/td>\n<td>guangzhou<\/td>\n<\/tr>\n<tr>\n<td>\u00fcreti\u0307m kapasi\u0307tesi\u0307<\/td>\n<td>10000 adet\/ay<\/td>\n<\/tr>\n<tr>\n<td>men\u015fe yeri<\/td>\n<td>guangdong, \u00e7i\u0307n<\/td>\n<\/tr>\n<tr>\n<td>\u00f6deme<\/td>\n<td>t\/t<\/td>\n<\/tr>\n<tr>\n<td>moq<\/td>\n<td>1 adet<\/td>\n<\/tr>\n<tr>\n<td>model<\/td>\n<td>ly-hfpl-7<\/td>\n<\/tr>\n<tr>\n<td>TESL\u0130MAT S\u00dcRES\u0130<\/td>\n<td>7 i\u015f g\u00fcn\u00fc i\u00e7inde<\/td>\n<\/tr>\n<tr>\n<td>BELGELEND\u0130RME<\/td>\n<td>iso 9001<\/td>\n<\/tr>\n<tr>\n<td>marka<\/td>\n<td>oem\/lvyuan<\/td>\n<\/tr>\n<\/tbody>\n<\/table>","protected":false},"featured_media":2246,"comment_status":"open","ping_status":"closed","template":"","meta":{"_gspb_post_css":""},"product_brand":[],"product_cat":[17,22],"product_tag":[939,261,262,260,278,282],"class_list":{"0":"post-2243","1":"product","2":"type-product","3":"status-publish","4":"has-post-thumbnail","6":"product_cat-sediment-filter","7":"product_cat-sintered-filter-cartridge","8":"product_tag-1-pcs-moq","9":"product_tag-guangdong-china","10":"product_tag-guangzhou-port","11":"product_tag-iso-9001","12":"product_tag-ly-hfpl-7","13":"product_tag-oem-lvyuan","15":"first","16":"instock","17":"shipping-taxable","18":"product-type-simple"},"_links":{"self":[{"href":"https:\/\/lyfilter.com\/tr\/wp-json\/wp\/v2\/product\/2243","targetHints":{"allow":["GET"]}}],"collection":[{"href":"https:\/\/lyfilter.com\/tr\/wp-json\/wp\/v2\/product"}],"about":[{"href":"https:\/\/lyfilter.com\/tr\/wp-json\/wp\/v2\/types\/product"}],"replies":[{"embeddable":true,"href":"https:\/\/lyfilter.com\/tr\/wp-json\/wp\/v2\/comments?post=2243"}],"wp:featuredmedia":[{"embeddable":true,"href":"https:\/\/lyfilter.com\/tr\/wp-json\/wp\/v2\/media\/2246"}],"wp:attachment":[{"href":"https:\/\/lyfilter.com\/tr\/wp-json\/wp\/v2\/media?parent=2243"}],"wp:term":[{"taxonomy":"product_brand","embeddable":true,"href":"https:\/\/lyfilter.com\/tr\/wp-json\/wp\/v2\/product_brand?post=2243"},{"taxonomy":"product_cat","embeddable":true,"href":"https:\/\/lyfilter.com\/tr\/wp-json\/wp\/v2\/product_cat?post=2243"},{"taxonomy":"product_tag","embeddable":true,"href":"https:\/\/lyfilter.com\/tr\/wp-json\/wp\/v2\/product_tag?post=2243"}],"curies":[{"name":"wp","href":"https:\/\/api.w.org\/{rel}","templated":true}]}}