{"id":2241,"date":"2026-01-06T10:14:02","date_gmt":"2026-01-06T10:14:02","guid":{"rendered":"https:\/\/lyfilter.com\/?post_type=product&#038;p=2241"},"modified":"2026-01-06T10:14:02","modified_gmt":"2026-01-06T10:14:02","slug":"500mm-width-0-5-1-10-micron-polyethylene-sintered-disc-filter","status":"publish","type":"product","link":"https:\/\/lyfilter.com\/tr\/500mm-width-0-5-1-10-micron-polyethylene-sintered-disc-filter\/","title":{"rendered":"500mm Geni\u015flik 0.5 1 10 Mikron Polietilen Sinterlenmi\u015f Disk Filtre"},"content":{"rendered":"<div class=\"unit-detail-html-tabs__content-attr\">\n<div class=\"unit-product-attrparam\">\n<div class=\"unit-product-attrparam__items row\">\n<div class=\"col-12 col-md-6\">\n<div class=\"unit-product-attrparam__item\">\n<div class=\"unit-product-attrparam__label\">Malzeme:pe<br \/>\nKullan\u0131labilirlik: OEM\/ODM<\/div>\n<\/div>\n<\/div>\n<\/div>\n<\/div>\n<\/div>\n<div class=\"unit-detail-html-tabs__content-featuresAttr\"><\/div>\n<div class=\"unit-detail-html-tabs__content-html\">\n<div class=\"detail-decorate-json-renderer-container\"><strong>500mm Geni\u015flik 0.5 1 10 Mikron Polietilen Sinterlenmi\u015f Disk Filtre<\/strong><\/p>\n<div class=\"magic-0\">\n<h3 class=\"magic-1\" data-id=\"title0\"><\/h3>\n<\/div>\n<\/div>\n<div id=\"ali-anchor-AliMagic-ernild\" class=\"magic-5\" data-section=\"AliMagic-ernild\" data-section-title=\"Product Description\">\u00dcr\u00fcn A\u00e7\u0131klamas\u0131<\/div>\n<div class=\"magic-5\" data-section=\"AliMagic-ernild\" data-section-title=\"Product Description\">PE sinterlenmi\u015f filtre eleman\u0131, yap\u0131s\u0131 kompakt, g\u00fc\u00e7l\u00fc, hafif, y\u00fcksek filtrasyon bas\u0131nc\u0131na dayanabilen, toksik olmayan ve tats\u0131z olan ve asit ve alkali \u00e7\u00f6z\u00fcc\u00fclere kar\u015f\u0131 iyi korozyon direncine sahip ultra y\u00fcksek molek\u00fcler a\u011f\u0131rl\u0131kl\u0131 polietilenden sinterlenmi\u015f ve kal\u0131planm\u0131\u015f olarak yap\u0131lm\u0131\u015ft\u0131r.<br \/>\nPE filtre eleman\u0131, d\u00fczg\u00fcn g\u00f6zenek boyutu da\u011f\u0131l\u0131m\u0131na, g\u00fc\u00e7l\u00fc asit ve alkali direncine, y\u00fcksek s\u0131cakl\u0131k direncine, iyi mekanik \u00f6zelliklere ve organik \u00e7\u00f6z\u00fcc\u00fclere kar\u015f\u0131 g\u00fc\u00e7l\u00fc dirence sahiptir. B\u00fcy\u00fck \u00f6l\u00e7ekli su ar\u0131tma ekipmanlar\u0131n\u0131n \u00fcretimi, otomatik veya manuel geri y\u0131kama c\u00fcruf giderme y\u00f6ntemini benimseyebilir, kat\u0131 partik\u00fcller, filtre elemanlar\u0131n\u0131n s\u0131k s\u0131k de\u011fi\u015ftirilmesi, otomatik \u00e7al\u0131\u015fma, d\u00fc\u015f\u00fck filtrasyon maliyeti ve kullan\u0131c\u0131lar taraf\u0131ndan iyi kar\u015f\u0131lanan di\u011fer avantajlar olmadan kuru c\u00fcruf giderme ile geri kazan\u0131labilir.<\/div>\n<div class=\"icbu-pc-detailManyImage magic-6\" data-module-name=\"icbu-pc-detailManyImage\">\n<div class=\"magic-7\">\n<div class=\"magic-10\">\n<div class=\"magic-16\">\n<div class=\"table-responsive\">\n<table border=\"1\" width=\"523\" cellspacing=\"0\" cellpadding=\"0\">\n<colgroup>\n<col \/>\n<col \/><\/colgroup>\n<tbody>\n<tr class=\"firstRow\">\n<td height=\"22\" data-spm-anchor-id=\"a2700.details.pronpeci14.i0.361d6ac1iKO6Ch\">Malzeme<\/td>\n<td>plastik PE PP<\/td>\n<\/tr>\n<tr>\n<td height=\"42\">Uygulama<\/td>\n<td>\u00dcretim Tesisi, Yiyecek ve \u0130\u00e7ecek Fabrikas\u0131, \u00c7iftlikler, Ev kullan\u0131m\u0131, Enerji ve Madencilik, Filtrasyon sistemi<\/td>\n<\/tr>\n<tr>\n<td height=\"43\">G\u00f6zenek Boyutu<\/td>\n<td>0.5um, 2um, 5um, 10um, 15um, 20um, 40um, 60um, 90um, 100um<\/td>\n<\/tr>\n<tr>\n<td rowspan=\"2\" height=\"42\">\u00d6zellik<\/td>\n<td><\/td>\n<\/tr>\n<tr>\n<td height=\"22\">Par\u00e7ac\u0131klar\u0131n d\u00fczg\u00fcn da\u011f\u0131l\u0131m\u0131, c\u00fcruf yok, g\u00fczel g\u00f6r\u00fcn\u00fcm<\/td>\n<\/tr>\n<tr>\n<td height=\"22\">Filtre De\u011ferlendirmesi<\/td>\n<td>99.99%<\/td>\n<\/tr>\n<tr>\n<td height=\"22\">Kal\u0131nl\u0131k<\/td>\n<td>1-1000mm<\/td>\n<\/tr>\n<tr>\n<td height=\"22\">Geni\u015flik<\/td>\n<td>0.1-500mm<\/td>\n<\/tr>\n<tr>\n<td height=\"21\">\u015eekil<\/td>\n<td>Disk, t\u00fcp, fincan veya \u00f6zelle\u015ftirilmi\u015f \u015fekil<\/td>\n<\/tr>\n<tr>\n<td height=\"20\">Kullan\u0131m<\/td>\n<td>Hava Filtresi<\/td>\n<\/tr>\n<\/tbody>\n<\/table>\n<\/div>\n<\/div>\n<\/div>\n<\/div>\n<\/div>\n<p><img decoding=\"async\" src=\"https:\/\/img.yfisher.com\/m6076\/1725732581yet\/jpg70-t3-scale100.webp\" alt=\"500mm Geni\u015flik 0.5 1 10 Mikron Polietilen Sinterlenmi\u015f Disk Filtre 2\" data-lazy=\"2\" title=\"\"><\/p>\n<div class=\"icbu-pc-images magic-22\">\n<div class=\"flex-layout-v\">\n<div class=\"flex-layout-h magic-22\">\n<div class=\"magic-28\">\n<p><strong>Avantajlar\u0131m\u0131z:<\/strong><\/p>\n<ul>\n<li>Uzun y\u0131llara dayanan deneyime sahip profesyonel \u00fcretici<\/li>\n<li>Rekabet\u00e7i fiyat ile iyi kalite<\/li>\n<li>OEM ve ODM a\u00e7\u0131\u011f\u0131z<\/li>\n<li>Numunenize veya \u00e7iziminize g\u00f6re \u00fcretin<\/li>\n<li>\u00c7e\u015fitli \u00f6deme kalemleri kabul edilebilir<\/li>\n<li>Deneyimli y\u00f6netici taraf\u0131ndan iyi hizmet<\/li>\n<li>Her \u00fcr\u00fcn ayr\u0131 ayr\u0131 s\u0131k\u0131 denetim alt\u0131ndad\u0131r<\/li>\n<li>Zaman\u0131nda teslimat<\/li>\n<li>K\u00fc\u00e7\u00fck MOQ kabul edilebilir<\/li>\n<li>Afrika, Orta Do\u011fu, G\u00fcneydo\u011fu Asya ve G\u00fcney Amerika'ya ihracatta zengin deneyim<\/li>\n<\/ul>\n<\/div>\n<\/div>\n<\/div>\n<\/div>\n<\/div>","protected":false},"excerpt":{"rendered":"<table>\n<thead>\n<tr>\n<th>\u00d6\u011fe<\/th>\n<th>DETAYLAR<\/th>\n<\/tr>\n<\/thead>\n<tbody>\n<tr>\n<td>ba\u015flang\u0131\u00e7 portu<\/td>\n<td>guangzhou<\/td>\n<\/tr>\n<tr>\n<td>\u00fcreti\u0307m kapasi\u0307tesi\u0307<\/td>\n<td>10000 adet\/ay<\/td>\n<\/tr>\n<tr>\n<td>men\u015fe yeri<\/td>\n<td>guangdong, \u00e7i\u0307n<\/td>\n<\/tr>\n<tr>\n<td>\u00f6deme<\/td>\n<td>t\/t, alibaba ti\u0307caret g\u00fcvencesi\u0307, paypal<\/td>\n<\/tr>\n<tr>\n<td>moq<\/td>\n<td>1 adet<\/td>\n<\/tr>\n<tr>\n<td>model<\/td>\n<td>ly-hfpl<\/td>\n<\/tr>\n<tr>\n<td>TESL\u0130MAT S\u00dcRES\u0130<\/td>\n<td>7 i\u015f g\u00fcn\u00fc i\u00e7inde<\/td>\n<\/tr>\n<tr>\n<td>BELGELEND\u0130RME<\/td>\n<td>iso 9001<\/td>\n<\/tr>\n<tr>\n<td>marka<\/td>\n<td>oem\/lvyu<\/td>\n<\/tr>\n<\/tbody>\n<\/table>","protected":false},"featured_media":2244,"comment_status":"open","ping_status":"closed","template":"","meta":{"_gspb_post_css":""},"product_brand":[],"product_cat":[17,22],"product_tag":[939,261,262,260,268,947],"class_list":{"0":"post-2241","1":"product","2":"type-product","3":"status-publish","4":"has-post-thumbnail","6":"product_cat-sediment-filter","7":"product_cat-sintered-filter-cartridge","8":"product_tag-1-pcs-moq","9":"product_tag-guangdong-china","10":"product_tag-guangzhou-port","11":"product_tag-iso-9001","12":"product_tag-ly-hfpl","13":"product_tag-oem-lvyu","15":"first","16":"instock","17":"shipping-taxable","18":"product-type-simple"},"_links":{"self":[{"href":"https:\/\/lyfilter.com\/tr\/wp-json\/wp\/v2\/product\/2241","targetHints":{"allow":["GET"]}}],"collection":[{"href":"https:\/\/lyfilter.com\/tr\/wp-json\/wp\/v2\/product"}],"about":[{"href":"https:\/\/lyfilter.com\/tr\/wp-json\/wp\/v2\/types\/product"}],"replies":[{"embeddable":true,"href":"https:\/\/lyfilter.com\/tr\/wp-json\/wp\/v2\/comments?post=2241"}],"wp:featuredmedia":[{"embeddable":true,"href":"https:\/\/lyfilter.com\/tr\/wp-json\/wp\/v2\/media\/2244"}],"wp:attachment":[{"href":"https:\/\/lyfilter.com\/tr\/wp-json\/wp\/v2\/media?parent=2241"}],"wp:term":[{"taxonomy":"product_brand","embeddable":true,"href":"https:\/\/lyfilter.com\/tr\/wp-json\/wp\/v2\/product_brand?post=2241"},{"taxonomy":"product_cat","embeddable":true,"href":"https:\/\/lyfilter.com\/tr\/wp-json\/wp\/v2\/product_cat?post=2241"},{"taxonomy":"product_tag","embeddable":true,"href":"https:\/\/lyfilter.com\/tr\/wp-json\/wp\/v2\/product_tag?post=2241"}],"curies":[{"name":"wp","href":"https:\/\/api.w.org\/{rel}","templated":true}]}}