{"id":2239,"date":"2026-01-06T10:12:21","date_gmt":"2026-01-06T10:12:21","guid":{"rendered":"https:\/\/lyfilter.com\/?post_type=product&#038;p=2239"},"modified":"2026-01-06T10:12:21","modified_gmt":"2026-01-06T10:12:21","slug":"60-sintered-microporous-ptfe-tubing-30mpa-polyethylene-filters","status":"publish","type":"product","link":"https:\/\/lyfilter.com\/tr\/60-sintered-microporous-ptfe-tubing-30mpa-polyethylene-filters\/","title":{"rendered":"60\u201d Sinterlenmi\u015f Mikro G\u00f6zenekli PTFE Boru 30Mpa Polietilen Filtreler"},"content":{"rendered":"<div class=\"unit-detail-html-tabs__content-attr\">\n<div class=\"unit-product-attrparam\">\n<div class=\"unit-product-attrparam__items row\">\n<div class=\"col-12 col-md-6\">\n<div class=\"unit-product-attrparam__item\">\n<div class=\"unit-product-attrparam__label\">Malzeme:pe<br \/>\nKullan\u0131labilirlik: OEM\/ODM<\/div>\n<\/div>\n<\/div>\n<\/div>\n<\/div>\n<\/div>\n<div class=\"unit-detail-html-tabs__content-featuresAttr\"><\/div>\n<div class=\"unit-detail-html-tabs__content-html\">\n<div class=\"detail-decorate-json-renderer-container\">60\u201d Sinterlenmi\u015f Mikro G\u00f6zenekli PTFE Boru 30Mpa Polietilen Filtreler<\/p>\n<div class=\"magic-0\"><\/div>\n<\/div>\n<div id=\"ali-anchor-AliMagic-crxh1x\" class=\"magic-5\" data-section=\"AliMagic-crxh1x\" data-section-title=\"Product Description\"><strong>\u00d6zellikler:<\/strong><\/div>\n<div class=\"detail-decorate-json-renderer-container\">\n<div class=\"magic-0\">\n<div class=\"magic-2\">\n<div class=\"magic-3\">\n<div class=\"magic-4\" data-id=\"paragraph0\">1. Ak\u0131\u015fkanla\u015ft\u0131r\u0131lm\u0131\u015f plaka, toz boya ekipman\u0131 veya end\u00fcstriyel makine i\u00e7in kullan\u0131l\u0131r.<br \/>\n2. Herhangi bir kal\u0131nl\u0131kta toz boya ak\u0131\u015fkanla\u015ft\u0131rma plakas\u0131: 3 ila 50 mm veya di\u011ferleri.<br \/>\n3. Boyut ve \u015fekil (yuvarlak veya kare) gereksinimlere g\u00f6re \u00f6zelle\u015ftirilebilir.<br \/>\n4. Bu ak\u0131\u015fkanla\u015ft\u0131rma plakas\u0131, p\u00fcr\u00fczs\u00fcz ve d\u00fczg\u00fcn toz p\u00fcsk\u00fcrtme i\u00e7in gerekli olan toz boya haznesinde yayg\u0131n olarak kullan\u0131lmaktad\u0131r.<br \/>\n5. Ak\u0131\u015fkanla\u015ft\u0131rma plakas\u0131 anti-statik, kimyasallara dayan\u0131kl\u0131 ve su ge\u00e7irmez malzemeden yap\u0131lm\u0131\u015ft\u0131r.<\/div>\n<\/div>\n<\/div>\n<\/div>\n<\/div>\n<div class=\"detail-decorate-json-renderer-container\">\n<div class=\"magic-0\">\n<div class=\"magic-2\">\n<div class=\"magic-3\">\n<div class=\"magic-4\">1. Birim alan ba\u015f\u0131na daha fazla ak\u0131\u015f sa\u011flamak i\u00e7in y\u00fcksek g\u00f6zeneklilik; 2. P\u00fcr\u00fczs\u00fcz d\u0131\u015f y\u00fczey, kirlilikler kolay yap\u0131\u015fmaz, geri y\u0131kama kolay ve kapsaml\u0131; 3. Kirlenme \u00f6nleme yetene\u011fi: filtrenin k\u00fc\u00e7\u00fck boyutu, b\u00f6ylece kirlilikler filtre g\u00f6vdesinde tutulamaz; 4. G\u00fc\u00e7l\u00fc asit, alkali korozyona diren\u00e7, organik \u00e7\u00f6z\u00fcc\u00fclere diren\u00e7; 5. M\u00fckemmel mekanik \u00f6zellikler; 6. Par\u00e7ac\u0131k sal\u0131n\u0131m\u0131 yok. 7. Geni\u015f \u00dcr\u00fcn yelpazesi ve geni\u015f uygulama alan\u0131<\/div>\n<\/div>\n<\/div>\n<\/div>\n<\/div>\n<div class=\"ife-detail-decorate-table\">\n<div class=\"table-responsive\">\n<table class=\"hight-light-first-column all magic-19\" border=\"1\" cellspacing=\"0\" cellpadding=\"0\">\n<tbody>\n<tr class=\"firstRow\">\n<td colspan=\"1\" rowspan=\"1\">\n<div class=\"magic-20\">Filtre Ortam\u0131<\/div>\n<\/td>\n<td colspan=\"1\" rowspan=\"1\">\n<div class=\"magic-21\">PE, HDPE, PTFE, PVDF, PA\/Naylon vb.<\/div>\n<\/td>\n<\/tr>\n<tr>\n<td colspan=\"1\" rowspan=\"1\">\n<div class=\"magic-20\">Mikron oran\u0131<\/div>\n<\/td>\n<td colspan=\"1\" rowspan=\"1\">\n<div class=\"magic-21\">0.2um, 0.5um, 1um, 3um, 5um, 10um, 25um, 30um, 50um, 75um, 100um, vb.<\/div>\n<\/td>\n<\/tr>\n<tr>\n<td colspan=\"1\" rowspan=\"1\">\n<div class=\"magic-20\">Referans boyut<\/p>\n<div>(mm)<\/div>\n<\/div>\n<\/td>\n<td colspan=\"1\" rowspan=\"1\">\n<div class=\"magic-21\">31x12x1000, 31x20x1000, 38x20x1000, 38x18x1000, 38x20x1200, 38x20x1300, 38x20x150, 38x20x400, 38x20x250, 38x20x200, 38x20x180,<br \/>\n38x20x150, 50x20x1000, 50x31x1000, 50x38x1000, 65x31x1000, 65x38x1000, 64x44x1000, 78x62x750mm, vb.<\/div>\n<\/td>\n<\/tr>\n<tr>\n<td colspan=\"1\" rowspan=\"1\">\n<div class=\"magic-20\">Konekt\u00f6r tipi<\/div>\n<\/td>\n<td colspan=\"1\" rowspan=\"1\">\n<div class=\"magic-21\">DOE, SOE, D\u00fcz, kesici u\u00e7, di\u015f, 226, 222, 215, M36, M30, M27, M25, M22, M14, M12 veya iste\u011fe ba\u011fl\u0131 olarak.<\/div>\n<\/td>\n<\/tr>\n<tr>\n<td colspan=\"1\" rowspan=\"1\">\n<div class=\"magic-20\">Maks. \u00e7al\u0131\u015fma s\u0131cakl\u0131\u011f\u0131<\/div>\n<\/td>\n<td colspan=\"1\" rowspan=\"1\">\n<div class=\"magic-21\">PE\u226482\u2103; PTFE\u2265200\u2103; PA\u2264120\u2103<\/div>\n<\/td>\n<\/tr>\n<\/tbody>\n<\/table>\n<\/div>\n<\/div>\n<p><img decoding=\"async\" src=\"https:\/\/img.yfisher.com\/m6076\/1725732580py8\/png70-t3-scale100.webp\" alt=\"60&#039;&#039; Sinterlenmi\u015f Mikro G\u00f6zenekli PTFE Boru 30Mpa Polietilen Filtreler 2\" data-lazy=\"2\" title=\"\"><\/p>\n<div class=\"icbu-pc-images magic-22\">\n<div class=\"flex-layout-v\">\n<div class=\"flex-layout-h magic-22\">\n<div class=\"magic-30\"><strong>SSS<\/strong><\/div>\n<\/div>\n<\/div>\n<\/div>\n<div id=\"ali-anchor-AliMagic-9ckahp\" class=\"magic-5\" data-section=\"AliMagic-9ckahp\" data-section-title=\"Contact\">\n<p>S1: Siz \u00fcretici misiniz?<br \/>\nC: Evet, biz \u00fcreticiyiz, fabrikam\u0131z Langfang City, Hebei Eyaleti, \u00c7in'de bulunmaktad\u0131r. Bizi ziyaret etmeye ho\u015f geldiniz!<\/p>\n<p>S2: OEM kabul ediyor musunuz?<br \/>\nC: Evet, ihtiyac\u0131n\u0131za g\u00f6re \u00fcretim yapabiliriz.<\/p>\n<p>Q3. Baz\u0131 \u00f6rnekler alabilir miyim?<br \/>\nC: Size numune sunmaktan onur duyuyoruz. Navlun hari\u00e7.<\/p>\n<p>Q4. Teslimat s\u00fcresi ne kadard\u0131r?<br \/>\nC: Mallar stokta ise, genellikle 2-3 g\u00fcnd\u00fcr. Mallar stokta yoksa, genellikle 7-15 g\u00fcnd\u00fcr. Teslimat s\u00fcresini \u00fcr\u00fcn say\u0131s\u0131na g\u00f6re de belirliyoruz.<\/p>\n<p>Q5. \u00d6deme ko\u015fullar\u0131 nedir?<br \/>\nA: T \/ T 30% depozito olarak ve teslimattan \u00f6nce 70%. \u00d6demeyi yapmadan \u00f6nce size \u00fcr\u00fcnlerin ve paketlerin foto\u011fraflar\u0131n\u0131 g\u00f6sterece\u011fiz.<br \/>\nDengeleme.<\/p>\n<\/div>\n<\/div>","protected":false},"excerpt":{"rendered":"<table>\n<thead>\n<tr>\n<th>\u00d6\u011fe<\/th>\n<th>DETAYLAR<\/th>\n<\/tr>\n<\/thead>\n<tbody>\n<tr>\n<td>ba\u015flang\u0131\u00e7 portu<\/td>\n<td>guangzhou<\/td>\n<\/tr>\n<tr>\n<td>\u00fcreti\u0307m kapasi\u0307tesi\u0307<\/td>\n<td>10000 adet\/ay<\/td>\n<\/tr>\n<tr>\n<td>men\u015fe yeri<\/td>\n<td>guangdong, \u00e7i\u0307n<\/td>\n<\/tr>\n<tr>\n<td>\u00f6deme<\/td>\n<td>t\/t, alibaba ti\u0307caret g\u00fcvencesi\u0307, paypal<\/td>\n<\/tr>\n<tr>\n<td>moq<\/td>\n<td>1 adet<\/td>\n<\/tr>\n<tr>\n<td>model<\/td>\n<td>ly-hfpl<\/td>\n<\/tr>\n<tr>\n<td>TESL\u0130MAT S\u00dcRES\u0130<\/td>\n<td>7 i\u015f g\u00fcn\u00fc i\u00e7inde<\/td>\n<\/tr>\n<tr>\n<td>marka<\/td>\n<td>oem\/lvyuan<\/td>\n<\/tr>\n<\/tbody>\n<\/table>","protected":false},"featured_media":2242,"comment_status":"open","ping_status":"closed","template":"","meta":{"_gspb_post_css":""},"product_brand":[],"product_cat":[22,17],"product_tag":[939,261,262,268,282,941],"class_list":{"0":"post-2239","1":"product","2":"type-product","3":"status-publish","4":"has-post-thumbnail","6":"product_cat-sintered-filter-cartridge","7":"product_cat-sediment-filter","8":"product_tag-1-pcs-moq","9":"product_tag-guangdong-china","10":"product_tag-guangzhou-port","11":"product_tag-ly-hfpl","12":"product_tag-oem-lvyuan","13":"product_tag-paypal-payment","15":"first","16":"instock","17":"shipping-taxable","18":"product-type-simple"},"_links":{"self":[{"href":"https:\/\/lyfilter.com\/tr\/wp-json\/wp\/v2\/product\/2239","targetHints":{"allow":["GET"]}}],"collection":[{"href":"https:\/\/lyfilter.com\/tr\/wp-json\/wp\/v2\/product"}],"about":[{"href":"https:\/\/lyfilter.com\/tr\/wp-json\/wp\/v2\/types\/product"}],"replies":[{"embeddable":true,"href":"https:\/\/lyfilter.com\/tr\/wp-json\/wp\/v2\/comments?post=2239"}],"wp:featuredmedia":[{"embeddable":true,"href":"https:\/\/lyfilter.com\/tr\/wp-json\/wp\/v2\/media\/2242"}],"wp:attachment":[{"href":"https:\/\/lyfilter.com\/tr\/wp-json\/wp\/v2\/media?parent=2239"}],"wp:term":[{"taxonomy":"product_brand","embeddable":true,"href":"https:\/\/lyfilter.com\/tr\/wp-json\/wp\/v2\/product_brand?post=2239"},{"taxonomy":"product_cat","embeddable":true,"href":"https:\/\/lyfilter.com\/tr\/wp-json\/wp\/v2\/product_cat?post=2239"},{"taxonomy":"product_tag","embeddable":true,"href":"https:\/\/lyfilter.com\/tr\/wp-json\/wp\/v2\/product_tag?post=2239"}],"curies":[{"name":"wp","href":"https:\/\/api.w.org\/{rel}","templated":true}]}}