{"id":2237,"date":"2026-01-06T10:10:54","date_gmt":"2026-01-06T10:10:54","guid":{"rendered":"https:\/\/lyfilter.com\/?post_type=product&#038;p=2237"},"modified":"2026-01-06T10:10:54","modified_gmt":"2026-01-06T10:10:54","slug":"beverage-gas-0-5um-2um-synthetic-glass-porous-filter-disc","status":"publish","type":"product","link":"https:\/\/lyfilter.com\/tr\/beverage-gas-0-5um-2um-synthetic-glass-porous-filter-disc\/","title":{"rendered":"\u0130\u00e7ecek Gaz\u0131 0.5um 2um Sentetik Cam G\u00f6zenekli Filtre Diski"},"content":{"rendered":"<div class=\"unit-detail-html-tabs__content-attr\">\n<div class=\"unit-product-attrparam\">\n<div class=\"unit-product-attrparam__items row\">\n<div class=\"col-12 col-md-6\">\n<div class=\"unit-product-attrparam__item\">\n<div class=\"unit-product-attrparam__label\">Malzeme<\/div>\n<div class=\"unit-product-attrparam__value\" title=\"pe \">pe<\/div>\n<\/div>\n<\/div>\n<div class=\"col-12 col-md-6\">\n<div class=\"unit-product-attrparam__item\">\n<div class=\"unit-product-attrparam__label\">Kullan\u0131labilirlik<\/div>\n<div class=\"unit-product-attrparam__value\" title=\"OEM\">OEM<\/div>\n<\/div>\n<\/div>\n<\/div>\n<\/div>\n<\/div>\n<div class=\"unit-detail-html-tabs__content-featuresAttr\"><\/div>\n<div class=\"unit-detail-html-tabs__content-html\">\n<div class=\"detail-decorate-json-renderer-container\">\n<div class=\"magic-0\">\n<h3 class=\"magic-1\" data-id=\"title0\"><strong>\u00d6zel Sinterleme Cam\u0131 Polietilen filtre diski Sentetik plastik filtre diski<\/strong><\/h3>\n<div class=\"magic-2\">\n<div class=\"magic-3\">\n<div class=\"magic-4\" data-id=\"paragraph0\">Sinterlenmi\u015f filtre elemanlar\u0131 kimya, petrol, metalurji, hava ta\u015f\u0131tlar\u0131, gaz, elektronik, eczac\u0131l\u0131k, pn\u00f6matik, hava reg\u00fclat\u00f6r\u00fc bile\u015fenleri, bas\u0131n\u00e7\u00a0<a href=\"https:\/\/lyfilter.com\/tr\/products.html\/\">filtre eleman\u0131<\/a>s, hava filtreleri ve daha fazla alan.<\/div>\n<div class=\"magic-4\" data-id=\"paragraph0\"><\/div>\n<p>&nbsp;<\/p>\n<div class=\"table-responsive\">\n<table border=\"1\" width=\"395\" cellspacing=\"0\" cellpadding=\"0\">\n<colgroup>\n<col \/>\n<col \/><\/colgroup>\n<tbody>\n<tr class=\"firstRow\">\n<td height=\"22\" data-spm-anchor-id=\"a2700.details.pronpeci14.i2.724435c5sezBu7\">Malzeme<\/td>\n<td>plastik PE PP<\/td>\n<\/tr>\n<tr>\n<td height=\"87\">Uygulama<\/td>\n<td>\u00dcretim Tesisi, Yiyecek ve \u0130\u00e7ecek Fabrikas\u0131, \u00c7iftlikler, Ev kullan\u0131m\u0131, Enerji ve Madencilik, Filtrasyon sistemi<\/td>\n<\/tr>\n<tr>\n<td height=\"76\">G\u00f6zenek Boyutu<\/td>\n<td>0.5um, 2um, 5um, 10um, 15um, 20um, 40um, 60um, 90um, 100um<\/td>\n<\/tr>\n<tr>\n<td rowspan=\"2\" height=\"62\">\u00d6zellik<\/td>\n<td><\/td>\n<\/tr>\n<tr>\n<td height=\"43\">Par\u00e7ac\u0131klar\u0131n d\u00fczg\u00fcn da\u011f\u0131l\u0131m\u0131, c\u00fcruf yok, g\u00fczel g\u00f6r\u00fcn\u00fcm<\/td>\n<\/tr>\n<tr>\n<td height=\"43\">Filtre De\u011ferlendirmesi<\/td>\n<td>99.99%<\/td>\n<\/tr>\n<tr>\n<td height=\"22\">Kal\u0131nl\u0131k<\/td>\n<td>1-1000mm<\/td>\n<\/tr>\n<tr>\n<td height=\"41\">Geni\u015flik<\/td>\n<td>0.1-500mm<\/td>\n<\/tr>\n<tr>\n<td height=\"48\">\u015eekil<\/td>\n<td>Disk, t\u00fcp, fincan veya \u00f6zelle\u015ftirilmi\u015f \u015fekil<\/p>\n<p>&nbsp;<\/td>\n<\/tr>\n<\/tbody>\n<\/table>\n<\/div>\n<p>&nbsp;<\/p>\n<p><img decoding=\"async\" src=\"https:\/\/img.yfisher.com\/m6076\/1725732578oap\/jpg70-t3-scale100.webp\" alt=\"\u0130\u00e7ecek Gaz\u0131 0.5um 2um Sentetik Cam G\u00f6zenekli Filtre Diski 2\" data-lazy=\"2\" title=\"\"><\/p>\n<div class=\"magic-4\" data-id=\"paragraph0\"><\/div>\n<div class=\"magic-4\" data-id=\"paragraph0\">\n<p><strong>Avantajlar\u0131m\u0131z:<\/strong><\/p>\n<p>&nbsp;<\/p>\n<ul>\n<li>Uzun y\u0131llara dayanan deneyime sahip profesyonel \u00fcretici<\/li>\n<li>Rekabet\u00e7i fiyat ile iyi kalite<\/li>\n<li>OEM ve ODM a\u00e7\u0131\u011f\u0131z<\/li>\n<li>Numunenize veya \u00e7iziminize g\u00f6re \u00fcretin<\/li>\n<li>\u00c7e\u015fitli \u00f6deme kalemleri kabul edilebilir<\/li>\n<li>Deneyimli y\u00f6netici taraf\u0131ndan iyi hizmet<\/li>\n<li>Her \u00fcr\u00fcn ayr\u0131 ayr\u0131 s\u0131k\u0131 denetim alt\u0131ndad\u0131r<\/li>\n<li>Zaman\u0131nda teslimat<\/li>\n<li>K\u00fc\u00e7\u00fck MOQ kabul edilebilir<\/li>\n<li>Afrika, Orta Do\u011fu, G\u00fcneydo\u011fu Asya ve G\u00fcney Amerika'ya ihracatta zengin deneyim<\/li>\n<\/ul>\n<\/div>\n<\/div>\n<\/div>\n<\/div>\n<\/div>\n<\/div>","protected":false},"excerpt":{"rendered":"<table>\n<thead>\n<tr>\n<th>\u00d6\u011fe<\/th>\n<th>DETAYLAR<\/th>\n<\/tr>\n<\/thead>\n<tbody>\n<tr>\n<td>ba\u015flang\u0131\u00e7 portu<\/td>\n<td>guangzhou<\/td>\n<\/tr>\n<tr>\n<td>\u00fcreti\u0307m kapasi\u0307tesi\u0307<\/td>\n<td>10000 adet\/ay<\/td>\n<\/tr>\n<tr>\n<td>men\u015fe yeri<\/td>\n<td>guangdong, \u00e7i\u0307n<\/td>\n<\/tr>\n<tr>\n<td>\u00f6deme<\/td>\n<td>t\/t, alibaba ti\u0307caret g\u00fcvencesi\u0307, paypal<\/td>\n<\/tr>\n<tr>\n<td>moq<\/td>\n<td>1 adet<\/td>\n<\/tr>\n<tr>\n<td>model<\/td>\n<td>ly-hfpl<\/td>\n<\/tr>\n<tr>\n<td>TESL\u0130MAT S\u00dcRES\u0130<\/td>\n<td>7 i\u015f g\u00fcn\u00fc i\u00e7inde<\/td>\n<\/tr>\n<tr>\n<td>BELGELEND\u0130RME<\/td>\n<td>iso 9001<\/td>\n<\/tr>\n<\/tbody>\n<\/table>","protected":false},"featured_media":2240,"comment_status":"open","ping_status":"closed","template":"","meta":{"_gspb_post_css":""},"product_brand":[],"product_cat":[15],"product_tag":[939,261,262,260,268,941],"class_list":{"0":"post-2237","1":"product","2":"type-product","3":"status-publish","4":"has-post-thumbnail","6":"product_cat-stainless-steel-filter-housing","7":"product_tag-1-pcs-moq","8":"product_tag-guangdong-china","9":"product_tag-guangzhou-port","10":"product_tag-iso-9001","11":"product_tag-ly-hfpl","12":"product_tag-paypal-payment","14":"first","15":"instock","16":"shipping-taxable","17":"product-type-simple"},"_links":{"self":[{"href":"https:\/\/lyfilter.com\/tr\/wp-json\/wp\/v2\/product\/2237","targetHints":{"allow":["GET"]}}],"collection":[{"href":"https:\/\/lyfilter.com\/tr\/wp-json\/wp\/v2\/product"}],"about":[{"href":"https:\/\/lyfilter.com\/tr\/wp-json\/wp\/v2\/types\/product"}],"replies":[{"embeddable":true,"href":"https:\/\/lyfilter.com\/tr\/wp-json\/wp\/v2\/comments?post=2237"}],"wp:featuredmedia":[{"embeddable":true,"href":"https:\/\/lyfilter.com\/tr\/wp-json\/wp\/v2\/media\/2240"}],"wp:attachment":[{"href":"https:\/\/lyfilter.com\/tr\/wp-json\/wp\/v2\/media?parent=2237"}],"wp:term":[{"taxonomy":"product_brand","embeddable":true,"href":"https:\/\/lyfilter.com\/tr\/wp-json\/wp\/v2\/product_brand?post=2237"},{"taxonomy":"product_cat","embeddable":true,"href":"https:\/\/lyfilter.com\/tr\/wp-json\/wp\/v2\/product_cat?post=2237"},{"taxonomy":"product_tag","embeddable":true,"href":"https:\/\/lyfilter.com\/tr\/wp-json\/wp\/v2\/product_tag?post=2237"}],"curies":[{"name":"wp","href":"https:\/\/api.w.org\/{rel}","templated":true}]}}