{"id":2234,"date":"2026-01-06T10:09:40","date_gmt":"2026-01-06T10:09:40","guid":{"rendered":"https:\/\/lyfilter.com\/?post_type=product&#038;p=2234"},"modified":"2026-01-06T10:09:40","modified_gmt":"2026-01-06T10:09:40","slug":"sintered-porous-polyethylene-pe-hdpe-resin-filter","status":"publish","type":"product","link":"https:\/\/lyfilter.com\/tr\/sintered-porous-polyethylene-pe-hdpe-resin-filter\/","title":{"rendered":"Sinterlenmi\u015f G\u00f6zenekli Polietilen PE Hdpe Re\u00e7ine Filtre"},"content":{"rendered":"<div class=\"unit-detail-html-tabs__content-attr\">\n<div class=\"unit-product-attrparam\">\n<div class=\"unit-product-attrparam__items row\">\n<div class=\"col-12 col-md-6\">\n<div class=\"unit-product-attrparam__item\">\n<div class=\"unit-product-attrparam__label\">Kullan\u0131labilirlik:OEM<\/div>\n<\/div>\n<\/div>\n<\/div>\n<\/div>\n<\/div>\n<div class=\"unit-detail-html-tabs__content-featuresAttr\"><\/div>\n<div class=\"unit-detail-html-tabs__content-html\">\n<p><strong>Sinterlenmi\u015f G\u00f6zenekli Polietilen PE Hdpe Re\u00e7ineler Filtre<\/strong><\/p>\n<p>&nbsp;<\/p>\n<p>PP\/PE Mikro g\u00f6zenekli \u00fcr\u00fcnlerin avantaj\u0131<br \/>\nToksik olmayan<br \/>\nTatmin edici lekesizlik<br \/>\nY\u00fcksek filtrasyon hassasiyeti 5-60um<br \/>\n\u00dcst\u00fcn korozyon direnci<br \/>\nUzun \u00f6m\u00fcr ve kolay de\u011fi\u015fim<\/p>\n<p><img decoding=\"async\" src=\"https:\/\/img.yfisher.com\/m6076\/1725732576zgq\/jpg70-t3-scale100.webp\" alt=\"Sinterlenmi\u015f G\u00f6zenekli Polietilen PE Hdpe Re\u00e7ine Filtre 2\" data-lazy=\"2\" title=\"\"><\/p>\n<div class=\"table-responsive\">\n<table border=\"1\" width=\"400\" cellspacing=\"0\" cellpadding=\"0\">\n<colgroup>\n<col \/>\n<col \/><\/colgroup>\n<tbody>\n<tr class=\"firstRow\">\n<td height=\"19\">malzeme<\/td>\n<td>PP PE toz<\/td>\n<\/tr>\n<tr>\n<td height=\"19\">g\u00f6zenek boyutu<\/td>\n<td>5-60 mikron<\/td>\n<\/tr>\n<tr>\n<td height=\"19\">\u015fekil<\/td>\n<td>disk, t\u00fcp, \u00e7ubuk veya \u00f6zelle\u015ftirilmi\u015f<\/td>\n<\/tr>\n<tr>\n<td height=\"19\">ADEDI<\/td>\n<td data-spm-anchor-id=\"a2700.details.0.i28.10c16e41LF1TJI\">1 adet<\/td>\n<\/tr>\n<\/tbody>\n<\/table>\n<\/div>\n<p>Firmam\u0131z ara\u015ft\u0131rma, tasar\u0131m, \u00fcretim, sat\u0131\u015f ve servis s\u00fcre\u00e7lerinin tamam\u0131n\u0131 kapsamaktad\u0131r. Profesyonel teknik beceriye ve sistematik kalite y\u00f6netim sistemine sahibiz. Y\u00fcksek kaliteli ithalat ikamesi ve m\u00fckemmel tasar\u0131m plan\u0131 sa\u011flamay\u0131 hedefliyoruz.<\/p>\n<p><strong>Avantajlar\u0131m\u0131z:<\/strong><\/p>\n<p>Uzun y\u0131llara dayanan deneyime sahip profesyonel \u00fcretici<br \/>\nRekabet\u00e7i fiyat ile iyi kalite<br \/>\nOEM ve ODM a\u00e7\u0131\u011f\u0131z<br \/>\nNumunenize veya \u00e7iziminize g\u00f6re \u00fcretin<br \/>\n\u00c7e\u015fitli \u00f6deme kalemleri kabul edilebilir<br \/>\nDeneyimli y\u00f6netici taraf\u0131ndan iyi hizmet<br \/>\nHer \u00fcr\u00fcn ayr\u0131 ayr\u0131 s\u0131k\u0131 denetim alt\u0131ndad\u0131r<br \/>\nZaman\u0131nda teslimat<br \/>\nK\u00fc\u00e7\u00fck MOQ kabul edilebilir<br \/>\nAfrika, Orta Do\u011fu, G\u00fcneydo\u011fu Asya ve G\u00fcney Amerika'ya ihracatta zengin deneyim<\/p>\n<\/div>","protected":false},"excerpt":{"rendered":"<table>\n<thead>\n<tr>\n<th>\u00d6\u011fe<\/th>\n<th>DETAYLAR<\/th>\n<\/tr>\n<\/thead>\n<tbody>\n<tr>\n<td>ba\u015flang\u0131\u00e7 portu<\/td>\n<td>guangzhou<\/td>\n<\/tr>\n<tr>\n<td>\u00fcreti\u0307m kapasi\u0307tesi\u0307<\/td>\n<td>10000 adet\/ay<\/td>\n<\/tr>\n<tr>\n<td>\u00f6deme<\/td>\n<td>t\/t, alibaba ti\u0307caret g\u00fcvencesi\u0307<\/td>\n<\/tr>\n<tr>\n<td>moq<\/td>\n<td>1 adet<\/td>\n<\/tr>\n<tr>\n<td>model<\/td>\n<td>ly-hfpl<\/td>\n<\/tr>\n<tr>\n<td>TESL\u0130MAT S\u00dcRES\u0130<\/td>\n<td>7 i\u015f g\u00fcn\u00fc i\u00e7inde<\/td>\n<\/tr>\n<tr>\n<td>BELGELEND\u0130RME<\/td>\n<td>iso 9001<\/td>\n<\/tr>\n<\/tbody>\n<\/table>","protected":false},"featured_media":2238,"comment_status":"open","ping_status":"closed","template":"","meta":{"_gspb_post_css":""},"product_brand":[],"product_cat":[17,22],"product_tag":[939,279,262,260,268,946],"class_list":{"0":"post-2234","1":"product","2":"type-product","3":"status-publish","4":"has-post-thumbnail","6":"product_cat-sediment-filter","7":"product_cat-sintered-filter-cartridge","8":"product_tag-1-pcs-moq","9":"product_tag-alibaba-trade-assurance","10":"product_tag-guangzhou-port","11":"product_tag-iso-9001","12":"product_tag-ly-hfpl","13":"product_tag-t-t-payment","15":"first","16":"instock","17":"shipping-taxable","18":"product-type-simple"},"_links":{"self":[{"href":"https:\/\/lyfilter.com\/tr\/wp-json\/wp\/v2\/product\/2234","targetHints":{"allow":["GET"]}}],"collection":[{"href":"https:\/\/lyfilter.com\/tr\/wp-json\/wp\/v2\/product"}],"about":[{"href":"https:\/\/lyfilter.com\/tr\/wp-json\/wp\/v2\/types\/product"}],"replies":[{"embeddable":true,"href":"https:\/\/lyfilter.com\/tr\/wp-json\/wp\/v2\/comments?post=2234"}],"wp:featuredmedia":[{"embeddable":true,"href":"https:\/\/lyfilter.com\/tr\/wp-json\/wp\/v2\/media\/2238"}],"wp:attachment":[{"href":"https:\/\/lyfilter.com\/tr\/wp-json\/wp\/v2\/media?parent=2234"}],"wp:term":[{"taxonomy":"product_brand","embeddable":true,"href":"https:\/\/lyfilter.com\/tr\/wp-json\/wp\/v2\/product_brand?post=2234"},{"taxonomy":"product_cat","embeddable":true,"href":"https:\/\/lyfilter.com\/tr\/wp-json\/wp\/v2\/product_cat?post=2234"},{"taxonomy":"product_tag","embeddable":true,"href":"https:\/\/lyfilter.com\/tr\/wp-json\/wp\/v2\/product_tag?post=2234"}],"curies":[{"name":"wp","href":"https:\/\/api.w.org\/{rel}","templated":true}]}}