{"id":2232,"date":"2026-01-06T10:08:12","date_gmt":"2026-01-06T10:08:12","guid":{"rendered":"https:\/\/lyfilter.com\/?post_type=product&#038;p=2232"},"modified":"2026-01-06T10:08:12","modified_gmt":"2026-01-06T10:08:12","slug":"thread-rod-20-30-50-100-microns-polyethylene-sintered-plastic-filter","status":"publish","type":"product","link":"https:\/\/lyfilter.com\/tr\/thread-rod-20-30-50-100-microns-polyethylene-sintered-plastic-filter\/","title":{"rendered":"\u0130plik \u00c7ubuk 20 30 50 100 Mikron Polietilen Sinterlenmi\u015f Plastik Filtre"},"content":{"rendered":"<div class=\"unit-detail-html-tabs__content-attr\">\n<div class=\"unit-product-attrparam\">\n<div class=\"unit-product-attrparam__items row\">\n<div class=\"col-12 col-md-6\">\n<div class=\"unit-product-attrparam__item\">\n<div class=\"unit-product-attrparam__label\">Malzeme:pe<br \/>\nKullan\u0131labilirlik: OEM\/ODM<\/div>\n<\/div>\n<\/div>\n<\/div>\n<\/div>\n<\/div>\n<div class=\"unit-detail-html-tabs__content-featuresAttr\"><\/div>\n<div class=\"unit-detail-html-tabs__content-html\">\n<div class=\"J_module\">\n<div class=\"detail-decorate-json-renderer-container\">\n<div class=\"magic-0\">\n<div class=\"magic-1\">\n<div class=\"magic-2\">\n<div class=\"magic-3\"><strong>\u0130plik \u00e7ubuk plastik g\u00f6zenekli PE filtre 20 30 50 100 mikron sinterlenmi\u015f plastik polietilen filtre<\/strong><\/div>\n<div class=\"magic-3\"><\/div>\n<\/div>\n<\/div>\n<\/div>\n<\/div>\n<\/div>\n<div class=\"J_module\">\n<div id=\"ali-anchor-AliMagic-wrvzoi\" class=\"magic-4\" data-section=\"AliMagic-wrvzoi\" data-section-title=\"Product Description\"><strong>\u00dcr\u00fcn A\u00e7\u0131klamas\u0131<\/strong><\/div>\n<\/div>\n<div class=\"J_module\">\n<div class=\"icbu-pc-images magic-5\">\n<div class=\"flex-layout-v\">\n<div class=\"flex-layout-h magic-5\">\n<div class=\"magic-6\"><\/div>\n<\/div>\n<\/div>\n<\/div>\n<\/div>\n<div class=\"J_module\">\n<div class=\"detail-decorate-json-renderer-container\">\n<div class=\"magic-0\">\n<div class=\"magic-1\">\n<div class=\"magic-2\">\n<p class=\"magic-12\">Firmam\u0131z ultra y\u00fcksek molek\u00fcler polietilen sinterlenmi\u015f filtre \u00fcretmektedir, molek\u00fcler a\u011f\u0131rl\u0131\u011f\u0131 3 milyondan fazla sinterleme partik\u00fcl\u00fcd\u00fcr. sinterleme f\u0131r\u0131n\u0131nda bas\u0131nc\u0131 kullanmak i\u00e7in bir kal\u0131p kullan\u0131n. sinterlenmi\u015f filtreler elemanlar\u0131 yayg\u0131n olarak kimya, petrol, metalurji, hava arac\u0131, gaz, elektronik, eczane, pn\u00f6matik, hava reg\u00fclat\u00f6r\u00fc bile\u015fenleri, bas\u0131n\u00e7\u00a0<a href=\"https:\/\/lyfilter.com\/tr\/products.html\/\">filtre eleman\u0131<\/a>s, hava filtreleri ve daha fazla alan<\/p>\n<p class=\"magic-12\">\n<div class=\"table-responsive\">\n<table class=\"all magic-21\" border=\"1\" cellspacing=\"0\" cellpadding=\"0\">\n<tbody>\n<tr class=\"firstRow\">\n<td colspan=\"1\" rowspan=\"1\">\n<div class=\"magic-22\">\n<div><\/div>\n<p>\u00dcr\u00fcn ad\u0131<\/p><\/div>\n<\/td>\n<td colspan=\"3\" rowspan=\"1\">\n<div class=\"magic-23\">\u0130plik \u00e7ubuk plastik g\u00f6zenekli PE filtre 20 30 50 100 mikron su ve s\u0131v\u0131 ve gaz ak\u0131\u015f\u0131 i\u00e7in sinterlenmi\u015f plastik polietilen filtre<\/div>\n<\/td>\n<td class=\"magic-24\" rowspan=\"0\">\n<div class=\"magic-25\"><\/div>\n<\/td>\n<td class=\"magic-24\" rowspan=\"0\">\n<div class=\"magic-25\"><\/div>\n<\/td>\n<\/tr>\n<tr>\n<td colspan=\"1\" rowspan=\"1\">\n<div class=\"magic-22\">\u00c7ap<\/div>\n<\/td>\n<td colspan=\"3\" rowspan=\"1\">\n<div class=\"magic-23\">10mm,20mm,30mm,40mm,50mm,60mm,70mm,80mm,90mm,100mm,110mm,<br \/>\n120mm, 200mm, vb.<\/div>\n<\/td>\n<td class=\"magic-24\" rowspan=\"0\">\n<div class=\"magic-25\"><\/div>\n<\/td>\n<td class=\"magic-24\" rowspan=\"0\">\n<div class=\"magic-25\"><\/div>\n<\/td>\n<\/tr>\n<tr>\n<td colspan=\"1\" rowspan=\"1\">\n<div class=\"magic-22\">Uzunluk<\/div>\n<\/td>\n<td colspan=\"3\" rowspan=\"1\">\n<div class=\"magic-23\">1\u2033, 2.5\u2033, 5\u2033, 10\u2033, 20\u2033, 30\u2033, 40\u2033, 50\u2033 vb.<\/div>\n<\/td>\n<td class=\"magic-24\" rowspan=\"0\">\n<div class=\"magic-25\"><\/div>\n<\/td>\n<td class=\"magic-24\" rowspan=\"0\">\n<div class=\"magic-25\"><\/div>\n<\/td>\n<\/tr>\n<tr>\n<td colspan=\"1\" rowspan=\"1\">\n<div class=\"magic-22\">Mikron oran\u0131<\/div>\n<\/td>\n<td colspan=\"3\" rowspan=\"1\">\n<div class=\"magic-26\">0.2um,0.3um,0.45um,1um,3um,5um,10um,20um,30um,40um,50um,100um,etc.<\/div>\n<\/td>\n<td class=\"magic-24\" rowspan=\"0\">\n<div class=\"magic-25\"><\/div>\n<\/td>\n<td class=\"magic-24\" rowspan=\"0\">\n<div class=\"magic-25\"><\/div>\n<\/td>\n<\/tr>\n<tr>\n<td colspan=\"1\" rowspan=\"1\">\n<div class=\"magic-22\">\u00c7al\u0131\u015fma s\u0131cakl\u0131\u011f\u0131<\/div>\n<\/td>\n<td colspan=\"3\" rowspan=\"1\">\n<div class=\"magic-26\">PE\u226480\u2103; PTFE\u2265200\u2103; PA\u2264120\u2103<\/div>\n<\/td>\n<td class=\"magic-24\" rowspan=\"0\">\n<div class=\"magic-25\"><\/div>\n<\/td>\n<td class=\"magic-24\" rowspan=\"0\">\n<div class=\"magic-25\"><\/div>\n<\/td>\n<\/tr>\n<tr>\n<td colspan=\"1\" rowspan=\"1\">\n<div class=\"magic-22\">Filtre konekt\u00f6r\u00fc<\/div>\n<\/td>\n<td colspan=\"3\" rowspan=\"1\">\n<div class=\"magic-26\">D\u00dcZ, INSERT TIPI, IPLIK TIPI, 226,222,215, \u00d6ZELLE\u015eTIRILMI\u015e<\/div>\n<\/td>\n<td class=\"magic-24\" rowspan=\"0\">\n<div class=\"magic-25\"><\/div>\n<\/td>\n<td class=\"magic-24\" rowspan=\"0\">\n<div class=\"magic-25\"><\/div>\n<\/td>\n<\/tr>\n<tr>\n<td colspan=\"1\" rowspan=\"1\">\n<div class=\"magic-22\">A\u00e7\u0131klama<\/div>\n<\/td>\n<td colspan=\"3\" rowspan=\"1\">\n<div class=\"magic-26\"><strong>Filtre boyutu ve mikronlar\u0131 \u00f6zelle\u015ftirilebilir. Daha k\u00fc\u00e7\u00fck boyut veya daha b\u00fcy\u00fck boyut!<\/strong><\/div>\n<\/td>\n<td colspan=\"1\" rowspan=\"1\"><\/td>\n<td colspan=\"1\" rowspan=\"1\"><\/td>\n<\/tr>\n<\/tbody>\n<\/table>\n<\/div>\n<p>&nbsp;<\/p>\n<p><img decoding=\"async\" src=\"https:\/\/img.yfisher.com\/m6076\/17257325747kz\/png70-t3-scale100.webp\" alt=\"Di\u015fli \u00c7ubuk 20 30 50 100 Mikron Polietilen Sinterlenmi\u015f Plastik Filtre 2\" data-lazy=\"2\" title=\"\"><\/p>\n<p><img decoding=\"async\" src=\"https:\/\/img.yfisher.com\/m6076\/1725732574kxe\/png70-t3-scale100.webp\" alt=\"Di\u015fli \u00c7ubuk 20 30 50 100 Mikron Polietilen Sinterlenmi\u015f Plastik Filtre 3\" data-lazy=\"2\" title=\"\"><\/p>\n<\/div>\n<\/div>\n<\/div>\n<\/div>\n<\/div>\n<div class=\"J_module\">\n<div class=\"icbu-pc-images magic-5\">\n<div class=\"flex-layout-v\">\n<div class=\"flex-layout-h magic-5\">\n<div class=\"magic-40\"><\/div>\n<\/div>\n<\/div>\n<\/div>\n<\/div>\n<div class=\"J_module\">\n<div id=\"ali-anchor-AliMagic-ooeczd\" class=\"magic-4\" data-section=\"AliMagic-ooeczd\" data-section-title=\"Application\"><strong>Uygulama<\/strong><\/div>\n<\/div>\n<div class=\"J_module\">\n<div class=\"detail-decorate-json-renderer-container\">\n<div class=\"magic-0\">\n<div class=\"magic-41\">\n<div class=\"magic-42\">\n<div class=\"magic-43\"><\/div>\n<\/div>\n<\/div>\n<\/div>\n<\/div>\n<\/div>\n<div class=\"J_module\">\n<div class=\"detail-decorate-json-renderer-container\">\n<div class=\"magic-0\">\n<div class=\"magic-1\">\n<div class=\"magic-2\">\n<div class=\"magic-3\">\n<p class=\"magic-12\">A. \u0130la\u00e7 End\u00fcstrisi<br \/>\nB. Kimya End\u00fcstrisi<br \/>\nC. Kimyasal elyaf ve tekstil end\u00fcstrisi<br \/>\nD. Hafif sanayi ve g\u0131da sanayi<br \/>\nE. Makine ve Petrol end\u00fcstrisi<br \/>\nF. At\u0131k su ar\u0131tma<\/p>\n<\/div>\n<\/div>\n<\/div>\n<\/div>\n<\/div>\n<\/div>\n<\/div>","protected":false},"excerpt":{"rendered":"<table>\n<thead>\n<tr>\n<th>\u00d6\u011fe<\/th>\n<th>DETAYLAR<\/th>\n<\/tr>\n<\/thead>\n<tbody>\n<tr>\n<td>ba\u015flang\u0131\u00e7 portu<\/td>\n<td>guangzhou<\/td>\n<\/tr>\n<tr>\n<td>\u00fcreti\u0307m kapasi\u0307tesi\u0307<\/td>\n<td>10000 adet\/ay<\/td>\n<\/tr>\n<tr>\n<td>TESL\u0130MAT S\u00dcRES\u0130<\/td>\n<td>7 i\u015f g\u00fcn\u00fc i\u00e7inde<\/td>\n<\/tr>\n<\/tbody>\n<\/table>","protected":false},"featured_media":2235,"comment_status":"open","ping_status":"closed","template":"","meta":{"_gspb_post_css":""},"product_brand":[],"product_cat":[17,22],"product_tag":[937,284,944,943,286,945],"class_list":{"0":"post-2232","1":"product","2":"type-product","3":"status-publish","4":"has-post-thumbnail","6":"product_cat-sediment-filter","7":"product_cat-sintered-filter-cartridge","8":"product_tag-10000-units-per-month","9":"product_tag-7-working-days-delivery","10":"product_tag-bulk-production-capacity","11":"product_tag-fast-lead-time","12":"product_tag-guangzhou-start-port","13":"product_tag-shipping-details","15":"first","16":"instock","17":"shipping-taxable","18":"product-type-simple"},"_links":{"self":[{"href":"https:\/\/lyfilter.com\/tr\/wp-json\/wp\/v2\/product\/2232","targetHints":{"allow":["GET"]}}],"collection":[{"href":"https:\/\/lyfilter.com\/tr\/wp-json\/wp\/v2\/product"}],"about":[{"href":"https:\/\/lyfilter.com\/tr\/wp-json\/wp\/v2\/types\/product"}],"replies":[{"embeddable":true,"href":"https:\/\/lyfilter.com\/tr\/wp-json\/wp\/v2\/comments?post=2232"}],"wp:featuredmedia":[{"embeddable":true,"href":"https:\/\/lyfilter.com\/tr\/wp-json\/wp\/v2\/media\/2235"}],"wp:attachment":[{"href":"https:\/\/lyfilter.com\/tr\/wp-json\/wp\/v2\/media?parent=2232"}],"wp:term":[{"taxonomy":"product_brand","embeddable":true,"href":"https:\/\/lyfilter.com\/tr\/wp-json\/wp\/v2\/product_brand?post=2232"},{"taxonomy":"product_cat","embeddable":true,"href":"https:\/\/lyfilter.com\/tr\/wp-json\/wp\/v2\/product_cat?post=2232"},{"taxonomy":"product_tag","embeddable":true,"href":"https:\/\/lyfilter.com\/tr\/wp-json\/wp\/v2\/product_tag?post=2232"}],"curies":[{"name":"wp","href":"https:\/\/api.w.org\/{rel}","templated":true}]}}