{"id":2230,"date":"2026-01-06T10:06:40","date_gmt":"2026-01-06T10:06:40","guid":{"rendered":"https:\/\/lyfilter.com\/?post_type=product&#038;p=2230"},"modified":"2026-01-06T10:06:40","modified_gmt":"2026-01-06T10:06:40","slug":"square-10mm-30-microns-porous-uhmwpe-sintered-plastic-filter","status":"publish","type":"product","link":"https:\/\/lyfilter.com\/tr\/square-10mm-30-microns-porous-uhmwpe-sintered-plastic-filter\/","title":{"rendered":"Kare 10mm 30 Mikron G\u00f6zenekli UHMWPE Sinterlenmi\u015f Plastik Filtre"},"content":{"rendered":"<div class=\"J_module\">\n<div class=\"detail-decorate-json-renderer-container\">\n<div class=\"magic-0\">\n<div class=\"magic-1\">\n<div class=\"magic-2\">\n<div class=\"magic-3\"><strong>Y\u00fcksek s\u0131v\u0131 filtrasyonu kare tip PE 30 mikron toz sinterlenmi\u015f g\u00f6zenekli PE plastik filtre plakas\u0131<\/strong><\/div>\n<\/div>\n<\/div>\n<\/div>\n<\/div>\n<\/div>\n<div class=\"J_module\">\n<div class=\"magic-4\" data-section=\"AliMagic-s2vhcq\" data-section-title=\"Product Description\"><\/div>\n<div id=\"ali-anchor-AliMagic-s2vhcq\" class=\"magic-4\" data-section=\"AliMagic-s2vhcq\" data-section-title=\"Product Description\">\u00dcr\u00fcn A\u00e7\u0131klamas\u0131<\/div>\n<\/div>\n<div class=\"J_module\">\n<div class=\"icbu-pc-images magic-5\">\n<div class=\"flex-layout-v\">\n<div class=\"flex-layout-h magic-5\">\n<div class=\"magic-6\"><\/div>\n<\/div>\n<\/div>\n<\/div>\n<\/div>\n<div class=\"J_module\">\n<div class=\"detail-decorate-json-renderer-container\">\n<div class=\"magic-0\">\n<div class=\"magic-1\">\n<div class=\"magic-2\">\n<div class=\"magic-3\" data-id=\"paragraph0\">\n<p class=\"magic-13\">Sinterlenmi\u015f PTFE filtre eleman\u0131 saf PTFE hammaddelerinden yap\u0131l\u0131r ve y\u00fcksek s\u0131cakl\u0131k ve y\u00fcksek bas\u0131n\u00e7ta sinterlenir. Bu nedenle, filtre eleman\u0131 g\u00fc\u00e7l\u00fc asit ve alkali direncine, g\u00fc\u00e7l\u00fc alkali direncine, filtre eleman\u0131n\u0131n y\u00fcksek mukavemetine ve toklu\u011funa sahiptir ve filtre eleman\u0131 200 \u2103\u201cye kadar y\u00fcksek s\u0131cakl\u0131k direncine sahip olabilir, \u201dFiltre Eleman\u0131n\u0131n Kral\u0131\" \u00fcn\u00fcne sahiptir.<\/p>\n<p class=\"magic-13\">Sinterlenmi\u015f filtre esas olarak ultra y\u00fcksek molek\u00fcler a\u011f\u0131rl\u0131kl\u0131 polietilen (PE ve PA), politetrafloroetilen (PTFE), paslanmaz \u00e7elik tozu, bak\u0131r tozu ve di\u011fer malzemelerin sinterlenmesi, kompakt, g\u00fc\u00e7l\u00fc, hafif, y\u00fcksek bas\u0131n\u00e7 alt\u0131nda \u00e7al\u0131\u015fabilen, toksik olmayan tats\u0131z, asit, alkali ve \u00e7\u00f6z\u00fcc\u00fclere kar\u015f\u0131 iyi korozyon direncine sahiptir. Sinterlenmi\u015f filtre se\u00e7imi, i\u015f g\u00fcvenli\u011fi, \u00fcretim ortam\u0131n\u0131 iyile\u015ftirme ve alan k\u00fc\u00e7\u00fckt\u00fcr, herhangi bir se\u00e7im alt\u0131nda s\u0131v\u0131 ak\u0131\u015f filtrasyon alan\u0131 (1 - 200m2), \u00f6zellikle lage su ar\u0131tma ve kimyasal \u00fcretim, farmas\u00f6tik, g\u0131da ve di\u011fer s\u0131v\u0131 filtrasyon i\u00e7in uygundur.<\/p>\n<p class=\"magic-13\">\n<p>&nbsp;<\/p>\n<div class=\"table-responsive\">\n<table border=\"1\" width=\"523\" cellspacing=\"0\" cellpadding=\"0\">\n<colgroup>\n<col \/>\n<col \/><\/colgroup>\n<tbody>\n<tr class=\"firstRow\">\n<td height=\"41\">\u00dcr\u00fcn Ad\u0131<\/td>\n<td>Tiantai fabrika kayna\u011f\u0131 PE sinterlenmi\u015f plastik mikro g\u00f6zenekli filtre<\/td>\n<\/tr>\n<tr>\n<td height=\"21\">Malzeme<\/td>\n<td>Ultra Y\u00fcksek Molek\u00fcler A\u011f\u0131rl\u0131kl\u0131 Polietilen (UHMWPE)<\/td>\n<\/tr>\n<tr>\n<td height=\"21\">Renk<\/td>\n<td>beyaz<\/td>\n<\/tr>\n<tr>\n<td height=\"21\">Standart<\/td>\n<td>ISO SGS<\/td>\n<\/tr>\n<tr>\n<td height=\"39\">Kullan\u0131lm\u0131\u015f<\/td>\n<td>saf su, canl\u0131 su, i\u00e7ecek, ila\u00e7, elektrokaplama s\u0131v\u0131s\u0131, em\u00fclsiyon, y\u0131kama s\u0131v\u0131s\u0131, asit veya alkali \u00e7\u00f6zeltisi<\/td>\n<\/tr>\n<\/tbody>\n<\/table>\n<\/div>\n<p>&nbsp;<\/p>\n<p><img decoding=\"async\" src=\"https:\/\/img.yfisher.com\/m6076\/1725732572w86\/png70-t3-scale100.webp\" alt=\"Kare 10mm 30 Mikron G\u00f6zenekli UHMWPE Sinterlenmi\u015f Plastik Filtre 2\" data-lazy=\"2\" title=\"\"><\/p>\n<\/div>\n<\/div>\n<\/div>\n<\/div>\n<\/div>\n<\/div>\n<div class=\"J_module\">\n<div class=\"magic-4\" data-section=\"AliMagic-sz4s61\" data-section-title=\"Our Company\"><\/div>\n<\/div>\n<div class=\"J_module\">\n<div class=\"icbu-pc-images magic-5\">\n<div class=\"flex-layout-v\">\n<div class=\"flex-layout-h magic-5\">\n<div class=\"magic-47\"><img decoding=\"async\" src=\"https:\/\/img.yfisher.com\/m6076\/1729225216zsq\/png70-t3-scale100.webp\" alt=\"Kare 10mm 30 Mikron G\u00f6zenekli UHMWPE Sinterlenmi\u015f Plastik Filtre 3\" data-lazy=\"2\" title=\"\"><\/div>\n<\/div>\n<\/div>\n<\/div>\n<\/div>","protected":false},"excerpt":{"rendered":"<table>\n<thead>\n<tr>\n<th>\u00d6\u011fe<\/th>\n<th>DETAYLAR<\/th>\n<\/tr>\n<\/thead>\n<tbody>\n<tr>\n<td>ba\u015flang\u0131\u00e7 portu<\/td>\n<td>guangzhou<\/td>\n<\/tr>\n<tr>\n<td>\u00fcreti\u0307m kapasi\u0307tesi\u0307<\/td>\n<td>10000 adet\/ay<\/td>\n<\/tr>\n<tr>\n<td>men\u015fe yeri<\/td>\n<td>guangdong, \u00e7i\u0307n<\/td>\n<\/tr>\n<tr>\n<td>\u00f6deme<\/td>\n<td>t\/t, alibaba ti\u0307caret g\u00fcvencesi\u0307<\/td>\n<\/tr>\n<tr>\n<td>moq<\/td>\n<td>1 adet<\/td>\n<\/tr>\n<tr>\n<td>model<\/td>\n<td>ly-hfpl<\/td>\n<\/tr>\n<tr>\n<td>TESL\u0130MAT S\u00dcRES\u0130<\/td>\n<td>7 i\u015f g\u00fcn\u00fc i\u00e7inde<\/td>\n<\/tr>\n<tr>\n<td>BELGELEND\u0130RME<\/td>\n<td>iso 9001<\/td>\n<\/tr>\n<tr>\n<td>marka<\/td>\n<td>oem\/lvyuan<\/td>\n<\/tr>\n<\/tbody>\n<\/table>","protected":false},"featured_media":2233,"comment_status":"open","ping_status":"closed","template":"","meta":{"_gspb_post_css":""},"product_brand":[],"product_cat":[17,22],"product_tag":[939,279,261,262,260,268],"class_list":{"0":"post-2230","1":"product","2":"type-product","3":"status-publish","4":"has-post-thumbnail","6":"product_cat-sediment-filter","7":"product_cat-sintered-filter-cartridge","8":"product_tag-1-pcs-moq","9":"product_tag-alibaba-trade-assurance","10":"product_tag-guangdong-china","11":"product_tag-guangzhou-port","12":"product_tag-iso-9001","13":"product_tag-ly-hfpl","15":"first","16":"instock","17":"shipping-taxable","18":"product-type-simple"},"_links":{"self":[{"href":"https:\/\/lyfilter.com\/tr\/wp-json\/wp\/v2\/product\/2230","targetHints":{"allow":["GET"]}}],"collection":[{"href":"https:\/\/lyfilter.com\/tr\/wp-json\/wp\/v2\/product"}],"about":[{"href":"https:\/\/lyfilter.com\/tr\/wp-json\/wp\/v2\/types\/product"}],"replies":[{"embeddable":true,"href":"https:\/\/lyfilter.com\/tr\/wp-json\/wp\/v2\/comments?post=2230"}],"wp:featuredmedia":[{"embeddable":true,"href":"https:\/\/lyfilter.com\/tr\/wp-json\/wp\/v2\/media\/2233"}],"wp:attachment":[{"href":"https:\/\/lyfilter.com\/tr\/wp-json\/wp\/v2\/media?parent=2230"}],"wp:term":[{"taxonomy":"product_brand","embeddable":true,"href":"https:\/\/lyfilter.com\/tr\/wp-json\/wp\/v2\/product_brand?post=2230"},{"taxonomy":"product_cat","embeddable":true,"href":"https:\/\/lyfilter.com\/tr\/wp-json\/wp\/v2\/product_cat?post=2230"},{"taxonomy":"product_tag","embeddable":true,"href":"https:\/\/lyfilter.com\/tr\/wp-json\/wp\/v2\/product_tag?post=2230"}],"curies":[{"name":"wp","href":"https:\/\/api.w.org\/{rel}","templated":true}]}}