{"id":2227,"date":"2026-01-06T10:05:21","date_gmt":"2026-01-06T10:05:21","guid":{"rendered":"https:\/\/lyfilter.com\/?post_type=product&#038;p=2227"},"modified":"2026-01-06T10:05:21","modified_gmt":"2026-01-06T10:05:21","slug":"300-micron-hd-uhmw-powder-pe-ptfe-porous-plastic-filter","status":"publish","type":"product","link":"https:\/\/lyfilter.com\/tr\/300-micron-hd-uhmw-powder-pe-ptfe-porous-plastic-filter\/","title":{"rendered":"300 mikron HD UHMW Toz PE PTFE G\u00f6zenekli Plastik Filtre"},"content":{"rendered":"<div class=\"unit-detail-html-tabs__content-attr\">\n<div class=\"unit-product-attrparam\">\n<div class=\"unit-product-attrparam__items row\">\n<div class=\"col-12 col-md-6\">\n<div class=\"unit-product-attrparam__item\">\n<div class=\"unit-product-attrparam__label\">Malzeme:pe<br \/>\nKullan\u0131labilirlik: OEM\/ODM<\/div>\n<\/div>\n<\/div>\n<\/div>\n<\/div>\n<\/div>\n<div class=\"unit-detail-html-tabs__content-featuresAttr\"><\/div>\n<div class=\"unit-detail-html-tabs__content-html\">\n<div class=\"detail-decorate-json-renderer-container\">\n<div class=\"magic-0\">\n<h3 class=\"magic-1\" data-id=\"title0\">Sinterlenmi\u015f HD UHMW Toz PTFE PE Hava su kabarc\u0131\u011f\u0131 t\u00fcpleri i\u00e7in g\u00f6zenekli filtreler levhalar bardaklar<\/h3>\n<\/div>\n<\/div>\n<div id=\"ali-anchor-AliMagic-8izkee\" class=\"magic-5\" data-section=\"AliMagic-8izkee\" data-section-title=\"Product Description\"><strong>\u00dcr\u00fcn A\u00e7\u0131klamas\u0131<\/strong><\/div>\n<p>&nbsp;<\/p>\n<p>T\u0131bbi ama\u00e7l\u0131 filtre<\/p>\n<p>Filtreyi m\u00fc\u015fterinin \u00e7izimine veya \u00f6rneklerine g\u00f6re yapabiliriz, m\u00fc\u015fteri \u00e7ap\u0131, uzunlu\u011fu, geni\u015fli\u011fi, y\u00fcksekli\u011fi veya d\u00fczensiz \u015fekli \u00f6zelle\u015ftirebilir.<\/p>\n<p>Fonksiyonlar:<\/p>\n<p>hidrofil veya hidrofobiklik, dnase\/rnase free, kendinden s\u0131zd\u0131rmaz filtre veya Aktif k\u00f6m\u00fcr filtresi.<\/p>\n<p>\u00d6zellik:<\/p>\n<p>Darbe \u00f6nleyici, g\u00fc\u00e7l\u00fc asit, g\u00fc\u00e7l\u00fc alkali, g\u00fc\u00e7l\u00fc oksitleyici \u00e7\u00f6zeltiye dayan\u0131kl\u0131. mikro g\u00f6zenekler iyi da\u011f\u0131lm\u0131\u015f, y\u00fcksek yo\u011funluklu, iyi ge\u00e7irgenlik.<\/p>\n<p>filtre bas\u0131nc\u0131 0,5 mikro metre ile 150 mikro metre aras\u0131nda tutulabilir.<\/p>\n<div class=\"detail-decorate-json-renderer-container\">\n<div class=\"magic-0\">\n<p>\u00a0<img decoding=\"async\" src=\"https:\/\/img.yfisher.com\/m6076\/1725732571y91\/png70-t3-scale100.webp\" alt=\"300 mikron HD UHMW Toz PE PTFE G\u00f6zenekli Plastik Filtre 2\" data-lazy=\"2\" title=\"\"><\/p>\n<p>Uygulama:<\/p>\n<p>biyolojik t\u0131p, t\u0131bbi tedavi, biyobilim, su ar\u0131tma, \u00e7evre koruma, eletronik, gaz filtrasyonu, kimyasal analiz, antikor \/ protein \/ DNA safla\u015ft\u0131rma, numune haz\u0131rlama, kat\u0131-s\u0131v\u0131 ay\u0131rma ve \u00f6zel ekipman i\u00e7in filtre.<\/p>\n<\/div>\n<\/div>\n<div class=\"detail-decorate-json-renderer-container\">\n<div class=\"magic-0\">\n<div class=\"magic-9\">\n<div class=\"magic-3\">\n<div class=\"magic-4\" data-id=\"paragraph1\">G\u00f6zenekli plaka, levha, disk \u015fekilleri<\/div>\n<\/div>\n<\/div>\n<\/div>\n<\/div>\n<div class=\"detail-decorate-json-renderer-container\">\n<div class=\"magic-0\">\n<div class=\"magic-15\">\n<div class=\"magic-10\">\n<div class=\"magic-16\">PE sinterlenmi\u015f filtre eleman\u0131, yap\u0131s\u0131 kompakt, g\u00fc\u00e7l\u00fc, hafif, y\u00fcksek filtrasyon bas\u0131nc\u0131na dayanabilen, toksik olmayan ve tats\u0131z olan ve asit ve alkali \u00e7\u00f6z\u00fcc\u00fclere kar\u015f\u0131 iyi korozyon direncine sahip ultra y\u00fcksek molek\u00fcler a\u011f\u0131rl\u0131kl\u0131 polietilenden sinterlenmi\u015f ve kal\u0131planm\u0131\u015f olarak yap\u0131lm\u0131\u015ft\u0131r.<\/div>\n<div class=\"magic-16\">\nPE filtre eleman\u0131, d\u00fczg\u00fcn g\u00f6zenek boyutu da\u011f\u0131l\u0131m\u0131na, g\u00fc\u00e7l\u00fc asit ve alkali direncine, y\u00fcksek s\u0131cakl\u0131k direncine, iyi mekanik \u00f6zelliklere ve organik \u00e7\u00f6z\u00fcc\u00fclere kar\u015f\u0131 g\u00fc\u00e7l\u00fc dirence sahiptir. B\u00fcy\u00fck \u00f6l\u00e7ekli su ar\u0131tma ekipmanlar\u0131n\u0131n \u00fcretimi, otomatik veya manuel geri y\u0131kama c\u00fcruf giderme y\u00f6ntemini benimseyebilir, kat\u0131 partik\u00fcller, filtre elemanlar\u0131n\u0131n s\u0131k s\u0131k de\u011fi\u015ftirilmesi, otomatik \u00e7al\u0131\u015fma, d\u00fc\u015f\u00fck filtrasyon maliyeti ve kullan\u0131c\u0131lar taraf\u0131ndan iyi kar\u015f\u0131lanan di\u011fer avantajlar olmadan kuru c\u00fcruf giderme ile geri kazan\u0131labilir.<\/div>\n<\/div>\n<\/div>\n<\/div>\n<\/div>\n<\/div>","protected":false},"excerpt":{"rendered":"<table>\n<thead>\n<tr>\n<th>\u00d6\u011fe<\/th>\n<th>DETAYLAR<\/th>\n<\/tr>\n<\/thead>\n<tbody>\n<tr>\n<td>ba\u015flang\u0131\u00e7 portu<\/td>\n<td>guangzhou<\/td>\n<\/tr>\n<tr>\n<td>\u00fcreti\u0307m kapasi\u0307tesi\u0307<\/td>\n<td>10000 adet\/ay<\/td>\n<\/tr>\n<tr>\n<td>men\u015fe yeri<\/td>\n<td>guangdong, \u00e7i\u0307n<\/td>\n<\/tr>\n<tr>\n<td>\u00f6deme<\/td>\n<td>t\/t, alibaba ti\u0307caret g\u00fcvencesi\u0307, paypal<\/td>\n<\/tr>\n<tr>\n<td>moq<\/td>\n<td>1 adet<\/td>\n<\/tr>\n<tr>\n<td>model<\/td>\n<td>ly-hfpl<\/td>\n<\/tr>\n<tr>\n<td>TESL\u0130MAT S\u00dcRES\u0130<\/td>\n<td>7 i\u015f g\u00fcn\u00fc i\u00e7inde<\/td>\n<\/tr>\n<tr>\n<td>BELGELEND\u0130RME<\/td>\n<td>iso 9001<\/td>\n<\/tr>\n<tr>\n<td>marka<\/td>\n<td>oem\/lvyuan<\/td>\n<\/tr>\n<\/tbody>\n<\/table>","protected":false},"featured_media":2231,"comment_status":"open","ping_status":"closed","template":"","meta":{"_gspb_post_css":""},"product_brand":[],"product_cat":[22,17],"product_tag":[939,279,261,262,260,268],"class_list":{"0":"post-2227","1":"product","2":"type-product","3":"status-publish","4":"has-post-thumbnail","6":"product_cat-sintered-filter-cartridge","7":"product_cat-sediment-filter","8":"product_tag-1-pcs-moq","9":"product_tag-alibaba-trade-assurance","10":"product_tag-guangdong-china","11":"product_tag-guangzhou-port","12":"product_tag-iso-9001","13":"product_tag-ly-hfpl","15":"first","16":"instock","17":"shipping-taxable","18":"product-type-simple"},"_links":{"self":[{"href":"https:\/\/lyfilter.com\/tr\/wp-json\/wp\/v2\/product\/2227","targetHints":{"allow":["GET"]}}],"collection":[{"href":"https:\/\/lyfilter.com\/tr\/wp-json\/wp\/v2\/product"}],"about":[{"href":"https:\/\/lyfilter.com\/tr\/wp-json\/wp\/v2\/types\/product"}],"replies":[{"embeddable":true,"href":"https:\/\/lyfilter.com\/tr\/wp-json\/wp\/v2\/comments?post=2227"}],"wp:featuredmedia":[{"embeddable":true,"href":"https:\/\/lyfilter.com\/tr\/wp-json\/wp\/v2\/media\/2231"}],"wp:attachment":[{"href":"https:\/\/lyfilter.com\/tr\/wp-json\/wp\/v2\/media?parent=2227"}],"wp:term":[{"taxonomy":"product_brand","embeddable":true,"href":"https:\/\/lyfilter.com\/tr\/wp-json\/wp\/v2\/product_brand?post=2227"},{"taxonomy":"product_cat","embeddable":true,"href":"https:\/\/lyfilter.com\/tr\/wp-json\/wp\/v2\/product_cat?post=2227"},{"taxonomy":"product_tag","embeddable":true,"href":"https:\/\/lyfilter.com\/tr\/wp-json\/wp\/v2\/product_tag?post=2227"}],"curies":[{"name":"wp","href":"https:\/\/api.w.org\/{rel}","templated":true}]}}