{"id":2222,"date":"2026-01-06T10:03:43","date_gmt":"2026-01-06T10:03:43","guid":{"rendered":"https:\/\/lyfilter.com\/?post_type=product&#038;p=2222"},"modified":"2026-01-06T10:03:43","modified_gmt":"2026-01-06T10:03:43","slug":"high-polymer-hdpe-pe-60-100um-sintered-plastic-filter-element","status":"publish","type":"product","link":"https:\/\/lyfilter.com\/tr\/high-polymer-hdpe-pe-60-100um-sintered-plastic-filter-element\/","title":{"rendered":"Y\u00fcksek Polimer HDPE PE 60 \u201d100um Sinterlenmi\u015f Plastik Filtre Eleman\u0131"},"content":{"rendered":"<div class=\"unit-detail-html-tabs__content-attr\">\n<div class=\"unit-product-attrparam\">\n<div class=\"unit-product-attrparam__items row\">\n<div class=\"col-12 col-md-6\">\n<div class=\"unit-product-attrparam__item\">\n<div class=\"unit-product-attrparam__label\">Malzeme:pe<br \/>\nKullan\u0131labilirlik: OEM\/ODM<\/div>\n<\/div>\n<\/div>\n<\/div>\n<\/div>\n<\/div>\n<div class=\"unit-detail-html-tabs__content-featuresAttr\"><\/div>\n<div class=\"unit-detail-html-tabs__content-html\">\n<div class=\"J_module\">\n<div class=\"detail-decorate-json-renderer-container\">\n<div class=\"magic-0\">\n<h3 class=\"magic-1\" data-id=\"title0\"><strong>Y\u00fcksek Polimer HDPE At\u0131k Su Ar\u0131tma PE Sinterlenmi\u015f Plastik Filtre Eleman\u0131<\/strong><\/h3>\n<div class=\"magic-2\">\n<div class=\"magic-3\">\n<div class=\"magic-4\" data-id=\"paragraph0\"><\/div>\n<\/div>\n<\/div>\n<\/div>\n<\/div>\n<\/div>\n<div class=\"J_module\">\n<div id=\"ali-anchor-AliMagic-782yxs\" class=\"magic-5\" data-section=\"AliMagic-782yxs\" data-section-title=\"Product Description\"><strong>\u00dcr\u00fcn A\u00e7\u0131klamas\u0131<\/strong><\/div>\n<\/div>\n<div class=\"J_module\">\n<div class=\"icbu-pc-detailManyImage magic-6\" data-module-name=\"icbu-pc-detailManyImage\">\n<div class=\"magic-7\"><\/div>\n<\/div>\n<\/div>\n<div class=\"J_module\">\n<div class=\"detail-decorate-json-renderer-container\">\n<div class=\"magic-0\">\n<div class=\"magic-1\" data-id=\"title0\">PE filtre eleman\u0131, d\u00fczg\u00fcn g\u00f6zenek boyutu da\u011f\u0131l\u0131m\u0131na, g\u00fc\u00e7l\u00fc asit ve alkali direncine, y\u00fcksek s\u0131cakl\u0131k direncine, iyi mekanik \u00f6zelliklere ve organik \u00e7\u00f6z\u00fcc\u00fclere kar\u015f\u0131 g\u00fc\u00e7l\u00fc dirence sahiptir. B\u00fcy\u00fck \u00f6l\u00e7ekli su ar\u0131tma ekipmanlar\u0131n\u0131n \u00fcretimi, otomatik veya manuel geri tepme c\u00fcruf giderme y\u00f6ntemini benimseyebilir, kat\u0131 partik\u00fcller, filtre elemanlar\u0131n\u0131n s\u0131k s\u0131k de\u011fi\u015ftirilmesi, otomatik \u00e7al\u0131\u015fma, d\u00fc\u015f\u00fck filtrasyon maliyeti ve kullan\u0131c\u0131lar taraf\u0131ndan iyi kar\u015f\u0131lanan di\u011fer avantajlar olmadan kuru c\u00fcruf giderme ile geri kazan\u0131labilir.<\/div>\n<div class=\"magic-1\" data-id=\"title0\"><\/div>\n<div class=\"magic-1\" data-id=\"title0\">\n<div class=\"table-responsive\">\n<table class=\"hight-light-first-column all magic-19\" border=\"1\" cellspacing=\"0\" cellpadding=\"0\">\n<tbody>\n<tr class=\"firstRow\">\n<td colspan=\"1\" rowspan=\"1\">\n<div class=\"magic-20\">Filtre Ortam\u0131<\/div>\n<\/td>\n<td colspan=\"1\" rowspan=\"1\">\n<div class=\"magic-21\">PE, HDPE, PTFE, PVDF, PA\/Naylon vb.<\/div>\n<\/td>\n<\/tr>\n<tr>\n<td colspan=\"1\" rowspan=\"1\">\n<div class=\"magic-20\">Mikron oran\u0131<\/div>\n<\/td>\n<td colspan=\"1\" rowspan=\"1\">\n<div class=\"magic-21\">0.2um, 0.5um, 1um, 3um, 5um, 10um, 25um, 30um, 50um, 75um, 100um, vb.<\/div>\n<\/td>\n<\/tr>\n<tr>\n<td colspan=\"1\" rowspan=\"1\">\n<div class=\"magic-20\">Referans boyut<\/p>\n<div>(mm)<\/div>\n<\/div>\n<\/td>\n<td colspan=\"1\" rowspan=\"1\">\n<div class=\"magic-21\">31x12x1000, 31x20x1000, 38x20x1000, 38x18x1000, 38x20x1200, 38x20x1300, 38x20x150, 38x20x400, 38x20x250, 38x20x200, 38x20x180,<br \/>\n38x20x150, 50x20x1000, 50x31x1000, 50x38x1000, 65x31x1000, 65x38x1000, 64x44x1000, 78x62x750mm, vb.<\/div>\n<\/td>\n<\/tr>\n<tr>\n<td colspan=\"1\" rowspan=\"1\">\n<div class=\"magic-20\">Konekt\u00f6r tipi<\/div>\n<\/td>\n<td colspan=\"1\" rowspan=\"1\">\n<div class=\"magic-21\">DOE, SOE, D\u00fcz, kesici u\u00e7, di\u015f, 226, 222, 215, M36, M30, M27, M25, M22, M14, M12 veya iste\u011fe ba\u011fl\u0131 olarak.<\/div>\n<\/td>\n<\/tr>\n<tr>\n<td colspan=\"1\" rowspan=\"1\">\n<div class=\"magic-20\">Maks. \u00e7al\u0131\u015fma s\u0131cakl\u0131\u011f\u0131<\/div>\n<\/td>\n<td colspan=\"1\" rowspan=\"1\">\n<div class=\"magic-21\">PE\u226482\u2103; PTFE\u2265200\u2103; PA\u2264120\u2103<\/div>\n<\/td>\n<\/tr>\n<\/tbody>\n<\/table>\n<\/div>\n<\/div>\n<div class=\"magic-1\" data-id=\"title0\"><\/div>\n<\/div>\n<\/div>\n<\/div>\n<div class=\"J_module\">\n<div id=\"ali-anchor-AliMagic-d4uvzs\" class=\"magic-5\" data-section=\"AliMagic-d4uvzs\" data-section-title=\"Product Feature\">\u00dcr\u00fcn \u00d6zelli\u011fi<\/div>\n<div class=\"magic-5\" data-section=\"AliMagic-d4uvzs\" data-section-title=\"Product Feature\"><\/div>\n<\/div>\n<div class=\"J_module\">\n<div class=\"detail-decorate-json-renderer-container\">\n<div class=\"magic-0\">\n<div class=\"magic-2\">\n<div class=\"magic-3\">\n<div class=\"magic-4\">Birim alan ba\u015f\u0131na daha fazla ak\u0131\u015f sa\u011flamak i\u00e7in y\u00fcksek g\u00f6zeneklilik; 2. P\u00fcr\u00fczs\u00fcz d\u0131\u015f y\u00fczey, kirlilikler kolay yap\u0131\u015fmaz, geri y\u0131kama kolay ve kapsaml\u0131; 3. Kirlenme \u00f6nleme yetene\u011fi: filtrenin k\u00fc\u00e7\u00fck boyutu, b\u00f6ylece kirlilikler filtre g\u00f6vdesinde tutulamaz; 4. G\u00fc\u00e7l\u00fc asit, alkali korozyona diren\u00e7, organik \u00e7\u00f6z\u00fcc\u00fclere diren\u00e7; 5. M\u00fckemmel mekanik \u00f6zellikler; 6. Par\u00e7ac\u0131k sal\u0131n\u0131m\u0131 yok. 7. Geni\u015f \u00dcr\u00fcn yelpazesi ve geni\u015f uygulama alan\u0131<\/div>\n<div class=\"magic-4\"><\/div>\n<\/div>\n<\/div>\n<\/div>\n<\/div>\n<\/div>\n<div class=\"J_module\">\u00a0<img decoding=\"async\" src=\"https:\/\/img.yfisher.com\/m6076\/1725732569yot\/png70-t3-scale100.webp\" alt=\"Y\u00fcksek Polimer HDPE PE 60&#039;&#039; 100um Sinterlenmi\u015f Plastik Filtre Eleman\u0131 2\" data-lazy=\"2\" title=\"\"><\/div>\n<\/div>","protected":false},"excerpt":{"rendered":"<table>\n<thead>\n<tr>\n<th>\u00d6\u011fe<\/th>\n<th>DETAYLAR<\/th>\n<\/tr>\n<\/thead>\n<tbody>\n<tr>\n<td>ba\u015flang\u0131\u00e7 portu<\/td>\n<td>guangzhou<\/td>\n<\/tr>\n<tr>\n<td>\u00fcreti\u0307m kapasi\u0307tesi\u0307<\/td>\n<td>10000 adet\/ay<\/td>\n<\/tr>\n<tr>\n<td>men\u015fe yeri<\/td>\n<td>guangdong, \u00e7i\u0307n<\/td>\n<\/tr>\n<tr>\n<td>\u00f6deme<\/td>\n<td>t\/t, alibaba ti\u0307caret g\u00fcvencesi\u0307, paypal<\/td>\n<\/tr>\n<tr>\n<td>moq<\/td>\n<td>1 adet<\/td>\n<\/tr>\n<tr>\n<td>model<\/td>\n<td>ly-hfpl<\/td>\n<\/tr>\n<tr>\n<td>TESL\u0130MAT S\u00dcRES\u0130<\/td>\n<td>7 i\u015f g\u00fcn\u00fc i\u00e7inde<\/td>\n<\/tr>\n<tr>\n<td>BELGELEND\u0130RME<\/td>\n<td>iso 9001<\/td>\n<\/tr>\n<tr>\n<td>marka<\/td>\n<td>oem\/lvyuan<\/td>\n<\/tr>\n<\/tbody>\n<\/table>","protected":false},"featured_media":2228,"comment_status":"open","ping_status":"closed","template":"","meta":{"_gspb_post_css":""},"product_brand":[],"product_cat":[17,22],"product_tag":[939,261,262,260,268,941],"class_list":{"0":"post-2222","1":"product","2":"type-product","3":"status-publish","4":"has-post-thumbnail","6":"product_cat-sediment-filter","7":"product_cat-sintered-filter-cartridge","8":"product_tag-1-pcs-moq","9":"product_tag-guangdong-china","10":"product_tag-guangzhou-port","11":"product_tag-iso-9001","12":"product_tag-ly-hfpl","13":"product_tag-paypal-payment","15":"first","16":"instock","17":"shipping-taxable","18":"product-type-simple"},"_links":{"self":[{"href":"https:\/\/lyfilter.com\/tr\/wp-json\/wp\/v2\/product\/2222","targetHints":{"allow":["GET"]}}],"collection":[{"href":"https:\/\/lyfilter.com\/tr\/wp-json\/wp\/v2\/product"}],"about":[{"href":"https:\/\/lyfilter.com\/tr\/wp-json\/wp\/v2\/types\/product"}],"replies":[{"embeddable":true,"href":"https:\/\/lyfilter.com\/tr\/wp-json\/wp\/v2\/comments?post=2222"}],"wp:featuredmedia":[{"embeddable":true,"href":"https:\/\/lyfilter.com\/tr\/wp-json\/wp\/v2\/media\/2228"}],"wp:attachment":[{"href":"https:\/\/lyfilter.com\/tr\/wp-json\/wp\/v2\/media?parent=2222"}],"wp:term":[{"taxonomy":"product_brand","embeddable":true,"href":"https:\/\/lyfilter.com\/tr\/wp-json\/wp\/v2\/product_brand?post=2222"},{"taxonomy":"product_cat","embeddable":true,"href":"https:\/\/lyfilter.com\/tr\/wp-json\/wp\/v2\/product_cat?post=2222"},{"taxonomy":"product_tag","embeddable":true,"href":"https:\/\/lyfilter.com\/tr\/wp-json\/wp\/v2\/product_tag?post=2222"}],"curies":[{"name":"wp","href":"https:\/\/api.w.org\/{rel}","templated":true}]}}