{"id":2219,"date":"2026-01-06T10:01:46","date_gmt":"2026-01-06T10:01:46","guid":{"rendered":"https:\/\/lyfilter.com\/?post_type=product&#038;p=2219"},"modified":"2026-01-06T10:01:46","modified_gmt":"2026-01-06T10:01:46","slug":"cylinder-micron-porous-sintered-ptfe-water-filter","status":"publish","type":"product","link":"https:\/\/lyfilter.com\/tr\/cylinder-micron-porous-sintered-ptfe-water-filter\/","title":{"rendered":"Silindir Mikron G\u00f6zenekli Sinterlenmi\u015f PTFE Su Filtresi"},"content":{"rendered":"<div class=\"unit-detail-html-tabs__content-attr\">\n<div class=\"unit-product-attrparam\">\n<div class=\"unit-product-attrparam__items row\">\n<div class=\"col-12 col-md-6\">\n<div class=\"unit-product-attrparam__item\">\n<div class=\"unit-product-attrparam__label\">Malzeme:pe<br \/>\nKullan\u0131labilirlik: OEM\/ODM<\/div>\n<\/div>\n<\/div>\n<\/div>\n<\/div>\n<\/div>\n<div class=\"unit-detail-html-tabs__content-featuresAttr\"><\/div>\n<div class=\"unit-detail-html-tabs__content-html\">\n<p>Silindir Mikron G\u00f6zenekli Sinterlenmi\u015f PTFE Su Filtresi<\/p>\n<div id=\"_root\" class=\"engine-app\" data-reactroot=\"\">\n<div class=\"magic-0\" data-section=\"AliMagic-bc5p1g\" data-section-title=\"Product Description\"><strong>spesifikasyon :<\/strong><\/div>\n<div class=\"magic-0\" data-section=\"AliMagic-bc5p1g\" data-section-title=\"Product Description\">\n<div class=\"ife-detail-decorate-table\">\n<div class=\"table-responsive\">\n<table class=\"all magic-11\" border=\"1\" cellspacing=\"0\" cellpadding=\"0\">\n<tbody>\n<tr class=\"firstRow\">\n<td colspan=\"1\" rowspan=\"1\">\n<div class=\"magic-12\">Filtre ortam\u0131<\/div>\n<\/td>\n<td colspan=\"1\" rowspan=\"1\">\n<div class=\"magic-13\">PE\/PTFE<\/div>\n<\/td>\n<\/tr>\n<tr>\n<td colspan=\"1\" rowspan=\"1\">\n<div class=\"magic-12\">Konekt\u00f6r tipi<\/div>\n<\/td>\n<td colspan=\"1\" rowspan=\"1\">\n<div class=\"magic-13\">D\u00fcz, U\u00e7 tipi, Di\u015f tipi, Fin<\/div>\n<\/td>\n<\/tr>\n<tr>\n<td colspan=\"1\" rowspan=\"1\">\n<div class=\"magic-12\">U\u00e7 kapaklar\u0131<\/div>\n<\/td>\n<td colspan=\"1\" rowspan=\"1\">\n<div class=\"magic-13\">PP, M36, M30, M25, M22, M14, M12 veya \u00f6zelle\u015ftirilmi\u015f<\/div>\n<\/td>\n<\/tr>\n<tr>\n<td colspan=\"1\" rowspan=\"1\">\n<div class=\"magic-12\">D\u0131\u015f \u00e7ap<\/div>\n<\/td>\n<td colspan=\"1\" rowspan=\"1\">\n<div class=\"magic-13\">10mm, 20mm, 30mm, 40mm, 50mm, 60mm, 70mm, 80mm veya \u00f6zelle\u015ftirilmi\u015f<\/div>\n<\/td>\n<\/tr>\n<tr>\n<td colspan=\"1\" rowspan=\"1\">\n<div class=\"magic-12\">\u0130\u00e7 \u00e7ap<\/div>\n<\/td>\n<td colspan=\"1\" rowspan=\"1\">\n<div class=\"magic-13\">12mm.16mm, 18mm, 28mm veya \u00f6zelle\u015ftirilmi\u015f<\/div>\n<\/td>\n<\/tr>\n<tr>\n<td colspan=\"1\" rowspan=\"1\">\n<div class=\"magic-12\">Kald\u0131rma oran\u0131<\/div>\n<\/td>\n<td colspan=\"1\" rowspan=\"1\">\n<div class=\"magic-13\">0.1, 0.2, 0.45, 0.65, 0.8, 1, 2, 3, 5,10, 20, 25, 30, 50, 60 mikron<\/div>\n<\/td>\n<\/tr>\n<tr>\n<td colspan=\"1\" rowspan=\"1\">\n<div class=\"magic-12\">Maksimum \u00e7al\u0131\u015fma bas\u0131nc\u0131<\/div>\n<\/td>\n<td colspan=\"1\" rowspan=\"1\">\n<div class=\"magic-13\">6.0 bar<\/div>\n<\/td>\n<\/tr>\n<tr>\n<td colspan=\"1\" rowspan=\"1\">\n<div class=\"magic-12\">Maksimum \u00e7al\u0131\u015fma s\u0131cakl\u0131\u011f\u0131<\/div>\n<\/td>\n<td colspan=\"1\" rowspan=\"1\">\n<div class=\"magic-13\">\u226480\u2103<\/div>\n<\/td>\n<\/tr>\n<\/tbody>\n<\/table>\n<\/div>\n<\/div>\n<\/div>\n<div class=\"magic-0\" data-section=\"AliMagic-bc5p1g\" data-section-title=\"Product Description\"><\/div>\n<div class=\"detail-decorate-json-renderer-container\">\n<div class=\"magic-4\">\n<div class=\"magic-5\">\n<div class=\"magic-6\">\n<div class=\"magic-7\">\n<p class=\"magic-8\"><img decoding=\"async\" src=\"https:\/\/img.yfisher.com\/m6076\/172573256689w\/jpg70-t3-scale100.webp\" alt=\"Silindir Mikron G\u00f6zenekli Sinterlenmi\u015f PTFE Su Filtresi 2\" data-lazy=\"2\" title=\"\"><\/p>\n<p class=\"magic-8\"><strong>\u00d6zellikler:<\/strong><\/p>\n<p class=\"magic-8\"><span style=\"font-family: Arial, Helvetica;\"><b><br \/>\n<\/b><\/span>1. Alan ba\u015f\u0131na daha fazla ak\u0131\u015f sa\u011flamak i\u00e7in y\u00fcksek g\u00f6zeneklilik (60%).<br \/>\n2. P\u00fcr\u00fczs\u00fcz d\u0131\u015f y\u00fczey, kirlilikler kolay yap\u0131\u015fmaz, geri y\u0131kama kolay ve kapsaml\u0131 de\u011fildir;<br \/>\n3. Anti-flouling yetene\u011fi: filtrenin k\u00fc\u00e7\u00fck boyutu sayesinde kirlilikler filtre g\u00f6vdesinde tutulamaz;<br \/>\n4. G\u00fc\u00e7l\u00fc asit, alkali korozyona kar\u015f\u0131 diren\u00e7, orangnik \u00e7\u00f6z\u00fcc\u00fclere kar\u015f\u0131 diren\u00e7;<\/p>\n<p class=\"magic-8\">5. M\u00fckemmel mekanik \u00f6zellikler<\/p>\n<p class=\"magic-8\">6. Par\u00e7ac\u0131k sal\u0131n\u0131m\u0131 yok.<\/p>\n<\/div>\n<\/div>\n<\/div>\n<\/div>\n<\/div>\n<div id=\"ali-anchor-AliMagic-606h8g\" class=\"magic-0\" data-section=\"AliMagic-606h8g\" data-section-title=\"Application\"><strong>Uygulama<\/strong><\/div>\n<div class=\"detail-decorate-json-renderer-container\">\n<div class=\"magic-4\">\n<div class=\"magic-5\">\n<div class=\"magic-6\">\n<div class=\"magic-7\">\n<p class=\"magic-8\">1. \u0130la\u00e7 end\u00fcstrisi 2. Kimya end\u00fcstrisi Kimya end\u00fcstrisi<\/p>\n<p class=\"magic-8\">3. Kimyasal elyaf ve tekstil end\u00fcstrisi 4. Hafif sanayi ve G\u0131da sanayi<br \/>\n5. Makine ve petrol end\u00fcstrisi 6. At\u0131k su ar\u0131tma end\u00fcstrisi<\/p>\n<p class=\"magic-8\"><img decoding=\"async\" src=\"https:\/\/img.yfisher.com\/m6076\/172573256612g\/png70-t3-scale100.webp\" alt=\"Silindir Mikron G\u00f6zenekli Sinterlenmi\u015f PTFE Su Filtresi 3\" data-lazy=\"2\" title=\"\"><\/p>\n<\/div>\n<\/div>\n<\/div>\n<\/div>\n<\/div>\n<div class=\"icbu-pc-images magic-1\">\n<div>\n<div class=\"flex-layout-v\">\n<div class=\"flex-layout-h magic-1\">\n<div class=\"magic-26\"><\/div>\n<\/div>\n<\/div>\n<\/div>\n<\/div>\n<div id=\"ali-anchor-AliMagic-hdqmv8\" class=\"magic-0\" data-section=\"AliMagic-hdqmv8\" data-section-title=\"About us\"><strong>Hakk\u0131m\u0131zda<\/strong><\/div>\n<div class=\"magic-0\" data-section=\"AliMagic-hdqmv8\" data-section-title=\"About us\"><\/div>\n<div class=\"detail-decorate-json-renderer-container\">\n<div class=\"magic-4\">\n<div class=\"magic-5\">\n<div class=\"magic-6\">\n<div class=\"magic-7\">\n<p class=\"magic-8\">1. 10 y\u0131ll\u0131k profesyonel \u00fcretici deneyimi.<br \/>\n2. OEM ve ODM \u00f6zelle\u015ftirme hizmeti veriyoruz, firmam\u0131zda her t\u00fcrl\u00fc filtre kartu\u015fu ve filtre muhafazas\u0131n\u0131 bulabilirsiniz.<br \/>\n3. T\u00fcm \u00fcr\u00fcnler kalite garantisine sahiptir. Sertifikasyonumuz: CE ISO SGS<br \/>\n4. \u00c7al\u0131\u015fanlar\u0131m\u0131z verimli ve sat\u0131\u015flar\u0131m\u0131z profesyonel, profesyonel \u00f6zelle\u015ftirilmi\u015f hizmet verece\u011fiz.<br \/>\n5. \u00dcr\u00fcnlerimiz 100'den fazla \u00fclke ve b\u00f6lgeye ihra\u00e7 edilmektedir. \u0130yi bir \u00fcne kavu\u015ftu.<br \/>\n6. Bir\u00e7ok i\u015fbirlik\u00e7i uzun y\u0131llard\u0131r yan\u0131m\u0131zda duruyor.<br \/>\n7. K\u00fcresel m\u00fc\u015fterilerimize en iyi hizmeti ve kaliteyi sunmaya kararl\u0131y\u0131z, gelecekte giderek daha profesyonel bir \u015firket olaca\u011f\u0131z.<\/p>\n<\/div>\n<\/div>\n<\/div>\n<\/div>\n<\/div>\n<\/div>\n<\/div>","protected":false},"excerpt":{"rendered":"<table>\n<thead>\n<tr>\n<th>\u00d6\u011fe<\/th>\n<th>DETAYLAR<\/th>\n<\/tr>\n<\/thead>\n<tbody>\n<tr>\n<td>ba\u015flang\u0131\u00e7 portu<\/td>\n<td>guangzhou<\/td>\n<\/tr>\n<tr>\n<td>\u00fcreti\u0307m kapasi\u0307tesi\u0307<\/td>\n<td>10000 adet\/ay<\/td>\n<\/tr>\n<tr>\n<td>men\u015fe yeri<\/td>\n<td>guangdong, \u00e7i\u0307n<\/td>\n<\/tr>\n<tr>\n<td>\u00f6deme<\/td>\n<td>l\/c, t\/t, alibaba ti\u0307caret g\u00fcvencesi\u0307, paypal<\/td>\n<\/tr>\n<tr>\n<td>moq<\/td>\n<td>1 adet<\/td>\n<\/tr>\n<tr>\n<td>model<\/td>\n<td>ly-hfpl-6<\/td>\n<\/tr>\n<tr>\n<td>TESL\u0130MAT S\u00dcRES\u0130<\/td>\n<td>7 i\u015f g\u00fcn\u00fc i\u00e7inde<\/td>\n<\/tr>\n<tr>\n<td>BELGELEND\u0130RME<\/td>\n<td>iso 9001<\/td>\n<\/tr>\n<tr>\n<td>marka<\/td>\n<td>oem\/lvyuan<\/td>\n<\/tr>\n<\/tbody>\n<\/table>","protected":false},"featured_media":2223,"comment_status":"open","ping_status":"closed","template":"","meta":{"_gspb_post_css":""},"product_brand":[],"product_cat":[17,22],"product_tag":[939,261,262,260,942,281],"class_list":{"0":"post-2219","1":"product","2":"type-product","3":"status-publish","4":"has-post-thumbnail","6":"product_cat-sediment-filter","7":"product_cat-sintered-filter-cartridge","8":"product_tag-1-pcs-moq","9":"product_tag-guangdong-china","10":"product_tag-guangzhou-port","11":"product_tag-iso-9001","12":"product_tag-l-c-payment","13":"product_tag-ly-hfpl-6","15":"first","16":"instock","17":"shipping-taxable","18":"product-type-simple"},"_links":{"self":[{"href":"https:\/\/lyfilter.com\/tr\/wp-json\/wp\/v2\/product\/2219","targetHints":{"allow":["GET"]}}],"collection":[{"href":"https:\/\/lyfilter.com\/tr\/wp-json\/wp\/v2\/product"}],"about":[{"href":"https:\/\/lyfilter.com\/tr\/wp-json\/wp\/v2\/types\/product"}],"replies":[{"embeddable":true,"href":"https:\/\/lyfilter.com\/tr\/wp-json\/wp\/v2\/comments?post=2219"}],"wp:featuredmedia":[{"embeddable":true,"href":"https:\/\/lyfilter.com\/tr\/wp-json\/wp\/v2\/media\/2223"}],"wp:attachment":[{"href":"https:\/\/lyfilter.com\/tr\/wp-json\/wp\/v2\/media?parent=2219"}],"wp:term":[{"taxonomy":"product_brand","embeddable":true,"href":"https:\/\/lyfilter.com\/tr\/wp-json\/wp\/v2\/product_brand?post=2219"},{"taxonomy":"product_cat","embeddable":true,"href":"https:\/\/lyfilter.com\/tr\/wp-json\/wp\/v2\/product_cat?post=2219"},{"taxonomy":"product_tag","embeddable":true,"href":"https:\/\/lyfilter.com\/tr\/wp-json\/wp\/v2\/product_tag?post=2219"}],"curies":[{"name":"wp","href":"https:\/\/api.w.org\/{rel}","templated":true}]}}