{"id":2200,"date":"2026-01-06T10:00:07","date_gmt":"2026-01-06T10:00:07","guid":{"rendered":"https:\/\/lyfilter.com\/?post_type=product&#038;p=2200"},"modified":"2026-01-06T10:00:08","modified_gmt":"2026-01-06T10:00:08","slug":"soe-doe-endcap-5-microns-0-2um-0-3um-polyethylene-filters","status":"publish","type":"product","link":"https:\/\/lyfilter.com\/tr\/soe-doe-endcap-5-microns-0-2um-0-3um-polyethylene-filters\/","title":{"rendered":"SOE DOE Endcap 5 Mikron 0.2um 0.3um Polietilen Filtreler"},"content":{"rendered":"<div class=\"unit-detail-html-tabs__content-attr\">\n<div class=\"unit-product-attrparam\">\n<div class=\"unit-product-attrparam__items row\">\n<div class=\"col-12 col-md-6\">\n<div class=\"unit-product-attrparam__item\">\n<div class=\"unit-product-attrparam__label\">Malzeme:pe<\/div>\n<\/div>\n<\/div>\n<div class=\"col-12 col-md-6\">\n<div class=\"unit-product-attrparam__item\">\n<div class=\"unit-product-attrparam__label\">Kullan\u0131labilirlik: OEM\/ODM<\/div>\n<\/div>\n<\/div>\n<\/div>\n<\/div>\n<\/div>\n<div class=\"unit-detail-html-tabs__content-featuresAttr\"><\/div>\n<div class=\"unit-detail-html-tabs__content-html\">\n<p><strong>SOE DOE Endcap 5 Mikron 0.2um 0.3um Polietilen Filtreler<\/strong><\/p>\n<div class=\"table-responsive\">\n<table width=\"605\" cellspacing=\"0\" cellpadding=\"0\">\n<colgroup>\n<col width=\"135\" \/>\n<col span=\"2\" width=\"72\" \/>\n<col width=\"327\" \/><\/colgroup>\n<tbody>\n<tr class=\"firstRow\">\n<td rowspan=\"2\" width=\"135\" height=\"76\">\u00dcr\u00fcn ad\u0131<\/td>\n<td colspan=\"3\" rowspan=\"2\" width=\"471\">T\u00fcp 300mm 500mm 700mm filtre Y\u00fczme havuzu su ar\u0131tma i\u00e7in 5 mikron g\u00f6zenekli sinterlenmi\u015f PE plastik t\u00fcp filtre<\/td>\n<\/tr>\n<tr>\n<td rowspan=\"2\" width=\"135\" height=\"93\">\u00c7ap<\/td>\n<td colspan=\"3\" width=\"471\">10mm,20mm,30mm,40mm,50mm,60mm,70mm,80mm,90mm,100mm,110mm,<\/td>\n<\/tr>\n<tr>\n<td colspan=\"3\" width=\"471\" height=\"42\">120mm, 200mm, vb.<\/td>\n<\/tr>\n<tr>\n<td rowspan=\"2\" width=\"135\" height=\"38\">Uzunluk<\/td>\n<td colspan=\"3\" rowspan=\"2\" width=\"471\">1\u2033, 2.5\u2033, 5\u2033, 10\u2033, 20\u2033, 30\u2033, 40\u2033, 50\u2033 vb.<\/td>\n<\/tr>\n<tr>\n<td rowspan=\"2\" width=\"135\" height=\"57\">Mikron oran\u0131<\/td>\n<td colspan=\"3\" rowspan=\"2\" width=\"471\">0.2um,0.3um,0.45um,1um,3um,5um,10um,20um,30um,40um,50um,100um,etc.<\/td>\n<\/tr>\n<tr>\n<td rowspan=\"2\" width=\"135\" height=\"57\">\u00c7al\u0131\u015fma s\u0131cakl\u0131\u011f\u0131<\/td>\n<td colspan=\"3\" rowspan=\"2\" width=\"471\">PE\u226480\u2103; PTFE\u2265200\u2103; PA\u2264120\u2103<\/td>\n<\/tr>\n<tr>\n<td rowspan=\"2\" width=\"135\" height=\"57\">Filtre konekt\u00f6r\u00fc<\/td>\n<td colspan=\"3\" rowspan=\"2\" width=\"471\">D\u00dcZ, INSERT TIPI, IPLIK TIPI, 226,222,215, \u00d6ZELLE\u015eTIRILMI\u015e<\/td>\n<\/tr>\n<tr>\n<td width=\"135\" height=\"60\">A\u00e7\u0131klama<\/td>\n<td colspan=\"3\" width=\"471\">Filtre boyutu ve mikronlar\u0131 \u00f6zelle\u015ftirilebilir. Daha k\u00fc\u00e7\u00fck boyut veya daha b\u00fcy\u00fck boyut!<\/td>\n<\/tr>\n<\/tbody>\n<\/table>\n<\/div>\n<p>Uygulama<\/p>\n<p>g\u0131da end\u00fcstrisi<\/p>\n<p>Petrol end\u00fcstrisi<\/p>\n<p>At\u0131k su ar\u0131tma<\/p>\n<p>Makine end\u00fcstrisi<\/p>\n<p>(1) A\u011f\u0131r mental hidroksit at\u0131k su ar\u0131t\u0131m\u0131<\/p>\n<p>(2) Mix-ture a\u011f\u0131r metal at\u0131k su ar\u0131t\u0131m\u0131<\/p>\n<p>(3) Kimyasal at\u0131k su ar\u0131tma<\/p>\n<p>(4) Seramik at\u0131k su ar\u0131tma<\/p>\n<p>(5) Al\u00fcminyum i\u00e7eren at\u0131k su ar\u0131t\u0131m\u0131<\/p>\n<p>(6) Di\u011fer at\u0131k su ar\u0131t\u0131m\u0131<\/p>\n<\/div>","protected":false},"excerpt":{"rendered":"<table>\n<thead>\n<tr>\n<th>\u00d6\u011fe<\/th>\n<th>DETAYLAR<\/th>\n<\/tr>\n<\/thead>\n<tbody>\n<tr>\n<td>ba\u015flang\u0131\u00e7 portu<\/td>\n<td>guangzhou<\/td>\n<\/tr>\n<tr>\n<td>\u00fcreti\u0307m kapasi\u0307tesi\u0307<\/td>\n<td>10000 adet\/ay<\/td>\n<\/tr>\n<tr>\n<td>men\u015fe yeri<\/td>\n<td>guangdong, \u00e7i\u0307n<\/td>\n<\/tr>\n<tr>\n<td>\u00f6deme<\/td>\n<td>t\/t, western union, alibaba ti\u0307caret g\u00fcvencesi\u0307, paypal<\/td>\n<\/tr>\n<tr>\n<td>moq<\/td>\n<td>1 adet<\/td>\n<\/tr>\n<tr>\n<td>model<\/td>\n<td>ly-hfpl<\/td>\n<\/tr>\n<tr>\n<td>TESL\u0130MAT S\u00dcRES\u0130<\/td>\n<td>7 i\u015f g\u00fcn\u00fc i\u00e7inde<\/td>\n<\/tr>\n<tr>\n<td>BELGELEND\u0130RME<\/td>\n<td>iso 9001<\/td>\n<\/tr>\n<tr>\n<td>marka<\/td>\n<td>oem\/lvyuan<\/td>\n<\/tr>\n<\/tbody>\n<\/table>","protected":false},"featured_media":2220,"comment_status":"open","ping_status":"closed","template":"","meta":{"_gspb_post_css":""},"product_brand":[],"product_cat":[17,22],"product_tag":[939,261,262,260,268,941],"class_list":{"0":"post-2200","1":"product","2":"type-product","3":"status-publish","4":"has-post-thumbnail","6":"product_cat-sediment-filter","7":"product_cat-sintered-filter-cartridge","8":"product_tag-1-pcs-moq","9":"product_tag-guangdong-china","10":"product_tag-guangzhou-port","11":"product_tag-iso-9001","12":"product_tag-ly-hfpl","13":"product_tag-paypal-payment","15":"first","16":"instock","17":"shipping-taxable","18":"product-type-simple"},"_links":{"self":[{"href":"https:\/\/lyfilter.com\/tr\/wp-json\/wp\/v2\/product\/2200","targetHints":{"allow":["GET"]}}],"collection":[{"href":"https:\/\/lyfilter.com\/tr\/wp-json\/wp\/v2\/product"}],"about":[{"href":"https:\/\/lyfilter.com\/tr\/wp-json\/wp\/v2\/types\/product"}],"replies":[{"embeddable":true,"href":"https:\/\/lyfilter.com\/tr\/wp-json\/wp\/v2\/comments?post=2200"}],"wp:featuredmedia":[{"embeddable":true,"href":"https:\/\/lyfilter.com\/tr\/wp-json\/wp\/v2\/media\/2220"}],"wp:attachment":[{"href":"https:\/\/lyfilter.com\/tr\/wp-json\/wp\/v2\/media?parent=2200"}],"wp:term":[{"taxonomy":"product_brand","embeddable":true,"href":"https:\/\/lyfilter.com\/tr\/wp-json\/wp\/v2\/product_brand?post=2200"},{"taxonomy":"product_cat","embeddable":true,"href":"https:\/\/lyfilter.com\/tr\/wp-json\/wp\/v2\/product_cat?post=2200"},{"taxonomy":"product_tag","embeddable":true,"href":"https:\/\/lyfilter.com\/tr\/wp-json\/wp\/v2\/product_tag?post=2200"}],"curies":[{"name":"wp","href":"https:\/\/api.w.org\/{rel}","templated":true}]}}