{"id":2194,"date":"2026-01-06T09:49:07","date_gmt":"2026-01-06T09:49:07","guid":{"rendered":"https:\/\/lyfilter.com\/?post_type=product&#038;p=2194"},"modified":"2026-01-06T09:49:07","modified_gmt":"2026-01-06T09:49:07","slug":"hydrophobic-215-226-adaptor-0-2-micron-60um-ptfe-water-filter","status":"publish","type":"product","link":"https:\/\/lyfilter.com\/tr\/hydrophobic-215-226-adaptor-0-2-micron-60um-ptfe-water-filter\/","title":{"rendered":"Hidrofobik 215 226 Adapt\u00f6r 0.2 Mikron 60um PTFE Su Filtresi"},"content":{"rendered":"<div class=\"unit-detail-html-tabs__content-attr\">\n<div class=\"unit-product-attrparam\">\n<div class=\"unit-product-attrparam__items row\">\n<div class=\"col-12 col-md-6\">\n<div class=\"unit-product-attrparam__item\">\n<div class=\"unit-product-attrparam__label\">Malzeme:pp<\/div>\n<\/div>\n<\/div>\n<div class=\"col-12 col-md-6\">\n<div class=\"unit-product-attrparam__item\">\n<div class=\"unit-product-attrparam__label\">Kullan\u0131labilirlik: OEM\/ODM<\/div>\n<\/div>\n<\/div>\n<\/div>\n<\/div>\n<\/div>\n<div class=\"unit-detail-html-tabs__content-featuresAttr\"><\/div>\n<div class=\"unit-detail-html-tabs__content-html\">\n<div id=\"_root\" class=\"engine-app\" data-reactroot=\"\">\n<div id=\"ali-anchor-AliMagic-qb7w6x\" class=\"magic-0\" data-section=\"AliMagic-qb7w6x\" data-section-title=\"Product Description\"><strong>Hidrofobik 0,2 mikron PTFE membranl\u0131 pileli kartu\u015f 215 226 adapt\u00f6rl\u00fc havaland\u0131rma filtresi<\/strong><\/div>\n<p>PTFE Pileli Filtre Kartu\u015fu<\/p>\n<div class=\"icbu-pc-images magic-1\">\n<div class=\"flex-layout-h\">\n<div class=\"text-wrapper magic-15\">\n<div class=\"text-wrapper-right text-theme-light text-align-left\">\n<div class=\"text-content\">\n<p class=\"magic-11\"><strong>Hidrofobik PTFE serisi pileli filtre kartu\u015fu<\/strong>\u00a0m\u00fckemmel kimyasal uyumlulu\u011fa ve korozyon direncine sahip hidrofobik PTFE membrandan yap\u0131lm\u0131\u015ft\u0131r. Bu filtre kartu\u015fu, g\u00fc\u00e7l\u00fc agresif ve oksidatif s\u0131v\u0131 ve gaz filtrasyonu i\u00e7in uygundur.<\/p>\n<p><strong>Hidrofilik PTFE serisi pileli filtre kartu\u015fu<\/strong>\u00a0m\u00fckemmel kimyasal uyumlulu\u011fa ve korozyon direncine sahip hidrofilik PTFE membrandan yap\u0131lm\u0131\u015ft\u0131r. Membran, \u00e7al\u0131\u015fma s\u00fcresinden tasarruf etmek i\u00e7in \u00f6n \u0131slatma olmadan s\u0131v\u0131y\u0131 do\u011frudan filtreleyebilen hidrofiliktir.<\/p>\n<\/div>\n<\/div>\n<\/div>\n<\/div>\n<\/div>\n<div class=\"icbu-pc-images magic-1\">\n<div class=\"flex-layout-h\">\n<div class=\"flex-layout-v magic-12\">\n<p>&nbsp;<\/p>\n<p>&nbsp;<\/p>\n<\/div>\n<\/div>\n<\/div>\n<div id=\"ali-anchor-AliMagic-tbcwpl\" class=\"magic-0\" data-section=\"AliMagic-tbcwpl\" data-section-title=\"Specification\"><strong>\u015eartname<\/strong><\/div>\n<div class=\"magic-0\" data-section=\"AliMagic-tbcwpl\" data-section-title=\"Specification\"><\/div>\n<div class=\"ife-detail-decorate-table\">\n<div class=\"table-responsive\">\n<table class=\"all magic-16\">\n<tbody>\n<tr class=\"firstRow\">\n<td>\n<div class=\"magic-17\">Filtre Ortam\u0131 Se\u00e7ene\u011fi<\/div>\n<\/td>\n<td>\n<div class=\"magic-18\">PP<\/div>\n<\/td>\n<td>\n<div class=\"magic-19\">PES<\/div>\n<\/td>\n<td>\n<div class=\"magic-17\">PTFE<\/div>\n<\/td>\n<td>\n<div class=\"magic-20\">Naylon 6\/66<\/div>\n<\/td>\n<td>\n<div class=\"magic-21\">PVDF<\/div>\n<\/td>\n<\/tr>\n<tr>\n<td>\n<div class=\"magic-17\">Uzunluk<\/div>\n<\/td>\n<td>\n<div class=\"magic-18\">2,5\u201d, 5, 10, 20, 30, 40 in\u00e7<\/div>\n<\/td>\n<td>\n<div class=\"magic-19\">2,5\u201d, 5, 10, 20, 30, 40 in\u00e7<\/div>\n<\/td>\n<td>\n<div class=\"magic-17\">2,5\u201d, 5, 10, 20, 30, 40 in\u00e7<\/div>\n<\/td>\n<td>\n<div class=\"magic-20\">2,5\u201d, 5, 10, 20, 30, 40 in\u00e7<\/div>\n<\/td>\n<td>\n<div class=\"magic-21\">2,5\u201d, 5, 10, 20, 30, 40 in\u00e7<\/div>\n<\/td>\n<\/tr>\n<tr>\n<td>\n<div class=\"magic-17\">Mikron Oran\u0131<\/div>\n<\/td>\n<td>\n<div class=\"magic-18\">0.1, 0.2, 0.45, 0.65, 0.8, 1, 2, 3, 5, 10, 20, 25, 30, 50, 60 mikron<\/div>\n<\/td>\n<td>\n<div class=\"magic-19\">0,1, 0,2, 0,45, 0,65 mikron<\/div>\n<\/td>\n<td>\n<div class=\"magic-17\">0,2, 0,45 mikron<\/div>\n<\/td>\n<td>\n<div class=\"magic-20\">0,2, 0,45, 0,65, 1 mikron<\/div>\n<\/td>\n<td>\n<div class=\"magic-21\">0,2, 0,45 mikron<\/div>\n<\/td>\n<\/tr>\n<tr>\n<td>\n<div class=\"magic-17\">U\u00e7 Kapa\u011f\u0131<\/div>\n<\/td>\n<td>\n<div class=\"magic-18\">DOE, 222+Fin, 222+Flat, 226+Fin, 226+Flat<\/div>\n<\/td>\n<td>\n<div class=\"magic-19\">DOE, 222+Fin, 222+Flat, 226+Fin, 226+Flat<\/div>\n<\/td>\n<td>\n<div class=\"magic-17\">DOE, 222+Fin, 222+Flat, 226+Fin, 226+Flat<\/div>\n<\/td>\n<td>\n<div class=\"magic-20\">DOE, 222+Fin, 222+Flat, 226+Fin, 226+Flat<\/div>\n<\/td>\n<td>\n<div class=\"magic-21\">DOE, 222+Fin, 222+Flat, 226+Fin, 226+Flat<\/div>\n<\/td>\n<\/tr>\n<tr>\n<td>\n<div class=\"magic-17\">\u0130\u00e7 \u00c7ap<\/div>\n<\/td>\n<td>\n<div class=\"magic-18\">28mm<\/div>\n<\/td>\n<td>\n<div class=\"magic-19\">28mm<\/div>\n<\/td>\n<td>\n<div class=\"magic-17\">28mm<\/div>\n<\/td>\n<td>\n<div class=\"magic-20\">28mm<\/div>\n<\/td>\n<td>\n<div class=\"magic-21\">28mm<\/div>\n<\/td>\n<\/tr>\n<tr>\n<td>\n<div class=\"magic-17\">D\u0131\u015f \u00c7ap<\/div>\n<\/td>\n<td>\n<div class=\"magic-18\">69mm (\u00f6zelle\u015ftirilebilir)<\/div>\n<\/td>\n<td>\n<div class=\"magic-19\">69mm (\u00f6zelle\u015ftirilebilir)<\/div>\n<\/td>\n<td>\n<div class=\"magic-17\">69mm (\u00f6zelle\u015ftirilebilir)<\/div>\n<\/td>\n<td>\n<div class=\"magic-20\">69mm (\u00f6zelle\u015ftirilebilir)<\/div>\n<\/td>\n<td>\n<div class=\"magic-21\">69mm (\u00f6zelle\u015ftirilebilir)<\/div>\n<\/td>\n<\/tr>\n<tr>\n<td>\n<div class=\"magic-17\">Conta\/O halka malzemesi<\/div>\n<\/td>\n<td>\n<div class=\"magic-18\">Silikon\/EPDM\/NBR\/Viton\/Teflon<\/div>\n<\/td>\n<td>\n<div class=\"magic-19\">Silikon\/EPDM\/NBR\/Viton\/Teflon<\/div>\n<\/td>\n<td>\n<div class=\"magic-17\">Silikon\/EPDM\/NBR\/Viton\/Teflon<\/div>\n<\/td>\n<td>\n<div class=\"magic-20\">Silikon\/EPDM\/NBR\/Viton\/Teflon<\/div>\n<\/td>\n<td>\n<div class=\"magic-21\">Silikon\/EPDM\/NBR\/Viton\/Teflon<\/div>\n<\/td>\n<\/tr>\n<tr>\n<td>\n<div class=\"magic-17\">Etkin filtrasyon alan\u0131<\/div>\n<\/td>\n<td>\n<div class=\"magic-18\">0.4-0.7m\u00b2;<\/div>\n<\/td>\n<td>\n<div class=\"magic-19\">\u22655m\u00b2;<\/div>\n<\/td>\n<td>\n<div class=\"magic-17\">\u22650.72m\u00b2;<\/div>\n<\/td>\n<td>\n<div class=\"magic-20\">\u22650.6m\u00b2;<\/div>\n<\/td>\n<td>\n<div class=\"magic-21\">\u22650.72m\u00b2;<\/div>\n<\/td>\n<\/tr>\n<tr>\n<td>\n<div class=\"magic-17\">Maksimum \u00e7al\u0131\u015fma bas\u0131n\u00e7 fark\u0131<\/div>\n<\/td>\n<td>\n<div class=\"magic-18\">25\u00baC'de 0,42Mpa<\/div>\n<\/td>\n<td>\n<div class=\"magic-19\">25\u00baC'de 0,42Mpa<\/div>\n<\/td>\n<td>\n<div class=\"magic-17\">25\u00baC'de 0,42Mpa<\/div>\n<\/td>\n<td>\n<div class=\"magic-20\">25\u00baC'de 0,42Mpa<\/div>\n<\/td>\n<td>\n<div class=\"magic-21\">25\u00baC'de 0,42Mpa<\/div>\n<\/td>\n<\/tr>\n<tr>\n<td>\n<div class=\"magic-17\">Maks. geri bas\u0131n\u00e7<\/div>\n<\/td>\n<td>\n<div class=\"magic-18\">60\u00baC'de 0,28Mpa<\/div>\n<\/td>\n<td>\n<div class=\"magic-19\">25\u00baC'de 0,21Mpa<\/div>\n<\/td>\n<td>\n<div class=\"magic-17\">60\u00baC'de 0,35Mpa<\/div>\n<\/td>\n<td>\n<div class=\"magic-20\">25\u00baC'de 0,35Mpa<\/div>\n<\/td>\n<td>\n<div class=\"magic-21\">25\u00baC'de 0,21Mpa<\/div>\n<\/td>\n<\/tr>\n<tr>\n<td>\n<div class=\"magic-17\">Maks. \u00e7al\u0131\u015fma s\u0131cakl\u0131\u011f\u0131<\/div>\n<\/td>\n<td>\n<div class=\"magic-18\">0,28Mpa'da 88\u00baC, 0,42Mpa'da 60\u00baC<\/div>\n<\/td>\n<td>\n<div class=\"magic-19\">0,28Mpa'da 140\u00baC<\/div>\n<\/td>\n<td>\n<div class=\"magic-17\">0,276Mpa'da 142\u00baC<\/div>\n<\/td>\n<td>\n<div class=\"magic-20\">0,21Mpa'da 49\u00baC<\/div>\n<\/td>\n<td>\n<div class=\"magic-21\">0.173Mpa'da 80\u00baC<\/div>\n<\/td>\n<\/tr>\n<tr>\n<td>\n<div class=\"magic-17\">Sterilizasyon s\u0131cakl\u0131\u011f\u0131<\/div>\n<\/td>\n<td>\n<div class=\"magic-18\">121\u2103, 30 dakika<\/div>\n<\/td>\n<td>\n<div class=\"magic-19\">121\u2103, 30 dakika<\/div>\n<\/td>\n<td>\n<div class=\"magic-17\">121\u2103, 30 dakika<\/div>\n<\/td>\n<td>\n<div class=\"magic-20\">121\u2103, 30 dakika<\/div>\n<\/td>\n<td>\n<div class=\"magic-21\">121\u2103, 30 dakika<\/div>\n<\/td>\n<\/tr>\n<\/tbody>\n<\/table>\n<\/div>\n<\/div>\n<div class=\"magic-0\" data-section=\"AliMagic-3su540\" data-section-title=\"Application\"><\/div>\n<div id=\"ali-anchor-AliMagic-3su540\" class=\"magic-0\" data-section=\"AliMagic-3su540\" data-section-title=\"Application\"><strong>Uygulama<\/strong><\/div>\n<div class=\"magic-0\" data-section=\"AliMagic-3su540\" data-section-title=\"Application\"><\/div>\n<div class=\"detail-decorate-json-renderer-container\">\n<div class=\"magic-4\">\n<div class=\"magic-8\">\n<div class=\"magic-9\">\n<div class=\"magic-10\">\n<p class=\"magic-11\">1. Elektronik end\u00fcstrisi: RO ters osmoz su sistemi \u00f6n filtrasyonu, deiyonize su sistemi \u00f6n filtrasyonu.<br \/>\n2. G\u0131da end\u00fcstrisi: i\u00e7ecek, bira ve maden suyu filtrasyonu.<br \/>\n3. Kimya end\u00fcstrisi: organik solvent ve m\u00fcrekkep filtrasyonu.<br \/>\n4. \u0130la\u00e7 end\u00fcstrisi: ila\u00e7lar\u0131n, biyolojik maddelerin, serum \u00fcr\u00fcnlerinin, bas\u0131n\u00e7l\u0131 hava ve gaz\u0131n filtrasyonu.<br \/>\n5. Di\u011ferleri: kaplama \u00e7\u00f6zeltisi, proses s\u0131v\u0131lar\u0131, fotorezist ve manyetik ortam filtrasyonu<\/p>\n<\/div>\n<\/div>\n<\/div>\n<\/div>\n<\/div>\n<\/div>\n<\/div>","protected":false},"excerpt":{"rendered":"<table>\n<thead>\n<tr>\n<th>\u00d6\u011fe<\/th>\n<th>DETAYLAR<\/th>\n<\/tr>\n<\/thead>\n<tbody>\n<tr>\n<td>ba\u015flang\u0131\u00e7 portu<\/td>\n<td>guangzhou<\/td>\n<\/tr>\n<tr>\n<td>\u00fcreti\u0307m kapasi\u0307tesi\u0307<\/td>\n<td>10000 adet\/ay<\/td>\n<\/tr>\n<tr>\n<td>men\u015fe yeri<\/td>\n<td>guangdong, \u00e7i\u0307n<\/td>\n<\/tr>\n<tr>\n<td>\u00f6deme<\/td>\n<td>t\/t, western union, alibaba ti\u0307caret g\u00fcvencesi\u0307<\/td>\n<\/tr>\n<tr>\n<td>moq<\/td>\n<td>1 adet<\/td>\n<\/tr>\n<tr>\n<td>model<\/td>\n<td>ly-hfpl-7<\/td>\n<\/tr>\n<tr>\n<td>TESL\u0130MAT S\u00dcRES\u0130<\/td>\n<td>7 i\u015f g\u00fcn\u00fc i\u00e7inde<\/td>\n<\/tr>\n<tr>\n<td>BELGELEND\u0130RME<\/td>\n<td>iso 9001<\/td>\n<\/tr>\n<tr>\n<td>marka<\/td>\n<td>oem\/lvyuan<\/td>\n<\/tr>\n<\/tbody>\n<\/table>","protected":false},"featured_media":2204,"comment_status":"open","ping_status":"closed","template":"","meta":{"_gspb_post_css":""},"product_brand":[],"product_cat":[17,21],"product_tag":[939,261,262,260,278,282],"class_list":{"0":"post-2194","1":"product","2":"type-product","3":"status-publish","4":"has-post-thumbnail","6":"product_cat-sediment-filter","7":"product_cat-pleated-filter-cartridge","8":"product_tag-1-pcs-moq","9":"product_tag-guangdong-china","10":"product_tag-guangzhou-port","11":"product_tag-iso-9001","12":"product_tag-ly-hfpl-7","13":"product_tag-oem-lvyuan","15":"first","16":"instock","17":"shipping-taxable","18":"product-type-simple"},"_links":{"self":[{"href":"https:\/\/lyfilter.com\/tr\/wp-json\/wp\/v2\/product\/2194","targetHints":{"allow":["GET"]}}],"collection":[{"href":"https:\/\/lyfilter.com\/tr\/wp-json\/wp\/v2\/product"}],"about":[{"href":"https:\/\/lyfilter.com\/tr\/wp-json\/wp\/v2\/types\/product"}],"replies":[{"embeddable":true,"href":"https:\/\/lyfilter.com\/tr\/wp-json\/wp\/v2\/comments?post=2194"}],"wp:featuredmedia":[{"embeddable":true,"href":"https:\/\/lyfilter.com\/tr\/wp-json\/wp\/v2\/media\/2204"}],"wp:attachment":[{"href":"https:\/\/lyfilter.com\/tr\/wp-json\/wp\/v2\/media?parent=2194"}],"wp:term":[{"taxonomy":"product_brand","embeddable":true,"href":"https:\/\/lyfilter.com\/tr\/wp-json\/wp\/v2\/product_brand?post=2194"},{"taxonomy":"product_cat","embeddable":true,"href":"https:\/\/lyfilter.com\/tr\/wp-json\/wp\/v2\/product_cat?post=2194"},{"taxonomy":"product_tag","embeddable":true,"href":"https:\/\/lyfilter.com\/tr\/wp-json\/wp\/v2\/product_tag?post=2194"}],"curies":[{"name":"wp","href":"https:\/\/api.w.org\/{rel}","templated":true}]}}