{"id":2192,"date":"2026-01-06T09:42:52","date_gmt":"2026-01-06T09:42:52","guid":{"rendered":"https:\/\/lyfilter.com\/?post_type=product&#038;p=2192"},"modified":"2026-01-06T09:43:47","modified_gmt":"2026-01-06T09:43:47","slug":"ro-plant-20-30inch-1um-3um-high-flow-filter-cartridges","status":"publish","type":"product","link":"https:\/\/lyfilter.com\/tr\/ro-plant-20-30inch-1um-3um-high-flow-filter-cartridges\/","title":{"rendered":"Ro Plant 20 30 in\u00e7 1um 3um Y\u00fcksek Ak\u0131\u015fl\u0131 Filtre Kartu\u015flar\u0131"},"content":{"rendered":"<p>Malzeme:<\/p>\n<p>Malzeme filtresi: cam elyaf, polipropilen (PP)<\/p>\n<p>Destek\/Diversiyon katman\u0131: polipropilen<\/p>\n<p>U\u00e7 kapak: cam elyaf takviyeli polipropilen<\/p>\n<p>Conta halkas\u0131: EPR, PTFE flororubber<\/p>\n<p>Filtre eleman\u0131 performans\u0131:<\/p>\n<p>Filtreleme hassasiyeti: 1\u03bcm, 3\u03bcm, 5\u03bcm, 10\u03bcm, 20\u03bcm, 50\u03bcm, 70\u03bcm<\/p>\n<p>En y\u00fcksek \u00e7al\u0131\u015fma s\u0131cakl\u0131\u011f\u0131: 80 \u2103<\/p>","protected":false},"excerpt":{"rendered":"<table>\n<thead>\n<tr>\n<th>\u00d6\u011fe<\/th>\n<th>DETAYLAR<\/th>\n<\/tr>\n<\/thead>\n<tbody>\n<tr>\n<td>ba\u015flang\u0131\u00e7 portu<\/td>\n<td>guangzhou<\/td>\n<\/tr>\n<tr>\n<td>\u00fcreti\u0307m kapasi\u0307tesi\u0307<\/td>\n<td>10000 adet\/ay<\/td>\n<\/tr>\n<tr>\n<td>men\u015fe yeri<\/td>\n<td>guangdong, \u00e7i\u0307n<\/td>\n<\/tr>\n<tr>\n<td>\u00f6deme<\/td>\n<td>t\/t, alibaba ti\u0307caret g\u00fcvencesi\u0307<\/td>\n<\/tr>\n<tr>\n<td>model<\/td>\n<td>ly-hfpl<\/td>\n<\/tr>\n<tr>\n<td>TESL\u0130MAT S\u00dcRES\u0130<\/td>\n<td>7 i\u015f g\u00fcn\u00fc i\u00e7inde<\/td>\n<\/tr>\n<tr>\n<td>BELGELEND\u0130RME<\/td>\n<td>iso 9001<\/td>\n<\/tr>\n<tr>\n<td>marka<\/td>\n<td>oem\/lvyuan<\/td>\n<\/tr>\n<\/tbody>\n<\/table>","protected":false},"featured_media":2195,"comment_status":"open","ping_status":"closed","template":"","meta":{"_gspb_post_css":""},"product_brand":[],"product_cat":[17,20],"product_tag":[940,261,262,260,268,282],"class_list":{"0":"post-2192","1":"product","2":"type-product","3":"status-publish","4":"has-post-thumbnail","6":"product_cat-sediment-filter","7":"product_cat-high-flow-filter-cartridge","8":"product_tag-10k-units-per-month","9":"product_tag-guangdong-china","10":"product_tag-guangzhou-port","11":"product_tag-iso-9001","12":"product_tag-ly-hfpl","13":"product_tag-oem-lvyuan","15":"first","16":"instock","17":"shipping-taxable","18":"product-type-simple"},"_links":{"self":[{"href":"https:\/\/lyfilter.com\/tr\/wp-json\/wp\/v2\/product\/2192","targetHints":{"allow":["GET"]}}],"collection":[{"href":"https:\/\/lyfilter.com\/tr\/wp-json\/wp\/v2\/product"}],"about":[{"href":"https:\/\/lyfilter.com\/tr\/wp-json\/wp\/v2\/types\/product"}],"replies":[{"embeddable":true,"href":"https:\/\/lyfilter.com\/tr\/wp-json\/wp\/v2\/comments?post=2192"}],"wp:featuredmedia":[{"embeddable":true,"href":"https:\/\/lyfilter.com\/tr\/wp-json\/wp\/v2\/media\/2195"}],"wp:attachment":[{"href":"https:\/\/lyfilter.com\/tr\/wp-json\/wp\/v2\/media?parent=2192"}],"wp:term":[{"taxonomy":"product_brand","embeddable":true,"href":"https:\/\/lyfilter.com\/tr\/wp-json\/wp\/v2\/product_brand?post=2192"},{"taxonomy":"product_cat","embeddable":true,"href":"https:\/\/lyfilter.com\/tr\/wp-json\/wp\/v2\/product_cat?post=2192"},{"taxonomy":"product_tag","embeddable":true,"href":"https:\/\/lyfilter.com\/tr\/wp-json\/wp\/v2\/product_tag?post=2192"}],"curies":[{"name":"wp","href":"https:\/\/api.w.org\/{rel}","templated":true}]}}