{"id":2190,"date":"2026-01-06T09:40:03","date_gmt":"2026-01-06T09:40:03","guid":{"rendered":"https:\/\/lyfilter.com\/?post_type=product&#038;p=2190"},"modified":"2026-01-06T09:46:57","modified_gmt":"2026-01-06T09:46:57","slug":"hydrophilic-porous-membrane-filter-ptfe-water-filter","status":"publish","type":"product","link":"https:\/\/lyfilter.com\/tr\/hydrophilic-porous-membrane-filter-ptfe-water-filter\/","title":{"rendered":"Hidrofilik G\u00f6zenekli Membran Filtre PTFE Su Filtresi"},"content":{"rendered":"<p>Hidrofilik G\u00f6zenekli Membran Filtre PTFE Su Filtresi<\/p>\n<p>Polipropilen pileli filtre kartu\u015fu veya PP Filtre Kartu\u015fu, d\u00fc\u015f\u00fck ilk bas\u0131n\u00e7 d\u00fc\u015f\u00fc\u015f\u00fc, y\u00fcksek kir tutma kapasitesi i\u00e7in y\u00fcksek y\u00fczey alanl\u0131 polipropilen ortamdan (PP mikro g\u00f6zenekli membran) yap\u0131lm\u0131\u015ft\u0131r. verimli bir membran \u00f6n filtresidir ve \u00e7ok say\u0131da s\u0131v\u0131 ar\u0131tma i\u015flemi i\u00e7in son parlatma filtreleri olarak i\u015flev g\u00f6rebilir. Filtre kartu\u015flar\u0131, y\u00fcksek bas\u0131n\u00e7 d\u00fc\u015f\u00fc\u015f\u00fcne dayanmas\u0131n\u0131 sa\u011flayan a\u011f\u0131r hizmet tipi kal\u0131planm\u0131\u015f kafes ile in\u015fa edilmi\u015ftir.<\/p>\n<p>&nbsp;<\/p>\n<p>&nbsp;<\/p>\n<div class=\"table-responsive\">\n<table width=\"475\" cellspacing=\"0\" cellpadding=\"0\">\n<colgroup>\n<col \/>\n<col \/><\/colgroup>\n<tbody>\n<tr class=\"firstRow\">\n<td width=\"152\" height=\"39\">Uygulanabilir Sekt\u00f6rler<\/td>\n<td width=\"323\">Oteller, Yap\u0131 Malzemeleri Ma\u011fazalar\u0131, Ev Kullan\u0131m\u0131, Perakende, \u0130n\u015faat i\u015fleri<\/td>\n<\/tr>\n<tr>\n<td width=\"152\" height=\"20\">Boyut<\/td>\n<td width=\"323\">10 in\u00e7<\/td>\n<\/tr>\n<tr>\n<td width=\"152\" height=\"20\">\u00dcr\u00fcn ad\u0131<\/td>\n<td width=\"323\">Pileli Su Filtresi Kartu\u015fu<\/td>\n<\/tr>\n<tr>\n<td width=\"152\" height=\"20\">Tip<\/td>\n<td width=\"323\">Sa\u00e7 Kremi (Su Ar\u0131t\u0131c\u0131)<\/td>\n<\/tr>\n<tr>\n<td width=\"152\" height=\"20\">Malzeme<\/td>\n<td width=\"323\">PP; PES; PVDF<\/td>\n<\/tr>\n<tr>\n<td width=\"152\" height=\"20\">Mikron oran\u0131<\/td>\n<td width=\"323\">0.2-100 mikron<\/td>\n<\/tr>\n<tr>\n<td width=\"152\" height=\"20\">Uygulama<\/td>\n<td width=\"323\">Ev Tipi Su Ar\u0131tma<\/td>\n<\/tr>\n<\/tbody>\n<\/table>\n<\/div>\n<p><strong>\u00d6zellikler<\/strong><\/p>\n<p>1 ila 100 \u03bcm aras\u0131nda mikron de\u011ferleri - geni\u015f uygulama aral\u0131\u011f\u0131<\/p>\n<p>2 Polipropilen yap\u0131 - bir\u00e7ok proses s\u0131v\u0131s\u0131na kar\u015f\u0131 inert (Y\u00fcksek kimyasal uyumluluk)<\/p>\n<p>3 Farkl\u0131 ihtiya\u00e7lar\u0131n\u0131z\u0131 kar\u015f\u0131lamak i\u00e7in se\u00e7ebilece\u011finiz \u00e7e\u015fitli conta\/ring malzemeleri<\/p>\n<p>4 A\u011f\u0131r hizmet tipi kal\u0131planm\u0131\u015f kafes - y\u00fcksek yap\u0131sal mukavemet<\/p>\n<p>5 Termal kaynakl\u0131 yap\u0131.<\/p>\n<p>6 PP mikroprous membran y\u00fcksek filtrasyon performans\u0131 ve uzun kullan\u0131m \u00f6mr\u00fc sa\u011flar<\/p>\n<p>Bizim ekibimiz<\/p>\n<p><img decoding=\"async\" src=\"https:\/\/img.yfisher.com\/m6076\/17257325525aj\/jpg70-t3-scale100.webp\" alt=\"Hidrofilik G\u00f6zenekli Membran Filtre PTFE Su Filtresi 4\" data-lazy=\"2\" title=\"\"><\/p>\n<p>24 saat hizmetinizdeyiz, bizimle ileti\u015fime ge\u00e7in info@lyfilter.com<\/p>","protected":false},"excerpt":{"rendered":"<table>\n<thead>\n<tr>\n<th>\u00d6\u011fe<\/th>\n<th>DETAYLAR<\/th>\n<\/tr>\n<\/thead>\n<tbody>\n<tr>\n<td>ba\u015flang\u0131\u00e7 portu<\/td>\n<td>guangzhou<\/td>\n<\/tr>\n<tr>\n<td>\u00fcreti\u0307m kapasi\u0307tesi\u0307<\/td>\n<td>10000 adet\/ay<\/td>\n<\/tr>\n<tr>\n<td>men\u015fe yeri<\/td>\n<td>guangdong, \u00e7i\u0307n<\/td>\n<\/tr>\n<tr>\n<td>\u00f6deme<\/td>\n<td>t\/t, western union, alibaba ti\u0307caret g\u00fcvencesi\u0307<\/td>\n<\/tr>\n<tr>\n<td>moq<\/td>\n<td>1 adet<\/td>\n<\/tr>\n<tr>\n<td>model<\/td>\n<td>ly-hfpl-7<\/td>\n<\/tr>\n<tr>\n<td>TESL\u0130MAT S\u00dcRES\u0130<\/td>\n<td>7 i\u015f g\u00fcn\u00fc i\u00e7inde<\/td>\n<\/tr>\n<tr>\n<td>BELGELEND\u0130RME<\/td>\n<td>iso 9001<\/td>\n<\/tr>\n<tr>\n<td>marka<\/td>\n<td>oem\/lvyuan<\/td>\n<\/tr>\n<\/tbody>\n<\/table>","protected":false},"featured_media":2193,"comment_status":"open","ping_status":"closed","template":"","meta":{"_gspb_post_css":""},"product_brand":[],"product_cat":[17,22],"product_tag":[939,261,262,260,278,282],"class_list":{"0":"post-2190","1":"product","2":"type-product","3":"status-publish","4":"has-post-thumbnail","6":"product_cat-sediment-filter","7":"product_cat-sintered-filter-cartridge","8":"product_tag-1-pcs-moq","9":"product_tag-guangdong-china","10":"product_tag-guangzhou-port","11":"product_tag-iso-9001","12":"product_tag-ly-hfpl-7","13":"product_tag-oem-lvyuan","15":"first","16":"instock","17":"shipping-taxable","18":"product-type-simple"},"_links":{"self":[{"href":"https:\/\/lyfilter.com\/tr\/wp-json\/wp\/v2\/product\/2190","targetHints":{"allow":["GET"]}}],"collection":[{"href":"https:\/\/lyfilter.com\/tr\/wp-json\/wp\/v2\/product"}],"about":[{"href":"https:\/\/lyfilter.com\/tr\/wp-json\/wp\/v2\/types\/product"}],"replies":[{"embeddable":true,"href":"https:\/\/lyfilter.com\/tr\/wp-json\/wp\/v2\/comments?post=2190"}],"wp:featuredmedia":[{"embeddable":true,"href":"https:\/\/lyfilter.com\/tr\/wp-json\/wp\/v2\/media\/2193"}],"wp:attachment":[{"href":"https:\/\/lyfilter.com\/tr\/wp-json\/wp\/v2\/media?parent=2190"}],"wp:term":[{"taxonomy":"product_brand","embeddable":true,"href":"https:\/\/lyfilter.com\/tr\/wp-json\/wp\/v2\/product_brand?post=2190"},{"taxonomy":"product_cat","embeddable":true,"href":"https:\/\/lyfilter.com\/tr\/wp-json\/wp\/v2\/product_cat?post=2190"},{"taxonomy":"product_tag","embeddable":true,"href":"https:\/\/lyfilter.com\/tr\/wp-json\/wp\/v2\/product_tag?post=2190"}],"curies":[{"name":"wp","href":"https:\/\/api.w.org\/{rel}","templated":true}]}}