{"id":2188,"date":"2026-01-06T09:35:42","date_gmt":"2026-01-06T09:35:42","guid":{"rendered":"https:\/\/lyfilter.com\/?post_type=product&#038;p=2188"},"modified":"2026-01-06T09:50:53","modified_gmt":"2026-01-06T09:50:53","slug":"microporous-membrane-filter-222-fin-10mm-polyethylene-filters","status":"publish","type":"product","link":"https:\/\/lyfilter.com\/tr\/microporous-membrane-filter-222-fin-10mm-polyethylene-filters\/","title":{"rendered":"Mikro G\u00f6zenekli Membran Filtre 222 Fin 10mm Polietilen Filtreler"},"content":{"rendered":"<div class=\"unit-detail-html-tabs__content-attr\">\n<div class=\"unit-product-attrparam\">\n<div class=\"unit-product-attrparam__items row\">\n<div class=\"col-12 col-md-6\">\n<div class=\"unit-product-attrparam__item\"><\/div>\n<\/div>\n<\/div>\n<\/div>\n<\/div>\n<div class=\"unit-detail-html-tabs__content-featuresAttr\">Sinterlenmi\u015f filtre eleman\u0131, \u00f6zel bir i\u015flemle \u00e7e\u015fitli kompozit malzemelerden yap\u0131l\u0131r. Hidrofilik \u00f6zelliklere sahiptir. Sadece ortamdaki mekanik safs\u0131zl\u0131klar\u0131 filtrelemekle kalmaz, ayn\u0131 zamanda em\u00fclsifiye haldeki suyun ortamdan uzakla\u015ft\u0131r\u0131labilmesi i\u00e7in dem\u00fclsifikasyon ve birle\u015fme yoluyla da filtreleyebilir. Filtre eleman\u0131 ayr\u0131l\u0131r ve ortam\u0131n daha fazla safla\u015ft\u0131r\u0131lmas\u0131n\u0131 kolayla\u015ft\u0131rmak i\u00e7in koaksiyel su damlac\u0131klar\u0131na birle\u015ftirilir.<\/div>\n<div class=\"unit-detail-html-tabs__content-html\">\n<p>Cam elyaf birle\u015ftirme filtre eleman\u0131, hava ak\u0131\u015f\u0131ndaki s\u0131v\u0131 buhar\u0131 ve d\u00f6n\u00fc\u015f\u00fcm\u00fc verimli bir \u015fekilde birle\u015ftiren ve y\u00fcksek filtreleme do\u011frulu\u011funa sahip y\u00fcksek yo\u011funluklu bir gradyan cam elyaft\u0131r. Yap\u0131 stabildir, ortam elyaf\u0131n\u0131n yer de\u011fi\u015ftirmesi yoktur ve \u00e7evreye ve a\u015fa\u011f\u0131 ak\u0131\u015f \u00fcr\u00fcnlerine kirlili\u011fe neden olmaz. \u0130yi uyumluluk, iyi \u00e7evre koruma, sentetik malzemeler, kal\u0131nt\u0131 b\u0131rakmadan tam yanma.<\/p>\n<p><img decoding=\"async\" src=\"https:\/\/img.yfisher.com\/m6076\/1725732550toi\/png70-t3-scale100.webp\" alt=\"Mikro G\u00f6zenekli Membran Filtre 222 Fin 10mm Polietilen Filtreler 4\" data-lazy=\"2\" title=\"\"><\/p>\n<p>Yedek filtre elemanlar\u0131 ve paslanmaz \u00e7elik filtre muhafazalar\u0131 i\u00e7in profesyonel bir \u00fcretim ve sat\u0131\u015f yap\u0131yoruz. Farkl\u0131 m\u00fc\u015fterilerin gereksinimlerini kar\u015f\u0131lamak, filtre elemanlar\u0131, kartu\u015f filtre muhafazas\u0131 ve torba filtre muhafazas\u0131 i\u00e7in farkl\u0131 boyutlarda \u00f6zelle\u015ftirmeyi kabul etmek i\u00e7in OEM \u00f6zelle\u015ftirme hizmeti sunuyoruz. Y\u00fczden fazla \u00fclkeye, Avrupa, Orta Do\u011fu, G\u00fcneydo\u011fu Asya, G\u00fcneydo\u011fu Amerika, Kuzey Amerika vb. ihra\u00e7 ettik. Teknolojimiz ve hizmetimiz m\u00fc\u015fteriler taraf\u0131ndan evrensel olarak kabul edilmi\u015ftir. Bize ula\u015f\u0131n: Info@lyfilter.com<\/p>\n<\/div>","protected":false},"excerpt":{"rendered":"<table>\n<thead>\n<tr>\n<th>\u00d6\u011fe<\/th>\n<th>DETAYLAR<\/th>\n<\/tr>\n<\/thead>\n<tbody>\n<tr>\n<td>ba\u015flang\u0131\u00e7 portu<\/td>\n<td>guangzhou<\/td>\n<\/tr>\n<tr>\n<td>\u00fcreti\u0307m kapasi\u0307tesi\u0307<\/td>\n<td>10000 adet\/ay<\/td>\n<\/tr>\n<tr>\n<td>men\u015fe yeri<\/td>\n<td>guangdong, \u00e7i\u0307n<\/td>\n<\/tr>\n<tr>\n<td>\u00f6deme<\/td>\n<td>t\/t, western union, alibaba ti\u0307caret g\u00fcvencesi\u0307, paypal<\/td>\n<\/tr>\n<tr>\n<td>model<\/td>\n<td>ly-hfpl-7<\/td>\n<\/tr>\n<tr>\n<td>TESL\u0130MAT S\u00dcRES\u0130<\/td>\n<td>7 i\u015f g\u00fcn\u00fc i\u00e7inde<\/td>\n<\/tr>\n<tr>\n<td>BELGELEND\u0130RME<\/td>\n<td>iso 9001<\/td>\n<\/tr>\n<tr>\n<td>marka<\/td>\n<td>oem\/lvyuan<\/td>\n<\/tr>\n<\/tbody>\n<\/table>","protected":false},"featured_media":2191,"comment_status":"open","ping_status":"closed","template":"","meta":{"_gspb_post_css":""},"product_brand":[],"product_cat":[17,22],"product_tag":[284,261,262,260,278,282],"class_list":{"0":"post-2188","1":"product","2":"type-product","3":"status-publish","4":"has-post-thumbnail","6":"product_cat-sediment-filter","7":"product_cat-sintered-filter-cartridge","8":"product_tag-7-working-days-delivery","9":"product_tag-guangdong-china","10":"product_tag-guangzhou-port","11":"product_tag-iso-9001","12":"product_tag-ly-hfpl-7","13":"product_tag-oem-lvyuan","15":"first","16":"instock","17":"shipping-taxable","18":"product-type-simple"},"_links":{"self":[{"href":"https:\/\/lyfilter.com\/tr\/wp-json\/wp\/v2\/product\/2188","targetHints":{"allow":["GET"]}}],"collection":[{"href":"https:\/\/lyfilter.com\/tr\/wp-json\/wp\/v2\/product"}],"about":[{"href":"https:\/\/lyfilter.com\/tr\/wp-json\/wp\/v2\/types\/product"}],"replies":[{"embeddable":true,"href":"https:\/\/lyfilter.com\/tr\/wp-json\/wp\/v2\/comments?post=2188"}],"wp:featuredmedia":[{"embeddable":true,"href":"https:\/\/lyfilter.com\/tr\/wp-json\/wp\/v2\/media\/2191"}],"wp:attachment":[{"href":"https:\/\/lyfilter.com\/tr\/wp-json\/wp\/v2\/media?parent=2188"}],"wp:term":[{"taxonomy":"product_brand","embeddable":true,"href":"https:\/\/lyfilter.com\/tr\/wp-json\/wp\/v2\/product_brand?post=2188"},{"taxonomy":"product_cat","embeddable":true,"href":"https:\/\/lyfilter.com\/tr\/wp-json\/wp\/v2\/product_cat?post=2188"},{"taxonomy":"product_tag","embeddable":true,"href":"https:\/\/lyfilter.com\/tr\/wp-json\/wp\/v2\/product_tag?post=2188"}],"curies":[{"name":"wp","href":"https:\/\/api.w.org\/{rel}","templated":true}]}}