{"id":2186,"date":"2026-01-06T09:08:15","date_gmt":"2026-01-06T09:08:15","guid":{"rendered":"https:\/\/lyfilter.com\/?post_type=product&#038;p=2186"},"modified":"2026-01-06T09:55:13","modified_gmt":"2026-01-06T09:55:13","slug":"factory-oem-white-porous-filter-disc-for-filtration-industrial","status":"publish","type":"product","link":"https:\/\/lyfilter.com\/tr\/factory-oem-white-porous-filter-disc-for-filtration-industrial\/","title":{"rendered":"End\u00fcstriyel filtrasyon i\u00e7in Fabrika OEM Beyaz G\u00f6zenekli Filtre Diski"},"content":{"rendered":"<table>\n<thead>\n<tr>\n<th>\u00d6\u011fe<\/th>\n<th>DETAYLAR<\/th>\n<\/tr>\n<\/thead>\n<tbody>\n<tr>\n<td>malzeme<\/td>\n<td>pe<\/td>\n<\/tr>\n<tr>\n<td>kullan\u0131labilirlik<\/td>\n<td>oem<\/td>\n<\/tr>\n<\/tbody>\n<\/table>\n<p>End\u00fcstriyel filtrasyon i\u00e7in Fabrika OEM Beyaz G\u00f6zenekli Filtre Diski<\/p>\n<p>PE\u00a0<a href=\"https:\/\/lyfilter.com\/tr\/products.html\/\">filtre eleman\u0131<\/a>\u00a0d\u00fczg\u00fcn g\u00f6zenek boyutu da\u011f\u0131l\u0131m\u0131na, g\u00fc\u00e7l\u00fc asit ve alkali direncine, y\u00fcksek s\u0131cakl\u0131k direncine, iyi mekanik \u00f6zelliklere ve organik \u00e7\u00f6z\u00fcc\u00fclere kar\u015f\u0131 g\u00fc\u00e7l\u00fc dirence sahiptir. B\u00fcy\u00fck \u00f6l\u00e7ekli su ar\u0131tma ekipmanlar\u0131n\u0131n \u00fcretimi, otomatik veya manuel geri y\u0131kama c\u00fcruf giderme y\u00f6ntemini benimseyebilir, kat\u0131 partik\u00fcller, filtre elemanlar\u0131n\u0131n s\u0131k s\u0131k de\u011fi\u015ftirilmesi, otomatik \u00e7al\u0131\u015fma, d\u00fc\u015f\u00fck filtrasyon maliyeti ve kullan\u0131c\u0131lar taraf\u0131ndan iyi kar\u015f\u0131lanan di\u011fer avantajlar olmadan kuru c\u00fcruf giderme ile geri kazan\u0131labilir.<\/p>\n<p><img decoding=\"async\" src=\"https:\/\/img.yfisher.com\/m6076\/1725732549x15\/png70-t3-scale100.webp\" alt=\"End\u00fcstriyel filtrasyon i\u00e7in Fabrika OEM Beyaz G\u00f6zenekli Filtre Diski 2\" data-lazy=\"2\" title=\"\"><\/p>\n<p><img decoding=\"async\" src=\"https:\/\/img.yfisher.com\/m6076\/1725732549vtb\/png70-t3-scale100.webp\" alt=\"Fabrika OEM Beyaz G\u00f6zenekli Filtre Diski Filtrasyon end\u00fcstrisi i\u00e7in 3\" data-lazy=\"2\" title=\"\"><\/p>\n<p>SSS<\/p>\n<p>Cevap verin: Genellikle burada MOQ'a ihtiya\u00e7 duyar, ancak geni\u015f bir \u00fcr\u00fcn sto\u011fumuz var, deneme sipari\u015fi verebilirsiniz. Sizin i\u00e7in tedarik edebiliriz. lider<\/p>\n<p>zaman sizin miktar\u0131n\u0131za ba\u011fl\u0131d\u0131r;<\/p>\n<p>S2: Resmi sipari\u015f vermeden \u00f6nce numune alabilir miyim?<\/p>\n<p>Cevap ver: Evet. Kalitemizi kontrol etmek i\u00e7in size \u00fccretsiz numune deste\u011fi verebiliriz, ancak ekspres hesab\u0131n\u0131z varsa navlun toplamak zorunday\u0131z,<\/p>\n<p>hesab\u0131n\u0131z\u0131 size numunelerimizi g\u00f6ndermek i\u00e7in de kullanabiliriz.<\/p>\n<p>S3: Ben k\u00fc\u00e7\u00fck bir toptanc\u0131y\u0131m, k\u00fc\u00e7\u00fck sipari\u015f kabul ediyor musunuz?<\/p>\n<p>C: K\u00fc\u00e7\u00fck bir toptanc\u0131 olman\u0131z sorun de\u011fil, sizinle birlikte b\u00fcy\u00fcmek isteriz.<\/p>\n<p>S4: T\u0131bbi \u00fcr\u00fcnlerin \u00fczerine logomu ekleyebilir miyim?<\/p>\n<p>C: Evet, OEM ve ODM bizim i\u00e7in mevcuttur.<\/p>","protected":false},"excerpt":{"rendered":"<table>\n<thead>\n<tr>\n<th>\u00d6\u011fe<\/th>\n<th>DETAYLAR<\/th>\n<\/tr>\n<\/thead>\n<tbody>\n<tr>\n<td>model<\/td>\n<td>ly-hfpl-7<\/td>\n<\/tr>\n<tr>\n<td>men\u015fe yeri<\/td>\n<td>guangdong, \u00e7i\u0307n<\/td>\n<\/tr>\n<tr>\n<td>ba\u015flang\u0131\u00e7 portu<\/td>\n<td>guangzhou<\/td>\n<\/tr>\n<tr>\n<td>\u00fcreti\u0307m kapasi\u0307tesi\u0307<\/td>\n<td>10.000 adet\/ay<\/td>\n<\/tr>\n<tr>\n<td>moq<\/td>\n<td>1 adet<\/td>\n<\/tr>\n<tr>\n<td>TESL\u0130MAT S\u00dcRES\u0130<\/td>\n<td>7 i\u015f g\u00fcn\u00fc i\u00e7inde<\/td>\n<\/tr>\n<tr>\n<td>BELGELEND\u0130RME<\/td>\n<td>iso 9001<\/td>\n<\/tr>\n<tr>\n<td>\u00f6deme<\/td>\n<td>t\/t; alibaba ticaret g\u00fcvencesi; paypal<\/td>\n<\/tr>\n<\/tbody>\n<\/table>","protected":false},"featured_media":2189,"comment_status":"open","ping_status":"closed","template":"","meta":{"_gspb_post_css":""},"product_brand":[],"product_cat":[17,22],"product_tag":[284,286,936,938,285,935],"class_list":{"0":"post-2186","1":"product","2":"type-product","3":"status-publish","4":"has-post-thumbnail","6":"product_cat-sediment-filter","7":"product_cat-sintered-filter-cartridge","8":"product_tag-7-working-days-delivery","9":"product_tag-guangzhou-start-port","10":"product_tag-iso-9001-certified","11":"product_tag-ly-hfpl-7-filter-element","12":"product_tag-moq-1-pcs","13":"product_tag-oem-filter-element-supplier","15":"first","16":"instock","17":"shipping-taxable","18":"product-type-simple"},"_links":{"self":[{"href":"https:\/\/lyfilter.com\/tr\/wp-json\/wp\/v2\/product\/2186","targetHints":{"allow":["GET"]}}],"collection":[{"href":"https:\/\/lyfilter.com\/tr\/wp-json\/wp\/v2\/product"}],"about":[{"href":"https:\/\/lyfilter.com\/tr\/wp-json\/wp\/v2\/types\/product"}],"replies":[{"embeddable":true,"href":"https:\/\/lyfilter.com\/tr\/wp-json\/wp\/v2\/comments?post=2186"}],"wp:featuredmedia":[{"embeddable":true,"href":"https:\/\/lyfilter.com\/tr\/wp-json\/wp\/v2\/media\/2189"}],"wp:attachment":[{"href":"https:\/\/lyfilter.com\/tr\/wp-json\/wp\/v2\/media?parent=2186"}],"wp:term":[{"taxonomy":"product_brand","embeddable":true,"href":"https:\/\/lyfilter.com\/tr\/wp-json\/wp\/v2\/product_brand?post=2186"},{"taxonomy":"product_cat","embeddable":true,"href":"https:\/\/lyfilter.com\/tr\/wp-json\/wp\/v2\/product_cat?post=2186"},{"taxonomy":"product_tag","embeddable":true,"href":"https:\/\/lyfilter.com\/tr\/wp-json\/wp\/v2\/product_tag?post=2186"}],"curies":[{"name":"wp","href":"https:\/\/api.w.org\/{rel}","templated":true}]}}