{"id":2184,"date":"2026-01-06T09:06:08","date_gmt":"2026-01-06T09:06:08","guid":{"rendered":"https:\/\/lyfilter.com\/?post_type=product&#038;p=2184"},"modified":"2026-01-06T09:57:07","modified_gmt":"2026-01-06T09:57:07","slug":"frited-filter-discs-porous-discs-for-use-in-fabrication-of-special-glass","status":"publish","type":"product","link":"https:\/\/lyfilter.com\/tr\/frited-filter-discs-porous-discs-for-use-in-fabrication-of-special-glass\/","title":{"rendered":"FR\u0130TL\u0130 F\u0130LTRE D\u0130SKLER\u0130 \u00d6zel cam \u00fcretiminde kullan\u0131m i\u00e7in g\u00f6zenekli diskler"},"content":{"rendered":"<div class=\"unit-detail-html-tabs__content-attr\">\n<div class=\"unit-product-attrparam\">\n<div class=\"unit-product-attrparam__items row\">\n<div class=\"col-12 col-md-6\">\n<div class=\"unit-product-attrparam__item\">\n<div class=\"unit-product-attrparam__label\">Malzeme:pe<\/div>\n<\/div>\n<\/div>\n<div class=\"col-12 col-md-6\">\n<div class=\"unit-product-attrparam__item\">\n<div class=\"unit-product-attrparam__label\">Kullan\u0131labilirlik:OEM<\/div>\n<\/div>\n<\/div>\n<\/div>\n<\/div>\n<\/div>\n<div class=\"unit-detail-html-tabs__content-featuresAttr\"><\/div>\n<div class=\"unit-detail-html-tabs__content-html\">\n<p>FR\u0130TL\u0130 F\u0130LTRE D\u0130SKLER\u0130 \u00d6zel cam \u00fcretiminde kullan\u0131m i\u00e7in g\u00f6zenekli diskler<\/p>\n<p><img decoding=\"async\" src=\"https:\/\/img.yfisher.com\/m6076\/1725732548xrf\/jpg70-t3-scale100.webp\" alt=\"FR\u0130TL\u0130 F\u0130LTRE D\u0130SKLER\u0130 \u00d6zel cam imalat\u0131nda kullan\u0131m i\u00e7in g\u00f6zenekli diskler 2\" data-lazy=\"2\" title=\"\"><\/p>\n<p><img decoding=\"async\" src=\"https:\/\/img.yfisher.com\/m6076\/1725732548f7l\/jpg70-t3-scale100.webp\" alt=\"FR\u0130TL\u0130 F\u0130LTRE D\u0130SKLER\u0130 \u00d6zel cam \u00fcretiminde kullan\u0131m i\u00e7in g\u00f6zenekli diskler 3\" data-lazy=\"2\" title=\"\"><\/p>\n<p>Medikal ve Farmas\u00f6tik<\/p>\n<p>1. Safs\u0131zl\u0131k giderme, dekarbonizasyon ve ince filtrasyon. 2. Asit Gaz\u0131 Kuru indirgeme 3. Dekarbonizasyon Filtrasyonu 4. Emme astar torbas\u0131nda kendinden s\u0131zd\u0131rmaz filtreler<\/p>\n<p>Yiyecek &amp; \u0130\u00e7ecek<\/p>\n<p>1. Kalan maya ve diyatomlu toprak filtrasyonu 2. \u0130\u00e7eceklerde ar\u0131tma filtrasyonu 3. \u0130\u00e7ecek ve bira fabrikalar\u0131nda su filtrasyonu 4. Bira ve bira fabrikas\u0131nda steril hava filtrasyonu<\/p>\n<p>Petrol ve Gaz<\/p>\n<p>1. Organik Solventler geri d\u00f6n\u00fc\u015f\u00fcm filtrasyonu 2. Enjeksiyon suyu filtrasyonu 3. Buhar, S\u0131k\u0131\u015ft\u0131r\u0131lm\u0131\u015f hava ve kataliz\u00f6r filtrasyonu 4. Nihai \u00fcr\u00fcn son filtrasyonu<\/p>\n<p>Kimyasal<\/p>\n<p>1. Kataliz\u00f6r geri kazan\u0131m\u0131 2. \u0130la\u00e7 ara dekarbonizasyon ve ince filtrasyon 3. H2O2 proses filtrasyonu<\/p>\n<p>Su Ar\u0131tma<\/p>\n<p>1. Deniz suyunun tuzdan ar\u0131nd\u0131r\u0131lmas\u0131nda ters osmozun korunmas\u0131 2. Steril Ozon filtrasyonu ve ozon havaland\u0131rmas\u0131 3. Ultra filtre, RO, EDI sistemlerinin korunmas\u0131<\/p>\n<p>End\u00fcstri<\/p>\n<p>1. Baca gaz\u0131 analizi ve CEMS sistemlerindeki filtreler 2. Hava havaland\u0131rma 3. Susturucu ve Susturucu 4. Bas\u0131n\u00e7l\u0131 hava filtrasyonu 5. CMI G\u00f6zenekli Metal Enstr\u00fcman filtreleri<\/p>\n<p><img decoding=\"async\" src=\"https:\/\/img.yfisher.com\/m6076\/1725732548phi\/jpg70-t3-scale100.webp\" alt=\"FR\u0130TL\u0130 F\u0130LTRE D\u0130SKLER\u0130 \u00d6zel cam imalat\u0131nda kullan\u0131m i\u00e7in g\u00f6zenekli diskler 4\" data-lazy=\"2\" title=\"\"><\/p>\n<\/div>","protected":false},"excerpt":{"rendered":"<table>\n<thead>\n<tr>\n<th>\u00d6\u011fe<\/th>\n<th>DETAYLAR<\/th>\n<\/tr>\n<\/thead>\n<tbody>\n<tr>\n<td>model<\/td>\n<td>ly-hfpl<\/td>\n<\/tr>\n<tr>\n<td>BELGELEND\u0130RME<\/td>\n<td>iso 9001<\/td>\n<\/tr>\n<tr>\n<td>ba\u015flang\u0131\u00e7 portu<\/td>\n<td>guangzhou<\/td>\n<\/tr>\n<tr>\n<td>\u00fcreti\u0307m kapasi\u0307tesi\u0307<\/td>\n<td>10.000 adet\/ay<\/td>\n<\/tr>\n<tr>\n<td>moq<\/td>\n<td>1 adet<\/td>\n<\/tr>\n<tr>\n<td>TESL\u0130MAT S\u00dcRES\u0130<\/td>\n<td>7 i\u015f g\u00fcn\u00fc i\u00e7inde<\/td>\n<\/tr>\n<tr>\n<td>\u00f6deme<\/td>\n<td>t\/t; western union; alibaba ti\u0307caret g\u00fcvencesi\u0307<\/td>\n<\/tr>\n<\/tbody>\n<\/table>","protected":false},"featured_media":2187,"comment_status":"open","ping_status":"closed","template":"","meta":{"_gspb_post_css":""},"product_brand":[],"product_cat":[17,22],"product_tag":[937,284,936,926,285,935],"class_list":{"0":"post-2184","1":"product","2":"type-product","3":"status-publish","4":"has-post-thumbnail","6":"product_cat-sediment-filter","7":"product_cat-sintered-filter-cartridge","8":"product_tag-10000-units-per-month","9":"product_tag-7-working-days-delivery","10":"product_tag-iso-9001-certified","11":"product_tag-ly-hfpl-filter-element","12":"product_tag-moq-1-pcs","13":"product_tag-oem-filter-element-supplier","15":"first","16":"instock","17":"shipping-taxable","18":"product-type-simple"},"_links":{"self":[{"href":"https:\/\/lyfilter.com\/tr\/wp-json\/wp\/v2\/product\/2184","targetHints":{"allow":["GET"]}}],"collection":[{"href":"https:\/\/lyfilter.com\/tr\/wp-json\/wp\/v2\/product"}],"about":[{"href":"https:\/\/lyfilter.com\/tr\/wp-json\/wp\/v2\/types\/product"}],"replies":[{"embeddable":true,"href":"https:\/\/lyfilter.com\/tr\/wp-json\/wp\/v2\/comments?post=2184"}],"wp:featuredmedia":[{"embeddable":true,"href":"https:\/\/lyfilter.com\/tr\/wp-json\/wp\/v2\/media\/2187"}],"wp:attachment":[{"href":"https:\/\/lyfilter.com\/tr\/wp-json\/wp\/v2\/media?parent=2184"}],"wp:term":[{"taxonomy":"product_brand","embeddable":true,"href":"https:\/\/lyfilter.com\/tr\/wp-json\/wp\/v2\/product_brand?post=2184"},{"taxonomy":"product_cat","embeddable":true,"href":"https:\/\/lyfilter.com\/tr\/wp-json\/wp\/v2\/product_cat?post=2184"},{"taxonomy":"product_tag","embeddable":true,"href":"https:\/\/lyfilter.com\/tr\/wp-json\/wp\/v2\/product_tag?post=2184"}],"curies":[{"name":"wp","href":"https:\/\/api.w.org\/{rel}","templated":true}]}}