{"id":2181,"date":"2026-01-06T09:03:59","date_gmt":"2026-01-06T09:03:59","guid":{"rendered":"https:\/\/lyfilter.com\/?post_type=product&#038;p=2181"},"modified":"2026-01-06T09:03:59","modified_gmt":"2026-01-06T09:03:59","slug":"membrane-filter-222-fin-10mm-polyethylene-filters","status":"publish","type":"product","link":"https:\/\/lyfilter.com\/tr\/membrane-filter-222-fin-10mm-polyethylene-filters\/","title":{"rendered":"Membran Filtre 222 Fin 10mm Polietilen Filtreler"},"content":{"rendered":"<p>Membran Filtre 222 Fin 10mm Polietilen Filtreler<\/p>\n<p>&nbsp;<\/p>\n<div class=\"J_module\">\n<div class=\"detail-decorate-json-renderer-container\">\n<div class=\"magic-4\">\n<div class=\"magic-10\">\n<div class=\"magic-11\">\n<div class=\"magic-12\" data-id=\"paragraph0\">\n<p>Sinterlenmi\u015f filtre eleman\u0131, \u00f6zel bir i\u015flemle \u00e7e\u015fitli kompozit malzemelerden yap\u0131l\u0131r. Hidrofilik \u00f6zelliklere sahiptir. Sadece ortamdaki mekanik safs\u0131zl\u0131klar\u0131 filtrelemekle kalmaz, ayn\u0131 zamanda em\u00fclsifiye haldeki suyun ortamdan uzakla\u015ft\u0131r\u0131labilmesi i\u00e7in dem\u00fclsifikasyon ve birle\u015fme yoluyla da filtreleyebilir. Filtre eleman\u0131 ayr\u0131l\u0131r ve ortam\u0131n daha fazla safla\u015ft\u0131r\u0131lmas\u0131n\u0131 kolayla\u015ft\u0131rmak i\u00e7in koaksiyel su damlac\u0131klar\u0131na birle\u015ftirilir.<\/p>\n<p>&nbsp;<\/p>\n<\/div>\n<\/div>\n<\/div>\n<\/div>\n<\/div>\n<\/div>\n<div class=\"J_module\">\n<div class=\"icbu-pc-images magic-1\">\n<div class=\"flex-layout-h\">\n<div class=\"text-wrapper magic-15\">\n<div class=\"text-wrapper-left text-theme-light text-align-left\">\n<div class=\"text-title\" data-id=\"left-title\">\n<div class=\"table-responsive\">\n<table border=\"1\" width=\"293\" cellspacing=\"0\" cellpadding=\"0\" data-id=\"table0\">\n<colgroup>\n<col \/>\n<col \/><\/colgroup>\n<tbody>\n<tr class=\"firstRow\">\n<td height=\"21\">\n<div data-spm-anchor-id=\"a2700.details.pronpeci14.i0.3d7757d7z2aB2B\">Nitelikler<\/div>\n<\/td>\n<td>\n<div>Detaylar<\/div>\n<\/td>\n<\/tr>\n<tr>\n<td height=\"39\">\n<div>Men\u015fe Yeri<\/div>\n<\/td>\n<td>\n<div>Hebei, \u00c7\u0130N<\/div>\n<\/td>\n<\/tr>\n<tr>\n<td height=\"21\">\n<div>Durum<\/div>\n<\/td>\n<td>\n<div>YEN\u0130<\/div>\n<\/td>\n<\/tr>\n<tr>\n<td height=\"21\">\n<div>Marka<\/div>\n<\/td>\n<td>\n<div>POKE<\/div>\n<\/td>\n<\/tr>\n<tr>\n<td height=\"21\">\n<div>Sertifika<\/div>\n<\/td>\n<td>\n<div>ISO9001<\/div>\n<\/td>\n<\/tr>\n<tr>\n<td height=\"39\">\n<div>Paket<\/div>\n<\/td>\n<td>\n<div>N\u00f6tr Ambalaj<\/div>\n<\/td>\n<\/tr>\n<tr>\n<td height=\"39\">\n<div>Teslimat s\u00fcresi<\/div>\n<\/td>\n<td>\n<div data-spm-anchor-id=\"a2700.details.pronpeci14.i1.3d7757d7z2aB2B\">7-15 g\u00fcn<\/div>\n<\/td>\n<\/tr>\n<\/tbody>\n<\/table>\n<\/div>\n<h3 class=\"magic-16\">\u00a0<img decoding=\"async\" src=\"https:\/\/img.yfisher.com\/m6076\/17257325468ns\/png70-t3-scale100.webp\" alt=\"Membran Filtre 222 Fin 10mm Polietilen Filtreler 2\" data-lazy=\"2\" title=\"\"><\/h3>\n<\/div>\n<\/div>\n<\/div>\n<\/div>\n<\/div>\n<\/div>\n<p>&nbsp;<\/p>\n<div class=\"J_module\">\n<div class=\"ife-detail-decorate-table\">\n<div class=\"table-responsive\"><\/div>\n<\/div>\n<\/div>\n<div class=\"J_module\">\n<div id=\"ali-anchor-AliMagic-unme00\" class=\"magic-0\" data-section=\"AliMagic-unme00\" data-section-title=\"Application\"><strong>Uygulama<\/strong><\/div>\n<\/div>\n<div class=\"J_module\">\n<div class=\"detail-decorate-json-renderer-container\">\n<div class=\"magic-4\">\n<div class=\"magic-10\">\n<div class=\"magic-11\">\n<div class=\"magic-12\">\n<p class=\"magic-13\">(1) B\u00fcy\u00fck su inf\u00fczyonu, farmas\u00f6tik ara \u00fcr\u00fcnler dekarbonizasyon filtrasyonu; fermantasyon suyu, oral s\u0131v\u0131<br \/>\n(2) Renk giderme filtreli toz aktif karbon (t\u0131bbi s\u0131v\u0131 glikoz, antibiyotikler, sentetik ila\u00e7, preparat, \u00c7in bitkisel ila\u00e7 s\u0131v\u0131s\u0131, vb.)<br \/>\n(3) Enjeksiyon s\u0131v\u0131s\u0131<br \/>\n(4) Enjeksiyon hava filtresi<br \/>\n(5) Enjeksiyon y\u0131kama \u015fi\u015fesi suyu<br \/>\n(6) T\u0131bbi s\u0131v\u0131 filtrasyonu<\/p>\n<\/div>\n<\/div>\n<\/div>\n<\/div>\n<\/div>\n<\/div>\n<p>Guangzhou Lvyuan Su Ar\u0131tma Equipment Co, Ltd profesyonel filtrasyon \u00fcr\u00fcnleri \u00fcreticilerinden biridir. Firmam\u0131z 2009 y\u0131l\u0131nda Pearl Nehri \u015eubesi yak\u0131n\u0131nda kurulmu\u015ftur. \u0130hracat ve yurti\u00e7i i\u00e7in 10 y\u0131la kadar deneyime, profesyonel teknik becerilere ve sistematik kalite y\u00f6netim sistemine sahibiz.<\/p>\n<p>Yedek filtre elemanlar\u0131 ve paslanmaz \u00e7elik filtre muhafazalar\u0131 i\u00e7in profesyonel bir \u00fcretim ve sat\u0131\u015f yap\u0131yoruz. Farkl\u0131 m\u00fc\u015fterilerin gereksinimlerini kar\u015f\u0131lamak, filtre elemanlar\u0131, kartu\u015f filtre muhafazas\u0131 ve torba filtre muhafazas\u0131 i\u00e7in farkl\u0131 boyutlarda \u00f6zelle\u015ftirmeyi kabul etmek i\u00e7in OEM \u00f6zelle\u015ftirme hizmeti sunuyoruz. Y\u00fczden fazla \u00fclkeye, Avrupa, Orta Do\u011fu, G\u00fcneydo\u011fu Asya, G\u00fcneydo\u011fu Amerika, Kuzey Amerika vb. ihra\u00e7 ettik. Teknolojimiz ve hizmetimiz m\u00fc\u015fteriler taraf\u0131ndan evrensel olarak kabul edilmi\u015ftir.<\/p>","protected":false},"excerpt":{"rendered":"<p>Bu kez \u00fcr\u00fcn \u00f6zelliklerini eklemediniz, bu nedenle hen\u00fcz do\u011fru bir meta a\u00e7\u0131klama, etiket veya tablo olu\u015fturam\u0131yorum. Ayr\u0131nt\u0131lar\u0131 (malzeme, model, mikron\/boyut\/uzunluk, sertifikalar, uygulama, paketleme, teslim s\u00fcresi) yap\u0131\u015ft\u0131r\u0131n ve her \u015feyi hemen ayn\u0131 stilde bi\u00e7imlendirece\u011fim.<\/p>","protected":false},"featured_media":2185,"comment_status":"open","ping_status":"closed","template":"","meta":{"_gspb_post_css":""},"product_brand":[],"product_cat":[22,17],"product_tag":[930,934,933,888,932,931],"class_list":{"0":"post-2181","1":"product","2":"type-product","3":"status-publish","4":"has-post-thumbnail","6":"product_cat-sintered-filter-cartridge","7":"product_cat-sediment-filter","8":"product_tag-custom-micron-filter","9":"product_tag-custom-size-filter-media","10":"product_tag-industrial-filtration-parts","11":"product_tag-oem-filter-element","12":"product_tag-process-liquid-filter-cartridge","13":"product_tag-water-filtration-element","15":"first","16":"instock","17":"shipping-taxable","18":"product-type-simple"},"_links":{"self":[{"href":"https:\/\/lyfilter.com\/tr\/wp-json\/wp\/v2\/product\/2181","targetHints":{"allow":["GET"]}}],"collection":[{"href":"https:\/\/lyfilter.com\/tr\/wp-json\/wp\/v2\/product"}],"about":[{"href":"https:\/\/lyfilter.com\/tr\/wp-json\/wp\/v2\/types\/product"}],"replies":[{"embeddable":true,"href":"https:\/\/lyfilter.com\/tr\/wp-json\/wp\/v2\/comments?post=2181"}],"wp:featuredmedia":[{"embeddable":true,"href":"https:\/\/lyfilter.com\/tr\/wp-json\/wp\/v2\/media\/2185"}],"wp:attachment":[{"href":"https:\/\/lyfilter.com\/tr\/wp-json\/wp\/v2\/media?parent=2181"}],"wp:term":[{"taxonomy":"product_brand","embeddable":true,"href":"https:\/\/lyfilter.com\/tr\/wp-json\/wp\/v2\/product_brand?post=2181"},{"taxonomy":"product_cat","embeddable":true,"href":"https:\/\/lyfilter.com\/tr\/wp-json\/wp\/v2\/product_cat?post=2181"},{"taxonomy":"product_tag","embeddable":true,"href":"https:\/\/lyfilter.com\/tr\/wp-json\/wp\/v2\/product_tag?post=2181"}],"curies":[{"name":"wp","href":"https:\/\/api.w.org\/{rel}","templated":true}]}}