{"id":2175,"date":"2026-01-06T08:55:35","date_gmt":"2026-01-06T08:55:35","guid":{"rendered":"https:\/\/lyfilter.com\/?post_type=product&#038;p=2175"},"modified":"2026-01-06T08:55:35","modified_gmt":"2026-01-06T08:55:35","slug":"pleated-filter-element-polyethylene-filters","status":"publish","type":"product","link":"https:\/\/lyfilter.com\/tr\/pleated-filter-element-polyethylene-filters\/","title":{"rendered":"Pileli Filtre Eleman\u0131 Polietilen Filtreler"},"content":{"rendered":"<div class=\"unit-detail-html-tabs__content-attr\">\n<div class=\"unit-product-attrparam\">\n<div class=\"unit-product-attrparam__items row\">\n<div class=\"col-12 col-md-6\">\n<div class=\"unit-product-attrparam__item\">\n<div class=\"unit-product-attrparam__label\">Malzeme<\/div>\n<div class=\"unit-product-attrparam__value\" title=\"pe \">pe<\/div>\n<\/div>\n<\/div>\n<div class=\"col-12 col-md-6\">\n<div class=\"unit-product-attrparam__item\">\n<div class=\"unit-product-attrparam__label\">Kullan\u0131labilirlik<\/div>\n<div class=\"unit-product-attrparam__value\" title=\"OEM\">OEM<\/div>\n<\/div>\n<\/div>\n<\/div>\n<\/div>\n<\/div>\n<div class=\"unit-detail-html-tabs__content-featuresAttr\"><\/div>\n<div class=\"unit-detail-html-tabs__content-html\">\n<div class=\"J_module\">\n<div class=\"detail-decorate-json-renderer-container\">\n<div class=\"magic-0\">\n<h1 class=\"magic-1\" data-id=\"title0\">Pileli Filtre Eleman\u0131 Polietilen Filtreler<\/h1>\n<\/div>\n<\/div>\n<\/div>\n<div class=\"J_module\">\n<div id=\"ali-anchor-AliMagic-bs4eha\" class=\"magic-5\" data-section=\"AliMagic-bs4eha\" data-section-title=\"Product Description\"><strong>\u00dcr\u00fcn A\u00e7\u0131klamas\u0131<\/strong><\/div>\n<\/div>\n<div class=\"J_module\">\n<div class=\"detail-decorate-json-renderer-container\">\n<div class=\"magic-0\">\n<div class=\"magic-2\">\n<div class=\"magic-3\">\n<div class=\"magic-4\" data-id=\"paragraph0\">\n<p class=\"magic-14\">PE sinterlenmi\u015f\u00a0<a href=\"https:\/\/lyfilter.com\/tr\/products.html\/\">filtre eleman\u0131<\/a>\u00a0yap\u0131s\u0131 kompakt, g\u00fc\u00e7l\u00fc, hafif, y\u00fcksek filtrasyon bas\u0131nc\u0131na dayanabilen, toksik olmayan ve tats\u0131z olan ve asit ve alkali \u00e7\u00f6z\u00fcc\u00fclere kar\u015f\u0131 iyi korozyon direncine sahip ultra y\u00fcksek molek\u00fcler a\u011f\u0131rl\u0131kl\u0131 polietilenden sinterlenmi\u015f ve kal\u0131planm\u0131\u015f olarak yap\u0131lm\u0131\u015ft\u0131r.<\/p>\n<p class=\"magic-14\">\u00dcr\u00fcn kullan\u0131m\u0131 PE sinterlenmi\u015f filtre eleman\u0131 esas olarak saf su, kullan\u0131m suyu, i\u00e7ecek, t\u0131bbi ar\u0131tma, elektrokaplama s\u0131v\u0131s\u0131, em\u00fclsiyon, y\u0131kama s\u0131v\u0131s\u0131, asit-baz \u00e7\u00f6zeltisi ve di\u011fer s\u0131v\u0131lar\u0131n filtrasyonu ve kanalizasyon ar\u0131t\u0131m\u0131 i\u00e7in kullan\u0131l\u0131r. Sadece s\u0131v\u0131daki ask\u0131da kat\u0131 maddeleri filtrelemekle kalmaz, ayn\u0131 zamanda s\u0131v\u0131daki klor, organik safs\u0131zl\u0131klar, renk, koku vb.<\/p>\n<p class=\"magic-14\">\u00c7al\u0131\u015fma ko\u015fullar\u0131 0-40 \u2103 Maksimum \u00e7al\u0131\u015fma bas\u0131nc\u0131 fark\u0131 6bar<br \/>\n60\u2103 5bar'da maksimum \u00e7al\u0131\u015fma bas\u0131nc\u0131 fark\u0131<br \/>\n80\u2103 maksimum \u00e7al\u0131\u015fma bas\u0131nc\u0131 fark\u0131 4,5bar<br \/>\n120\u2103 maksimum \u00e7al\u0131\u015fma bas\u0131n\u00e7 fark\u0131 4bar<\/p>\n<p class=\"magic-14\">\n<div class=\"table-responsive\">\n<table border=\"1\" width=\"473\" cellspacing=\"0\" cellpadding=\"0\">\n<colgroup>\n<col \/>\n<col \/><\/colgroup>\n<tbody>\n<tr class=\"firstRow\">\n<td height=\"58\"><span data-spm-anchor-id=\"a2700.details.pronpeci14.i2.630b620erd6B2X\">Malzeme<\/span><\/td>\n<td>paslanmaz \u00e7elik304\/316L, bronz, pirin\u00e7, plastik PE PP<\/td>\n<\/tr>\n<tr>\n<td height=\"114\">Uygulama<\/td>\n<td>\u00dcretim Tesisi, Yiyecek ve \u0130\u00e7ecek Fabrikas\u0131, \u00c7iftlikler, Ev kullan\u0131m\u0131, Enerji ve Madencilik, Filtrasyon sistemi<\/td>\n<\/tr>\n<tr>\n<td height=\"59\">G\u00f6zenek Boyutu<\/td>\n<td>0.5um, 2um, 5um, 10um, 15um, 20um, 40um, 60um, 90um, 100um<\/td>\n<\/tr>\n<tr>\n<td rowspan=\"2\" height=\"73\">\u00d6zellik<\/td>\n<td><\/td>\n<\/tr>\n<tr>\n<td height=\"53\">Par\u00e7ac\u0131klar\u0131n d\u00fczg\u00fcn da\u011f\u0131l\u0131m\u0131, c\u00fcruf yok, g\u00fczel g\u00f6r\u00fcn\u00fcm<\/td>\n<\/tr>\n<tr>\n<td height=\"22\">Filtre De\u011ferlendirmesi<\/td>\n<td>99.99%<\/td>\n<\/tr>\n<tr>\n<td height=\"22\">Kal\u0131nl\u0131k<\/td>\n<td>1-1000mm<\/td>\n<\/tr>\n<tr>\n<td height=\"22\">Geni\u015flik<\/td>\n<td>0.1-500mm<\/td>\n<\/tr>\n<tr>\n<td height=\"47\">\u015eekil<\/td>\n<td data-spm-anchor-id=\"a2700.details.pronpeci14.i5.630b620erd6B2X\">Disk, t\u00fcp, fincan veya \u00f6zelle\u015ftirilmi\u015f \u015fekil<\/td>\n<\/tr>\n<tr>\n<td height=\"20\">Kullan\u0131m<\/td>\n<td>Hava Filtresi<\/td>\n<\/tr>\n<\/tbody>\n<\/table>\n<\/div>\n<p>&nbsp;<\/p>\n<\/div>\n<\/div>\n<\/div>\n<\/div>\n<\/div>\n<\/div>\n<div class=\"J_module\">\n<div class=\"icbu-pc-images magic-6\">\n<div class=\"flex-layout-v\">\n<p>\u00a0<img decoding=\"async\" src=\"https:\/\/img.yfisher.com\/m6076\/1725732543nb1\/png70-t3-scale100.webp\" alt=\"Pileli Filtre Eleman\u0131 Polietilen Filtreler 2\" data-lazy=\"2\" title=\"\"><\/p>\n<\/div>\n<\/div>\n<\/div>\n<div class=\"J_module\">\n<div class=\"icbu-pc-images magic-6\">\n<div class=\"flex-layout-v\">\n<div class=\"flex-layout-h magic-6\">\n<div class=\"magic-44\">\n<p><strong>Avantajlar\u0131m\u0131z:<\/strong><\/p>\n<p>&nbsp;<\/p>\n<p>Uzun y\u0131llara dayanan deneyime sahip profesyonel \u00fcretici<br \/>\nRekabet\u00e7i fiyat ile iyi kalite<br \/>\nOEM ve ODM a\u00e7\u0131\u011f\u0131z<br \/>\nNumunenize veya \u00e7iziminize g\u00f6re \u00fcretin<\/p>\n<\/div>\n<\/div>\n<\/div>\n<\/div>\n<\/div>\n<\/div>","protected":false},"excerpt":{"rendered":"<p>Suyu ve proses s\u0131v\u0131lar\u0131n\u0131 tat veya koku katmadan temizlemeye yard\u0131mc\u0131 olan g\u00fc\u00e7l\u00fc, hafif PE sinterlenmi\u015f filtre eleman\u0131 elde edersiniz. Y\u00fcksek bas\u0131n\u00e7la ba\u015fa \u00e7\u0131kabilir, asit\/alkali korozyonuna kar\u015f\u0131 dayan\u0131kl\u0131d\u0131r ve boyutunuza veya \u00e7iziminize g\u00f6re yap\u0131labilir.<\/p>","protected":false},"featured_media":2179,"comment_status":"open","ping_status":"closed","template":"","meta":{"_gspb_post_css":""},"product_brand":[],"product_cat":[17,22],"product_tag":[922,923,925,920,921,924],"class_list":{"0":"post-2175","1":"product","2":"type-product","3":"status-publish","4":"has-post-thumbnail","6":"product_cat-sediment-filter","7":"product_cat-sintered-filter-cartridge","8":"product_tag-0-5-100-micron-pe-filter","9":"product_tag-acid-alkali-resistant-filter","10":"product_tag-oem-odm-custom-filter","11":"product_tag-pe-sintered-filter-element","12":"product_tag-pleated-pe-filter-element","13":"product_tag-water-and-beverage-filtration","15":"first","16":"instock","17":"shipping-taxable","18":"product-type-simple"},"_links":{"self":[{"href":"https:\/\/lyfilter.com\/tr\/wp-json\/wp\/v2\/product\/2175","targetHints":{"allow":["GET"]}}],"collection":[{"href":"https:\/\/lyfilter.com\/tr\/wp-json\/wp\/v2\/product"}],"about":[{"href":"https:\/\/lyfilter.com\/tr\/wp-json\/wp\/v2\/types\/product"}],"replies":[{"embeddable":true,"href":"https:\/\/lyfilter.com\/tr\/wp-json\/wp\/v2\/comments?post=2175"}],"wp:featuredmedia":[{"embeddable":true,"href":"https:\/\/lyfilter.com\/tr\/wp-json\/wp\/v2\/media\/2179"}],"wp:attachment":[{"href":"https:\/\/lyfilter.com\/tr\/wp-json\/wp\/v2\/media?parent=2175"}],"wp:term":[{"taxonomy":"product_brand","embeddable":true,"href":"https:\/\/lyfilter.com\/tr\/wp-json\/wp\/v2\/product_brand?post=2175"},{"taxonomy":"product_cat","embeddable":true,"href":"https:\/\/lyfilter.com\/tr\/wp-json\/wp\/v2\/product_cat?post=2175"},{"taxonomy":"product_tag","embeddable":true,"href":"https:\/\/lyfilter.com\/tr\/wp-json\/wp\/v2\/product_tag?post=2175"}],"curies":[{"name":"wp","href":"https:\/\/api.w.org\/{rel}","templated":true}]}}