{"id":2169,"date":"2026-01-06T08:52:45","date_gmt":"2026-01-06T08:52:45","guid":{"rendered":"https:\/\/lyfilter.com\/?post_type=product&#038;p=2169"},"modified":"2026-01-06T08:55:13","modified_gmt":"2026-01-06T08:55:13","slug":"soe-doe-sintered-pe-polyethylene-filters","status":"publish","type":"product","link":"https:\/\/lyfilter.com\/tr\/soe-doe-sintered-pe-polyethylene-filters\/","title":{"rendered":"SOE DOE Sinterlenmi\u015f PE Polietilen Filtreler"},"content":{"rendered":"<div class=\"unit-detail-html-tabs__content-attr\">\n<div class=\"unit-product-attrparam\">\n<div class=\"unit-product-attrparam__items row\">\n<div class=\"col-12 col-md-6\">\n<div class=\"unit-product-attrparam__item\">\n<div class=\"unit-product-attrparam__label\">Malzeme<\/div>\n<div class=\"unit-product-attrparam__value\" title=\"pe \">pe<\/div>\n<\/div>\n<\/div>\n<div class=\"col-12 col-md-6\">\n<div class=\"unit-product-attrparam__item\">\n<div class=\"unit-product-attrparam__label\">Kullan\u0131labilirlik<\/div>\n<div class=\"unit-product-attrparam__value\" title=\"OEM\">OEM<\/div>\n<\/div>\n<\/div>\n<\/div>\n<\/div>\n<\/div>\n<div class=\"unit-detail-html-tabs__content-featuresAttr\"><\/div>\n<div class=\"unit-detail-html-tabs__content-html\">\n<p><strong>SOE DOE Sinterlenmi\u015f PE Polietilen Filtreler<\/strong><\/p>\n<div class=\"J_module\">\n<div id=\"ali-anchor-AliMagic-y6yz6z\" class=\"magic-4\" data-section=\"AliMagic-y6yz6z\" data-section-title=\"Product Description\"><strong>\u00dcr\u00fcn A\u00e7\u0131klamas\u0131<\/strong><\/div>\n<div class=\"magic-4\" data-section=\"AliMagic-y6yz6z\" data-section-title=\"Product Description\"><\/div>\n<\/div>\n<div class=\"J_module\">\n<div class=\"detail-decorate-json-renderer-container\">\n<div class=\"magic-0\">\n<div class=\"magic-1\">\n<div class=\"magic-2\">\n<div class=\"magic-3\" data-id=\"paragraph0\">\n<p class=\"magic-13\">Lvyuan, y\u00fcksek filtrasyon do\u011frulu\u011fu, b\u00fcy\u00fck ve uzun kir tutma kapasitesi \u00f6zelliklerine sahip \u00e7e\u015fitli \u00fcr\u00fcnler \u00fcretmektedir. \u00dcr\u00fcnler \u015funlard\u0131r: toz filtresi, hidrolik filtre, toz filtresi, ya\u011f-su ay\u0131rma filtresi, paslanmaz \u00e7elik katlan\u0131r filtre, hidrolik ya\u011f filtresi, y\u00fcksek ak\u0131\u015fl\u0131 su filtresi, vb.<\/p>\n<\/div>\n<\/div>\n<\/div>\n<\/div>\n<\/div>\n<\/div>\n<div class=\"J_module\">\n<div class=\"icbu-pc-images magic-5\">\n<div class=\"flex-layout-v\">\n<div class=\"flex-layout-h magic-5\">\n<div class=\"magic-25\"><\/div>\n<\/div>\n<\/div>\n<\/div>\n<\/div>\n<div class=\"J_module\">\n<div class=\"ife-detail-decorate-table\">\n<div class=\"table-responsive\">\n<table class=\"all magic-26\" border=\"1\" cellspacing=\"0\" cellpadding=\"0\">\n<tbody>\n<tr class=\"firstRow\">\n<td colspan=\"1\" rowspan=\"1\">\n<div class=\"magic-27\">\n<div data-spm-anchor-id=\"0.0.0.i1.4f2a4f05b619fX\">\u00dcr\u00fcn ad\u0131<\/div>\n<\/div>\n<\/td>\n<td colspan=\"3\" rowspan=\"1\">\n<div class=\"magic-28\">T\u00fcp 300mm 500mm 700mm filtre Y\u00fczme havuzu su ar\u0131tma i\u00e7in 5 mikron g\u00f6zenekli sinterlenmi\u015f PE plastik t\u00fcp filtre<\/div>\n<\/td>\n<td class=\"magic-29\" rowspan=\"0\">\n<div class=\"magic-30\"><\/div>\n<\/td>\n<td class=\"magic-29\" rowspan=\"0\">\n<div class=\"magic-30\"><\/div>\n<\/td>\n<\/tr>\n<tr>\n<td colspan=\"1\" rowspan=\"1\">\n<div class=\"magic-27\">\u00c7ap<\/div>\n<\/td>\n<td colspan=\"3\" rowspan=\"1\">\n<div class=\"magic-28\">10mm,20mm,30mm,40mm,50mm,60mm,70mm,80mm,90mm,100mm,110mm,<br \/>\n120mm, 200mm, vb.<\/div>\n<\/td>\n<td class=\"magic-29\" rowspan=\"0\">\n<div class=\"magic-30\"><\/div>\n<\/td>\n<td class=\"magic-29\" rowspan=\"0\">\n<div class=\"magic-30\"><\/div>\n<\/td>\n<\/tr>\n<tr>\n<td colspan=\"1\" rowspan=\"1\">\n<div class=\"magic-27\">Uzunluk<\/div>\n<\/td>\n<td colspan=\"3\" rowspan=\"1\">\n<div class=\"magic-28\">1\u2033, 2.5\u2033, 5\u2033, 10\u2033, 20\u2033, 30\u2033, 40\u2033, 50\u2033 vb.<\/div>\n<\/td>\n<td class=\"magic-29\" rowspan=\"0\">\n<div class=\"magic-30\"><\/div>\n<\/td>\n<td class=\"magic-29\" rowspan=\"0\">\n<div class=\"magic-30\"><\/div>\n<\/td>\n<\/tr>\n<tr>\n<td colspan=\"1\" rowspan=\"1\">\n<div class=\"magic-27\">Mikron oran\u0131<\/div>\n<\/td>\n<td colspan=\"3\" rowspan=\"1\">\n<div class=\"magic-31\">0.2um,0.3um,0.45um,1um,3um,5um,10um,20um,30um,40um,50um,100um,etc.<\/div>\n<\/td>\n<td class=\"magic-29\" rowspan=\"0\">\n<div class=\"magic-30\"><\/div>\n<\/td>\n<td class=\"magic-29\" rowspan=\"0\">\n<div class=\"magic-30\"><\/div>\n<\/td>\n<\/tr>\n<tr>\n<td colspan=\"1\" rowspan=\"1\">\n<div class=\"magic-27\">\u00c7al\u0131\u015fma s\u0131cakl\u0131\u011f\u0131<\/div>\n<\/td>\n<td colspan=\"3\" rowspan=\"1\">\n<div class=\"magic-31\">PE\u226480\u2103; PTFE\u2265200\u2103; PA\u2264120\u2103<\/div>\n<\/td>\n<td class=\"magic-29\" rowspan=\"0\">\n<div class=\"magic-30\"><\/div>\n<\/td>\n<td class=\"magic-29\" rowspan=\"0\">\n<div class=\"magic-30\"><\/div>\n<\/td>\n<\/tr>\n<tr>\n<td colspan=\"1\" rowspan=\"1\">\n<div class=\"magic-27\">Filtre konekt\u00f6r\u00fc<\/div>\n<\/td>\n<td colspan=\"3\" rowspan=\"1\">\n<div class=\"magic-31\">D\u00dcZ, INSERT TIPI, IPLIK TIPI, 226,222,215, \u00d6ZELLE\u015eTIRILMI\u015e<\/div>\n<\/td>\n<td class=\"magic-29\" rowspan=\"0\">\n<div class=\"magic-30\"><\/div>\n<\/td>\n<td class=\"magic-29\" rowspan=\"0\">\n<div class=\"magic-30\"><\/div>\n<\/td>\n<\/tr>\n<tr>\n<td colspan=\"1\" rowspan=\"1\">\n<div class=\"magic-27\">A\u00e7\u0131klama<\/div>\n<\/td>\n<td colspan=\"3\" rowspan=\"1\">\n<div class=\"magic-31\"><strong>Filtre boyutu ve mikronlar\u0131 \u00f6zelle\u015ftirilebilir. Daha k\u00fc\u00e7\u00fck boyut veya daha b\u00fcy\u00fck boyut!<\/strong><\/div>\n<\/td>\n<td class=\"magic-29\" rowspan=\"0\">\n<div class=\"magic-30\"><\/div>\n<\/td>\n<td class=\"magic-29\" rowspan=\"0\">\n<div class=\"magic-30\"><\/div>\n<\/td>\n<\/tr>\n<\/tbody>\n<\/table>\n<\/div>\n<\/div>\n<\/div>\n<div class=\"J_module\">\n<div class=\"icbu-pc-images magic-5\">\n<div class=\"flex-layout-h\">\n<div class=\"magic-33\"><\/div>\n<\/div>\n<\/div>\n<\/div>\n<div class=\"J_module\">\n<div class=\"icbu-pc-images magic-5\">\n<div class=\"flex-layout-v\">\n<div class=\"flex-layout-h magic-5\">\n<p>\u00a0<img decoding=\"async\" src=\"https:\/\/img.yfisher.com\/m6076\/1725732541imv\/png70-t3-scale100.webp\" alt=\"SOE DOE Sinterlenmi\u015f PE Polietilen Filtreler 2\" data-lazy=\"2\" title=\"\"><\/p>\n<\/div>\n<\/div>\n<\/div>\n<\/div>\n<div class=\"J_module\">\n<div id=\"ali-anchor-AliMagic-gir0c3\" class=\"magic-4\" data-section=\"AliMagic-gir0c3\" data-section-title=\"Application\"><strong>Uygulama<\/strong><\/div>\n<\/div>\n<div class=\"J_module\">\n<div class=\"detail-decorate-json-renderer-container\">\n<div class=\"magic-0\">\n<div class=\"magic-47\">\n<div class=\"magic-48\">\n<div class=\"magic-49\"><\/div>\n<\/div>\n<div class=\"magic-2\">\n<div class=\"magic-3\" data-id=\"paragraph0\">\n<p class=\"magic-13\">g\u0131da end\u00fcstrisi<\/p>\n<\/div>\n<\/div>\n<\/div>\n<div class=\"magic-47\">\n<div class=\"magic-2\">\n<div class=\"magic-3\" data-id=\"paragraph1\">\n<p class=\"magic-13\">Petrol end\u00fcstrisi<\/p>\n<\/div>\n<\/div>\n<\/div>\n<\/div>\n<\/div>\n<\/div>\n<div class=\"J_module\">\n<div class=\"detail-decorate-json-renderer-container\">\n<div class=\"magic-0\">\n<div class=\"magic-47\">\n<div class=\"magic-2\">\n<div class=\"magic-3\" data-id=\"paragraph0\">\n<p class=\"magic-13\">At\u0131k su ar\u0131tma<\/p>\n<\/div>\n<\/div>\n<\/div>\n<div class=\"magic-47\">\n<div class=\"magic-2\">\n<div class=\"magic-3\" data-id=\"paragraph1\">\n<p class=\"magic-13\">Makine end\u00fcstrisi<br \/>\n(1) A\u011f\u0131r mental hidroksit at\u0131k su ar\u0131t\u0131m\u0131<br \/>\n(2) Mix-ture a\u011f\u0131r metal at\u0131k su ar\u0131t\u0131m\u0131<br \/>\n(3) Kimyasal at\u0131k su ar\u0131tma<br \/>\n(4) Seramik at\u0131k su ar\u0131tma<br \/>\n(5) Al\u00fcminyum i\u00e7eren at\u0131k su ar\u0131t\u0131m\u0131<br \/>\n(6) Di\u011fer at\u0131k su ar\u0131t\u0131m\u0131<\/p>\n<\/div>\n<\/div>\n<\/div>\n<\/div>\n<\/div>\n<\/div>\n<div class=\"J_module\">\n<div id=\"ali-anchor-AliMagic-dy3ixv\" class=\"magic-4\" data-section=\"AliMagic-dy3ixv\" data-section-title=\"Packing &amp; Delivery\">Paketleme ve Teslimat<\/div>\n<\/div>\n<div class=\"J_module\">\n<div class=\"icbu-pc-images magic-5\">\n<div class=\"flex-layout-v\">\n<div class=\"flex-layout-h magic-5\">\n<div class=\"magic-44\"><\/div>\n<div class=\"magic-46\">\u00a0Fabrikam\u0131z<\/div>\n<\/div>\n<\/div>\n<\/div>\n<\/div>\n<div class=\"J_module\">\n<p><img decoding=\"async\" src=\"https:\/\/img.yfisher.com\/m6076\/1725732541lwj\/png70-t3-scale100.webp\" alt=\"SOE DOE Sinterlenmi\u015f PE Polietilen Filtreler 3\" data-lazy=\"2\" title=\"\"><\/p>\n<\/div>\n<div class=\"J_module\">\n<div class=\"icbu-pc-images magic-5\">\n<div>\n<div class=\"flex-layout-v\">\n<div class=\"flex-layout-h magic-5\">\n<div class=\"magic-54\"><\/div>\n<div class=\"magic-54\"><\/div>\n<div class=\"magic-54\"><strong>\u0130yi Hizmet<\/strong><\/div>\n<ul>\n<li class=\"magic-54\">Deneyimli y\u00f6netici taraf\u0131ndan iyi hizmet<\/li>\n<li class=\"magic-54\">Her \u00fcr\u00fcn ayr\u0131 ayr\u0131 s\u0131k\u0131 denetim alt\u0131ndad\u0131r<\/li>\n<li class=\"magic-54\">Zaman\u0131nda teslimat<\/li>\n<li class=\"magic-54\">K\u00fc\u00e7\u00fck MOQ kabul edilebilir<\/li>\n<li class=\"magic-54\">Afrika, Orta Do\u011fu, G\u00fcneydo\u011fu Asya ve G\u00fcney Amerika'ya ihracatta zengin deneyim<\/li>\n<li class=\"magic-54\">5-60 Mikron \u00d6zel Boyutlu PE Plastik Sinterlenmi\u015f Filtre<\/li>\n<\/ul>\n<\/div>\n<\/div>\n<\/div>\n<\/div>\n<\/div>\n<\/div>","protected":false},"excerpt":{"rendered":"<p>\u0130nce partik\u00fclleri yakalamaya yard\u0131mc\u0131 olan ve suyunuzu daha temiz tutan dayan\u0131kl\u0131, g\u00f6zenekli sinterlenmi\u015f PE t\u00fcp filtreye sahip olursunuz. \u0130htiyac\u0131n\u0131z olan \u00e7ap\u0131, uzunlu\u011fu ve mikron de\u011ferini se\u00e7in, ard\u0131ndan sisteminize sorunsuz bir \u015fekilde uymas\u0131 i\u00e7in konekt\u00f6r stilini e\u015fle\u015ftirin.<\/p>","protected":false},"featured_media":2176,"comment_status":"open","ping_status":"closed","template":"","meta":{"_gspb_post_css":""},"product_brand":[],"product_cat":[17,22],"product_tag":[919,917,918,915,914,916],"class_list":{"0":"post-2169","1":"product","2":"type-product","3":"status-publish","4":"has-post-thumbnail","6":"product_cat-sediment-filter","7":"product_cat-sintered-filter-cartridge","8":"product_tag-222-226-215-connectors","9":"product_tag-5-micron-pe-tube-filter","10":"product_tag-oem-pe-filter-element","11":"product_tag-porous-pe-tube-filter","12":"product_tag-sintered-pe-filter","13":"product_tag-swimming-pool-water-treatment-filter","15":"first","16":"instock","17":"shipping-taxable","18":"product-type-simple"},"_links":{"self":[{"href":"https:\/\/lyfilter.com\/tr\/wp-json\/wp\/v2\/product\/2169","targetHints":{"allow":["GET"]}}],"collection":[{"href":"https:\/\/lyfilter.com\/tr\/wp-json\/wp\/v2\/product"}],"about":[{"href":"https:\/\/lyfilter.com\/tr\/wp-json\/wp\/v2\/types\/product"}],"replies":[{"embeddable":true,"href":"https:\/\/lyfilter.com\/tr\/wp-json\/wp\/v2\/comments?post=2169"}],"wp:featuredmedia":[{"embeddable":true,"href":"https:\/\/lyfilter.com\/tr\/wp-json\/wp\/v2\/media\/2176"}],"wp:attachment":[{"href":"https:\/\/lyfilter.com\/tr\/wp-json\/wp\/v2\/media?parent=2169"}],"wp:term":[{"taxonomy":"product_brand","embeddable":true,"href":"https:\/\/lyfilter.com\/tr\/wp-json\/wp\/v2\/product_brand?post=2169"},{"taxonomy":"product_cat","embeddable":true,"href":"https:\/\/lyfilter.com\/tr\/wp-json\/wp\/v2\/product_cat?post=2169"},{"taxonomy":"product_tag","embeddable":true,"href":"https:\/\/lyfilter.com\/tr\/wp-json\/wp\/v2\/product_tag?post=2169"}],"curies":[{"name":"wp","href":"https:\/\/api.w.org\/{rel}","templated":true}]}}